{"id":2785,"date":"2022-01-21T10:19:14","date_gmt":"2022-01-21T10:19:14","guid":{"rendered":"https:\/\/dekastar.lt\/?post_type=product&#038;p=2785"},"modified":"2025-10-22T12:20:23","modified_gmt":"2025-10-22T12:20:23","slug":"lietaus-paltas-striuke-monsoon-flamingas","status":"publish","type":"product","link":"https:\/\/dekastar.lt\/lv\/products\/lietaus-paltas-striuke-monsoon-flamingas\/","title":{"rendered":"Monsoon Flamingo lietusm\u0113tele\/jaka"},"content":{"rendered":"<p>Blount &amp; Pool z\u012bmola b\u0113rnu lietusm\u0113tele\/jaka no m\u012bksta auduma, kas ir piln\u012bb\u0101 \u016bdensnecaurlaid\u012bgs un nesatur PVC. Liela, \u0113rta un no\u0146emama kapuce. Jakai ir daudz atstarojo\u0161u deta\u013cu, kas nodro\u0161ina b\u0113rna redzam\u012bbu gan sliktos laika apst\u0101k\u013cos, gan tums\u0101. Tas ir \u0113rts, pagarin\u0101ts modelis, kas pasarg\u0101s j\u016bsu b\u0113rnu no lietus jebkuras \u0101ra aktivit\u0101tes laik\u0101. Galvas siksna ir stiprin\u0101ma ar knied\u0113m. Priek\u0161pus\u0113 ir kabatas ar atlokiem.<\/p>\n<p><em>Produkta \u012bpa\u0161\u012bbas:<\/em><\/p>\n<ul>\n<li>B\u0113rnu lietus jaka\/apmetnis bez izol\u0101cijas<\/li>\n<li>M\u012bksts audums bez PVC<\/li>\n<li>V\u0113ja necaurlaid\u012bgs \u0101r\u0113jais audums<\/li>\n<li>Stingras, l\u012bm\u0113tas \u0161uves<\/li>\n<li>Piestiprin\u0101ts ar knied\u0113m<\/li>\n<li>No\u0146emams p\u0101rsegs<\/li>\n<li>Atstarojo\u0161as deta\u013cas<\/li>\n<li>Elast\u012bgas aproces<\/li>\n<li>Divas priek\u0161\u0113j\u0101s kabatas ar atlokiem<\/li>\n<li>Sast\u0101vs: 100% Poliesters<\/li>\n<\/ul>\n<p><em>M\u0113r\u012bjumi 140:<\/em><\/p>\n<ul>\n<li>Kr\u016b\u0161u apk\u0101rtm\u0113rs: 45 cm<\/li>\n<li>Muguras garums no pleca l\u012bdz apak\u0161ai: 69 cm<\/li>\n<li>Piedurknes garums no paduses: 36 cm<\/li>\n<li>Piez\u012bme: M\u0113r\u012bjumi veikti, ja jaka atrodas miera st\u0101vokl\u012b, t\u0101p\u0113c iesp\u0113jama +\/- 2 cm k\u013c\u016bda.<\/li>\n<\/ul>","protected":false},"excerpt":{"rendered":"<p>Prek\u0117s \u017eenklo Blount &amp; Pool vaiki\u0161kas lietaus paltas\/striuk\u0117 i\u0161 mink\u0161to audinio, kuris visi\u0161kai nepralaidus vandeniui ir be PVC. Didelis, patogus ir nuimamas gobtuvas. Striuk\u0117 turi daugyb\u0119 \u0161vies\u0105 atspindin\u010di\u0173 detali\u0173, kad b\u016bt\u0173 u\u017etikrintas vaiko matomumas tiek blogu oru, tiek tamsiu paros metu. Tai patogus, pailgintas modeliukas, kuris apsaugos vaik\u0105 nuo lietaus bet kokios aktyvios veiklos metu [&hellip;]<\/p>\n","protected":false},"featured_media":2786,"template":"","meta":{"_acf_changed":false},"pwb-brand":[163],"product_brand":[],"product_cat":[40,69],"product_tag":[],"class_list":{"0":"post-2785","1":"product","2":"type-product","3":"status-publish","4":"has-post-thumbnail","6":"pwb-brand-blount-pool","7":"product_cat-vaikams","8":"product_cat-lietaus-apranga","9":"pa_drabuziu-dydis-157","11":"first","12":"instock","13":"sale","14":"shipping-taxable","15":"purchasable","16":"product-type-variable"},"supplier_id":null,"supplier_sku":"","barcode":null,"atum_controlled":true,"out_stock_date":null,"out_stock_threshold":null,"inheritable":false,"inbound_stock":null,"stock_on_hold":0,"sold_today":0,"sales_last_days":0,"reserved_stock":null,"customer_returns":null,"warehouse_damage":null,"lost_in_post":null,"other_logs":null,"out_stock_days":0,"lost_sales":0,"has_location":null,"update_date":"2026-04-14T00:36:35","atum_locations":[],"atum_stock_status":"instock","restock_status":false,"low_stock_amount":"","sales_update_date":"2026-04-14T00:36:35","calc_backorders":null,"acf":[],"brands":[{"id":163,"name":"Blount &amp; Pool","slug":"blount-pool"}],"_links":{"self":[{"href":"https:\/\/dekastar.lt\/lv\/wp-json\/wp\/v2\/product\/2785","targetHints":{"allow":["GET"]}}],"collection":[{"href":"https:\/\/dekastar.lt\/lv\/wp-json\/wp\/v2\/product"}],"about":[{"href":"https:\/\/dekastar.lt\/lv\/wp-json\/wp\/v2\/types\/product"}],"wp:featuredmedia":[{"embeddable":true,"href":"https:\/\/dekastar.lt\/lv\/wp-json\/wp\/v2\/media\/2786"}],"wp:attachment":[{"href":"https:\/\/dekastar.lt\/lv\/wp-json\/wp\/v2\/media?parent=2785"}],"wp:term":[{"taxonomy":"pwb-brand","embeddable":true,"href":"https:\/\/dekastar.lt\/lv\/wp-json\/wp\/v2\/pwb-brand?post=2785"},{"taxonomy":"product_brand","embeddable":true,"href":"https:\/\/dekastar.lt\/lv\/wp-json\/wp\/v2\/product_brand?post=2785"},{"taxonomy":"product_cat","embeddable":true,"href":"https:\/\/dekastar.lt\/lv\/wp-json\/wp\/v2\/product_cat?post=2785"},{"taxonomy":"product_tag","embeddable":true,"href":"https:\/\/dekastar.lt\/lv\/wp-json\/wp\/v2\/product_tag?post=2785"}],"curies":[{"name":"wp","href":"https:\/\/api.w.org\/{rel}","templated":true}]}}