{"id":2798,"date":"2022-01-21T12:06:25","date_gmt":"2022-01-21T12:06:25","guid":{"rendered":"https:\/\/dekastar.lt\/?post_type=product&#038;p=2798"},"modified":"2025-10-22T12:20:23","modified_gmt":"2025-10-22T12:20:23","slug":"vaikiska-striuke-troll-pasaka","status":"publish","type":"product","link":"https:\/\/dekastar.lt\/lv\/products\/vaikiska-striuke-troll-pasaka\/","title":{"rendered":"B\u0113rnu jaka TROLL Pasaka"},"content":{"rendered":"<p>Norv\u0113\u0123u z\u012bmola TROLL kolekcijas rota\u013c\u012bga, praktiska jaka\/parka aukstajai sezonai. \u0160ai jakai ir gar\u0161 garums. T\u0101 ir lieliska izv\u0113le ziemai, ta\u010du t\u0101s \u012bpa\u0161\u012bbas padara to ide\u0101li piem\u0113rotu ar\u012b agram pavasarim un v\u0113lam rudenim. Jaka nav p\u0101rp\u016b\u0161ama, ir viegla, v\u0113ja necaurlaid\u012bga, \u016bdensnecaurlaid\u012bga un elpojo\u0161a. \u0112rta, regul\u0113jama, \u013coti cie\u0161i piegu\u013co\u0161a un no\u0146emama kapuce. Kapuce, apkakle un aproces nosiltin\u0101tas ar m\u012bkstu fl\u012bsa audumu. Jakas apak\u0161malu platums regul\u0113jams. Elast\u012bgas aproces. Pagarin\u0101ta mugura. Jaka ar atstarojo\u0161\u0101m deta\u013c\u0101m. Iek\u0161pus\u0113 gluda poliestera odere.<\/p>\n<p><em>Produkta \u012bpa\u0161\u012bbas:<\/em><\/p>\n<ul>\n<li>B\u0113rnu jaka piem\u0113rota ziemai, pavasarim, rudenim<\/li>\n<li>Aug\u0161\u0113jais audums ar \u016bdensnecaurlaid\u012bgu, net\u012brumus atgr\u016bdo\u0161u p\u0101rkl\u0101jumu<\/li>\n<li>\u016adensiztur\u012bbas indekss: 10000 mm<\/li>\n<li>\u016adensnecaurlaid\u012bgs, iztur\u012bgs pret v\u0113ju<\/li>\n<li>Atstarojo\u0161as deta\u013cas<\/li>\n<li>Regul\u0113jama, no\u0146emama kapuce<\/li>\n<li>Viena priek\u0161\u0113j\u0101 kabata<\/li>\n<li>Aizdare ar r\u0101v\u0113jsl\u0113dz\u0113ju priek\u0161pus\u0113, ko aizdares atloks ar l\u012bmlenti.<\/li>\n<li>Poliestera oder\u0113jums<\/li>\n<li>Bez oder\u0113juma modelis<\/li>\n<\/ul>\n<p><em>Izm\u0113ri izm\u0113rs 74:<\/em><\/p>\n<ul>\n<li>Kr\u016b\u0161u apk\u0101rtm\u0113rs: 33 cm<\/li>\n<li>Muguras garums no pleca l\u012bdz apak\u0161ai: 37 cm<\/li>\n<li>Priek\u0161puses garums no pleca l\u012bdz apak\u0161ai: 35 cm<\/li>\n<li>Gurnu apk\u0101rtm\u0113rs: 35 cm<\/li>\n<li>Piedurknes garums no paduses: 19 cm<\/li>\n<li>Apak\u0161da\u013cas apk\u0101rtm\u0113rs: 34 cm<\/li>\n<li>Piez\u012bme: M\u0113r\u012bjumi veikti, ja jaka atrodas miera st\u0101vokl\u012b, t\u0101p\u0113c iesp\u0113jama +\/- 2 cm k\u013c\u016bda.<\/li>\n<\/ul>\n<p>&nbsp;<\/p>\n<p>&nbsp;<\/p>","protected":false},"excerpt":{"rendered":"<p>Norveg\u0173 prek\u0117s \u017eenklo TROLL Collection \u017eaisminga, prakti\u0161ka \u0161altojo sezono kolekcijos striuk\u0117\/parka. \u0160is striuk\u0117s modelis yra ilgintas. Puikus pasirinkimas \u017eiemai, bet d\u0117l savo savybi\u0173 puikiai tinkanti ir ankstyvam pavasariui, v\u0117lyvam rudeniui. Striuk\u0117 n\u0117ra p\u016bsta, lengva, atspari v\u0117jui bei vandeniui, kv\u0117puojanti. Patogus, reguliuojamas, itin sandarus ir nuimamas gobtuvas. Gobtuvo vidus, apykakl\u0117, rankogaliai \u0161iltinti \u0161velniu flyso audiniu. Striuk\u0117s [&hellip;]<\/p>\n","protected":false},"featured_media":2804,"template":"","meta":{"_acf_changed":false},"pwb-brand":[177],"product_brand":[],"product_cat":[40,66,65],"product_tag":[],"class_list":{"0":"post-2798","1":"product","2":"type-product","3":"status-publish","4":"has-post-thumbnail","6":"pwb-brand-troll-collection","7":"product_cat-vaikams","8":"product_cat-sezonines-striukes-paltai-lauko-apranga-vaikams","9":"product_cat-ziemines-striukes-paltai-lauko-apranga-vaikams","10":"pa_drabuziu-dydis-209","12":"first","13":"instock","14":"sale","15":"shipping-taxable","16":"purchasable","17":"product-type-variable"},"supplier_id":null,"supplier_sku":"","barcode":null,"atum_controlled":true,"out_stock_date":null,"out_stock_threshold":null,"inheritable":false,"inbound_stock":null,"stock_on_hold":0,"sold_today":0,"sales_last_days":0,"reserved_stock":null,"customer_returns":null,"warehouse_damage":null,"lost_in_post":null,"other_logs":null,"out_stock_days":0,"lost_sales":0,"has_location":null,"update_date":"2026-04-05T00:31:19","atum_locations":[],"atum_stock_status":"instock","restock_status":false,"low_stock_amount":"","sales_update_date":"2026-04-05T00:31:19","calc_backorders":null,"acf":[],"brands":[{"id":177,"name":"TRO\u013b\u013bU KOLEKCIJA","slug":"troll-collection"}],"_links":{"self":[{"href":"https:\/\/dekastar.lt\/lv\/wp-json\/wp\/v2\/product\/2798","targetHints":{"allow":["GET"]}}],"collection":[{"href":"https:\/\/dekastar.lt\/lv\/wp-json\/wp\/v2\/product"}],"about":[{"href":"https:\/\/dekastar.lt\/lv\/wp-json\/wp\/v2\/types\/product"}],"wp:featuredmedia":[{"embeddable":true,"href":"https:\/\/dekastar.lt\/lv\/wp-json\/wp\/v2\/media\/2804"}],"wp:attachment":[{"href":"https:\/\/dekastar.lt\/lv\/wp-json\/wp\/v2\/media?parent=2798"}],"wp:term":[{"taxonomy":"pwb-brand","embeddable":true,"href":"https:\/\/dekastar.lt\/lv\/wp-json\/wp\/v2\/pwb-brand?post=2798"},{"taxonomy":"product_brand","embeddable":true,"href":"https:\/\/dekastar.lt\/lv\/wp-json\/wp\/v2\/product_brand?post=2798"},{"taxonomy":"product_cat","embeddable":true,"href":"https:\/\/dekastar.lt\/lv\/wp-json\/wp\/v2\/product_cat?post=2798"},{"taxonomy":"product_tag","embeddable":true,"href":"https:\/\/dekastar.lt\/lv\/wp-json\/wp\/v2\/product_tag?post=2798"}],"curies":[{"name":"wp","href":"https:\/\/api.w.org\/{rel}","templated":true}]}}