{"id":2816,"date":"2022-01-24T11:03:34","date_gmt":"2022-01-24T11:03:34","guid":{"rendered":"https:\/\/dekastar.lt\/?post_type=product&#038;p=2816"},"modified":"2026-04-10T05:52:31","modified_gmt":"2026-04-10T05:52:31","slug":"kepure-su-silku-kudikiui-reima-ishan-melyna","status":"publish","type":"product","link":"https:\/\/dekastar.lt\/lv\/products\/kepure-su-silku-kudikiui-reima-ishan-melyna\/","title":{"rendered":"REIMA Ishan z\u012bdai\u0146u cepure ar z\u012bda apdari (zila)"},"content":{"rendered":"<p>\u013boti jauka, m\u012bksta cepur\u012bte jaundzimu\u0161ajam mazulim no REIMA. Cepur\u012btei ir m\u012bksts tambor\u0113ts z\u012bda un kokvilnas audums, kas cie\u0161i sedz galvi\u0146u un ausis. Cepur\u012bte ir elpojo\u0161a un piem\u0113rota valk\u0101\u0161anai gan \u0101r\u0101, gan telp\u0101s.<\/p>\n<p><em>Produkta \u012bpa\u0161\u012bbas:<\/em><\/p>\n<ul>\n<li>Cepure ar me\u017e\u0123\u012bn\u0113m mazulim<\/li>\n<li>Trikot\u0101\u017eas luksusa z\u012bda audums<\/li>\n<li>Elpojo\u0161s audums ar dzes\u0113\u0161anas saj\u016btu<\/li>\n<li>Var valk\u0101t gan \u0101r\u0101, gan iek\u0161telp\u0101s<\/li>\n<li>Sast\u0101vs: <span class=\"Y2IQFc\" lang=\"lt\">61% z\u012bds, 39% kokvilna<\/span><\/li>\n<\/ul>","protected":false},"excerpt":{"rendered":"<p>REIMA prek\u0117s \u017eenklo labai miela, \u0161velni kepuryt\u0117 naujagimiui. Kepur\u0117 \u0161velnaus nerto \u0161ilko ir medviln\u0117s audinio, kuris jaukiai apgaubia galvyt\u0119 ir ausytes. Kepur\u0117 kv\u0117puojanti ir tinkama d\u0117v\u0117ti tiek lauke, tiek vidin\u0117se patalpose. Prek\u0117s savyb\u0117s: Kepur\u0117 su rai\u0161teliais k\u016bdikiui Megztas prabangus \u0161ilko audinys Kv\u0117puojantis audinys su v\u0117sinimo poj\u016b\u010diu Galimas d\u0117v\u0117jimas lauke ir patalpose Sud\u0117tis: 61% \u0161ilkas, 39% [&hellip;]<\/p>\n","protected":false},"featured_media":2817,"template":"","meta":{"_acf_changed":false},"pwb-brand":[81],"product_brand":[],"product_cat":[40,49,233,229],"product_tag":[],"class_list":{"0":"post-2816","1":"product","2":"type-product","3":"status-publish","4":"has-post-thumbnail","6":"pwb-brand-reima","7":"product_cat-vaikams","8":"product_cat-aksesuarai-vaikams","9":"product_cat-kepures","10":"product_cat-plonos-kepures","11":"pa_drabuziu-dydis-32-34","12":"pa_drabuziu-dydis-36-38","13":"pa_drabuziu-dydis-40-42","15":"first","16":"instock","17":"sale","18":"shipping-taxable","19":"purchasable","20":"product-type-variable"},"supplier_id":null,"supplier_sku":"","barcode":null,"atum_controlled":true,"out_stock_date":null,"out_stock_threshold":null,"inheritable":false,"inbound_stock":null,"stock_on_hold":0,"sold_today":0,"sales_last_days":0,"reserved_stock":null,"customer_returns":null,"warehouse_damage":null,"lost_in_post":null,"other_logs":null,"out_stock_days":0,"lost_sales":0,"has_location":null,"update_date":"2026-05-05T03:16:13","atum_locations":[],"atum_stock_status":"instock","restock_status":false,"low_stock_amount":"","sales_update_date":"2026-05-05T03:16:13","calc_backorders":null,"acf":[],"brands":[{"id":81,"name":"REIMA","slug":"reima"}],"_links":{"self":[{"href":"https:\/\/dekastar.lt\/lv\/wp-json\/wp\/v2\/product\/2816","targetHints":{"allow":["GET"]}}],"collection":[{"href":"https:\/\/dekastar.lt\/lv\/wp-json\/wp\/v2\/product"}],"about":[{"href":"https:\/\/dekastar.lt\/lv\/wp-json\/wp\/v2\/types\/product"}],"wp:featuredmedia":[{"embeddable":true,"href":"https:\/\/dekastar.lt\/lv\/wp-json\/wp\/v2\/media\/2817"}],"wp:attachment":[{"href":"https:\/\/dekastar.lt\/lv\/wp-json\/wp\/v2\/media?parent=2816"}],"wp:term":[{"taxonomy":"pwb-brand","embeddable":true,"href":"https:\/\/dekastar.lt\/lv\/wp-json\/wp\/v2\/pwb-brand?post=2816"},{"taxonomy":"product_brand","embeddable":true,"href":"https:\/\/dekastar.lt\/lv\/wp-json\/wp\/v2\/product_brand?post=2816"},{"taxonomy":"product_cat","embeddable":true,"href":"https:\/\/dekastar.lt\/lv\/wp-json\/wp\/v2\/product_cat?post=2816"},{"taxonomy":"product_tag","embeddable":true,"href":"https:\/\/dekastar.lt\/lv\/wp-json\/wp\/v2\/product_tag?post=2816"}],"curies":[{"name":"wp","href":"https:\/\/api.w.org\/{rel}","templated":true}]}}