{"id":2838,"date":"2022-01-24T12:35:46","date_gmt":"2022-01-24T12:35:46","guid":{"rendered":"https:\/\/dekastar.lt\/?post_type=product&#038;p=2838"},"modified":"2025-10-22T12:20:23","modified_gmt":"2025-10-22T12:20:23","slug":"kepure-pavasaris-ruduo-reima-ljunga-melyna","status":"publish","type":"product","link":"https:\/\/dekastar.lt\/lv\/products\/kepure-pavasaris-ruduo-reima-ljunga-melyna\/","title":{"rendered":"Pavasara\/rudens cepure REIMA Ljunga (zila)"},"content":{"rendered":"<p>REIMA z\u012bmola Ljungan divsl\u0101\u0146u trikot\u0101\u017eas kokvilnas cepure. \u0160\u012b cepure ir piem\u0113rota gan meiten\u0113m, gan z\u0113niem. Cepure ir divsl\u0101\u0146u, un tai ir papildu \u0161uve pie aus\u012bm, lai pasarg\u0101tu no v\u0113ja. Modelis ar papla\u0161in\u0101tu ausu zonu nodro\u0161ina, ka cepure cie\u0161i piegu\u013c galvai un aus\u012bm un saglab\u0101jas \u013coti stabili. Cepurei ir savelkamas auklas un atstarojo\u0161s REIMA z\u012bmola logotips aizmugur\u0113. Rota\u013c\u012bgs dizains cepures priek\u0161pus\u0113.<\/p>\n<p><em>Sast\u0101vs: 100 % kokvilna<\/em><\/p>","protected":false},"excerpt":{"rendered":"<p>Prek\u0117s \u017eenklo REIMA Ljungan dvisluoksn\u0117 megzto medviln\u0117s audinio kepur\u0117. \u0160i kepur\u0117 tiks tiek mergaitei, tiek berniukui. Kepur\u0117 dviej\u0173 sluoksni\u0173 su papildomu \u012fsiuvu ties ausimis, apsaugan\u010diu nuo v\u0117jo. Modelis su ilginta aus\u0173 zona u\u017etikrinantis, kad kepur\u0117 sandariai apgaubia galv\u0105, ausis ir laikosi itin stabiliai. Kepur\u0117 su rai\u0161teliais bei \u0161vies\u0105 atspindin\u010diu REIMA prek\u0117s \u017eenklo logotipu nugarin\u0117je dalyje. [&hellip;]<\/p>\n","protected":false},"featured_media":2839,"template":"","meta":{"_acf_changed":false},"pwb-brand":[81],"product_brand":[],"product_cat":[40,49,233,229],"product_tag":[],"class_list":{"0":"post-2838","1":"product","2":"type-product","3":"status-publish","4":"has-post-thumbnail","6":"pwb-brand-reima","7":"product_cat-vaikams","8":"product_cat-aksesuarai-vaikams","9":"product_cat-kepures","10":"product_cat-plonos-kepures","11":"pa_drabuziu-dydis-173","13":"first","14":"outofstock","15":"shipping-taxable","16":"product-type-variable"},"supplier_id":null,"supplier_sku":"","barcode":null,"atum_controlled":true,"out_stock_date":null,"out_stock_threshold":null,"inheritable":false,"inbound_stock":null,"stock_on_hold":0,"sold_today":0,"sales_last_days":0,"reserved_stock":null,"customer_returns":null,"warehouse_damage":null,"lost_in_post":null,"other_logs":null,"out_stock_days":0,"lost_sales":0,"has_location":null,"update_date":"2026-05-01T03:15:45","atum_locations":[],"atum_stock_status":"outofstock","restock_status":false,"low_stock_amount":"","sales_update_date":"2026-05-01T03:15:45","calc_backorders":null,"acf":[],"brands":[{"id":81,"name":"REIMA","slug":"reima"}],"_links":{"self":[{"href":"https:\/\/dekastar.lt\/lv\/wp-json\/wp\/v2\/product\/2838","targetHints":{"allow":["GET"]}}],"collection":[{"href":"https:\/\/dekastar.lt\/lv\/wp-json\/wp\/v2\/product"}],"about":[{"href":"https:\/\/dekastar.lt\/lv\/wp-json\/wp\/v2\/types\/product"}],"wp:featuredmedia":[{"embeddable":true,"href":"https:\/\/dekastar.lt\/lv\/wp-json\/wp\/v2\/media\/2839"}],"wp:attachment":[{"href":"https:\/\/dekastar.lt\/lv\/wp-json\/wp\/v2\/media?parent=2838"}],"wp:term":[{"taxonomy":"pwb-brand","embeddable":true,"href":"https:\/\/dekastar.lt\/lv\/wp-json\/wp\/v2\/pwb-brand?post=2838"},{"taxonomy":"product_brand","embeddable":true,"href":"https:\/\/dekastar.lt\/lv\/wp-json\/wp\/v2\/product_brand?post=2838"},{"taxonomy":"product_cat","embeddable":true,"href":"https:\/\/dekastar.lt\/lv\/wp-json\/wp\/v2\/product_cat?post=2838"},{"taxonomy":"product_tag","embeddable":true,"href":"https:\/\/dekastar.lt\/lv\/wp-json\/wp\/v2\/product_tag?post=2838"}],"curies":[{"name":"wp","href":"https:\/\/api.w.org\/{rel}","templated":true}]}}