{"id":2856,"date":"2022-01-25T10:37:34","date_gmt":"2022-01-25T10:37:34","guid":{"rendered":"https:\/\/dekastar.lt\/?post_type=product&#038;p=2856"},"modified":"2025-10-22T12:20:26","modified_gmt":"2025-10-22T12:20:26","slug":"kepure-pavasaris-ruduo-reima-jeker-zalia","status":"publish","type":"product","link":"https:\/\/dekastar.lt\/lv\/products\/kepure-pavasaris-ruduo-reima-jeker-zalia\/","title":{"rendered":"Pavasara\/rudens cepure REIMA Jeker (za\u013ca)"},"content":{"rendered":"<p>REIMA Jeker cepure ir lieliska izv\u0113le j\u016bsu mazu\u013ca ikdienas piedz\u012bvojumiem br\u012bv\u0101 dab\u0101. T\u0101 ir divsl\u0101\u0146u trikot\u0101\u017eas cepure no m\u012bksta, elast\u012bga auduma ar siksni\u0146u zem zoda. Tai ir stil\u012bgs, izteiksm\u012bgs piegriezums ar rota\u013c\u012bgiem ku\u0123u mot\u012bviem un nelielu izliekumu aizmugur\u0113, k\u0101 ar\u012b \u0101das REIMA z\u012bmola logotips uz s\u0101niem.<\/p>\n<p>Sast\u0101vs: 80 % kokvilna, 20 % poliam\u012bds.<\/p>","protected":false},"excerpt":{"rendered":"<p>Prek\u0117s \u017eenklo REIMA kepur\u0117 Jeker yra puikus pasirinkimas kasdieniams ma\u017eylio nuotykiams lauke. Tai dviej\u0173 sluoksni\u0173 megzto, tampraus, \u0161velnaus audinio kepur\u0117 su u\u017eri\u0161amais po smakru rai\u0161teliais. Kepur\u0117 stilingo, i\u0161skirtinio kirpimo, su \u017eaismingais laiv\u0173 motyvais bei nedideliu bumbulu vir\u0161ugalvyje, odiniu REIMA prek\u0117s \u017eenklo logotipu \u0161onin\u0117je dalyje. Sud\u0117tis: 80 % medviln\u0117, 20 % poliamidas<\/p>","protected":false},"featured_media":2860,"template":"","meta":{"_acf_changed":false},"pwb-brand":[81],"product_brand":[],"product_cat":[40,49,233,229],"product_tag":[],"class_list":{"0":"post-2856","1":"product","2":"type-product","3":"status-publish","4":"has-post-thumbnail","6":"pwb-brand-reima","7":"product_cat-vaikams","8":"product_cat-aksesuarai-vaikams","9":"product_cat-kepures","10":"product_cat-plonos-kepures","11":"pa_drabuziu-dydis-172","12":"pa_drabuziu-dydis-173","14":"first","15":"instock","16":"sale","17":"shipping-taxable","18":"purchasable","19":"product-type-variable"},"supplier_id":null,"supplier_sku":"","barcode":null,"atum_controlled":true,"out_stock_date":null,"out_stock_threshold":null,"inheritable":false,"inbound_stock":null,"stock_on_hold":0,"sold_today":0,"sales_last_days":0,"reserved_stock":null,"customer_returns":null,"warehouse_damage":null,"lost_in_post":null,"other_logs":null,"out_stock_days":0,"lost_sales":0,"has_location":null,"update_date":"2026-05-04T03:17:19","atum_locations":[],"atum_stock_status":"instock","restock_status":false,"low_stock_amount":"","sales_update_date":"2026-05-04T03:17:19","calc_backorders":null,"acf":[],"brands":[{"id":81,"name":"REIMA","slug":"reima"}],"_links":{"self":[{"href":"https:\/\/dekastar.lt\/lv\/wp-json\/wp\/v2\/product\/2856","targetHints":{"allow":["GET"]}}],"collection":[{"href":"https:\/\/dekastar.lt\/lv\/wp-json\/wp\/v2\/product"}],"about":[{"href":"https:\/\/dekastar.lt\/lv\/wp-json\/wp\/v2\/types\/product"}],"wp:featuredmedia":[{"embeddable":true,"href":"https:\/\/dekastar.lt\/lv\/wp-json\/wp\/v2\/media\/2860"}],"wp:attachment":[{"href":"https:\/\/dekastar.lt\/lv\/wp-json\/wp\/v2\/media?parent=2856"}],"wp:term":[{"taxonomy":"pwb-brand","embeddable":true,"href":"https:\/\/dekastar.lt\/lv\/wp-json\/wp\/v2\/pwb-brand?post=2856"},{"taxonomy":"product_brand","embeddable":true,"href":"https:\/\/dekastar.lt\/lv\/wp-json\/wp\/v2\/product_brand?post=2856"},{"taxonomy":"product_cat","embeddable":true,"href":"https:\/\/dekastar.lt\/lv\/wp-json\/wp\/v2\/product_cat?post=2856"},{"taxonomy":"product_tag","embeddable":true,"href":"https:\/\/dekastar.lt\/lv\/wp-json\/wp\/v2\/product_tag?post=2856"}],"curies":[{"name":"wp","href":"https:\/\/api.w.org\/{rel}","templated":true}]}}