{"id":2877,"date":"2022-01-25T10:52:21","date_gmt":"2022-01-25T10:52:21","guid":{"rendered":"https:\/\/dekastar.lt\/?post_type=product&#038;p=2877"},"modified":"2025-10-22T12:20:26","modified_gmt":"2025-10-22T12:20:26","slug":"vaikiska-kepure-reima-mortar-melyna","status":"publish","type":"product","link":"https:\/\/dekastar.lt\/lv\/products\/vaikiska-kepure-reima-mortar-melyna\/","title":{"rendered":"REIMA M\u012bnmet\u0113ja cepure b\u0113rniem (zila)"},"content":{"rendered":"<p>REIMA ad\u012bta rota\u013c\u012bga cepure ar me\u017e\u0123\u012bn\u0113m. Pl\u0101na, elpojo\u0161a un m\u012bksta cepure jautriem piedz\u012bvojumiem br\u012bv\u0101 dab\u0101, ko var viegli kombin\u0113t ar da\u017e\u0101d\u0101m ap\u0123\u0113rba kombin\u0101cij\u0101m.<\/p>\n<p>Sast\u0101vs : 100% kokvilna<\/p>","protected":false},"excerpt":{"rendered":"<p>Prek\u0117s \u017eenklo REIMA \u017eaisminga megzto audinio kepur\u0117 su rai\u0161teliais. Plona, kv\u0117puojanti ir \u0161velni kepur\u0117 smagiems nuotykiams lauke, kuri lengvai derinama su \u012fvairi\u0173 r\u016bb\u0173 kombinacijomis. Sud\u0117tis : 100% medviln\u0117<\/p>","protected":false},"featured_media":2878,"template":"","meta":{"_acf_changed":false},"pwb-brand":[81],"product_brand":[],"product_cat":[40,49,233,229],"product_tag":[],"class_list":{"0":"post-2877","1":"product","2":"type-product","3":"status-publish","4":"has-post-thumbnail","6":"pwb-brand-reima","7":"product_cat-vaikams","8":"product_cat-aksesuarai-vaikams","9":"product_cat-kepures","10":"product_cat-plonos-kepures","11":"pa_drabuziu-dydis-172","13":"first","14":"instock","15":"sale","16":"shipping-taxable","17":"purchasable","18":"product-type-variable"},"supplier_id":null,"supplier_sku":"","barcode":null,"atum_controlled":true,"out_stock_date":null,"out_stock_threshold":null,"inheritable":false,"inbound_stock":null,"stock_on_hold":0,"sold_today":0,"sales_last_days":0,"reserved_stock":null,"customer_returns":null,"warehouse_damage":null,"lost_in_post":null,"other_logs":null,"out_stock_days":0,"lost_sales":0,"has_location":null,"update_date":"2026-04-14T00:36:38","atum_locations":[],"atum_stock_status":"instock","restock_status":false,"low_stock_amount":"","sales_update_date":"2026-04-14T00:36:38","calc_backorders":null,"acf":[],"brands":[{"id":81,"name":"REIMA","slug":"reima"}],"_links":{"self":[{"href":"https:\/\/dekastar.lt\/lv\/wp-json\/wp\/v2\/product\/2877","targetHints":{"allow":["GET"]}}],"collection":[{"href":"https:\/\/dekastar.lt\/lv\/wp-json\/wp\/v2\/product"}],"about":[{"href":"https:\/\/dekastar.lt\/lv\/wp-json\/wp\/v2\/types\/product"}],"wp:featuredmedia":[{"embeddable":true,"href":"https:\/\/dekastar.lt\/lv\/wp-json\/wp\/v2\/media\/2878"}],"wp:attachment":[{"href":"https:\/\/dekastar.lt\/lv\/wp-json\/wp\/v2\/media?parent=2877"}],"wp:term":[{"taxonomy":"pwb-brand","embeddable":true,"href":"https:\/\/dekastar.lt\/lv\/wp-json\/wp\/v2\/pwb-brand?post=2877"},{"taxonomy":"product_brand","embeddable":true,"href":"https:\/\/dekastar.lt\/lv\/wp-json\/wp\/v2\/product_brand?post=2877"},{"taxonomy":"product_cat","embeddable":true,"href":"https:\/\/dekastar.lt\/lv\/wp-json\/wp\/v2\/product_cat?post=2877"},{"taxonomy":"product_tag","embeddable":true,"href":"https:\/\/dekastar.lt\/lv\/wp-json\/wp\/v2\/product_tag?post=2877"}],"curies":[{"name":"wp","href":"https:\/\/api.w.org\/{rel}","templated":true}]}}