{"id":3240,"date":"2022-03-04T10:55:55","date_gmt":"2022-03-04T10:55:55","guid":{"rendered":"https:\/\/dekastar.lt\/?post_type=product&#038;p=3240"},"modified":"2025-10-22T12:20:28","modified_gmt":"2025-10-22T12:20:28","slug":"kaklo-mova-ukraina-vyrams-moterims","status":"publish","type":"product","link":"https:\/\/dekastar.lt\/lv\/products\/kaklo-mova-ukraina-vyrams-moterims\/","title":{"rendered":"Kakla piedurkne UKRAINA v\u012brie\u0161iem\/sieviet\u0113m"},"content":{"rendered":"<p>Univers\u0101la ad\u012bta kakla piedurkne. Piem\u0113rots gan v\u012brie\u0161iem, gan sieviet\u0113m. Pl\u0101ns, elast\u012bgs viensl\u0101\u0146u audums.<\/p>\n<p>Sast\u0101vs: 94% kokvilna, 6% elast\u0101ns.<\/p>\n<p>Izm\u0113rs: garums - 45 cm, platums - 24 cm<\/p>\n<p>&nbsp;<\/p>\n<p><em>* VISUS NAUD\u0112JUMUS, kas tiks sa\u0146emti no KAKLO MOVES p\u0101rdo\u0161anas Ukrain\u0101, ziedosim nevalstiskajai organiz\u0101cijai \"Blue and Yellow\", kas atbalsta kar\u0101 cietu\u0161os civiliedz\u012bvot\u0101jus un Ukrainas bru\u0146otos sp\u0113kus.<\/em><\/p>\n<p>&nbsp;<\/p>\n<p>Par vairumtirdzniec\u012bbas daudzumiem, l\u016bdzu, sazinieties ar 860506684<\/p>","protected":false},"excerpt":{"rendered":"<p>Universali trikota\u017eo kaklo mova. Tinkama d\u0117v\u0117ti tiek vyrams, tiek moterims. Plonas, tamprus vieno sluoksnio audinys. Sud\u0117tis: 94% medviln\u0117, 6% elastanas Dydis: Ilgis- 45 cm., plotis- 24 cm &nbsp; *VISAS PELNAS, GAUTAS PARDAVUS KAKLO MOVAS UKRAINA, BUS SKIRIAMAS NEVYRIAUSYBINEI ORGANIZACIJAI V\u0161\u012e &#8220;M\u0117lyna ir geltona&#8221;, remian\u010diai nuo karo nukent\u0117jusius civilius bei Ukrainos ginkluot\u0105sias paj\u0117gas &nbsp; D\u0117l prek\u0117s [&hellip;]<\/p>\n","protected":false},"featured_media":3241,"template":"","meta":{"_acf_changed":false},"pwb-brand":[],"product_brand":[],"product_cat":[38,43,46,39],"product_tag":[],"class_list":{"0":"post-3240","1":"product","2":"type-product","3":"status-publish","4":"has-post-thumbnail","6":"product_cat-moterims","7":"product_cat-aksesuarai","8":"product_cat-aksesuarai-vyrams","9":"product_cat-vyrams","10":"pa_drabuziu-dydis-universalus","12":"first","13":"instock","14":"shipping-taxable","15":"purchasable","16":"product-type-variable"},"supplier_id":null,"supplier_sku":"","barcode":null,"atum_controlled":true,"out_stock_date":null,"out_stock_threshold":null,"inheritable":false,"inbound_stock":null,"stock_on_hold":0,"sold_today":0,"sales_last_days":0,"reserved_stock":null,"customer_returns":null,"warehouse_damage":null,"lost_in_post":null,"other_logs":null,"out_stock_days":0,"lost_sales":0,"has_location":null,"update_date":"2026-05-04T03:17:17","atum_locations":[],"atum_stock_status":"instock","restock_status":false,"low_stock_amount":"","sales_update_date":"2026-05-04T03:17:17","calc_backorders":null,"acf":[],"brands":[],"_links":{"self":[{"href":"https:\/\/dekastar.lt\/lv\/wp-json\/wp\/v2\/product\/3240","targetHints":{"allow":["GET"]}}],"collection":[{"href":"https:\/\/dekastar.lt\/lv\/wp-json\/wp\/v2\/product"}],"about":[{"href":"https:\/\/dekastar.lt\/lv\/wp-json\/wp\/v2\/types\/product"}],"wp:featuredmedia":[{"embeddable":true,"href":"https:\/\/dekastar.lt\/lv\/wp-json\/wp\/v2\/media\/3241"}],"wp:attachment":[{"href":"https:\/\/dekastar.lt\/lv\/wp-json\/wp\/v2\/media?parent=3240"}],"wp:term":[{"taxonomy":"pwb-brand","embeddable":true,"href":"https:\/\/dekastar.lt\/lv\/wp-json\/wp\/v2\/pwb-brand?post=3240"},{"taxonomy":"product_brand","embeddable":true,"href":"https:\/\/dekastar.lt\/lv\/wp-json\/wp\/v2\/product_brand?post=3240"},{"taxonomy":"product_cat","embeddable":true,"href":"https:\/\/dekastar.lt\/lv\/wp-json\/wp\/v2\/product_cat?post=3240"},{"taxonomy":"product_tag","embeddable":true,"href":"https:\/\/dekastar.lt\/lv\/wp-json\/wp\/v2\/product_tag?post=3240"}],"curies":[{"name":"wp","href":"https:\/\/api.w.org\/{rel}","templated":true}]}}