{"id":3550,"date":"2022-09-14T15:39:27","date_gmt":"2022-09-14T15:39:27","guid":{"rendered":"https:\/\/dekastar.lt\/?post_type=product&#038;p=3550"},"modified":"2025-11-12T14:08:34","modified_gmt":"2025-11-12T14:08:34","slug":"kuling-zieminiai-vandeniui-atsparus-auliniai","status":"publish","type":"product","link":"https:\/\/dekastar.lt\/lv\/products\/kuling-zieminiai-vandeniui-atsparus-auliniai\/","title":{"rendered":"Kuling ziemas \u016bdensnecaurlaid\u012bgi z\u0101baki"},"content":{"rendered":"<p>Zviedru ra\u017eot\u0101ja KULING Quebeq \u016bdensnecaurlaid\u012bgi p\u0101rkl\u0101ji. Z\u0101baki ar piln\u012bgu iek\u0161\u0113jo siltin\u0101jumu no m\u012bkstas m\u0101ksl\u012bg\u0101s ka\u017eok\u0101das. \u0160ie z\u0101baki ir paredz\u0113ti ziemas sezonai. Moderns, ekskluz\u012bvs dizains.<\/p>\n<p>- Pastiprin\u0101ta pie pirkstgaliem un pap\u0113\u017eiem<\/p>\n<p>- Pirkstu zona p\u0101rkl\u0101ta ar gumijas, \u016bdensnecaurlaid\u012bgu p\u0101rkl\u0101jumu<\/p>\n<p>- No\u0146emama m\u0101ksl\u012bg\u0101s ka\u017eok\u0101das zole<\/p>\n<p>-Tekstur\u0113ta, nesl\u012bdo\u0161a zole<\/p>\n<p>&nbsp;<\/p>\n<p>Apavu zol\u012btes izm\u0113ri:<\/p>\n<p>30-19,5 cm<\/p>\n<p>31-20 cm<\/p>\n<p>32-21 cm<\/p>\n<p>33-21,5 cm<\/p>\n<pre id=\"tw-target-text\" class=\"tw-data-text tw-text-large tw-ta\" dir=\"ltr\" data-placeholder=\"Vertimas\"><em><span class=\"Y2IQFc\" lang=\"lt\">*Piez\u012bme: L\u016bdzu, \u0146emiet v\u0113r\u0101, ka, ieg\u0101d\u0101joties apavus b\u0113rnam, j\u0101izv\u0113las apavi, kas ir 1,5 cm augst\u0101ki par b\u0113rna k\u0101ju.\r\nZiemas z\u0101bakus ieteicams ieg\u0101d\u0101ties l\u012bdz 2 cm liel\u0101kus, lai var\u0113tu ielikt biezu ze\u0137i vai papildu zol\u012bti.<\/span><\/em><\/pre>","protected":false},"excerpt":{"rendered":"<p>\u0160ved\u0173 gamintojo KULING Quebeq vandeniui nepralaid\u016bs aulinukai. Batai su pilnu vidiniu \u0161velnaus dirbtinio kailio pa\u0161iltinimu. \u0160ie batai skirti \u017eiemos sezonui. Modernaus, i\u0161skirtinio dizaino. &#8211; Batai sutvirtinti ties pir\u0161tais ir kulnimi &#8211; Pir\u0161t\u0173 zona dengta gumine, vandeniui nepralaid\u017eia danga &#8211; I\u0161imamas dirbtinio kailio vidpadis -Tekst\u016bruotas, neslystantis padas &nbsp; Bat\u0173 vidpad\u017ei\u0173 dyd\u017eiai: 30-19,5 cm 31-20 cm 32-21 [&hellip;]<\/p>\n","protected":false},"featured_media":3555,"template":"","meta":{"_acf_changed":false},"pwb-brand":[96],"product_brand":[],"product_cat":[40,48],"product_tag":[],"class_list":{"0":"post-3550","1":"product","2":"type-product","3":"status-publish","4":"has-post-thumbnail","6":"pwb-brand-kuling","7":"product_cat-vaikams","8":"product_cat-avalyne-vaikams","9":"pa_avalynes-dydis-120","10":"pa_avalynes-dydis-123","12":"first","13":"instock","14":"sale","15":"shipping-taxable","16":"purchasable","17":"product-type-variable"},"supplier_id":null,"supplier_sku":"","barcode":null,"atum_controlled":true,"out_stock_date":null,"out_stock_threshold":null,"inheritable":false,"inbound_stock":null,"stock_on_hold":0,"sold_today":0,"sales_last_days":0,"reserved_stock":null,"customer_returns":null,"warehouse_damage":null,"lost_in_post":null,"other_logs":null,"out_stock_days":0,"lost_sales":0,"has_location":null,"update_date":"2026-04-27T03:13:25","atum_locations":[],"atum_stock_status":"instock","restock_status":false,"low_stock_amount":"","sales_update_date":"2026-04-27T03:13:25","calc_backorders":null,"acf":[],"brands":[{"id":96,"name":"KULING","slug":"kuling"}],"_links":{"self":[{"href":"https:\/\/dekastar.lt\/lv\/wp-json\/wp\/v2\/product\/3550","targetHints":{"allow":["GET"]}}],"collection":[{"href":"https:\/\/dekastar.lt\/lv\/wp-json\/wp\/v2\/product"}],"about":[{"href":"https:\/\/dekastar.lt\/lv\/wp-json\/wp\/v2\/types\/product"}],"wp:featuredmedia":[{"embeddable":true,"href":"https:\/\/dekastar.lt\/lv\/wp-json\/wp\/v2\/media\/3555"}],"wp:attachment":[{"href":"https:\/\/dekastar.lt\/lv\/wp-json\/wp\/v2\/media?parent=3550"}],"wp:term":[{"taxonomy":"pwb-brand","embeddable":true,"href":"https:\/\/dekastar.lt\/lv\/wp-json\/wp\/v2\/pwb-brand?post=3550"},{"taxonomy":"product_brand","embeddable":true,"href":"https:\/\/dekastar.lt\/lv\/wp-json\/wp\/v2\/product_brand?post=3550"},{"taxonomy":"product_cat","embeddable":true,"href":"https:\/\/dekastar.lt\/lv\/wp-json\/wp\/v2\/product_cat?post=3550"},{"taxonomy":"product_tag","embeddable":true,"href":"https:\/\/dekastar.lt\/lv\/wp-json\/wp\/v2\/product_tag?post=3550"}],"curies":[{"name":"wp","href":"https:\/\/api.w.org\/{rel}","templated":true}]}}