{"id":3764,"date":"2022-10-21T11:59:22","date_gmt":"2022-10-21T11:59:22","guid":{"rendered":"https:\/\/dekastar.lt\/?post_type=product&#038;p=3764"},"modified":"2026-03-17T17:23:21","modified_gmt":"2026-03-17T17:23:21","slug":"name-it-flysinis-komplektas-spektra-melynas","status":"publish","type":"product","link":"https:\/\/dekastar.lt\/lv\/products\/name-it-flysinis-komplektas-spektra-melynas\/","title":{"rendered":"NAME IT vilnas komplekts SPEKTRA (zils)"},"content":{"rendered":"<p>Izcila dizaina, praktiskuma un \u0113rt\u012bbas skrejlapu komplekts no NAME IT z\u012bmola. Neaizst\u0101jams ap\u0123\u0113rba gabals aukstaj\u0101 sezon\u0101. Tas ir lieliski piem\u0113rots valk\u0101\u0161anai k\u0101 virsdr\u0113be vai k\u0101 starpsl\u0101nis zem lietus vai ziemas kombinezoniem. Komplekt\u0101 ietilpst d\u017eemperis ar r\u0101v\u0113jsl\u0113dz\u0113ju un augstu apkakli no \u013coti m\u012bksta un maiga vilnas auduma un \u013coti \u0113rtas bikses ar regul\u0113jam\u0101m plecu siksn\u0101m, kas nodro\u0161ina, ka b\u0113rna mugura akt\u012bvas rota\u013cas laik\u0101 nekad netiek pak\u013cauta riskam.<\/p>\n<p>Auduma sast\u0101vs: 100 % poliestera.<\/p>","protected":false},"excerpt":{"rendered":"<p>NAME IT prek\u0117s \u017eenklo i\u0161skirtinio dizaino, prakti\u0161kumo ir patogumo flysinis komplektukas. Nepamainomas r\u016bbas prasid\u0117jus \u0161altajam sezonui. Jis puikiai tinka d\u0117v\u0117ti kaip vir\u0161utinis r\u016bbas ar tarpinis sluoksnis po lietaus ar \u017eiemos kombinezonais. Komplekt\u0105 sudaro labai mink\u0161to ir \u0161velnaus flyso audinio megztukas su u\u017etrauktuku ir auk\u0161ta apykakle bei itin patogios keln\u0117s su reguliuojamomis petne\u0161omis, kurios u\u017etikrina, kad [&hellip;]<\/p>\n","protected":false},"featured_media":3772,"template":"","meta":{"_acf_changed":false},"pwb-brand":[100],"product_brand":[],"product_cat":[40,74,73,67,55],"product_tag":[],"class_list":{"0":"post-3764","1":"product","2":"type-product","3":"status-publish","4":"has-post-thumbnail","6":"pwb-brand-name-it","7":"product_cat-vaikams","8":"product_cat-sportiniai-kostiumai-apranga-laisvalaikiui-vaikams","9":"product_cat-kelnes-apranga-laisvalaikiui-vaikams","10":"product_cat-kita-apranga-vaikams","11":"product_cat-apranga-laisvalaikiui-vaikams","12":"pa_drabuziu-dydis-144","13":"pa_drabuziu-dydis-145","14":"pa_drabuziu-dydis-168","15":"pa_drabuziu-dydis-147","16":"pa_drabuziu-dydis-142","18":"first","19":"instock","20":"sale","21":"shipping-taxable","22":"purchasable","23":"product-type-variable"},"supplier_id":null,"supplier_sku":"","barcode":null,"atum_controlled":true,"out_stock_date":null,"out_stock_threshold":null,"inheritable":false,"inbound_stock":null,"stock_on_hold":0,"sold_today":0,"sales_last_days":0,"reserved_stock":null,"customer_returns":null,"warehouse_damage":null,"lost_in_post":null,"other_logs":null,"out_stock_days":0,"lost_sales":0,"has_location":null,"update_date":"2026-05-04T03:17:13","atum_locations":[],"atum_stock_status":"instock","restock_status":false,"low_stock_amount":"","sales_update_date":"2026-05-04T03:17:13","calc_backorders":null,"acf":[],"brands":[{"id":100,"name":"NAME IT","slug":"name-it"}],"_links":{"self":[{"href":"https:\/\/dekastar.lt\/lv\/wp-json\/wp\/v2\/product\/3764","targetHints":{"allow":["GET"]}}],"collection":[{"href":"https:\/\/dekastar.lt\/lv\/wp-json\/wp\/v2\/product"}],"about":[{"href":"https:\/\/dekastar.lt\/lv\/wp-json\/wp\/v2\/types\/product"}],"wp:featuredmedia":[{"embeddable":true,"href":"https:\/\/dekastar.lt\/lv\/wp-json\/wp\/v2\/media\/3772"}],"wp:attachment":[{"href":"https:\/\/dekastar.lt\/lv\/wp-json\/wp\/v2\/media?parent=3764"}],"wp:term":[{"taxonomy":"pwb-brand","embeddable":true,"href":"https:\/\/dekastar.lt\/lv\/wp-json\/wp\/v2\/pwb-brand?post=3764"},{"taxonomy":"product_brand","embeddable":true,"href":"https:\/\/dekastar.lt\/lv\/wp-json\/wp\/v2\/product_brand?post=3764"},{"taxonomy":"product_cat","embeddable":true,"href":"https:\/\/dekastar.lt\/lv\/wp-json\/wp\/v2\/product_cat?post=3764"},{"taxonomy":"product_tag","embeddable":true,"href":"https:\/\/dekastar.lt\/lv\/wp-json\/wp\/v2\/product_tag?post=3764"}],"curies":[{"name":"wp","href":"https:\/\/api.w.org\/{rel}","templated":true}]}}