{"id":3777,"date":"2022-10-21T12:29:07","date_gmt":"2022-10-21T12:29:07","guid":{"rendered":"https:\/\/dekastar.lt\/?post_type=product&#038;p=3777"},"modified":"2025-10-22T12:20:35","modified_gmt":"2025-10-22T12:20:35","slug":"name-it-laisvalaikio-kostiumas-brooklyn","status":"publish","type":"product","link":"https:\/\/dekastar.lt\/lv\/products\/name-it-laisvalaikio-kostiumas-brooklyn\/","title":{"rendered":"NAME IT br\u012bv\u0101 laika kost\u012bms \"BROOKLYN\""},"content":{"rendered":"<p>NAME IT z\u012bmola ekskluz\u012bva sarkan\u0101 Rooibos t\u0113ja. \u0160is \u0101rk\u0101rt\u012bgi stil\u012bgais un \u0113rtais t\u0113rps ir lieliska izv\u0113le gan meiten\u0113m, gan z\u0113niem. Pat\u012bkamais, siltais d\u017eersija audums ir ne tikai pat\u012bkams piesk\u0101rienam, bet ar\u012b \u0113rts akt\u012bvu nodarbju laik\u0101. Biks\u0113m ir josta viduk\u013ca regul\u0113\u0161anai, un t\u0101m ir divas priek\u0161\u0113j\u0101s s\u0101nu kabatas un viena aizmugur\u0113j\u0101 kabata.<\/p>\n<p>Sast\u0101vs: 95% kokvilna, 5% viskoze.<\/p>","protected":false},"excerpt":{"rendered":"<p>NAME IT prek\u0117s \u017eenklo i\u0161skirtin\u0117s raudonos arbatos &#8220;Rooibos tea&#8221; laisvalaikio kostiumas. \u0160is i\u0161skirtinai stilingas bei patogus komplektukas puikus pasirinkimas tiek mergaitei, tiek berniukui. Malonus, \u0161iltas trikota\u017eo audinys ne tik malonus liesti, bet ir patogus aktyvios veiklos metu. Keln\u0117s su dir\u017eeliu juosmeniui reguliuoti bei turi dvi priekines \u0161onines ki\u0161enes ir vien\u0105 galin\u0119. Sud\u0117tis: 95% medviln\u0117, 5% [&hellip;]<\/p>\n","protected":false},"featured_media":3787,"template":"","meta":{"_acf_changed":false},"pwb-brand":[100],"product_brand":[],"product_cat":[40,74,73,67,55],"product_tag":[],"class_list":{"0":"post-3777","1":"product","2":"type-product","3":"status-publish","4":"has-post-thumbnail","6":"pwb-brand-name-it","7":"product_cat-vaikams","8":"product_cat-sportiniai-kostiumai-apranga-laisvalaikiui-vaikams","9":"product_cat-kelnes-apranga-laisvalaikiui-vaikams","10":"product_cat-kita-apranga-vaikams","11":"product_cat-apranga-laisvalaikiui-vaikams","12":"pa_drabuziu-dydis-144","13":"pa_drabuziu-dydis-148","14":"pa_drabuziu-dydis-142","16":"first","17":"instock","18":"sale","19":"shipping-taxable","20":"purchasable","21":"product-type-variable"},"supplier_id":null,"supplier_sku":"","barcode":null,"atum_controlled":true,"out_stock_date":null,"out_stock_threshold":null,"inheritable":false,"inbound_stock":null,"stock_on_hold":0,"sold_today":0,"sales_last_days":0,"reserved_stock":null,"customer_returns":null,"warehouse_damage":null,"lost_in_post":null,"other_logs":null,"out_stock_days":0,"lost_sales":0,"has_location":null,"update_date":"2026-05-04T03:17:13","atum_locations":[],"atum_stock_status":"instock","restock_status":false,"low_stock_amount":"","sales_update_date":"2026-05-04T03:17:13","calc_backorders":null,"acf":[],"brands":[{"id":100,"name":"NAME IT","slug":"name-it"}],"_links":{"self":[{"href":"https:\/\/dekastar.lt\/lv\/wp-json\/wp\/v2\/product\/3777","targetHints":{"allow":["GET"]}}],"collection":[{"href":"https:\/\/dekastar.lt\/lv\/wp-json\/wp\/v2\/product"}],"about":[{"href":"https:\/\/dekastar.lt\/lv\/wp-json\/wp\/v2\/types\/product"}],"wp:featuredmedia":[{"embeddable":true,"href":"https:\/\/dekastar.lt\/lv\/wp-json\/wp\/v2\/media\/3787"}],"wp:attachment":[{"href":"https:\/\/dekastar.lt\/lv\/wp-json\/wp\/v2\/media?parent=3777"}],"wp:term":[{"taxonomy":"pwb-brand","embeddable":true,"href":"https:\/\/dekastar.lt\/lv\/wp-json\/wp\/v2\/pwb-brand?post=3777"},{"taxonomy":"product_brand","embeddable":true,"href":"https:\/\/dekastar.lt\/lv\/wp-json\/wp\/v2\/product_brand?post=3777"},{"taxonomy":"product_cat","embeddable":true,"href":"https:\/\/dekastar.lt\/lv\/wp-json\/wp\/v2\/product_cat?post=3777"},{"taxonomy":"product_tag","embeddable":true,"href":"https:\/\/dekastar.lt\/lv\/wp-json\/wp\/v2\/product_tag?post=3777"}],"curies":[{"name":"wp","href":"https:\/\/api.w.org\/{rel}","templated":true}]}}