{"id":3979,"date":"2022-12-13T12:41:12","date_gmt":"2022-12-13T12:41:12","guid":{"rendered":"https:\/\/dekastar.lt\/?post_type=product&#038;p=3979"},"modified":"2025-12-11T13:35:20","modified_gmt":"2025-12-11T13:35:20","slug":"automobilio-kvapas-superior-raudona-dezute","status":"publish","type":"product","link":"https:\/\/dekastar.lt\/lv\/products\/automobilio-kvapas-superior-raudona-dezute\/","title":{"rendered":"SUPERIOR automa\u0161\u012bnas smar\u017ea (sarkana kaste)"},"content":{"rendered":"<p>Ekskluz\u012bva dizaina un moderno tehnolo\u0123iju kombin\u0101cija sniedz jums un j\u016bsu automa\u0161\u012bnai greznu smar\u017eu komplektu. <em>SUPERIOR<\/em>. \u0160is ir Latvijas produkts tiem, kas nov\u0113rt\u0113 kvalit\u0101ti un mekl\u0113 inov\u0101cijas sav\u0101 ikdien\u0101. \u0160is ir auto aksesu\u0101rs, kas papildin\u0101s j\u016bsu mekl\u0113jumus! Viegli lietojams un \u012bpa\u0161i iztur\u012bgs <em>SUPERIOR<\/em> Automa\u0161\u012bnas smar\u017ea p\u0101rliecin\u0101s j\u016bs, ka tas ir tas luksusa piesk\u0101riens, kura jums tr\u016bka, p\u0101rv\u0113r\u0161ot katru braucienu par komfortablu uztur\u0113\u0161anos.<\/p>\n<p>SUPERIOR ir viendab\u012bgs arom\u0101ts gan v\u012brie\u0161iem, gan sieviet\u0113m. Tas ir izteiksm\u012bgs, drosm\u012bgs un p\u0101rliecino\u0161s arom\u0101ts j\u016bsu automa\u0161\u012bnai. Smar\u017ea sast\u0101v\u0101 ir \u0161\u0101das notis:<\/p>\n<div>\n<ul>\n<li>Aug\u0161\u0113j\u0101s notis: bergamotes, mandar\u012bna, apels\u012bna, rabarbera;<\/li>\n<li>Vid\u0113j\u0101s notis: muskatrieksts, \u0137imenes, ingvers, melnie pipari;<\/li>\n<li>B\u0101zes notis: mandeles, jasm\u012bns, sarkankoks, dzintars, muskuss, ciedrs.<\/li>\n<\/ul>\n<\/div>\n<p><em>Parfim\u0113rijas smar\u017eu komplekt\u0101 ietilpst:<\/em><\/p>\n<ul>\n<li>Augstas kvalit\u0101tes \u012bstas \u0101das karte, iztur\u0113ta e\u013c\u013cas smar\u017e\u0101;<\/li>\n<li>10 ml aerosola \u0101das kartes elpo\u0161anai. Ar \u0161o aerosolu uz \u0101das kartes var veikt l\u012bdz pat 130 izsmidzin\u0101jumiem! Lai smar\u017ea b\u016btu intens\u012bv\u0101ka, vienk\u0101r\u0161i uzsmar\u017eojiet karti, un j\u016bs atkal var\u0113siet izbaud\u012bt savu iecien\u012bto automa\u0161\u012bnas smar\u017eu.<\/li>\n<li>Smar\u017eu komplekts ir iepakots grezn\u0101, izsmalcin\u0101ta dizaina kartona kast\u012bt\u0113.<\/li>\n<\/ul>\n<div class=\"text_exposed_show\">\n<p>Arom\u0101ts ir izgatavots, izmantojot smar\u017e\u012bg\u0101s e\u013c\u013cas un \u0161\u0137idro e\u013c\u013cas b\u0101zi no atjaunojamiem avotiem.<\/p>\n<p>Produkta lieto\u0161anas un dro\u0161\u012bbas pras\u012bbas ir nor\u0101d\u012btas uz produkta iepakojum\u0101 iek\u013caut\u0101s eti\u0137etes.<\/p>\n<p>Ra\u017eots Latvij\u0101.<\/p>\n<p><em>*Piez\u012bme: ir iesp\u0113jama vairumtirdzniec\u012bba, l\u016bdzu, sazinieties ar ra\u017eot\u0101ja p\u0101rst\u0101vjiem DEKASTAR administr\u0101cij\u0101 (+37060506684; info@dekastar.lt), lai uzzin\u0101tu s\u012bk\u0101ku inform\u0101ciju.<\/em><\/p>\n<\/div>","protected":false},"excerpt":{"rendered":"<p>I\u0161skirtinio dizaino bei modernios technologijos derinys, dovanoja Jums ir J\u016bs\u0173 automobiliui prabang\u0173 kvap\u0173 rinkin\u012f SUPERIOR. Tai Latvijos gamintoj\u0173 k\u016brinys, skirtas vertinantiems kokyb\u0119 bei ie\u0161kantiems naujovi\u0173 savo kasdienyb\u0117je. Tai automobilio aksesuaras, u\u017ebaigsiantis J\u016bs\u0173 paie\u0161kas! I\u0161band\u017eius lengvai naudojam\u0105 ir itin ilgai i\u0161liekant\u012f SUPERIOR automobilio parfumuot\u0105 kvap\u0105, \u012fsitikinsite, kad tai prabangos dvelksmas, kurio Jums tr\u016bko kiekvien\u0105 kelion\u0119 paver\u010diant [&hellip;]<\/p>\n","protected":false},"featured_media":3980,"template":"","meta":{"_acf_changed":false},"pwb-brand":[],"product_brand":[],"product_cat":[221],"product_tag":[],"class_list":{"0":"post-3979","1":"product","2":"type-product","3":"status-publish","4":"has-post-thumbnail","6":"product_cat-kvapu-rinkinys-automobiliui","8":"first","9":"outofstock","10":"shipping-taxable","11":"purchasable","12":"product-type-simple"},"supplier_id":null,"supplier_sku":"","barcode":null,"atum_controlled":true,"out_stock_date":null,"out_stock_threshold":null,"inheritable":false,"inbound_stock":null,"stock_on_hold":0,"sold_today":0,"sales_last_days":0,"reserved_stock":null,"customer_returns":null,"warehouse_damage":null,"lost_in_post":null,"other_logs":null,"out_stock_days":0,"lost_sales":0,"has_location":null,"update_date":"2026-05-02T03:15:57","atum_locations":[],"atum_stock_status":"outofstock","restock_status":false,"low_stock_amount":"","sales_update_date":"2026-05-02T03:15:57","calc_backorders":null,"acf":[],"brands":[],"_links":{"self":[{"href":"https:\/\/dekastar.lt\/lv\/wp-json\/wp\/v2\/product\/3979","targetHints":{"allow":["GET"]}}],"collection":[{"href":"https:\/\/dekastar.lt\/lv\/wp-json\/wp\/v2\/product"}],"about":[{"href":"https:\/\/dekastar.lt\/lv\/wp-json\/wp\/v2\/types\/product"}],"wp:featuredmedia":[{"embeddable":true,"href":"https:\/\/dekastar.lt\/lv\/wp-json\/wp\/v2\/media\/3980"}],"wp:attachment":[{"href":"https:\/\/dekastar.lt\/lv\/wp-json\/wp\/v2\/media?parent=3979"}],"wp:term":[{"taxonomy":"pwb-brand","embeddable":true,"href":"https:\/\/dekastar.lt\/lv\/wp-json\/wp\/v2\/pwb-brand?post=3979"},{"taxonomy":"product_brand","embeddable":true,"href":"https:\/\/dekastar.lt\/lv\/wp-json\/wp\/v2\/product_brand?post=3979"},{"taxonomy":"product_cat","embeddable":true,"href":"https:\/\/dekastar.lt\/lv\/wp-json\/wp\/v2\/product_cat?post=3979"},{"taxonomy":"product_tag","embeddable":true,"href":"https:\/\/dekastar.lt\/lv\/wp-json\/wp\/v2\/product_tag?post=3979"}],"curies":[{"name":"wp","href":"https:\/\/api.w.org\/{rel}","templated":true}]}}