{"id":4234,"date":"2023-07-24T09:32:02","date_gmt":"2023-07-24T09:32:02","guid":{"rendered":"https:\/\/dekastar.lt\/?post_type=product&#038;p=4234"},"modified":"2025-10-22T12:20:38","modified_gmt":"2025-10-22T12:20:38","slug":"name-it-zieminis-paltas","status":"publish","type":"product","link":"https:\/\/dekastar.lt\/lv\/products\/name-it-zieminis-paltas\/","title":{"rendered":"NAME IT ziemas m\u0113telis"},"content":{"rendered":"<p>NAME IT ir z\u012bmola ziemas m\u0113te\u013ci, kas priec\u0113s un priec\u0113s j\u016bs no v\u0113sa rudens l\u012bdz agram pavasarim. Stil\u012bga jaka\/apmetnis ar daudz\u0101m p\u0101rdom\u0101t\u0101m un praktisk\u0101m deta\u013c\u0101m. \u0160\u012b l\u012bnija ir viendzimuma (piem\u0113rota gan z\u0113niem, gan meiten\u0113m).<\/p>\n<h4>Produkta \u012bpa\u0161\u012bbas:<\/h4>\n<div class=\"qMOFyE\"><span class=\"KxHAYs lystZ1 dgII7d HlZ_Tf zN9KaA\" role=\"term\">Apkakle:<\/span>\u00a0<span class=\"KxHAYs lystZ1 FxZV-M HlZ_Tf zN9KaA\" role=\"definition\">No\u0146emama un oder\u0113ta kapuce<br \/>\n<\/span><\/div>\n<div class=\"qMOFyE\"><span class=\"KxHAYs lystZ1 dgII7d HlZ_Tf zN9KaA\" role=\"term\">Papildu funkcijas:<\/span> <span class=\"KxHAYs lystZ1 FxZV-M HlZ_Tf zN9KaA\" role=\"definition\">Atstarojo\u0161ie elementi<\/span><\/div>\n<div class=\"qMOFyE\"><span class=\"KxHAYs lystZ1 dgII7d HlZ_Tf zN9KaA\" role=\"term\">Aizdare:<\/span>\u00a0<span class=\"KxHAYs lystZ1 FxZV-M HlZ_Tf zN9KaA\" role=\"definition\">Zip<\/span><\/div>\n<div class=\"qMOFyE\"><span class=\"KxHAYs lystZ1 dgII7d HlZ_Tf zN9KaA\" role=\"term\">Modelis:<\/span>\u00a0<span class=\"KxHAYs lystZ1 FxZV-M HlZ_Tf zN9KaA\" role=\"definition\">Vienkr\u0101sains<\/span><\/div>\n<div class=\"qMOFyE\"><span class=\"KxHAYs lystZ1 dgII7d HlZ_Tf zN9KaA\" role=\"term\">S\u012bk\u0101ka inform\u0101cija:<\/span>\u00a0<span class=\"KxHAYs lystZ1 FxZV-M HlZ_Tf zN9KaA\" role=\"definition\">Sl\u0113pta kabata, lentes aizdare, sl\u0113pts r\u0101v\u0113jsl\u0113dz\u0113js<\/span><\/div>\n<div class=\"qMOFyE\"><span class=\"KxHAYs lystZ1 dgII7d HlZ_Tf zN9KaA\" role=\"term\">Funkcijas:<\/span>\u00a0<span class=\"KxHAYs lystZ1 FxZV-M HlZ_Tf zN9KaA\" role=\"definition\">Elpojo\u0161s\/ elpojo\u0161s<br \/>\n<\/span><\/div>\n<div>\n<div class=\"JAkf7W ZkIJC- i8_8W0\">\n<div class=\"Z1Xqqm sb1S7G sKmkSN pMa0tB\">\n<div class=\"\">\n<div class=\"qMOFyE\"><span class=\"KxHAYs lystZ1 dgII7d HlZ_Tf zN9KaA\" role=\"term\">\u0100r\u0113jais auduma materi\u0101ls:<\/span>\u00a0<span class=\"KxHAYs lystZ1 FxZV-M HlZ_Tf zN9KaA\" role=\"definition\">100% poliesteris<\/span><\/div>\n<div class=\"qMOFyE\"><span class=\"KxHAYs lystZ1 dgII7d HlZ_Tf zN9KaA\" role=\"term\">Pildviela:<\/span>\u00a0<span class=\"KxHAYs lystZ1 FxZV-M HlZ_Tf zN9KaA\" role=\"definition\">100% poliesteris<\/span><\/div>\n<div class=\"qMOFyE\"><span class=\"KxHAYs lystZ1 dgII7d HlZ_Tf zN9KaA\" role=\"term\">Odere:<\/span>\u00a0<span class=\"KxHAYs lystZ1 FxZV-M HlZ_Tf zN9KaA\" role=\"definition\">100% poliesteris<\/span><\/div>\n<div class=\"qMOFyE\"><span class=\"KxHAYs lystZ1 dgII7d HlZ_Tf zN9KaA\" role=\"term\">Polster\u0113juma veids:<\/span>\u00a0<span class=\"KxHAYs lystZ1 FxZV-M HlZ_Tf zN9KaA\" role=\"definition\">Silts polster\u0113jums<\/span><\/div>\n<div class=\"\"><span class=\"KxHAYs lystZ1 dgII7d HlZ_Tf zN9KaA\" role=\"term\">Tehnisk\u0101s apkopes nor\u0101d\u012bjumi:<\/span>\u00a0<span class=\"KxHAYs lystZ1 FxZV-M HlZ_Tf zN9KaA\" role=\"definition\">Var mazg\u0101t ve\u013casma\u0161\u012bn\u0101 30 \u00b0C temperat\u016br\u0101, nelietot gludin\u0101t, mazg\u0101t maig\u0101 cikl\u0101.<\/span><\/div>\n<\/div>\n<\/div>\n<\/div>\n<\/div>\n<div class=\"\">\n<div><\/div>\n<h4>Izm\u0113ri 110 izm\u0113ram:<\/h4>\n<div class=\"qMOFyE\"><span class=\"KxHAYs lystZ1 dgII7d HlZ_Tf zN9KaA\" role=\"term\">Garums:<\/span>\u00a0<span class=\"KxHAYs lystZ1 FxZV-M HlZ_Tf zN9KaA\" role=\"definition\">L\u012bdz vair\u0101kiem<\/span><\/div>\n<div class=\"qMOFyE\"><span class=\"KxHAYs lystZ1 dgII7d HlZ_Tf zN9KaA\" role=\"term\">Piedurk\u0146u garums:<\/span>\u00a0<span class=\"KxHAYs lystZ1 FxZV-M HlZ_Tf zN9KaA\" role=\"definition\">Long<\/span><\/div>\n<div class=\"qMOFyE\"><span class=\"KxHAYs lystZ1 dgII7d HlZ_Tf zN9KaA\" role=\"term\">Piedurknes garums no paduses:<\/span>\u00a0<span class=\"KxHAYs lystZ1 FxZV-M HlZ_Tf zN9KaA\" role=\"definition\">30 cm (110 izm\u0113rs)<\/span><\/div>\n<div class=\"qMOFyE\"><span class=\"KxHAYs lystZ1 dgII7d HlZ_Tf zN9KaA\" role=\"term\">Platums starp padus\u0113m:<\/span>\u00a0<span class=\"KxHAYs lystZ1 FxZV-M HlZ_Tf zN9KaA\" role=\"definition\">39 cm (110 izm\u0113rs)<\/span><\/div>\n<div class=\"\"><span class=\"KxHAYs lystZ1 dgII7d HlZ_Tf zN9KaA\" role=\"term\">Kop\u0113jais garums no pleca:<\/span>\u00a0<span class=\"KxHAYs lystZ1 FxZV-M HlZ_Tf zN9KaA\" role=\"definition\">56 cm (110 izm\u0113rs)<\/span><\/div>\n<\/div>\n<h6 class=\"KxHAYs QdlUSH FxZV-M HlZ_Tf wYGQO3 _2MyPg2\"><span class=\"EKabf7 R_QwOV\">Nosaukums: NMFMUSO LONG PUFFER CAMP UNISEX - Ziemas m\u0113telis<\/span><\/h6>","protected":false},"excerpt":{"rendered":"<p>NAME IT prek\u0117s \u017eenklas \u017eieminis paltas, kuris puo\u0161 ir d\u017eiugins nuo v\u0117saus rudens iki ankstyvo pavasario. Stilinga su daugybe apgalvot\u0173 ir prakti\u0161k\u0173 detali\u0173 striuk\u0117\/paltas. Linija- unisex (tinkama berniukams ir mergait\u0117ms). Prek\u0117s charakteristikos: Apykakl\u0117:\u00a0Gobtuvas nusegamas ir su pamu\u0161alu Papildomos ypatyb\u0117s: \u0160vies\u0105 atspindintys elementai U\u017esegimas:\u00a0U\u017etrauktukas Ra\u0161tas:\u00a0Vienspalvis I\u0161sami informacija:\u00a0Si\u016bl\u0117je pasl\u0117pta ki\u0161en\u0117, u\u017esegimo juosta, u\u017edengtas u\u017etrauktukas Ypatyb\u0117s:\u00a0Pralaidi orui\/ kv\u0117puojanti [&hellip;]<\/p>\n","protected":false},"featured_media":4236,"template":"","meta":{"_acf_changed":false},"pwb-brand":[100],"product_brand":[],"product_cat":[40,65],"product_tag":[],"class_list":{"0":"post-4234","1":"product","2":"type-product","3":"status-publish","4":"has-post-thumbnail","6":"pwb-brand-name-it","7":"product_cat-vaikams","8":"product_cat-ziemines-striukes-paltai-lauko-apranga-vaikams","9":"pa_drabuziu-dydis-145","11":"first","12":"instock","13":"sale","14":"shipping-taxable","15":"purchasable","16":"product-type-variable"},"supplier_id":null,"supplier_sku":"","barcode":null,"atum_controlled":true,"out_stock_date":null,"out_stock_threshold":null,"inheritable":false,"inbound_stock":null,"stock_on_hold":0,"sold_today":0,"sales_last_days":0,"reserved_stock":null,"customer_returns":null,"warehouse_damage":null,"lost_in_post":null,"other_logs":null,"out_stock_days":0,"lost_sales":0,"has_location":null,"update_date":"2026-04-15T00:37:56","atum_locations":[],"atum_stock_status":"instock","restock_status":false,"low_stock_amount":"","sales_update_date":"2026-04-15T00:37:56","calc_backorders":null,"acf":[],"brands":[{"id":100,"name":"NAME IT","slug":"name-it"}],"_links":{"self":[{"href":"https:\/\/dekastar.lt\/lv\/wp-json\/wp\/v2\/product\/4234","targetHints":{"allow":["GET"]}}],"collection":[{"href":"https:\/\/dekastar.lt\/lv\/wp-json\/wp\/v2\/product"}],"about":[{"href":"https:\/\/dekastar.lt\/lv\/wp-json\/wp\/v2\/types\/product"}],"wp:featuredmedia":[{"embeddable":true,"href":"https:\/\/dekastar.lt\/lv\/wp-json\/wp\/v2\/media\/4236"}],"wp:attachment":[{"href":"https:\/\/dekastar.lt\/lv\/wp-json\/wp\/v2\/media?parent=4234"}],"wp:term":[{"taxonomy":"pwb-brand","embeddable":true,"href":"https:\/\/dekastar.lt\/lv\/wp-json\/wp\/v2\/pwb-brand?post=4234"},{"taxonomy":"product_brand","embeddable":true,"href":"https:\/\/dekastar.lt\/lv\/wp-json\/wp\/v2\/product_brand?post=4234"},{"taxonomy":"product_cat","embeddable":true,"href":"https:\/\/dekastar.lt\/lv\/wp-json\/wp\/v2\/product_cat?post=4234"},{"taxonomy":"product_tag","embeddable":true,"href":"https:\/\/dekastar.lt\/lv\/wp-json\/wp\/v2\/product_tag?post=4234"}],"curies":[{"name":"wp","href":"https:\/\/api.w.org\/{rel}","templated":true}]}}