{"id":4804,"date":"2023-09-25T13:28:47","date_gmt":"2023-09-25T13:28:47","guid":{"rendered":"https:\/\/dekastar.lt\/?post_type=product&#038;p=4804"},"modified":"2025-12-11T19:25:58","modified_gmt":"2025-12-11T19:25:58","slug":"reima-ziemos-batai-nefar-melyni-mergaitei","status":"publish","type":"product","link":"https:\/\/dekastar.lt\/lv\/products\/reima-ziemos-batai-nefar-melyni-mergaitei\/","title":{"rendered":"REIMA \u017eiemos batai NEFAR (Bordo mergaitei)"},"content":{"rendered":"<p>REIMA NEFAR ziemas z\u0101baki ir paredz\u0113ti Skandin\u0101vijas tirgum, ta\u010du ir ide\u0101li piem\u0113roti Lietuvas ziemai. Ar \u0161iem z\u0101bakiem j\u016bsu mazu\u013ci jut\u012bsies \u0113rti un jautri pavad\u012bs laiku ne tikai snieg\u0101, bet ar\u012b l\u0113k\u0101jot p\u0101ri pe\u013c\u0137\u0113m vai brienot cauri m\u012bkl\u0101. Tie ir \u016bdensnecaurlaid\u012bgi un elpojo\u0161i ziemas z\u0101baki. Z\u0101baku iek\u0161puse, ieskaitot zoli, ir siltin\u0101ta. \u0160ie \u016bdensnecaurlaid\u012bgie b\u0113rnu ziemas z\u0101baki ir \u012bsta REIMA klasika. Z\u0101baku apak\u0161da\u013ca ir piln\u012bb\u0101 \u016bdensnecaurlaid\u012bga, jo <span id=\"description_more\"> tas ir p\u0101rkl\u0101ts ar iztur\u012bgu termoplastisku materi\u0101lu. \u0112rta un silta zol\u012bte ir izgatavota no impregn\u0113ta materi\u0101la, un zol\u012btes aug\u0161da\u013ca ir savelkama ar auklu, lai nov\u0113rstu sniega iek\u013c\u016b\u0161anu apav\u0101. Silt\u0101 tekstilmateri\u0101la odere nodro\u0161in\u0101s j\u016bsu k\u0101j\u0101m siltumu visu ziemas aktivit\u0101\u0161u laik\u0101. Apavus ir viegli uzvilkt, t\u0101p\u0113c atliks vair\u0101k laika trakul\u012bb\u0101m snieg\u0101! <\/span><\/p>\n<p><em>Produkta specifik\u0101cija:<\/em><\/p>\n<ul>\n<li>Sniega z\u0101baki b\u0113rniem<\/li>\n<li><span id=\"description_more\">\u016adensnecaurlaid\u012bgi apavi ar gumijotu apak\u0161u<\/span><\/li>\n<li><span id=\"description_more\">Aug\u0161da\u013ca izgatavota no gumijas, \u0101das un \u016bdensnecaurlaid\u012bga tekstila<\/span><\/li>\n<li><span id=\"description_more\">Termoplastisk\u0101 gumijas zole labam sa\u0137erim<\/span><\/li>\n<li><span id=\"description_more\">Bieza tekstila odere<\/span> kurpes iek\u0161pus\u0113<\/li>\n<li><span id=\"description_more\">Atstarojo\u0161as deta\u013cas<\/span> uz kurpes aizmugures<\/li>\n<li><span id=\"description_more\">Aulus platums regul\u0113jams aug\u0161pus\u0113 ar savelkamu auklu<\/span><\/li>\n<\/ul>\n<p>&nbsp;<\/p>\n<p>L\u016bdzu, \u0146emiet v\u0113r\u0101, ka, ieg\u0101d\u0101joties apavus savam b\u0113rnam, jums j\u0101izv\u0113las zol\u012bte, kuras garums ir par 1,5 cm gar\u0101ks nek\u0101 b\u0113rna p\u0113das garums. Apaviem un z\u0101bakiem j\u0101b\u016bt l\u012bdz 2 cm liel\u0101kiem, lai var\u0113tu ielikt papildu ze\u0137es un zol\u012btes.<\/p>\n<p>- Izm\u0113ru nor\u0101d\u012bjumi (zol\u012bte):<\/p>\n<table class=\"dydziu_lentele\" border=\"0\" width=\"490\" cellspacing=\"0\" cellpadding=\"0\">\n<tbody>\n<tr>\n<td width=\"80\" height=\"21\"><\/td>\n<td width=\"131\">Ziemas z\u0101baki<\/td>\n<td width=\"113\">Vasaras z\u0101baki<\/td>\n<td width=\"102\">Sandales<\/td>\n<td width=\"64\"><\/td>\n<\/tr>\n<tr>\n<td height=\"21\"><strong>B\u0113rna p\u0113das garums<\/strong><\/td>\n<td class=\"xl66\" colspan=\"3\" width=\"346\"><strong>Zol\u012btes garums cm<\/strong><\/td>\n<td><strong>ES izm\u0113rs<\/strong><\/td>\n<\/tr>\n<tr>\n<td class=\"xl65\" height=\"21\">11,2 cm<\/td>\n<td class=\"xl68\" width=\"131\">12.7<\/td>\n<td class=\"xl68\" width=\"113\">x<\/td>\n<td class=\"xl65\">11.5<\/td>\n<td class=\"xl67\" width=\"64\">19<\/td>\n<\/tr>\n<tr>\n<td class=\"xl65\" height=\"21\">11,7 cm<\/td>\n<td class=\"xl68\" width=\"131\">13.2<\/td>\n<td class=\"xl68\" width=\"113\">13.2<\/td>\n<td class=\"xl65\">12.2<\/td>\n<td class=\"xl67\" width=\"64\">20<\/td>\n<\/tr>\n<tr>\n<td class=\"xl65\" height=\"21\">12,3 cm<\/td>\n<td class=\"xl68\" width=\"131\">13.8<\/td>\n<td class=\"xl68\" width=\"113\">13.8<\/td>\n<td class=\"xl65\">13<\/td>\n<td class=\"xl67\" width=\"64\">21<\/td>\n<\/tr>\n<tr>\n<td class=\"xl65\" height=\"21\">13 cm<\/td>\n<td class=\"xl68\" width=\"131\">14.5<\/td>\n<td class=\"xl68\" width=\"113\">14.5<\/td>\n<td class=\"xl65\">13.7<\/td>\n<td class=\"xl67\" width=\"64\">22<\/td>\n<\/tr>\n<tr>\n<td class=\"xl65\" height=\"21\">13,7 cm<\/td>\n<td class=\"xl68\" width=\"131\">15.2<\/td>\n<td class=\"xl68\" width=\"113\">15.2<\/td>\n<td class=\"xl65\">14.4<\/td>\n<td class=\"xl67\" width=\"64\">23<\/td>\n<\/tr>\n<tr>\n<td class=\"xl65\" height=\"21\">14,3 cm<\/td>\n<td class=\"xl68\" width=\"131\">15.8<\/td>\n<td class=\"xl68\" width=\"113\">15.8<\/td>\n<td class=\"xl65\">15.1<\/td>\n<td class=\"xl67\" width=\"64\">24<\/td>\n<\/tr>\n<tr>\n<td class=\"xl65\" height=\"21\">14,8 cm<\/td>\n<td class=\"xl68\" width=\"131\">16.5<\/td>\n<td class=\"xl68\" width=\"113\">16.3<\/td>\n<td class=\"xl65\">15.7<\/td>\n<td class=\"xl67\" width=\"64\">25<\/td>\n<\/tr>\n<tr>\n<td class=\"xl65\" height=\"21\">15,5 cm<\/td>\n<td class=\"xl68\" width=\"131\">17.2<\/td>\n<td class=\"xl68\" width=\"113\">17<\/td>\n<td class=\"xl65\">16.4<\/td>\n<td class=\"xl67\" width=\"64\">26<\/td>\n<\/tr>\n<tr>\n<td class=\"xl65\" height=\"21\">16,2 cm<\/td>\n<td class=\"xl68\" width=\"131\">17.8<\/td>\n<td class=\"xl68\" width=\"113\">17,7<\/td>\n<td class=\"xl65\">17.1<\/td>\n<td class=\"xl67\" width=\"64\">27<\/td>\n<\/tr>\n<tr>\n<td class=\"xl65\" height=\"21\">16,8 cm<\/td>\n<td class=\"xl68\" width=\"131\">18.5<\/td>\n<td class=\"xl68\" width=\"113\">18.3<\/td>\n<td class=\"xl65\">18.0<\/td>\n<td class=\"xl67\" width=\"64\">28<\/td>\n<\/tr>\n<tr>\n<td class=\"xl65\" height=\"21\">17,5 cm<\/td>\n<td class=\"xl68\" width=\"131\">19.2<\/td>\n<td class=\"xl68\" width=\"113\">19<\/td>\n<td class=\"xl65\">18.7<\/td>\n<td class=\"xl67\" width=\"64\">29<\/td>\n<\/tr>\n<tr>\n<td class=\"xl65\" height=\"21\">18 cm<\/td>\n<td class=\"xl68\" width=\"131\">19.8<\/td>\n<td class=\"xl68\" width=\"113\">19.5<\/td>\n<td class=\"xl65\">19.4<\/td>\n<td class=\"xl67\" width=\"64\">30<\/td>\n<\/tr>\n<tr>\n<td class=\"xl65\" height=\"21\">18,6 cm<\/td>\n<td class=\"xl68\" width=\"131\">20.5<\/td>\n<td class=\"xl68\" width=\"113\">20.1<\/td>\n<td class=\"xl65\">20<\/td>\n<td class=\"xl67\" width=\"64\">31<\/td>\n<\/tr>\n<tr>\n<td class=\"xl65\" height=\"21\">19,3 cm<\/td>\n<td class=\"xl68\" width=\"131\">21.1<\/td>\n<td class=\"xl68\" width=\"113\">20.8<\/td>\n<td class=\"xl65\">20.7<\/td>\n<td class=\"xl67\" width=\"64\">32<\/td>\n<\/tr>\n<tr>\n<td class=\"xl65\" height=\"21\">19,9 cm<\/td>\n<td class=\"xl68\" width=\"131\">21.7<\/td>\n<td class=\"xl68\" width=\"113\">21.4<\/td>\n<td class=\"xl65\">21.4<\/td>\n<td class=\"xl67\" width=\"64\">33<\/td>\n<\/tr>\n<tr>\n<td class=\"xl65\" height=\"21\">20,5 cm<\/td>\n<td class=\"xl68\" width=\"131\">22.5<\/td>\n<td class=\"xl68\" width=\"113\">22<\/td>\n<td class=\"xl65\">22<\/td>\n<td class=\"xl67\" width=\"64\">34<\/td>\n<\/tr>\n<tr>\n<td class=\"xl65\" height=\"21\">21,2 cm<\/td>\n<td class=\"xl68\" width=\"131\">23.1<\/td>\n<td class=\"xl68\" width=\"113\">22.7<\/td>\n<td class=\"xl65\">22.7<\/td>\n<td class=\"xl67\" width=\"64\">35<\/td>\n<\/tr>\n<tr>\n<td class=\"xl65\" height=\"21\">21,9 cm<\/td>\n<td class=\"xl68\" width=\"131\">23.8<\/td>\n<td class=\"xl68\" width=\"113\">23.4<\/td>\n<td class=\"xl65\">23.4<\/td>\n<td class=\"xl67\" width=\"64\">36<\/td>\n<\/tr>\n<tr>\n<td class=\"xl65\" height=\"21\">22,5 cm<\/td>\n<td class=\"xl68\" width=\"131\">24.4<\/td>\n<td class=\"xl68\" width=\"113\">24<\/td>\n<td class=\"xl65\">24<\/td>\n<td class=\"xl67\" width=\"64\">37<\/td>\n<\/tr>\n<tr>\n<td class=\"xl65\" height=\"21\">23,2 cm<\/td>\n<td class=\"xl68\" width=\"131\">25.1<\/td>\n<td class=\"xl68\" width=\"113\">24.7<\/td>\n<td class=\"xl65\">24.7<\/td>\n<td class=\"xl67\" width=\"64\">38<\/td>\n<\/tr>\n<tr>\n<td class=\"xl65\" height=\"21\">23,6 cm<\/td>\n<td class=\"xl70\" width=\"131\">25.8<\/td>\n<td class=\"xl68\" width=\"113\">x<\/td>\n<td class=\"xl65\">25.4<\/td>\n<td class=\"xl69\" width=\"64\">39<\/td>\n<\/tr>\n<\/tbody>\n<\/table>","protected":false},"excerpt":{"rendered":"<p>Prek\u0117s \u017eenklo REIMA \u017eieminiai auliniai batai NEFAR sukurti skandinavijos rinkai, bet ideal\u016bs lietuvi\u0161kai \u017eiemai. Su \u0161iais batais J\u016bs\u0173 ma\u017eyliais patogiai ir smagiai jausis ne tik sniege, bet ir \u0161okin\u0117damas per balas ar klampodamas per te\u0161las. Tai vandeniui nepralaid\u016bs ir kv\u0117puoti kojytei leid\u017eiantys \u017eieminiai batai. Bat\u0173 vidus , \u012fskaitant pad\u0105, yra \u0161iltintas. \u0160ie vandeniui atspar\u016bs vaiki\u0161ki [&hellip;]<\/p>\n","protected":false},"featured_media":11596,"template":"","meta":{"_acf_changed":false},"pwb-brand":[81],"product_brand":[],"product_cat":[40,48],"product_tag":[],"class_list":{"0":"post-4804","1":"product","2":"type-product","3":"status-publish","4":"has-post-thumbnail","6":"pwb-brand-reima","7":"product_cat-vaikams","8":"product_cat-avalyne-vaikams","9":"pa_avalynes-dydis-130","10":"pa_avalynes-dydis-122","11":"pa_avalynes-dydis-123","12":"pa_avalynes-dydis-124","13":"pa_avalynes-dydis-125","15":"first","16":"instock","17":"sale","18":"shipping-taxable","19":"purchasable","20":"product-type-variable"},"supplier_id":null,"supplier_sku":"","barcode":null,"atum_controlled":true,"out_stock_date":null,"out_stock_threshold":null,"inheritable":false,"inbound_stock":null,"stock_on_hold":0,"sold_today":0,"sales_last_days":0,"reserved_stock":null,"customer_returns":null,"warehouse_damage":null,"lost_in_post":null,"other_logs":null,"out_stock_days":0,"lost_sales":0,"has_location":null,"update_date":"2026-04-05T00:31:13","atum_locations":[],"atum_stock_status":"instock","restock_status":false,"low_stock_amount":"","sales_update_date":"2026-04-05T00:31:13","calc_backorders":null,"acf":[],"brands":[{"id":81,"name":"REIMA","slug":"reima"}],"_links":{"self":[{"href":"https:\/\/dekastar.lt\/lv\/wp-json\/wp\/v2\/product\/4804","targetHints":{"allow":["GET"]}}],"collection":[{"href":"https:\/\/dekastar.lt\/lv\/wp-json\/wp\/v2\/product"}],"about":[{"href":"https:\/\/dekastar.lt\/lv\/wp-json\/wp\/v2\/types\/product"}],"wp:featuredmedia":[{"embeddable":true,"href":"https:\/\/dekastar.lt\/lv\/wp-json\/wp\/v2\/media\/11596"}],"wp:attachment":[{"href":"https:\/\/dekastar.lt\/lv\/wp-json\/wp\/v2\/media?parent=4804"}],"wp:term":[{"taxonomy":"pwb-brand","embeddable":true,"href":"https:\/\/dekastar.lt\/lv\/wp-json\/wp\/v2\/pwb-brand?post=4804"},{"taxonomy":"product_brand","embeddable":true,"href":"https:\/\/dekastar.lt\/lv\/wp-json\/wp\/v2\/product_brand?post=4804"},{"taxonomy":"product_cat","embeddable":true,"href":"https:\/\/dekastar.lt\/lv\/wp-json\/wp\/v2\/product_cat?post=4804"},{"taxonomy":"product_tag","embeddable":true,"href":"https:\/\/dekastar.lt\/lv\/wp-json\/wp\/v2\/product_tag?post=4804"}],"curies":[{"name":"wp","href":"https:\/\/api.w.org\/{rel}","templated":true}]}}