{"id":4824,"date":"2023-09-26T08:59:37","date_gmt":"2023-09-26T08:59:37","guid":{"rendered":"https:\/\/dekastar.lt\/?post_type=product&#038;p=4824"},"modified":"2025-11-12T13:57:42","modified_gmt":"2025-11-12T13:57:42","slug":"reima-sniego-batai-myrsky-melyni-2","status":"publish","type":"product","link":"https:\/\/dekastar.lt\/lv\/products\/reima-sniego-batai-myrsky-melyni-2\/","title":{"rendered":"REIMA Myrsky sniega z\u0101baki (zili)"},"content":{"rendered":"<p>Paz\u012bstam\u0101 skandin\u0101vu ra\u017eot\u0101ja REIMA sniega z\u0101baki Myrsky ir kvalitat\u012bvi, praktiski un \u0113rti. \u0160ie \u012bpa\u0161i vieglie z\u0101baki, kas izgatavoti, izmantojot jaun\u0101k\u0101s tehnolo\u0123ijas, ir ide\u0101li piem\u0113roti v\u0113sam rudenim un agram pavasarim. Silti, \u016bdensnecaurlaid\u012bgi un elpojo\u0161i. \u0112rta un b\u0113rnu \u013coti iecien\u012bta \u0161\u0146or\u0113\u0161ana. Zole ir pretsl\u012bdo\u0161a un labi sa\u0137eras ar jebkuru virsmu. Paredz\u0113ti akt\u012bv\u0101m \u0101ra aktivit\u0101t\u0113m gan meiten\u0113m, gan z\u0113niem.<\/p>\n<p>Inform\u0101cija par produktu:<\/p>\n<ul>\n<li>Kr\u0101sa: zila<\/li>\n<li>Zole: tekstilmateri\u0101ls<\/li>\n<li>Interjers: pol\u0101rfl\u012bsa, sint\u0113tisk\u0101 ait\u0101das \u0101da<\/li>\n<li>Aug\u0161da\u013ca: \u0101das imit\u0101cija, tekstilmateri\u0101ls<\/li>\n<li>Apvalks: ciets<\/li>\n<li>Vien\u012bg\u0101: augstas kvalit\u0101tes sint\u0113tisks materi\u0101ls<\/li>\n<li>Elast\u012bgas kurpju auklas<\/li>\n<li>Nodro\u0161ina siltumu temperat\u016br\u0101 l\u012bdz pat -10\u00b0C<\/li>\n<li>Tehnolo\u0123ija:Reimatec+<\/li>\n<\/ul>","protected":false},"excerpt":{"rendered":"<p>Puikiai \u017einomo skandinav\u0173 gamintojo REIMA itin kokybi\u0161ki, prakti\u0161ki ir patog\u016bs sniego batai Myrsky. Tai itin lengvi, pagaminti pasitelkiant naujausias technologijas batai, puikiai tinkantys nuo v\u0117saus rudens iki ankstyvo pavasario. \u0160ilti, nepralaid\u016bs vandeniui, bet puikiai leid\u017eiantys kv\u0117puoti kojytei auliniai batai. Patogus ir vaik\u0173 itin m\u0117gstamas rai\u0161teli\u0173 suvarstymas. Su bet kuria danga puikiai sukimbantis ir neslystantis padas. [&hellip;]<\/p>\n","protected":false},"featured_media":4831,"template":"","meta":{"_acf_changed":false},"pwb-brand":[81],"product_brand":[],"product_cat":[40,48],"product_tag":[],"class_list":{"0":"post-4824","1":"product","2":"type-product","3":"status-publish","4":"has-post-thumbnail","6":"pwb-brand-reima","7":"product_cat-vaikams","8":"product_cat-avalyne-vaikams","9":"pa_avalynes-dydis-130","10":"pa_avalynes-dydis-121","11":"pa_avalynes-dydis-123","13":"first","14":"instock","15":"sale","16":"shipping-taxable","17":"purchasable","18":"product-type-variable"},"supplier_id":null,"supplier_sku":"","barcode":null,"atum_controlled":true,"out_stock_date":null,"out_stock_threshold":null,"inheritable":false,"inbound_stock":null,"stock_on_hold":0,"sold_today":0,"sales_last_days":0,"reserved_stock":null,"customer_returns":null,"warehouse_damage":null,"lost_in_post":null,"other_logs":null,"out_stock_days":0,"lost_sales":0,"has_location":null,"update_date":"2026-04-27T03:13:19","atum_locations":[],"atum_stock_status":"instock","restock_status":false,"low_stock_amount":"","sales_update_date":"2026-04-27T03:13:19","calc_backorders":null,"acf":[],"brands":[{"id":81,"name":"REIMA","slug":"reima"}],"_links":{"self":[{"href":"https:\/\/dekastar.lt\/lv\/wp-json\/wp\/v2\/product\/4824","targetHints":{"allow":["GET"]}}],"collection":[{"href":"https:\/\/dekastar.lt\/lv\/wp-json\/wp\/v2\/product"}],"about":[{"href":"https:\/\/dekastar.lt\/lv\/wp-json\/wp\/v2\/types\/product"}],"wp:featuredmedia":[{"embeddable":true,"href":"https:\/\/dekastar.lt\/lv\/wp-json\/wp\/v2\/media\/4831"}],"wp:attachment":[{"href":"https:\/\/dekastar.lt\/lv\/wp-json\/wp\/v2\/media?parent=4824"}],"wp:term":[{"taxonomy":"pwb-brand","embeddable":true,"href":"https:\/\/dekastar.lt\/lv\/wp-json\/wp\/v2\/pwb-brand?post=4824"},{"taxonomy":"product_brand","embeddable":true,"href":"https:\/\/dekastar.lt\/lv\/wp-json\/wp\/v2\/product_brand?post=4824"},{"taxonomy":"product_cat","embeddable":true,"href":"https:\/\/dekastar.lt\/lv\/wp-json\/wp\/v2\/product_cat?post=4824"},{"taxonomy":"product_tag","embeddable":true,"href":"https:\/\/dekastar.lt\/lv\/wp-json\/wp\/v2\/product_tag?post=4824"}],"curies":[{"name":"wp","href":"https:\/\/api.w.org\/{rel}","templated":true}]}}