{"id":5145,"date":"2023-10-23T09:39:19","date_gmt":"2023-10-23T09:39:19","guid":{"rendered":"https:\/\/dekastar.lt\/?post_type=product&#038;p=5145"},"modified":"2025-11-21T11:09:36","modified_gmt":"2025-11-21T11:09:36","slug":"name-it-ziemos-kombinezonas-ziemos-vaivorykste","status":"publish","type":"product","link":"https:\/\/dekastar.lt\/lv\/products\/name-it-ziemos-kombinezonas-ziemos-vaivorykste\/","title":{"rendered":"NAME IT Ziemas kr\u016b\u0161turis \"Winter rainbow\""},"content":{"rendered":"<p>\"Name It\" kr\u016b\u0161tura komplekts WINTER RAINBOW ir rota\u013c\u012bgs, unik\u0101ls kr\u016b\u0161tura komplekts ar zemisku varav\u012bksnes rakstu. Tas ir viendzimuma, t\u0101p\u0113c lieliski piem\u0113rots gan meiten\u0113m, gan z\u0113niem. Tas ir paredz\u0113ts v\u0113siem laikapst\u0101k\u013ciem, ir v\u0113jadro\u0161s, tam ir laba \u016bdensnecaurlaid\u012bba - 10000 mm, elpojam\u012bba - 4000 g\/m2\/24 stundas, un tam ir herm\u0113tiskas \u0161uves. Kapuci rot\u0101 m\u0101ksl\u012bg\u0101s ka\u017eok\u0101das apdare uz kapuces malas. Gan kapuci, gan ka\u017eok\u0101du var no\u0146emt. Piedurknes un aproces gali ir elast\u012bgi, lai \u0113rti piegul\u0113tu. Ap\u0123\u0113rba iek\u0161pus\u0113 ir m\u0101j\u012bga un m\u012bksta vilnas odere un elast\u012bga gumija muguras vid\u016b, kas nodro\u0161ina lab\u0101ku piegulumu. Priek\u0161pus\u0113, uz ab\u0101m piedurkn\u0113m, k\u0101 ar\u012b uz k\u0101j\u0101m un mugur\u0101 ir atstarojo\u0161as deta\u013cas. Silts kombinezons, ko valk\u0101t dr\u0113gnaj\u0101 rudens laik\u0101 un ziemas sezon\u0101!<\/p>\n<p><em>Sast\u0101vs:<\/em><\/p>\n<ul>\n<li>Galvenais audums: poliesteris 100%,<\/li>\n<li>Odere: poliesteris 100%,<\/li>\n<li>Izol\u0101cijas sl\u0101nis: poliesteris 100%,<\/li>\n<li>Ka\u017eok\u0101das: akrils 70%, poliesteris 30%.<\/li>\n<li>\u0100r\u0113jais audums ir p\u0101rkl\u0101ts ar nekait\u012bgu, fluoru nesaturo\u0161u, \u016bdeni un net\u012brumus atgr\u016bdo\u0161u p\u0101rkl\u0101jumu (Bionic Finish Eco).<\/li>\n<\/ul>\n<p><em>Modelis: NMMSNOW10 SUIT COLOUR FLOW FO<\/em><\/p>","protected":false},"excerpt":{"rendered":"<p>Prek\u0117s \u017eenklo \u201eName It\u201c kombinezonas \u017dIEMOS VAIVORYK\u0160T\u0116- tai \u017eaismingas, i\u0161skirtinis kombinezonas \u017eem\u0117s spalv\u0173 vaivoryk\u0161t\u0117s ra\u0161tu. \u0160is modelis unisex, tad papuo\u0161 tiek mergait\u0119 tiek berniuk\u0105. Sukurtas v\u0117siam orui, yra atsparus v\u0117jui, pasi\u017eymi geru 10000 mm vandens atst\u016bmimu, 4000 g \/ m2 \/ 24 val. pralaidumu orui ir turi sandarias si\u016bles. Priekyje segamas patogiu u\u017etrauktuku, gobtuvo kra\u0161t\u0105 [&hellip;]<\/p>\n","protected":false},"featured_media":5155,"template":"","meta":{"_acf_changed":false},"pwb-brand":[100],"product_brand":[],"product_cat":[40,68,47],"product_tag":[],"class_list":{"0":"post-5145","1":"product","2":"type-product","3":"status-publish","4":"has-post-thumbnail","6":"pwb-brand-name-it","7":"product_cat-vaikams","8":"product_cat-kombinezonai","9":"product_cat-zieminiai-kombinezonai","10":"pa_drabuziu-dydis-168","12":"first","13":"instock","14":"sale","15":"shipping-taxable","16":"purchasable","17":"product-type-variable"},"supplier_id":null,"supplier_sku":"","barcode":null,"atum_controlled":true,"out_stock_date":null,"out_stock_threshold":null,"inheritable":false,"inbound_stock":null,"stock_on_hold":0,"sold_today":0,"sales_last_days":0,"reserved_stock":null,"customer_returns":null,"warehouse_damage":null,"lost_in_post":null,"other_logs":null,"out_stock_days":0,"lost_sales":0,"has_location":null,"update_date":"2026-04-23T00:39:30","atum_locations":[],"atum_stock_status":"instock","restock_status":false,"low_stock_amount":"","sales_update_date":"2026-04-23T00:39:30","calc_backorders":null,"acf":[],"brands":[{"id":100,"name":"NAME IT","slug":"name-it"}],"_links":{"self":[{"href":"https:\/\/dekastar.lt\/lv\/wp-json\/wp\/v2\/product\/5145","targetHints":{"allow":["GET"]}}],"collection":[{"href":"https:\/\/dekastar.lt\/lv\/wp-json\/wp\/v2\/product"}],"about":[{"href":"https:\/\/dekastar.lt\/lv\/wp-json\/wp\/v2\/types\/product"}],"wp:featuredmedia":[{"embeddable":true,"href":"https:\/\/dekastar.lt\/lv\/wp-json\/wp\/v2\/media\/5155"}],"wp:attachment":[{"href":"https:\/\/dekastar.lt\/lv\/wp-json\/wp\/v2\/media?parent=5145"}],"wp:term":[{"taxonomy":"pwb-brand","embeddable":true,"href":"https:\/\/dekastar.lt\/lv\/wp-json\/wp\/v2\/pwb-brand?post=5145"},{"taxonomy":"product_brand","embeddable":true,"href":"https:\/\/dekastar.lt\/lv\/wp-json\/wp\/v2\/product_brand?post=5145"},{"taxonomy":"product_cat","embeddable":true,"href":"https:\/\/dekastar.lt\/lv\/wp-json\/wp\/v2\/product_cat?post=5145"},{"taxonomy":"product_tag","embeddable":true,"href":"https:\/\/dekastar.lt\/lv\/wp-json\/wp\/v2\/product_tag?post=5145"}],"curies":[{"name":"wp","href":"https:\/\/api.w.org\/{rel}","templated":true}]}}