{"id":5189,"date":"2023-10-24T10:14:18","date_gmt":"2023-10-24T10:14:18","guid":{"rendered":"https:\/\/dekastar.lt\/?post_type=product&#038;p=5189"},"modified":"2025-10-31T19:16:24","modified_gmt":"2025-10-31T19:16:24","slug":"crocs-zieminiai-classic-neo-puff-auliniai-batai-pilki","status":"publish","type":"product","link":"https:\/\/dekastar.lt\/lv\/products\/crocs-zieminiai-classic-neo-puff-auliniai-batai-pilki\/","title":{"rendered":"CROCS Classic Neo Puff ziemas z\u0101baki (Pel\u0113ki)"},"content":{"rendered":"<div class=\"js-page-slide-content\">\n<p>J\u016bsu iecien\u012bt\u0101ko apavu Winter Puff p\u0101rveidots dizains.<\/p>\n<p>Ar \u0161iem m\u0101j\u012bgajiem un \u0113rtajiem z\u0101bakiem j\u016bsu mazu\u013ci b\u016bs vair\u0101k nek\u0101 gatavi st\u0101ties pret\u012b aukstajiem ziemas m\u0113ne\u0161iem. Step\u0113t\u0101 zole pal\u012bdz uzlabot sa\u0137eri. Mazajiem noteikti patiks p\u016bkains iek\u0161\u0113jais oder\u0113jums un p\u016bkain\u0101 izol\u0101cija ap pot\u012bti. \u013baujiet mazajiem izv\u0113l\u0113ties savu m\u012b\u013c\u0101ko kr\u0101su un pat pievienojiet Jibbitz\u2122 \u0161armu!<\/p>\n<ul>\n<li>Neskaidrs materi\u0101ls;<\/li>\n<li>400 g pildvielas;<\/li>\n<li>\u016adensnecaurlaid\u012bg\u0101 apavu apak\u0161da\u013ca l\u012bdz pap\u0113dim un \u0161uv\u0113m ir izgatavota no Croslite\u2122;<\/li>\n<li>Klasiska oder\u0113jums ar va\u013c\u0113ju neilona piltuves kaklu;<\/li>\n<li>Apavu \u0161uves \u0161uves nav herm\u0113tiskas, t\u0101p\u0113c taj\u0101s var iek\u013c\u016bt \u016bdens vai liels mitrums;<\/li>\n<li>Lentes deta\u013cas s\u0101nos un priek\u0161pus\u0113;<\/li>\n<li>Viegli t\u012br\u0101ms un \u0101tri \u017e\u016bst;<\/li>\n<li>Var piel\u0101got ar Jibbitz\u2122 piederumiem;<\/li>\n<li>Step\u0113ta gumijas zole nodro\u0161ina lielisku sa\u0137eri;<\/li>\n<li>Dual Crocs Comfort\u2122: m\u012bkstas. \u0112rti.<\/li>\n<\/ul>\n<p>Izcelsmes valsts: \u0136\u012bna\/Bosnija\/\u0160veice\/Vjetnama.<\/p>\n<\/div>\n<table class=\"dydziu_lentele\" style=\"height: 577px;\" border=\"0\" width=\"442\" cellspacing=\"0\" cellpadding=\"0\">\n<tbody>\n<tr>\n<td class=\"xl65\" rowspan=\"2\" width=\"64\" height=\"73\">ASV<\/td>\n<td class=\"xl65\" rowspan=\"2\" width=\"64\">APVIENOT\u0100 KARALISTE<\/td>\n<td class=\"xl65\" rowspan=\"2\" width=\"64\">ES (t\u012bmek\u013ca vietnes lielums)<\/td>\n<td class=\"xl65\" rowspan=\"2\" width=\"64\">Ra\u017eot\u0101ja izm\u0113rs uz eti\u0137etes<\/td>\n<td class=\"xl65\" width=\"64\">mm<\/td>\n<\/tr>\n<tr>\n<td class=\"xl65\" width=\"64\" height=\"54\">(provizoriskais zol\u012btes garums)<\/td>\n<\/tr>\n<tr>\n<td class=\"xl66\" width=\"64\" height=\"19\">C2<\/td>\n<td class=\"xl66\" width=\"64\">2<\/td>\n<td class=\"xl66\" width=\"64\"><\/td>\n<td class=\"xl66\" width=\"64\">17-18<\/td>\n<td class=\"xl66\" width=\"64\">98<\/td>\n<\/tr>\n<tr>\n<td class=\"xl66\" width=\"64\" height=\"19\">C3<\/td>\n<td class=\"xl66\" width=\"64\">3<\/td>\n<td class=\"xl66\" width=\"64\"><\/td>\n<td class=\"xl66\" width=\"64\">18-19<\/td>\n<td class=\"xl66\" width=\"64\">107<\/td>\n<\/tr>\n<tr>\n<td class=\"xl66\" width=\"64\" height=\"19\">C4<\/td>\n<td class=\"xl66\" width=\"64\">4<\/td>\n<td class=\"xl66\" width=\"64\">21<\/td>\n<td class=\"xl66\" width=\"64\">19-20<\/td>\n<td class=\"xl66\" width=\"64\">115<\/td>\n<\/tr>\n<tr>\n<td class=\"xl66\" width=\"64\" height=\"19\">C5<\/td>\n<td class=\"xl66\" width=\"64\">5<\/td>\n<td class=\"xl66\" width=\"64\">22<\/td>\n<td class=\"xl66\" width=\"64\">20-21<\/td>\n<td class=\"xl66\" width=\"64\">123<\/td>\n<\/tr>\n<tr>\n<td class=\"xl66\" width=\"64\" height=\"19\">C6<\/td>\n<td class=\"xl66\" width=\"64\">6<\/td>\n<td class=\"xl66\" width=\"64\">23<\/td>\n<td class=\"xl66\" width=\"64\">22-23<\/td>\n<td class=\"xl66\" width=\"64\">132<\/td>\n<\/tr>\n<tr>\n<td class=\"xl66\" width=\"64\" height=\"19\">C7<\/td>\n<td class=\"xl66\" width=\"64\">7<\/td>\n<td class=\"xl66\" width=\"64\">24<\/td>\n<td class=\"xl66\" width=\"64\">23-24<\/td>\n<td class=\"xl66\" width=\"64\">140<\/td>\n<\/tr>\n<tr>\n<td class=\"xl66\" width=\"64\" height=\"19\">C8<\/td>\n<td class=\"xl66\" width=\"64\">8<\/td>\n<td class=\"xl66\" width=\"64\">25<\/td>\n<td class=\"xl66\" width=\"64\">24-25<\/td>\n<td class=\"xl66\" width=\"64\">149<\/td>\n<\/tr>\n<tr>\n<td class=\"xl66\" width=\"64\" height=\"19\">C9<\/td>\n<td class=\"xl66\" width=\"64\">9<\/td>\n<td class=\"xl66\" width=\"64\">26<\/td>\n<td class=\"xl66\" width=\"64\">25-26<\/td>\n<td class=\"xl66\" width=\"64\">157<\/td>\n<\/tr>\n<tr>\n<td class=\"xl66\" width=\"64\" height=\"19\">C10<\/td>\n<td class=\"xl66\" width=\"64\">10<\/td>\n<td class=\"xl66\" width=\"64\">27<\/td>\n<td class=\"xl66\" width=\"64\">27-28<\/td>\n<td class=\"xl66\" width=\"64\">166<\/td>\n<\/tr>\n<tr>\n<td class=\"xl66\" width=\"64\" height=\"19\">C11<\/td>\n<td class=\"xl66\" width=\"64\">11<\/td>\n<td class=\"xl66\" width=\"64\">28<\/td>\n<td class=\"xl66\" width=\"64\">28-29<\/td>\n<td class=\"xl66\" width=\"64\">174<\/td>\n<\/tr>\n<tr>\n<td class=\"xl66\" width=\"64\" height=\"19\">C12<\/td>\n<td class=\"xl66\" width=\"64\">12<\/td>\n<td class=\"xl66\" width=\"64\">29<\/td>\n<td class=\"xl66\" width=\"64\">29-30<\/td>\n<td class=\"xl66\" width=\"64\">183<\/td>\n<\/tr>\n<tr>\n<td class=\"xl66\" width=\"64\" height=\"19\">C13<\/td>\n<td class=\"xl66\" width=\"64\">13<\/td>\n<td class=\"xl66\" width=\"64\">30<\/td>\n<td class=\"xl66\" width=\"64\">30-31<\/td>\n<td class=\"xl66\" width=\"64\">191<\/td>\n<\/tr>\n<tr>\n<td class=\"xl66\" width=\"64\" height=\"19\">J1<\/td>\n<td class=\"xl66\" width=\"64\">1<\/td>\n<td class=\"xl66\" width=\"64\">32<\/td>\n<td class=\"xl66\" width=\"64\">32-33<\/td>\n<td class=\"xl66\" width=\"64\">200<\/td>\n<\/tr>\n<tr>\n<td class=\"xl66\" width=\"64\" height=\"19\">J2<\/td>\n<td class=\"xl66\" width=\"64\">2<\/td>\n<td class=\"xl66\" width=\"64\">33,5<\/td>\n<td class=\"xl66\" width=\"64\">33-34<\/td>\n<td class=\"xl66\" width=\"64\">208<\/td>\n<\/tr>\n<tr>\n<td class=\"xl66\" width=\"64\" height=\"19\">J3<\/td>\n<td class=\"xl66\" width=\"64\">3<\/td>\n<td class=\"xl66\" width=\"64\">35<\/td>\n<td class=\"xl66\" width=\"64\">34-35<\/td>\n<td class=\"xl66\" width=\"64\">217<\/td>\n<\/tr>\n<tr>\n<td class=\"xl66\" width=\"64\" height=\"19\">J4<\/td>\n<td class=\"xl66\" width=\"64\">4<\/td>\n<td class=\"xl66\" width=\"64\">36,5<\/td>\n<td class=\"xl66\" width=\"64\">36-37<\/td>\n<td class=\"xl66\" width=\"64\">225<\/td>\n<\/tr>\n<tr>\n<td class=\"xl66\" width=\"64\" height=\"19\">J5<\/td>\n<td class=\"xl66\" width=\"64\">5<\/td>\n<td class=\"xl66\" width=\"64\">37,5<\/td>\n<td class=\"xl66\" width=\"64\">37-38<\/td>\n<td class=\"xl66\" width=\"64\">233<\/td>\n<\/tr>\n<tr>\n<td class=\"xl66\" width=\"64\" height=\"19\">J6<\/td>\n<td class=\"xl66\" width=\"64\">6<\/td>\n<td class=\"xl66\" width=\"64\">38,5<\/td>\n<td class=\"xl66\" width=\"64\">38-39<\/td>\n<td class=\"xl66\" width=\"64\">242<\/td>\n<\/tr>\n<\/tbody>\n<\/table>","protected":false},"excerpt":{"rendered":"<p>J\u016bs\u0173 pam\u0117gt\u0173\u00a0\u201eWinter Puff\u201c\u00a0bat\u0173 atnaujintas dizainas. J\u016bs\u0173 ma\u017eyliai bus daugiau nei pasireng\u0119 atlaikyti \u0161altus \u017eiemos m\u0117nesius su \u0161iais jaukiais ir patogiais batais.\u00a0Dygsniuotas padas padeda padidinti sukibim\u0105 su kelio danga.\u00a0Ma\u017eiesiems\u00a0patiks p\u016bkeliu i\u0161klotas vidus, p\u016bsta izoliacija aplink kulk\u0161n\u012f. Leiskite\u00a0ma\u017eiesiems\u00a0pasirinkti savo m\u0117gstam\u0105 spalv\u0105 ir netgi prid\u0117ti Jibbitz\u2122 \u017eavesio! Nery\u0161ki med\u017eiaga; 400 g u\u017epildo; Vandeniui atspari apatin\u0117 bato dalis iki [&hellip;]<\/p>\n","protected":false},"featured_media":5207,"template":"","meta":{"_acf_changed":false},"pwb-brand":[240],"product_brand":[],"product_cat":[40,48],"product_tag":[],"class_list":{"0":"post-5189","1":"product","2":"type-product","3":"status-publish","4":"has-post-thumbnail","6":"pwb-brand-crocs","7":"product_cat-vaikams","8":"product_cat-avalyne-vaikams","9":"pa_avalynes-dydis-135","10":"pa_avalynes-dydis-134","11":"pa_avalynes-dydis-133","12":"pa_avalynes-dydis-132","13":"pa_avalynes-dydis-131","14":"pa_avalynes-dydis-130","15":"pa_avalynes-dydis-119","16":"pa_avalynes-dydis-120","18":"first","19":"instock","20":"sale","21":"shipping-taxable","22":"purchasable","23":"product-type-variable"},"supplier_id":null,"supplier_sku":"","barcode":null,"atum_controlled":true,"out_stock_date":null,"out_stock_threshold":null,"inheritable":false,"inbound_stock":null,"stock_on_hold":0,"sold_today":0,"sales_last_days":0,"reserved_stock":null,"customer_returns":null,"warehouse_damage":null,"lost_in_post":null,"other_logs":null,"out_stock_days":0,"lost_sales":0,"has_location":null,"update_date":"2026-04-14T00:36:34","atum_locations":[],"atum_stock_status":"instock","restock_status":false,"low_stock_amount":"","sales_update_date":"2026-04-14T00:36:34","calc_backorders":null,"acf":[],"brands":[{"id":240,"name":"CROCS","slug":"crocs"}],"_links":{"self":[{"href":"https:\/\/dekastar.lt\/lv\/wp-json\/wp\/v2\/product\/5189","targetHints":{"allow":["GET"]}}],"collection":[{"href":"https:\/\/dekastar.lt\/lv\/wp-json\/wp\/v2\/product"}],"about":[{"href":"https:\/\/dekastar.lt\/lv\/wp-json\/wp\/v2\/types\/product"}],"wp:featuredmedia":[{"embeddable":true,"href":"https:\/\/dekastar.lt\/lv\/wp-json\/wp\/v2\/media\/5207"}],"wp:attachment":[{"href":"https:\/\/dekastar.lt\/lv\/wp-json\/wp\/v2\/media?parent=5189"}],"wp:term":[{"taxonomy":"pwb-brand","embeddable":true,"href":"https:\/\/dekastar.lt\/lv\/wp-json\/wp\/v2\/pwb-brand?post=5189"},{"taxonomy":"product_brand","embeddable":true,"href":"https:\/\/dekastar.lt\/lv\/wp-json\/wp\/v2\/product_brand?post=5189"},{"taxonomy":"product_cat","embeddable":true,"href":"https:\/\/dekastar.lt\/lv\/wp-json\/wp\/v2\/product_cat?post=5189"},{"taxonomy":"product_tag","embeddable":true,"href":"https:\/\/dekastar.lt\/lv\/wp-json\/wp\/v2\/product_tag?post=5189"}],"curies":[{"name":"wp","href":"https:\/\/api.w.org\/{rel}","templated":true}]}}