{"id":5873,"date":"2024-01-30T11:11:05","date_gmt":"2024-01-30T11:11:05","guid":{"rendered":"https:\/\/dekastar.lt\/?post_type=product&#038;p=5873"},"modified":"2025-10-22T12:20:49","modified_gmt":"2025-10-22T12:20:49","slug":"karsto-oro-gruzdintuves-kepimo-popierius-ideklas-standzioje-pakuoteje","status":"publish","type":"product","link":"https:\/\/dekastar.lt\/lv\/products\/karsto-oro-gruzdintuves-kepimo-popierius-ideklas-standzioje-pakuoteje\/","title":{"rendered":"Karst\u0101 gaisa frit\u0113 cepamais pap\u012brs\/izkl\u0101jums ciet\u0101 iepakojum\u0101 (16 cm)"},"content":{"rendered":"<p>Vienreizlietojamais pap\u012bra oder\u0113jums karst\u0101 gaisa frit\u0113\u017eai. Piem\u0113rots visiem karst\u0101 gaisa frit\u0113\u017eu mode\u013ciem. \u016adensiztur\u012bgs, iztur\u012bgs pret e\u013c\u013cu.<\/p>\n<p>Diametrs 16 cm<\/p>\n<p>50 gab. iepakojum\u0101.<\/p>\n<p>Cepamais pap\u012brs\/iepakojums ciet\u0101 iepakojum\u0101<\/p>","protected":false},"excerpt":{"rendered":"<p>Vienkartinis popierinis \u012fd\u0117klas kar\u0161to oro gruzdintuvei. Tinka visiems kar\u0161to oro gruzdintuvi\u0173 modeliams. \u012ed\u0117klai atspar\u016bs vandeniui, aliejui. Skersmuo 16 cm Pakuot\u0117je 50 vnt. Kepimo popierius\/\u012fd\u0117klai supakuoti stand\u017eioje pakuot\u0117je<\/p>","protected":false},"featured_media":5876,"template":"","meta":{"_acf_changed":false},"pwb-brand":[],"product_brand":[],"product_cat":[255,258,256],"product_tag":[],"class_list":{"0":"post-5873","1":"product","2":"type-product","3":"status-publish","4":"has-post-thumbnail","6":"product_cat-namams","7":"product_cat-karsto-oro-gruzdintuvei","8":"product_cat-virtuvei","10":"first","11":"instock","12":"shipping-taxable","13":"purchasable","14":"product-type-simple"},"supplier_id":null,"supplier_sku":"","barcode":null,"atum_controlled":true,"out_stock_date":null,"out_stock_threshold":null,"inheritable":false,"inbound_stock":null,"stock_on_hold":0,"sold_today":0,"sales_last_days":0,"reserved_stock":null,"customer_returns":null,"warehouse_damage":null,"lost_in_post":null,"other_logs":null,"out_stock_days":0,"lost_sales":0,"has_location":null,"update_date":"2026-04-10T00:35:06","atum_locations":[],"atum_stock_status":"instock","restock_status":false,"low_stock_amount":"","sales_update_date":"2026-04-10T00:35:06","calc_backorders":null,"acf":[],"brands":[],"_links":{"self":[{"href":"https:\/\/dekastar.lt\/lv\/wp-json\/wp\/v2\/product\/5873","targetHints":{"allow":["GET"]}}],"collection":[{"href":"https:\/\/dekastar.lt\/lv\/wp-json\/wp\/v2\/product"}],"about":[{"href":"https:\/\/dekastar.lt\/lv\/wp-json\/wp\/v2\/types\/product"}],"wp:featuredmedia":[{"embeddable":true,"href":"https:\/\/dekastar.lt\/lv\/wp-json\/wp\/v2\/media\/5876"}],"wp:attachment":[{"href":"https:\/\/dekastar.lt\/lv\/wp-json\/wp\/v2\/media?parent=5873"}],"wp:term":[{"taxonomy":"pwb-brand","embeddable":true,"href":"https:\/\/dekastar.lt\/lv\/wp-json\/wp\/v2\/pwb-brand?post=5873"},{"taxonomy":"product_brand","embeddable":true,"href":"https:\/\/dekastar.lt\/lv\/wp-json\/wp\/v2\/product_brand?post=5873"},{"taxonomy":"product_cat","embeddable":true,"href":"https:\/\/dekastar.lt\/lv\/wp-json\/wp\/v2\/product_cat?post=5873"},{"taxonomy":"product_tag","embeddable":true,"href":"https:\/\/dekastar.lt\/lv\/wp-json\/wp\/v2\/product_tag?post=5873"}],"curies":[{"name":"wp","href":"https:\/\/api.w.org\/{rel}","templated":true}]}}