{"id":5887,"date":"2024-01-30T14:15:56","date_gmt":"2024-01-30T14:15:56","guid":{"rendered":"https:\/\/dekastar.lt\/?post_type=product&#038;p=5887"},"modified":"2026-04-03T20:04:17","modified_gmt":"2026-04-03T20:04:17","slug":"maiseliai-plevele-maisto-uzdengimui-100-vnt","status":"publish","type":"product","link":"https:\/\/dekastar.lt\/lv\/products\/maiseliai-plevele-maisto-uzdengimui-100-vnt\/","title":{"rendered":"Mai\u0161eliai\/ pl\u0117vel\u0117 maisto u\u017edengimui 100 vnt"},"content":{"rendered":"<p>Begalo prakti\u0161kas ir naudingas daiktas kiekvienoje virtuv\u0117je. Be galo patogu u\u017edengti maisto liku\u010dius \u0161aldytuve ar tiesiog ant stalo, siekiant i\u0161vengti kvap\u0173 pasklidimo, maisto i\u0161saus\u0117jimo\/apd\u017ei\u016bvimo. \u0160ie maistin\u0117s pl\u0117vel\u0117s mai\u0161eliai yra universalaus dyd\u017eio, tad tinkami aptraukti tiek stiklain\u012f, puodel\u012f, l\u0117k\u0161t\u0119 ar nedidelio skersmens puod\u0105. Maistas apsaugomas nuo i\u0161or\u0117s poveikio: sudr\u0117kimo, d\u017ei\u016bvimo, kenk\u0117j\u0173 ir t.t.<\/p>\n<p>Patogu transportuojant maist\u0105 ar apsaugoti j\u012f i\u0161kylaujant lauke (P.S. nepakei\u010diamas i\u0161kylu metu, siekiant apsaugoti maist\u0105 nuo bi\u010di\u0173 ar musi\u0173).<\/p>\n<p>Pakuot\u0119 sudaro 100 vnt mai\u0161eli\u0173 spalvotais kra\u0161teliais<\/p>","protected":false},"excerpt":{"rendered":"<p>Begalo prakti\u0161kas ir naudingas daiktas kiekvienoje virtuv\u0117je. Be galo patogu u\u017edengti maisto liku\u010dius \u0161aldytuve ar tiesiog ant stalo, siekiant i\u0161vengti kvap\u0173 pasklidimo, maisto i\u0161saus\u0117jimo\/apd\u017ei\u016bvimo. \u0160ie maistin\u0117s pl\u0117vel\u0117s mai\u0161eliai yra universalaus dyd\u017eio, tad tinkami aptraukti tiek stiklain\u012f, puodel\u012f, l\u0117k\u0161t\u0119 ar nedidelio skersmens puod\u0105. Maistas apsaugomas nuo i\u0161or\u0117s poveikio: sudr\u0117kimo, d\u017ei\u016bvimo, kenk\u0117j\u0173 ir t.t. Patogu transportuojant maist\u0105 [&hellip;]<\/p>\n","protected":false},"featured_media":5898,"template":"","meta":{"_acf_changed":false},"pwb-brand":[],"product_brand":[],"product_cat":[255,257,260,256],"product_tag":[],"class_list":{"0":"post-5887","1":"product","2":"type-product","3":"status-publish","4":"has-post-thumbnail","6":"product_cat-namams","7":"product_cat-aksesuarai-virtuvei","8":"product_cat-kita","9":"product_cat-virtuvei","11":"first","12":"instock","13":"shipping-taxable","14":"purchasable","15":"product-type-simple"},"supplier_id":null,"supplier_sku":"","barcode":null,"atum_controlled":true,"out_stock_date":null,"out_stock_threshold":null,"inheritable":false,"inbound_stock":null,"stock_on_hold":0,"sold_today":0,"sales_last_days":0,"reserved_stock":null,"customer_returns":null,"warehouse_damage":null,"lost_in_post":null,"other_logs":null,"out_stock_days":0,"lost_sales":0,"has_location":false,"update_date":"2026-04-19T00:37:22","atum_locations":[],"atum_stock_status":"instock","restock_status":false,"low_stock_amount":"","sales_update_date":"2026-04-19T00:37:22","calc_backorders":null,"acf":[],"brands":[],"_links":{"self":[{"href":"https:\/\/dekastar.lt\/lv\/wp-json\/wp\/v2\/product\/5887","targetHints":{"allow":["GET"]}}],"collection":[{"href":"https:\/\/dekastar.lt\/lv\/wp-json\/wp\/v2\/product"}],"about":[{"href":"https:\/\/dekastar.lt\/lv\/wp-json\/wp\/v2\/types\/product"}],"wp:featuredmedia":[{"embeddable":true,"href":"https:\/\/dekastar.lt\/lv\/wp-json\/wp\/v2\/media\/5898"}],"wp:attachment":[{"href":"https:\/\/dekastar.lt\/lv\/wp-json\/wp\/v2\/media?parent=5887"}],"wp:term":[{"taxonomy":"pwb-brand","embeddable":true,"href":"https:\/\/dekastar.lt\/lv\/wp-json\/wp\/v2\/pwb-brand?post=5887"},{"taxonomy":"product_brand","embeddable":true,"href":"https:\/\/dekastar.lt\/lv\/wp-json\/wp\/v2\/product_brand?post=5887"},{"taxonomy":"product_cat","embeddable":true,"href":"https:\/\/dekastar.lt\/lv\/wp-json\/wp\/v2\/product_cat?post=5887"},{"taxonomy":"product_tag","embeddable":true,"href":"https:\/\/dekastar.lt\/lv\/wp-json\/wp\/v2\/product_tag?post=5887"}],"curies":[{"name":"wp","href":"https:\/\/api.w.org\/{rel}","templated":true}]}}