{"id":5907,"date":"2024-01-31T14:21:37","date_gmt":"2024-01-31T14:21:37","guid":{"rendered":"https:\/\/dekastar.lt\/?post_type=product&#038;p=5907"},"modified":"2025-10-22T12:20:51","modified_gmt":"2025-10-22T12:20:51","slug":"metalinis-pakuociu-spaustukas-saukstelis","status":"publish","type":"product","link":"https:\/\/dekastar.lt\/lv\/products\/metalinis-pakuociu-spaustukas-saukstelis\/","title":{"rendered":"Met\u0101la iepakojuma skava-karote"},"content":{"rendered":"<div class=\"single-product__about__container__content\">\n<p>Divi vien\u0101 - skava kafijas\/ t\u0113jas vai citu neiesai\u0146otu produktu atv\u0113r\u0161anai un karot\u012bte m\u0113rc\u0113\u0161anai!<\/p>\n<p>&nbsp;<\/p>\n<p>Ar \u0161o met\u0101liski zelta vai sudraba kr\u0101sas spaili-karoti j\u016bs varat uz\u0146emt un izm\u0113r\u012bt vajadz\u012bgo kafijas vai t\u0113jas daudzumu un aiztais\u012bt atv\u0113rta iepakojuma aug\u0161da\u013cu, lai ilg\u0101k saglab\u0101tu to svaigumu.<\/p>\n<p>&nbsp;<\/p>\n<p>T\u0101 ir \u0113rta ar\u012b citiem neiesai\u0146otiem produktiem, piem\u0113ram, t\u0113jai, cukuram, gar\u0161viel\u0101m u. c.<\/p>\n<p>&nbsp;<\/p>\n<p>Garums - 17,5 cm<\/p>\n<p>Platums - 3,6 cm<\/p>\n<\/div>","protected":false},"excerpt":{"rendered":"<p>Du viename \u2013 spaustukas atidarytai kavos\/arbatos ar kit\u0173 biri\u0173 produkt\u0173 pakuotei u\u017espausti ir \u0161auk\u0161telis pasemti! &nbsp; Su \u0161iuo metaliniu aukso ar sidabro spalvos spaustuku \u2013 \u0161auk\u0161teliu pasemsite ir i\u0161matuosite reikiam\u0105 kavos ar arbatos kiek\u012f bei u\u017espausite atidarytos pakuot\u0117s vir\u0161\u0173, kad \u0161i kuo ilgiau i\u0161likt\u0173 \u0161vie\u017eia. &nbsp; Patogu naudoti ir kitiems biriems produktams \u2013 arbatai, cukrui, [&hellip;]<\/p>\n","protected":false},"featured_media":5917,"template":"","meta":{"_acf_changed":false},"pwb-brand":[],"product_brand":[],"product_cat":[255,259,256],"product_tag":[],"class_list":{"0":"post-5907","1":"product","2":"type-product","3":"status-publish","4":"has-post-thumbnail","6":"product_cat-namams","7":"product_cat-indai","8":"product_cat-virtuvei","10":"first","11":"instock","12":"sale","13":"shipping-taxable","14":"purchasable","15":"product-type-variable"},"supplier_id":null,"supplier_sku":"","barcode":null,"atum_controlled":true,"out_stock_date":null,"out_stock_threshold":null,"inheritable":false,"inbound_stock":null,"stock_on_hold":0,"sold_today":0,"sales_last_days":0,"reserved_stock":null,"customer_returns":null,"warehouse_damage":null,"lost_in_post":null,"other_logs":null,"out_stock_days":0,"lost_sales":0,"has_location":null,"update_date":"2026-04-10T00:35:06","atum_locations":[],"atum_stock_status":"instock","restock_status":false,"low_stock_amount":"","sales_update_date":"2026-04-10T00:35:06","calc_backorders":null,"acf":[],"brands":[],"_links":{"self":[{"href":"https:\/\/dekastar.lt\/lv\/wp-json\/wp\/v2\/product\/5907","targetHints":{"allow":["GET"]}}],"collection":[{"href":"https:\/\/dekastar.lt\/lv\/wp-json\/wp\/v2\/product"}],"about":[{"href":"https:\/\/dekastar.lt\/lv\/wp-json\/wp\/v2\/types\/product"}],"wp:featuredmedia":[{"embeddable":true,"href":"https:\/\/dekastar.lt\/lv\/wp-json\/wp\/v2\/media\/5917"}],"wp:attachment":[{"href":"https:\/\/dekastar.lt\/lv\/wp-json\/wp\/v2\/media?parent=5907"}],"wp:term":[{"taxonomy":"pwb-brand","embeddable":true,"href":"https:\/\/dekastar.lt\/lv\/wp-json\/wp\/v2\/pwb-brand?post=5907"},{"taxonomy":"product_brand","embeddable":true,"href":"https:\/\/dekastar.lt\/lv\/wp-json\/wp\/v2\/product_brand?post=5907"},{"taxonomy":"product_cat","embeddable":true,"href":"https:\/\/dekastar.lt\/lv\/wp-json\/wp\/v2\/product_cat?post=5907"},{"taxonomy":"product_tag","embeddable":true,"href":"https:\/\/dekastar.lt\/lv\/wp-json\/wp\/v2\/product_tag?post=5907"}],"curies":[{"name":"wp","href":"https:\/\/api.w.org\/{rel}","templated":true}]}}