{"id":5927,"date":"2024-02-01T10:22:27","date_gmt":"2024-02-01T10:22:27","guid":{"rendered":"https:\/\/dekastar.lt\/?post_type=product&#038;p=5927"},"modified":"2025-10-22T12:20:51","modified_gmt":"2025-10-22T12:20:51","slug":"kepimo-popierius-karsto-oro-gruzdintuvei-staciakampis-50-vnt","status":"publish","type":"product","link":"https:\/\/dekastar.lt\/lv\/products\/kepimo-popierius-karsto-oro-gruzdintuvei-staciakampis-50-vnt\/","title":{"rendered":"Kepimo popierius kar\u0161to oro gruzdintuvei, sta\u010diakampis (stand\u017eioje pakuot\u0117je)"},"content":{"rendered":"<div class=\"elementor-element elementor-element-6db87ba6 elementor-widget elementor-widget-text-editor\" data-id=\"6db87ba6\" data-element_type=\"widget\" data-widget_type=\"text-editor.default\">\n<div class=\"elementor-widget-container\">\n<p>Kepimo popierius sukurtas palengvinti maisto gaminimo proces\u0105 ir sutaupyti laiko po jo \u0161vei\u010diant prikepusius indus. Pagal form\u0105 ir dyd\u012f kepimo popierius idealiai tinka dviej\u0173 stal\u010di\u0173 kar\u0161to oro gruzdintuv\u0117ms, ta\u010diau j\u012f taip pat galima naudoti orkait\u0117je bei mikrobang\u0173 krosnel\u0117je, tod\u0117l yra idealus pasirinkimas kiekvienam, kas m\u0117gsta gaminti, bet nenori susidurti su valymo sunkumais. Kepimo popierius yra nelipnus, atsparus vandeniui ir aliejui, tod\u0117l priskrudusi gruzdintuv\u0117 ar kepiniai orkait\u0117je nebebus problema.<\/p>\n<p>Sta\u010diakampis kepimo popierius idealiai tinka dviej\u0173 stal\u010di\u0173 kar\u0161to oro gruzdintuv\u0117ms. Dydis nereikalauja grie\u017eto atitikimo, kadangi popierius yra lankstus ir lengvai pritaikomas. Jei reikia, galite lengvai sulenkti popieri\u0173, kad jis atitikt\u0173 kar\u0161to oro gruzdintuv\u0117s kepimo talp\u0105, nepriklausomai nuo to, ar gruzdintuv\u0117 yra \u0161iek tiek ma\u017eesn\u0117, ar didesn\u0117.<\/p>\n<p><strong>Dydis: 22 x 14 x 4,5 cm<\/strong><\/p>\n<p><strong>50 gab. iepakojum\u0101.<br \/>\n<\/strong><\/p>\n<\/div>\n<\/div>","protected":false},"excerpt":{"rendered":"<p>Kepimo popierius sukurtas palengvinti maisto gaminimo proces\u0105 ir sutaupyti laiko po jo \u0161vei\u010diant prikepusius indus. Pagal form\u0105 ir dyd\u012f kepimo popierius idealiai tinka dviej\u0173 stal\u010di\u0173 kar\u0161to oro gruzdintuv\u0117ms, ta\u010diau j\u012f taip pat galima naudoti orkait\u0117je bei mikrobang\u0173 krosnel\u0117je, tod\u0117l yra idealus pasirinkimas kiekvienam, kas m\u0117gsta gaminti, bet nenori susidurti su valymo sunkumais. Kepimo popierius yra [&hellip;]<\/p>\n","protected":false},"featured_media":5932,"template":"","meta":{"_acf_changed":false},"pwb-brand":[],"product_brand":[],"product_cat":[255,258,256],"product_tag":[],"class_list":{"0":"post-5927","1":"product","2":"type-product","3":"status-publish","4":"has-post-thumbnail","6":"product_cat-namams","7":"product_cat-karsto-oro-gruzdintuvei","8":"product_cat-virtuvei","10":"first","11":"outofstock","12":"shipping-taxable","13":"product-type-variable"},"supplier_id":null,"supplier_sku":"","barcode":null,"atum_controlled":true,"out_stock_date":null,"out_stock_threshold":null,"inheritable":false,"inbound_stock":null,"stock_on_hold":0,"sold_today":0,"sales_last_days":0,"reserved_stock":null,"customer_returns":null,"warehouse_damage":null,"lost_in_post":null,"other_logs":null,"out_stock_days":0,"lost_sales":0,"has_location":null,"update_date":"2026-05-08T03:19:15","atum_locations":[],"atum_stock_status":"outofstock","restock_status":false,"low_stock_amount":"","sales_update_date":"2026-05-08T03:19:15","calc_backorders":null,"acf":[],"brands":[],"_links":{"self":[{"href":"https:\/\/dekastar.lt\/lv\/wp-json\/wp\/v2\/product\/5927","targetHints":{"allow":["GET"]}}],"collection":[{"href":"https:\/\/dekastar.lt\/lv\/wp-json\/wp\/v2\/product"}],"about":[{"href":"https:\/\/dekastar.lt\/lv\/wp-json\/wp\/v2\/types\/product"}],"wp:featuredmedia":[{"embeddable":true,"href":"https:\/\/dekastar.lt\/lv\/wp-json\/wp\/v2\/media\/5932"}],"wp:attachment":[{"href":"https:\/\/dekastar.lt\/lv\/wp-json\/wp\/v2\/media?parent=5927"}],"wp:term":[{"taxonomy":"pwb-brand","embeddable":true,"href":"https:\/\/dekastar.lt\/lv\/wp-json\/wp\/v2\/pwb-brand?post=5927"},{"taxonomy":"product_brand","embeddable":true,"href":"https:\/\/dekastar.lt\/lv\/wp-json\/wp\/v2\/product_brand?post=5927"},{"taxonomy":"product_cat","embeddable":true,"href":"https:\/\/dekastar.lt\/lv\/wp-json\/wp\/v2\/product_cat?post=5927"},{"taxonomy":"product_tag","embeddable":true,"href":"https:\/\/dekastar.lt\/lv\/wp-json\/wp\/v2\/product_tag?post=5927"}],"curies":[{"name":"wp","href":"https:\/\/api.w.org\/{rel}","templated":true}]}}