{"id":5937,"date":"2024-02-01T10:45:23","date_gmt":"2024-02-01T10:45:23","guid":{"rendered":"https:\/\/dekastar.lt\/?post_type=product&#038;p=5937"},"modified":"2025-10-22T12:20:52","modified_gmt":"2025-10-22T12:20:52","slug":"kepimo-popierius-karsto-oro-gruzdintuvems-kvadratinis-50-vnt","status":"publish","type":"product","link":"https:\/\/dekastar.lt\/lv\/products\/kepimo-popierius-karsto-oro-gruzdintuvems-kvadratinis-50-vnt\/","title":{"rendered":"Cepamais pap\u012brs karst\u0101 gaisa frit\u0113m, kvadr\u0101tveida 50 gab."},"content":{"rendered":"<p>Cepamais pap\u012brs ir izstr\u0101d\u0101ts, lai atvieglotu gatavo\u0161anas procesu un ietaup\u012btu laiku, kas nepiecie\u0161ams trauku t\u012br\u012b\u0161anai p\u0113c cep\u0161anas. Cepampap\u012bra forma un izm\u0113rs padara to ide\u0101li piem\u0113rotu karst\u0101 gaisa frit\u0113m, ta\u010du to var izmantot ar\u012b cepe\u0161kr\u0101sn\u012b un mikrovi\u013c\u0146u kr\u0101sn\u012b, padarot to par ide\u0101lu izv\u0113li ikvienam, kas m\u012bl gatavot, bet nev\u0113las, lai t\u012br\u012b\u0161ana sag\u0101d\u0101tu raizes. Cepamais pap\u012brs ir nel\u012bpo\u0161s, \u016bdens un e\u013c\u013cas iztur\u012bgs, t\u0101p\u0113c cepe\u0161kr\u0101sn\u012b ceptiem un ceptiem izstr\u0101d\u0101jumiem vairs neb\u016bs probl\u0113mu.<\/p>\n<p>Kvadr\u0101tveida cepam\u0101 pap\u012bra apak\u0161da\u013cas diametrs ir 20 cm. Izm\u0113ram nav nepiecie\u0161ama stingra atbilst\u012bba, jo pap\u012brs ir elast\u012bgs un viegli regul\u0113jams. Vajadz\u012bbas gad\u012bjum\u0101 pap\u012bru var viegli saloc\u012bt, lai tas atbilstu karst\u0101 gaisa frit\u0113tavas cep\u0161anas jaudai, neatkar\u012bgi no t\u0101, vai frit\u0113ze ir nedaudz maz\u0101ka vai liel\u0101ka.<\/p>\n<p><strong>Izm\u0113rs: 20 cm (apak\u0161\u0113jais diametrs) x 4,5 cm<br \/>\n<\/strong><\/p>\n<p><strong>Iepakojum\u0101 50 gab.<br \/>\n<\/strong><\/p>","protected":false},"excerpt":{"rendered":"<p>Kepimo popierius sukurtas palengvinti maisto gaminimo proces\u0105 ir sutaupyti laiko po jo \u0161vei\u010diant prikepusius indus. Pagal form\u0105 ir dyd\u012f kepimo popierius idealiai tinka kar\u0161to oro gruzdintuv\u0117ms, ta\u010diau j\u012f taip pat galima naudoti orkait\u0117je bei mikrobang\u0173 krosnel\u0117je, tod\u0117l yra idealus pasirinkimas kiekvienam, kas m\u0117gsta gaminti, bet nenori susidurti su valymo sunkumais. Kepimo popierius yra nelipnus, atsparus [&hellip;]<\/p>\n","protected":false},"featured_media":5942,"template":"","meta":{"_acf_changed":false},"pwb-brand":[],"product_brand":[],"product_cat":[255,258,256],"product_tag":[],"class_list":{"0":"post-5937","1":"product","2":"type-product","3":"status-publish","4":"has-post-thumbnail","6":"product_cat-namams","7":"product_cat-karsto-oro-gruzdintuvei","8":"product_cat-virtuvei","10":"first","11":"outofstock","12":"shipping-taxable","13":"product-type-variable"},"supplier_id":null,"supplier_sku":"","barcode":null,"atum_controlled":true,"out_stock_date":null,"out_stock_threshold":null,"inheritable":false,"inbound_stock":null,"stock_on_hold":0,"sold_today":0,"sales_last_days":0,"reserved_stock":null,"customer_returns":null,"warehouse_damage":null,"lost_in_post":null,"other_logs":null,"out_stock_days":0,"lost_sales":0,"has_location":null,"update_date":"2026-04-14T00:36:33","atum_locations":[],"atum_stock_status":"outofstock","restock_status":false,"low_stock_amount":"","sales_update_date":"2026-04-14T00:36:33","calc_backorders":null,"acf":[],"brands":[],"_links":{"self":[{"href":"https:\/\/dekastar.lt\/lv\/wp-json\/wp\/v2\/product\/5937","targetHints":{"allow":["GET"]}}],"collection":[{"href":"https:\/\/dekastar.lt\/lv\/wp-json\/wp\/v2\/product"}],"about":[{"href":"https:\/\/dekastar.lt\/lv\/wp-json\/wp\/v2\/types\/product"}],"wp:featuredmedia":[{"embeddable":true,"href":"https:\/\/dekastar.lt\/lv\/wp-json\/wp\/v2\/media\/5942"}],"wp:attachment":[{"href":"https:\/\/dekastar.lt\/lv\/wp-json\/wp\/v2\/media?parent=5937"}],"wp:term":[{"taxonomy":"pwb-brand","embeddable":true,"href":"https:\/\/dekastar.lt\/lv\/wp-json\/wp\/v2\/pwb-brand?post=5937"},{"taxonomy":"product_brand","embeddable":true,"href":"https:\/\/dekastar.lt\/lv\/wp-json\/wp\/v2\/product_brand?post=5937"},{"taxonomy":"product_cat","embeddable":true,"href":"https:\/\/dekastar.lt\/lv\/wp-json\/wp\/v2\/product_cat?post=5937"},{"taxonomy":"product_tag","embeddable":true,"href":"https:\/\/dekastar.lt\/lv\/wp-json\/wp\/v2\/product_tag?post=5937"}],"curies":[{"name":"wp","href":"https:\/\/api.w.org\/{rel}","templated":true}]}}