{"id":6092,"date":"2024-02-23T13:36:09","date_gmt":"2024-02-23T13:36:09","guid":{"rendered":"https:\/\/dekastar.lt\/?post_type=product&#038;p=6092"},"modified":"2025-10-22T12:20:55","modified_gmt":"2025-10-22T12:20:55","slug":"reima-pirstines-ulotu-pavasaris-ruduo-rozines","status":"publish","type":"product","link":"https:\/\/dekastar.lt\/lv\/products\/reima-pirstines-ulotu-pavasaris-ruduo-rozines\/","title":{"rendered":"REIMA Cimdi ULOTU (Pavasara\/Red)\/ (Roz\u0101)"},"content":{"rendered":"<div class=\"js-page-slide-content\">\n<p>\u016adensnecaurlaid\u012bgi, elpojo\u0161i, neizol\u0113ti cimdi ar m\u012bkstu vilnas izol\u0101ciju \u0101ra rota\u013c\u0101m.<\/p>\n<ul>\n<li>Izstr\u0101d\u0101jumam ir \u016bdensnecaurlaid\u012bgs oder\u0113jums.<\/li>\n<li>Cimdi ir izgatavoti no \u016bdensnecaurlaid\u012bga, v\u0113ju necaurlaid\u012bga un elpojo\u0161a materi\u0101la.<\/li>\n<li>Pastiprin\u0101ts materi\u0101ls plaukst\u0101 un pirkstos.<\/li>\n<li>Cimdu oder\u0113jums ir izgatavots no sl\u012bp\u0113ta poliestera trikot\u0101\u017eas (fl\u012bsa).<\/li>\n<li>Pagarin\u0101ts garums, t\u0101p\u0113c to var viegli uzvilkt uz jakas vai kombinezona piedurknes).<\/li>\n<\/ul>\n<p>Kop\u0161ana:Mazg\u0101t atsevi\u0161\u0137i. Nelietot mazg\u0101\u0161anas l\u012bdzek\u013cus, kas satur balin\u0101t\u0101jus.Nelietot audumu m\u012bkstin\u0101t\u0101jus. \u017d\u0101v\u0113jiet istabas temperat\u016br\u0101.<\/p>\n<p>Izcelsmes valsts: \u0136\u012bna\/It\u0101lija\/Indija\/Vjetnama.<\/p>\n<p><strong>Izm\u0113ru tabula<\/strong> (Izm\u0113ru tabula ir provizoriska un var nedaudz at\u0161\u0137irties atkar\u012bb\u0101 no mode\u013ca):<\/p>\n<table class=\"dydziu_lentele\" border=\"0\" width=\"412\" cellspacing=\"0\" cellpadding=\"0\">\n<tbody>\n<tr>\n<td class=\"xl65\" width=\"66\" height=\"20\">Vecums<\/td>\n<td class=\"xl65\" width=\"131\">Izm\u0113rs<\/td>\n<td class=\"xl65\" width=\"113\">Roktura augstums (cm)<\/td>\n<td class=\"xl65\" width=\"102\">Da\u013cas apk\u0101rtm\u0113rs (cm)<\/td>\n<\/tr>\n<tr>\n<td class=\"xl65\" height=\"20\">0-12 m<\/td>\n<td class=\"xl65\">0<\/td>\n<td class=\"xl65\">8<\/td>\n<td class=\"xl65\">10<\/td>\n<\/tr>\n<tr>\n<td class=\"xl65\" height=\"20\">6-18 m<\/td>\n<td class=\"xl65\">1<\/td>\n<td class=\"xl65\">9<\/td>\n<td class=\"xl65\">11.5<\/td>\n<\/tr>\n<tr>\n<td class=\"xl65\" height=\"20\">1-2 y<\/td>\n<td class=\"xl65\">2<\/td>\n<td class=\"xl65\">10<\/td>\n<td class=\"xl65\">12.5<\/td>\n<\/tr>\n<tr>\n<td class=\"xl65\" height=\"20\">2-4 y<\/td>\n<td class=\"xl65\">3<\/td>\n<td class=\"xl65\">11.5<\/td>\n<td class=\"xl65\">13.5<\/td>\n<\/tr>\n<tr>\n<td class=\"xl65\" height=\"20\">4-6 y<\/td>\n<td class=\"xl65\">4<\/td>\n<td class=\"xl65\">13<\/td>\n<td class=\"xl65\">15<\/td>\n<\/tr>\n<tr>\n<td class=\"xl65\" height=\"20\">6-8 y<\/td>\n<td class=\"xl65\">5<\/td>\n<td class=\"xl65\">14<\/td>\n<td class=\"xl65\">16<\/td>\n<\/tr>\n<tr>\n<td class=\"xl65\" height=\"20\">8-10 y<\/td>\n<td class=\"xl65\">6<\/td>\n<td class=\"xl65\">15<\/td>\n<td class=\"xl65\">17<\/td>\n<\/tr>\n<tr>\n<td class=\"xl65\" height=\"20\">10-12 y<\/td>\n<td class=\"xl65\">7<\/td>\n<td class=\"xl65\">16<\/td>\n<td class=\"xl65\">17.5<\/td>\n<\/tr>\n<tr>\n<td class=\"xl65\" height=\"20\">12-14 y<\/td>\n<td class=\"xl65\">8<\/td>\n<td class=\"xl65\">17<\/td>\n<td class=\"xl65\">18<\/td>\n<\/tr>\n<\/tbody>\n<\/table>\n<\/div>","protected":false},"excerpt":{"rendered":"<p>Neper\u0161lampamos, kv\u0117puojan\u010dios pir\u0161tin\u0117s be izoliacijos, su \u0161velnaus flyso pa\u0161iltinimu, skirtos \u017eaisti lauke. Gaminys turi neper\u0161lampam\u0105 \u012fd\u0117kl\u0105. Pir\u0161tin\u0117s pagamintos i\u0161 vandeniui, v\u0117jui ir orui atsparios med\u017eiagos. Sustiprinta med\u017eiaga delno ir pir\u0161t\u0173 dalyje. Pir\u0161tini\u0173 pamu\u0161alas pagamintas \u0161lifuoto poliesterio trikota\u017eo (Flysas). Pailgintas modelis, tad patogu u\u017esimauti ant striuk\u0117s ar kombinezono rankov\u0117s). Prie\u017ei\u016bra:skalbkite atskirai. Nenaudokite ploviklli\u0173, kuri\u0173 sud\u0117tyje yra [&hellip;]<\/p>\n","protected":false},"featured_media":6099,"template":"","meta":{"_acf_changed":false},"pwb-brand":[81],"product_brand":[],"product_cat":[40,49,232],"product_tag":[],"class_list":{"0":"post-6092","1":"product","2":"type-product","3":"status-publish","4":"has-post-thumbnail","6":"pwb-brand-reima","7":"product_cat-vaikams","8":"product_cat-aksesuarai-vaikams","9":"product_cat-pirstines","10":"pa_drabuziu-dydis-3-2-4-metai","11":"pa_drabuziu-dydis-6-8-10-metu","13":"first","14":"instock","15":"sale","16":"shipping-taxable","17":"purchasable","18":"product-type-variable"},"supplier_id":null,"supplier_sku":"","barcode":null,"atum_controlled":true,"out_stock_date":null,"out_stock_threshold":null,"inheritable":false,"inbound_stock":null,"stock_on_hold":0,"sold_today":0,"sales_last_days":0,"reserved_stock":null,"customer_returns":null,"warehouse_damage":null,"lost_in_post":null,"other_logs":null,"out_stock_days":0,"lost_sales":0,"has_location":null,"update_date":"2026-04-14T00:35:20","atum_locations":[],"atum_stock_status":"instock","restock_status":false,"low_stock_amount":"","sales_update_date":"2026-04-14T00:35:20","calc_backorders":null,"acf":[],"brands":[{"id":81,"name":"REIMA","slug":"reima"}],"_links":{"self":[{"href":"https:\/\/dekastar.lt\/lv\/wp-json\/wp\/v2\/product\/6092","targetHints":{"allow":["GET"]}}],"collection":[{"href":"https:\/\/dekastar.lt\/lv\/wp-json\/wp\/v2\/product"}],"about":[{"href":"https:\/\/dekastar.lt\/lv\/wp-json\/wp\/v2\/types\/product"}],"wp:featuredmedia":[{"embeddable":true,"href":"https:\/\/dekastar.lt\/lv\/wp-json\/wp\/v2\/media\/6099"}],"wp:attachment":[{"href":"https:\/\/dekastar.lt\/lv\/wp-json\/wp\/v2\/media?parent=6092"}],"wp:term":[{"taxonomy":"pwb-brand","embeddable":true,"href":"https:\/\/dekastar.lt\/lv\/wp-json\/wp\/v2\/pwb-brand?post=6092"},{"taxonomy":"product_brand","embeddable":true,"href":"https:\/\/dekastar.lt\/lv\/wp-json\/wp\/v2\/product_brand?post=6092"},{"taxonomy":"product_cat","embeddable":true,"href":"https:\/\/dekastar.lt\/lv\/wp-json\/wp\/v2\/product_cat?post=6092"},{"taxonomy":"product_tag","embeddable":true,"href":"https:\/\/dekastar.lt\/lv\/wp-json\/wp\/v2\/product_tag?post=6092"}],"curies":[{"name":"wp","href":"https:\/\/api.w.org\/{rel}","templated":true}]}}