{"id":6412,"date":"2024-03-19T16:25:00","date_gmt":"2024-03-19T16:25:00","guid":{"rendered":"https:\/\/dekastar.lt\/?post_type=product&#038;p=6412"},"modified":"2026-02-12T10:27:37","modified_gmt":"2026-02-12T10:27:37","slug":"name-it-softshell-striuke-safario-vienaragiai","status":"publish","type":"product","link":"https:\/\/dekastar.lt\/lv\/products\/name-it-softshell-striuke-safario-vienaragiai\/","title":{"rendered":"NAME IT Softshell jaka \"Safari vienrad\u017ei\""},"content":{"rendered":"<p>Paz\u012bstam\u0101 un iecien\u012bt\u0101 z\u012bmola NAME IT demisezonas jaka no softshell auduma.<\/p>\n<p>NAME IT jaka \"Safari Unicorns\" ir izgatavota ar m\u012blest\u012bbu un atbild\u012bgu attieksmi pret dabu. \u0160is izstr\u0101d\u0101jums ir izgatavots no aptuveni 50 % p\u0101rstr\u0101d\u0101ta poliestera. Jaka ir paredz\u0113ta rudens\/pavasara sezonai. Tas ir softshell tipa \u0101ra ap\u0123\u0113rbs. T\u0101 ir \u016bdensnecaurlaid\u012bga, v\u0113ja necaurlaid\u012bga, m\u012bksta un elpojo\u0161a. Liela, cie\u0161i piegu\u013co\u0161a kapuce pasarg\u0101 no v\u0113ja un lietus. Kapuce ir no\u0146emama. Jakai ir atstarojo\u0161as deta\u013cas. \u0160im modelim ir divas priek\u0161\u0113j\u0101s kabatas.<\/p>\n<p class=\"typography typography--header typography--header--h4 typography--color-strong typography--weight-regular typography--desktop\"><span class=\"typography typography--body typography--body--body2 typography--body--lineheight-paragraph typography--color-regular typography--weight-regular typography--desktop\">Sast\u0101vs: 94% poliesteris (p\u0101rstr\u0101d\u0101ts), 6% elast\u0101ns.<\/span><\/p>\n<p><strong><i>Poliesters<\/i><\/strong><em> - \u012bpa\u0161s sint\u0113tisks audums, kas izgatavots no polim\u0113ru \u0161\u0137iedr\u0101m. Audums lieliski sasilda un ir \u013coti pat\u012bkams \u0137ermenim. Tam ir vilnai l\u012bdz\u012bgs izskats un da\u017eas kokvilnas \u012bpa\u0161\u012bbas. Poliestera audums ir \u013coti iztur\u012bgs (iztur\u012bgs pret gaismu un karstumu), viegls, labi saglab\u0101 formu, neme\u017eojas, ir viegli kopjams un \u0101tri \u017e\u016bst. Citiem v\u0101rdiem sakot, tas ir audums, kas ir ide\u0101li piem\u0113rots siltas apak\u0161ve\u013cas izgatavo\u0161anai ziemai.\u00a0<\/em><\/p>\n<p><strong><i>Uztur\u0113\u0161ana.<\/i><\/strong><em>\u00a0Audumu var mazg\u0101t ve\u013casma\u0161\u012bn\u0101, ta\u010du tam nepat\u012bk augsta temperat\u016bra. Vislab\u0101k to mazg\u0101t 40 gr\u0101du temperat\u016br\u0101. Audumu nevar balin\u0101t (tas jau ir gaismas iztur\u012bgs). Mazg\u0101jot autom\u0101tiskaj\u0101 ve\u013cas mazg\u0101jamaj\u0101 ma\u0161\u012bn\u0101, lab\u0101k izmantot \"maigu\" programmu. Audumu lab\u0101k negludin\u0101t ar \u013coti karstu gludekli. Audumam ir zems krok\u0113\u0161an\u0101s \u0101trums, t\u0101p\u0113c gludin\u0101\u0161ana nav nepiecie\u0161ama.\u00a0<\/em><\/p>\n<pre id=\"tw-target-text\" class=\"tw-data-text tw-text-large tw-ta\" dir=\"ltr\" data-placeholder=\"Vertimas\" data-ved=\"2ahUKEwiIltif0MGEAxXxc_EDHdzyAvoQ3ewLegQIBRAT\"><span class=\"Y2IQFc\" lang=\"lt\">\u00a0<\/span><\/pre>\n<div class=\"size-chart-table-body-dimensions size-chart-table with-scroll small light horizontal\" data-v-360b751c=\"\" data-v-713f5a85=\"\" data-v-2daf345d=\"\">\n<table class=\"size-table\" data-v-713f5a85=\"\" data-v-360b751c=\"\">\n<thead class=\"table-head\" data-v-713f5a85=\"\" data-v-360b751c=\"\">\n<tr data-v-713f5a85=\"\" data-v-360b751c=\"\">\n<th class=\"table-head-content\" data-v-713f5a85=\"\" data-v-360b751c=\"\">Izm\u0113rs <br data-v-713f5a85=\"\" data-v-360b751c=\"\" \/>EUR | INT<\/th>\n<th class=\"table-head-content\" data-v-713f5a85=\"\" data-v-360b751c=\"\"><span class=\"table-head-content-letter\" data-v-713f5a85=\"\" data-v-360b751c=\"\"> A <\/span> - Kr\u016bt\u012bs<\/th>\n<th class=\"table-head-content\" data-v-713f5a85=\"\" data-v-360b751c=\"\"><span class=\"table-head-content-letter\" data-v-713f5a85=\"\" data-v-360b751c=\"\"> B <\/span> - Persona<\/th>\n<th class=\"table-head-content\" data-v-713f5a85=\"\" data-v-360b751c=\"\"><span class=\"table-head-content-letter\" data-v-713f5a85=\"\" data-v-360b751c=\"\"> C <\/span> - Klubi<\/th>\n<th class=\"table-head-content\" data-v-713f5a85=\"\" data-v-360b751c=\"\"><span class=\"table-head-content-letter\" data-v-713f5a85=\"\" data-v-360b751c=\"\"> D <\/span> - Savienojuma iek\u0161\u0113j\u0101s \u0161uves garums<\/th>\n<\/tr>\n<\/thead>\n<tbody data-v-713f5a85=\"\" data-v-360b751c=\"\" data-test-id=\"size-table-tbody\">\n<tr class=\"size-variants\" data-v-713f5a85=\"\" data-v-360b751c=\"\">\n<td class=\"table-cell\" data-v-713f5a85=\"\" data-v-360b751c=\"\"><span class=\"table-cell-size left\" data-v-713f5a85=\"\" data-v-360b751c=\"\"> 56 <\/span> <span class=\"table-cell-separator\" data-v-713f5a85=\"\" data-v-360b751c=\"\"> | <\/span> <span class=\"table-cell-size right\" data-v-713f5a85=\"\" data-v-360b751c=\"\"> 0-1 m\u0113nesis. <\/span><\/td>\n<td class=\"table-cell\" data-v-713f5a85=\"\" data-v-360b751c=\"\">38 cm<\/td>\n<td class=\"table-cell\" data-v-713f5a85=\"\" data-v-360b751c=\"\">36 cm<\/td>\n<td class=\"table-cell\" data-v-713f5a85=\"\" data-v-360b751c=\"\">36 cm<\/td>\n<td class=\"table-cell\" data-v-713f5a85=\"\" data-v-360b751c=\"\">18 cm<\/td>\n<\/tr>\n<tr class=\"size-variants\" data-v-713f5a85=\"\" data-v-360b751c=\"\">\n<td class=\"table-cell\" data-v-713f5a85=\"\" data-v-360b751c=\"\"><span class=\"table-cell-size left\" data-v-713f5a85=\"\" data-v-360b751c=\"\"> 62 <\/span> <span class=\"table-cell-separator\" data-v-713f5a85=\"\" data-v-360b751c=\"\"> | <\/span> <span class=\"table-cell-size right\" data-v-713f5a85=\"\" data-v-360b751c=\"\"> 0-3 m\u0113ne\u0161i <\/span><\/td>\n<td class=\"table-cell\" data-v-713f5a85=\"\" data-v-360b751c=\"\">40 cm<\/td>\n<td class=\"table-cell\" data-v-713f5a85=\"\" data-v-360b751c=\"\">40 cm<\/td>\n<td class=\"table-cell\" data-v-713f5a85=\"\" data-v-360b751c=\"\">41 cm<\/td>\n<td class=\"table-cell\" data-v-713f5a85=\"\" data-v-360b751c=\"\">18 cm<\/td>\n<\/tr>\n<tr class=\"size-variants\" data-v-713f5a85=\"\" data-v-360b751c=\"\">\n<td class=\"table-cell\" data-v-713f5a85=\"\" data-v-360b751c=\"\"><span class=\"table-cell-size left\" data-v-713f5a85=\"\" data-v-360b751c=\"\"> 68 <\/span> <span class=\"table-cell-separator\" data-v-713f5a85=\"\" data-v-360b751c=\"\"> | <\/span> <span class=\"table-cell-size right\" data-v-713f5a85=\"\" data-v-360b751c=\"\"> 3-6 m\u0113ne\u0161i <\/span><\/td>\n<td class=\"table-cell\" data-v-713f5a85=\"\" data-v-360b751c=\"\">46 cm<\/td>\n<td class=\"table-cell\" data-v-713f5a85=\"\" data-v-360b751c=\"\">44 cm<\/td>\n<td class=\"table-cell\" data-v-713f5a85=\"\" data-v-360b751c=\"\">44 cm<\/td>\n<td class=\"table-cell\" data-v-713f5a85=\"\" data-v-360b751c=\"\">20 cm<\/td>\n<\/tr>\n<tr class=\"size-variants\" data-v-713f5a85=\"\" data-v-360b751c=\"\">\n<td class=\"table-cell\" data-v-713f5a85=\"\" data-v-360b751c=\"\"><span class=\"table-cell-size left\" data-v-713f5a85=\"\" data-v-360b751c=\"\"> 74 <\/span> <span class=\"table-cell-separator\" data-v-713f5a85=\"\" data-v-360b751c=\"\"> | <\/span> <span class=\"table-cell-size right\" data-v-713f5a85=\"\" data-v-360b751c=\"\"> 6-9 m\u0113ne\u0161i <\/span><\/td>\n<td class=\"table-cell\" data-v-713f5a85=\"\" data-v-360b751c=\"\">48 cm<\/td>\n<td class=\"table-cell\" data-v-713f5a85=\"\" data-v-360b751c=\"\">48 cm<\/td>\n<td class=\"table-cell\" data-v-713f5a85=\"\" data-v-360b751c=\"\">47 cm<\/td>\n<td class=\"table-cell\" data-v-713f5a85=\"\" data-v-360b751c=\"\">22 cm<\/td>\n<\/tr>\n<tr class=\"size-variants\" data-v-713f5a85=\"\" data-v-360b751c=\"\">\n<td class=\"table-cell\" data-v-713f5a85=\"\" data-v-360b751c=\"\"><span class=\"table-cell-size left\" data-v-713f5a85=\"\" data-v-360b751c=\"\"> 80 <\/span> <span class=\"table-cell-separator\" data-v-713f5a85=\"\" data-v-360b751c=\"\"> | <\/span> <span class=\"table-cell-size right\" data-v-713f5a85=\"\" data-v-360b751c=\"\"> 9-12 m\u0113ne\u0161i <\/span><\/td>\n<td class=\"table-cell\" data-v-713f5a85=\"\" data-v-360b751c=\"\">50 cm<\/td>\n<td class=\"table-cell\" data-v-713f5a85=\"\" data-v-360b751c=\"\">46 cm<\/td>\n<td class=\"table-cell\" data-v-713f5a85=\"\" data-v-360b751c=\"\">47 cm<\/td>\n<td class=\"table-cell\" data-v-713f5a85=\"\" data-v-360b751c=\"\">24 cm<\/td>\n<\/tr>\n<tr class=\"size-variants\" data-v-713f5a85=\"\" data-v-360b751c=\"\">\n<td class=\"table-cell\" data-v-713f5a85=\"\" data-v-360b751c=\"\"><span class=\"table-cell-size left\" data-v-713f5a85=\"\" data-v-360b751c=\"\"> 86 <\/span> <span class=\"table-cell-separator\" data-v-713f5a85=\"\" data-v-360b751c=\"\"> | <\/span> <span class=\"table-cell-size right\" data-v-713f5a85=\"\" data-v-360b751c=\"\"> 12-18 m\u0113ne\u0161i <\/span><\/td>\n<td class=\"table-cell\" data-v-713f5a85=\"\" data-v-360b751c=\"\">52 cm<\/td>\n<td class=\"table-cell\" data-v-713f5a85=\"\" data-v-360b751c=\"\">52 cm<\/td>\n<td class=\"table-cell\" data-v-713f5a85=\"\" data-v-360b751c=\"\">50 cm<\/td>\n<td class=\"table-cell\" data-v-713f5a85=\"\" data-v-360b751c=\"\">27 cm<\/td>\n<\/tr>\n<tr class=\"size-variants\" data-v-713f5a85=\"\" data-v-360b751c=\"\">\n<td class=\"table-cell\" data-v-713f5a85=\"\" data-v-360b751c=\"\"><span class=\"table-cell-size left\" data-v-713f5a85=\"\" data-v-360b751c=\"\"> 92 <\/span> <span class=\"table-cell-separator\" data-v-713f5a85=\"\" data-v-360b751c=\"\"> | <\/span> <span class=\"table-cell-size right\" data-v-713f5a85=\"\" data-v-360b751c=\"\"> 18-24 m\u0113ne\u0161i <\/span><\/td>\n<td class=\"table-cell\" data-v-713f5a85=\"\" data-v-360b751c=\"\">52 cm<\/td>\n<td class=\"table-cell\" data-v-713f5a85=\"\" data-v-360b751c=\"\">49 cm<\/td>\n<td class=\"table-cell\" data-v-713f5a85=\"\" data-v-360b751c=\"\">58 cm<\/td>\n<td class=\"table-cell\" data-v-713f5a85=\"\" data-v-360b751c=\"\">33 cm<\/td>\n<\/tr>\n<tr class=\"size-variants\" data-v-713f5a85=\"\" data-v-360b751c=\"\">\n<td class=\"table-cell\" data-v-713f5a85=\"\" data-v-360b751c=\"\"><span class=\"table-cell-size left\" data-v-713f5a85=\"\" data-v-360b751c=\"\"> 98 <\/span> <span class=\"table-cell-separator\" data-v-713f5a85=\"\" data-v-360b751c=\"\"> | <\/span> <span class=\"table-cell-size right\" data-v-713f5a85=\"\" data-v-360b751c=\"\"> 3 m. <\/span><\/td>\n<td class=\"table-cell\" data-v-713f5a85=\"\" data-v-360b751c=\"\">52 cm<\/td>\n<td class=\"table-cell\" data-v-713f5a85=\"\" data-v-360b751c=\"\">49 cm<\/td>\n<td class=\"table-cell\" data-v-713f5a85=\"\" data-v-360b751c=\"\">58 cm<\/td>\n<td class=\"table-cell\" data-v-713f5a85=\"\" data-v-360b751c=\"\">37 cm<\/td>\n<\/tr>\n<tr class=\"size-variants\" data-v-713f5a85=\"\" data-v-360b751c=\"\">\n<td class=\"table-cell\" data-v-713f5a85=\"\" data-v-360b751c=\"\"><span class=\"table-cell-size left\" data-v-713f5a85=\"\" data-v-360b751c=\"\"> 104 <\/span> <span class=\"table-cell-separator\" data-v-713f5a85=\"\" data-v-360b751c=\"\"> | <\/span> <span class=\"table-cell-size right\" data-v-713f5a85=\"\" data-v-360b751c=\"\"> 4 m. <\/span><\/td>\n<td class=\"table-cell\" data-v-713f5a85=\"\" data-v-360b751c=\"\">56 cm<\/td>\n<td class=\"table-cell\" data-v-713f5a85=\"\" data-v-360b751c=\"\">52 cm<\/td>\n<td class=\"table-cell\" data-v-713f5a85=\"\" data-v-360b751c=\"\">62 cm<\/td>\n<td class=\"table-cell\" data-v-713f5a85=\"\" data-v-360b751c=\"\">40 cm<\/td>\n<\/tr>\n<tr class=\"size-variants\" data-v-713f5a85=\"\" data-v-360b751c=\"\">\n<td class=\"table-cell\" data-v-713f5a85=\"\" data-v-360b751c=\"\"><span class=\"table-cell-size left\" data-v-713f5a85=\"\" data-v-360b751c=\"\"> 110 <\/span> <span class=\"table-cell-separator\" data-v-713f5a85=\"\" data-v-360b751c=\"\"> | <\/span> <span class=\"table-cell-size right\" data-v-713f5a85=\"\" data-v-360b751c=\"\"> 5 m. <\/span><\/td>\n<td class=\"table-cell\" data-v-713f5a85=\"\" data-v-360b751c=\"\">56 cm<\/td>\n<td class=\"table-cell\" data-v-713f5a85=\"\" data-v-360b751c=\"\">52 cm<\/td>\n<td class=\"table-cell\" data-v-713f5a85=\"\" data-v-360b751c=\"\">62 cm<\/td>\n<td class=\"table-cell\" data-v-713f5a85=\"\" data-v-360b751c=\"\">42 cm<\/td>\n<\/tr>\n<tr class=\"size-variants\" data-v-713f5a85=\"\" data-v-360b751c=\"\">\n<td class=\"table-cell\" data-v-713f5a85=\"\" data-v-360b751c=\"\"><span class=\"table-cell-size left\" data-v-713f5a85=\"\" data-v-360b751c=\"\"> 116 <\/span> <span class=\"table-cell-separator\" data-v-713f5a85=\"\" data-v-360b751c=\"\"> | <\/span> <span class=\"table-cell-size right\" data-v-713f5a85=\"\" data-v-360b751c=\"\"> 6 m. <\/span><\/td>\n<td class=\"table-cell\" data-v-713f5a85=\"\" data-v-360b751c=\"\">60 cm<\/td>\n<td class=\"table-cell\" data-v-713f5a85=\"\" data-v-360b751c=\"\">55 cm<\/td>\n<td class=\"table-cell\" data-v-713f5a85=\"\" data-v-360b751c=\"\">66 cm<\/td>\n<td class=\"table-cell\" data-v-713f5a85=\"\" data-v-360b751c=\"\">46 cm<\/td>\n<\/tr>\n<tr class=\"size-variants\" data-v-713f5a85=\"\" data-v-360b751c=\"\">\n<td class=\"table-cell\" data-v-713f5a85=\"\" data-v-360b751c=\"\"><span class=\"table-cell-size left\" data-v-713f5a85=\"\" data-v-360b751c=\"\"> 122 <\/span> <span class=\"table-cell-separator\" data-v-713f5a85=\"\" data-v-360b751c=\"\"> | <\/span> <span class=\"table-cell-size right\" data-v-713f5a85=\"\" data-v-360b751c=\"\"> 7 m. <\/span><\/td>\n<td class=\"table-cell\" data-v-713f5a85=\"\" data-v-360b751c=\"\">60 cm<\/td>\n<td class=\"table-cell\" data-v-713f5a85=\"\" data-v-360b751c=\"\">55 cm<\/td>\n<td class=\"table-cell\" data-v-713f5a85=\"\" data-v-360b751c=\"\">66 cm<\/td>\n<td class=\"table-cell\" data-v-713f5a85=\"\" data-v-360b751c=\"\">50 cm<\/td>\n<\/tr>\n<tr class=\"size-variants\" data-v-713f5a85=\"\" data-v-360b751c=\"\">\n<td class=\"table-cell\" data-v-713f5a85=\"\" data-v-360b751c=\"\"><span class=\"table-cell-size left\" data-v-713f5a85=\"\" data-v-360b751c=\"\"> 128 <\/span> <span class=\"table-cell-separator\" data-v-713f5a85=\"\" data-v-360b751c=\"\"> | <\/span> <span class=\"table-cell-size right\" data-v-713f5a85=\"\" data-v-360b751c=\"\"> 8 m. <\/span><\/td>\n<td class=\"table-cell\" data-v-713f5a85=\"\" data-v-360b751c=\"\">64 cm<\/td>\n<td class=\"table-cell\" data-v-713f5a85=\"\" data-v-360b751c=\"\">58 cm<\/td>\n<td class=\"table-cell\" data-v-713f5a85=\"\" data-v-360b751c=\"\">70 cm<\/td>\n<td class=\"table-cell\" data-v-713f5a85=\"\" data-v-360b751c=\"\">54 cm<\/td>\n<\/tr>\n<tr class=\"size-variants\" data-v-713f5a85=\"\" data-v-360b751c=\"\">\n<td class=\"table-cell\" data-v-713f5a85=\"\" data-v-360b751c=\"\"><span class=\"table-cell-size left\" data-v-713f5a85=\"\" data-v-360b751c=\"\"> 134 <\/span> <span class=\"table-cell-separator\" data-v-713f5a85=\"\" data-v-360b751c=\"\"> | <\/span> <span class=\"table-cell-size right\" data-v-713f5a85=\"\" data-v-360b751c=\"\"> 9 m. <\/span><\/td>\n<td class=\"table-cell\" data-v-713f5a85=\"\" data-v-360b751c=\"\">68 cm<\/td>\n<td class=\"table-cell\" data-v-713f5a85=\"\" data-v-360b751c=\"\">62 cm<\/td>\n<td class=\"table-cell\" data-v-713f5a85=\"\" data-v-360b751c=\"\">76 cm<\/td>\n<td class=\"table-cell\" data-v-713f5a85=\"\" data-v-360b751c=\"\">58 cm<\/td>\n<\/tr>\n<tr class=\"size-variants\" data-v-713f5a85=\"\" data-v-360b751c=\"\">\n<td class=\"table-cell\" data-v-713f5a85=\"\" data-v-360b751c=\"\"><span class=\"table-cell-size left\" data-v-713f5a85=\"\" data-v-360b751c=\"\"> 140 <\/span> <span class=\"table-cell-separator\" data-v-713f5a85=\"\" data-v-360b751c=\"\"> | <\/span> <span class=\"table-cell-size right\" data-v-713f5a85=\"\" data-v-360b751c=\"\"> 10 m. <\/span><\/td>\n<td class=\"table-cell\" data-v-713f5a85=\"\" data-v-360b751c=\"\">72 cm<\/td>\n<td class=\"table-cell\" data-v-713f5a85=\"\" data-v-360b751c=\"\">62 cm<\/td>\n<td class=\"table-cell\" data-v-713f5a85=\"\" data-v-360b751c=\"\">76 cm<\/td>\n<td class=\"table-cell\" data-v-713f5a85=\"\" data-v-360b751c=\"\">60 cm<\/td>\n<\/tr>\n<tr class=\"size-variants\" data-v-713f5a85=\"\" data-v-360b751c=\"\">\n<td class=\"table-cell\" data-v-713f5a85=\"\" data-v-360b751c=\"\"><span class=\"table-cell-size left\" data-v-713f5a85=\"\" data-v-360b751c=\"\"> 146 <\/span> <span class=\"table-cell-separator\" data-v-713f5a85=\"\" data-v-360b751c=\"\"> | <\/span> <span class=\"table-cell-size right\" data-v-713f5a85=\"\" data-v-360b751c=\"\"> 11 m. <\/span><\/td>\n<td class=\"table-cell\" data-v-713f5a85=\"\" data-v-360b751c=\"\">75 cm<\/td>\n<td class=\"table-cell\" data-v-713f5a85=\"\" data-v-360b751c=\"\">64 cm<\/td>\n<td class=\"table-cell\" data-v-713f5a85=\"\" data-v-360b751c=\"\">80 cm<\/td>\n<td class=\"table-cell\" data-v-713f5a85=\"\" data-v-360b751c=\"\">64 cm<\/td>\n<\/tr>\n<tr class=\"size-variants\" data-v-713f5a85=\"\" data-v-360b751c=\"\">\n<td class=\"table-cell\" data-v-713f5a85=\"\" data-v-360b751c=\"\"><span class=\"table-cell-size left\" data-v-713f5a85=\"\" data-v-360b751c=\"\"> 152 <\/span> <span class=\"table-cell-separator\" data-v-713f5a85=\"\" data-v-360b751c=\"\"> | <\/span> <span class=\"table-cell-size right\" data-v-713f5a85=\"\" data-v-360b751c=\"\"> 12 m. <\/span><\/td>\n<td class=\"table-cell\" data-v-713f5a85=\"\" data-v-360b751c=\"\">78 cm<\/td>\n<td class=\"table-cell\" data-v-713f5a85=\"\" data-v-360b751c=\"\">64 cm<\/td>\n<td class=\"table-cell\" data-v-713f5a85=\"\" data-v-360b751c=\"\">80 cm<\/td>\n<td class=\"table-cell\" data-v-713f5a85=\"\" data-v-360b751c=\"\">69 cm<\/td>\n<\/tr>\n<tr class=\"size-variants\" data-v-713f5a85=\"\" data-v-360b751c=\"\">\n<td class=\"table-cell\" data-v-713f5a85=\"\" data-v-360b751c=\"\"><span class=\"table-cell-size left\" data-v-713f5a85=\"\" data-v-360b751c=\"\"> 158 <\/span> <span class=\"table-cell-separator\" data-v-713f5a85=\"\" data-v-360b751c=\"\"> | <\/span> <span class=\"table-cell-size right\" data-v-713f5a85=\"\" data-v-360b751c=\"\"> 13 m. <\/span><\/td>\n<td class=\"table-cell\" data-v-713f5a85=\"\" data-v-360b751c=\"\">82 cm<\/td>\n<td class=\"table-cell\" data-v-713f5a85=\"\" data-v-360b751c=\"\">70 cm<\/td>\n<td class=\"table-cell\" data-v-713f5a85=\"\" data-v-360b751c=\"\">84 cm<\/td>\n<td class=\"table-cell\" data-v-713f5a85=\"\" data-v-360b751c=\"\">73 cm<\/td>\n<\/tr>\n<tr class=\"size-variants\" data-v-713f5a85=\"\" data-v-360b751c=\"\">\n<td class=\"table-cell\" data-v-713f5a85=\"\" data-v-360b751c=\"\"><span class=\"table-cell-size left\" data-v-713f5a85=\"\" data-v-360b751c=\"\"> 164 <\/span> <span class=\"table-cell-separator\" data-v-713f5a85=\"\" data-v-360b751c=\"\"> | <\/span> <span class=\"table-cell-size right\" data-v-713f5a85=\"\" data-v-360b751c=\"\"> 14 m. <\/span><\/td>\n<td class=\"table-cell\" data-v-713f5a85=\"\" data-v-360b751c=\"\">86 cm<\/td>\n<td class=\"table-cell\" data-v-713f5a85=\"\" data-v-360b751c=\"\">74 cm<\/td>\n<td class=\"table-cell\" data-v-713f5a85=\"\" data-v-360b751c=\"\">84 cm<\/td>\n<td class=\"table-cell\" data-v-713f5a85=\"\" data-v-360b751c=\"\">76 cm<\/td>\n<\/tr>\n<tr class=\"size-variants\" data-v-713f5a85=\"\" data-v-360b751c=\"\">\n<td class=\"table-cell\" data-v-713f5a85=\"\" data-v-360b751c=\"\"><span class=\"table-cell-size left\" data-v-713f5a85=\"\" data-v-360b751c=\"\"> 170 <\/span> <span class=\"table-cell-separator\" data-v-713f5a85=\"\" data-v-360b751c=\"\"> | <\/span> <span class=\"table-cell-size right\" data-v-713f5a85=\"\" data-v-360b751c=\"\"> 15 m. <\/span><\/td>\n<td class=\"table-cell\" data-v-713f5a85=\"\" data-v-360b751c=\"\">89 cm<\/td>\n<td class=\"table-cell\" data-v-713f5a85=\"\" data-v-360b751c=\"\">76 cm<\/td>\n<td class=\"table-cell\" data-v-713f5a85=\"\" data-v-360b751c=\"\">88 cm<\/td>\n<td class=\"table-cell\" data-v-713f5a85=\"\" data-v-360b751c=\"\">80 cm<\/td>\n<\/tr>\n<\/tbody>\n<\/table>\n<\/div>\n<div class=\"icon-wrapper\" data-v-2daf345d=\"\"><\/div>\n<p>Iepriek\u0161 min\u0113t\u0101 tabula ir tikai informat\u012bvs materi\u0101ls. Izm\u0113ri var at\u0161\u0137irties atkar\u012bb\u0101 no ra\u017eot\u0101ja, z\u012bmola un mode\u013ca.<\/p>","protected":false},"excerpt":{"rendered":"<p>Puikiai Lietuvoje pa\u017eystamo ir itin pam\u0117gto prek\u0117s \u017eenklo NAME IT demisezonin\u0117 striuk\u0117 i\u0161 softshell audinio. NAME IT striuk\u0117 &#8220;Safario vienaragiai&#8221; pagamintas su meile ir atsakingu po\u017ei\u016briu \u012f gamt\u0105. \u0160is gaminys pagamintas i\u0161 ma\u017edaug 50 % perdirbto poliesterio. Striuk\u0117 skirta rudens\/pavasario sezonams. Tai &#8220;Softshell&#8221; tipo lauko r\u016bbas. Jis atsparus vandeniui, v\u0117jui, yra mink\u0161tas ir pralaidus orui. [&hellip;]<\/p>\n","protected":false},"featured_media":6420,"template":"","meta":{"_acf_changed":false},"pwb-brand":[100],"product_brand":[],"product_cat":[40,66],"product_tag":[],"class_list":{"0":"post-6412","1":"product","2":"type-product","3":"status-publish","4":"has-post-thumbnail","6":"pwb-brand-name-it","7":"product_cat-vaikams","8":"product_cat-sezonines-striukes-paltai-lauko-apranga-vaikams","9":"pa_drabuziu-dydis-144","10":"pa_drabuziu-dydis-145","11":"pa_drabuziu-dydis-168","12":"pa_drabuziu-dydis-147","13":"pa_drabuziu-dydis-148","14":"pa_drabuziu-dydis-142","16":"first","17":"instock","18":"sale","19":"shipping-taxable","20":"purchasable","21":"product-type-variable"},"supplier_id":null,"supplier_sku":"","barcode":null,"atum_controlled":true,"out_stock_date":null,"out_stock_threshold":null,"inheritable":false,"inbound_stock":null,"stock_on_hold":0,"sold_today":0,"sales_last_days":0,"reserved_stock":null,"customer_returns":null,"warehouse_damage":null,"lost_in_post":null,"other_logs":null,"out_stock_days":0,"lost_sales":0,"has_location":null,"update_date":"2026-04-22T00:39:07","atum_locations":[],"atum_stock_status":"instock","restock_status":false,"low_stock_amount":"","sales_update_date":"2026-04-22T00:39:07","calc_backorders":null,"acf":[],"brands":[{"id":100,"name":"NAME IT","slug":"name-it"}],"_links":{"self":[{"href":"https:\/\/dekastar.lt\/lv\/wp-json\/wp\/v2\/product\/6412","targetHints":{"allow":["GET"]}}],"collection":[{"href":"https:\/\/dekastar.lt\/lv\/wp-json\/wp\/v2\/product"}],"about":[{"href":"https:\/\/dekastar.lt\/lv\/wp-json\/wp\/v2\/types\/product"}],"wp:featuredmedia":[{"embeddable":true,"href":"https:\/\/dekastar.lt\/lv\/wp-json\/wp\/v2\/media\/6420"}],"wp:attachment":[{"href":"https:\/\/dekastar.lt\/lv\/wp-json\/wp\/v2\/media?parent=6412"}],"wp:term":[{"taxonomy":"pwb-brand","embeddable":true,"href":"https:\/\/dekastar.lt\/lv\/wp-json\/wp\/v2\/pwb-brand?post=6412"},{"taxonomy":"product_brand","embeddable":true,"href":"https:\/\/dekastar.lt\/lv\/wp-json\/wp\/v2\/product_brand?post=6412"},{"taxonomy":"product_cat","embeddable":true,"href":"https:\/\/dekastar.lt\/lv\/wp-json\/wp\/v2\/product_cat?post=6412"},{"taxonomy":"product_tag","embeddable":true,"href":"https:\/\/dekastar.lt\/lv\/wp-json\/wp\/v2\/product_tag?post=6412"}],"curies":[{"name":"wp","href":"https:\/\/api.w.org\/{rel}","templated":true}]}}