{"id":6448,"date":"2024-03-19T16:45:26","date_gmt":"2024-03-19T16:45:26","guid":{"rendered":"https:\/\/dekastar.lt\/?post_type=product&#038;p=6448"},"modified":"2025-10-22T12:20:58","modified_gmt":"2025-10-22T12:20:58","slug":"name-it-kombinezonas-kudikiams-zalias-tedis","status":"publish","type":"product","link":"https:\/\/dekastar.lt\/lv\/products\/name-it-kombinezonas-kudikiams-zalias-tedis\/","title":{"rendered":"NAME IT kr\u016b\u0161turis b\u0113rniem \"Green Teddy\""},"content":{"rendered":"<p>NAME IT kr\u016b\u0161turi ir izgatavoti ar m\u012blest\u012bbu un atbild\u012bgu attieksmi pret dabu. Stil\u012bgs, \u0113rts \u0101ra ap\u0123\u0113rbs mazajiem. Tas ir pussezonas t\u0113rps pavasara\/rudens sezon\u0101m. \u0160is biks\u012b\u0161u modelis ir pieejams ar atlok\u0101m\u0101m k\u0101j\u0101m.<\/p>\n<div class=\"pp-content__block pp-content__block--list\">\n<div class=\"pp-content__heading\">\n<h4 class=\"typography typography--header typography--header--h4 typography--color-strong typography--weight-regular typography--desktop\">Par produktu<\/h4>\n<\/div>\n<ul class=\"pp-content__list\">\n<li><span class=\"typography typography--body typography--body--body2 typography--body--lineheight-paragraph typography--color-regular typography--weight-regular typography--desktop\">Materi\u0101ls: 100% poliesteris<\/span><\/li>\n<li><span class=\"typography typography--body typography--body--body2 typography--body--lineheight-paragraph typography--color-regular typography--weight-regular typography--desktop\">saudz\u012bga mazg\u0101\u0161ana temperat\u016br\u0101, kas nep\u0101rsniedz 30 \u02daC<\/span><\/li>\n<li><span class=\"typography typography--body typography--body--body2 typography--body--lineheight-paragraph typography--color-regular typography--weight-regular typography--desktop\">Nav balin\u0101\u0161anas<\/span><\/li>\n<li><span class=\"typography typography--body typography--body--body2 typography--body--lineheight-paragraph typography--color-regular typography--weight-regular typography--desktop\">\u017d\u0101v\u0113t elektrisk\u0101 ve\u013cas \u017e\u0101v\u0113t\u0101j\u0101 ar maig\u0101ko iestat\u012bjumu vai l\u012bdz 60 \u02daC temperat\u016br\u0101.<\/span><\/li>\n<li><span class=\"typography typography--body typography--body--body2 typography--body--lineheight-paragraph typography--color-regular typography--weight-regular typography--desktop\">Gludiniet ar zemas temperat\u016bras gludekli (l\u012bdz 110 \u00b0C).<\/span><\/li>\n<li><span class=\"typography typography--body typography--body--body2 typography--body--lineheight-paragraph typography--color-regular typography--weight-regular typography--desktop\">Neatt\u012briet ar sauso (\u0137\u012bmisko) t\u012br\u012b\u0161anu<\/span><\/li>\n<\/ul>\n<\/div>\n<p>&nbsp;<\/p>\n<p><em><strong>\u00a0\u00a0<\/strong><\/em><\/p>","protected":false},"excerpt":{"rendered":"<p>NAME IT kombinezonai gaminti su meile ir atsakingu po\u017ei\u016briu \u012f gamt\u0105. Stilingas, patogus lauko r\u016bbas patiems ma\u017eiausiems. Tai demisezoninis kombinezonas, skirtas pavasario\/ rudens sezonams. \u0160is kombinezono modelis yra su u\u017elenkiamais koj\u016bgaliais. Apie prek\u0119 Med\u017eiaga: 100% poliesteris \u0160velnus skalbimas ne auk\u0161tesn\u0117je nei 30 \u02daC temperat\u016broje Balinti negalima D\u017eiovinti elektrin\u0117je d\u017eiovykl\u0117je, nusta\u010dius \u0161velniausi\u0105 re\u017eim\u0105 arba iki 60 [&hellip;]<\/p>\n","protected":false},"featured_media":6453,"template":"","meta":{"_acf_changed":false},"pwb-brand":[100],"product_brand":[],"product_cat":[40,68,110],"product_tag":[],"class_list":{"0":"post-6448","1":"product","2":"type-product","3":"status-publish","4":"has-post-thumbnail","6":"pwb-brand-name-it","7":"product_cat-vaikams","8":"product_cat-kombinezonai","9":"product_cat-sezoniniai-kombinezonai","10":"pa_drabuziu-dydis-50-56","12":"first","13":"instock","14":"sale","15":"shipping-taxable","16":"purchasable","17":"product-type-variable"},"supplier_id":null,"supplier_sku":"","barcode":null,"atum_controlled":true,"out_stock_date":null,"out_stock_threshold":null,"inheritable":false,"inbound_stock":null,"stock_on_hold":0,"sold_today":0,"sales_last_days":0,"reserved_stock":null,"customer_returns":null,"warehouse_damage":null,"lost_in_post":null,"other_logs":null,"out_stock_days":0,"lost_sales":0,"has_location":null,"update_date":"2026-04-29T03:16:14","atum_locations":[],"atum_stock_status":"instock","restock_status":false,"low_stock_amount":"","sales_update_date":"2026-04-29T03:16:14","calc_backorders":null,"acf":[],"brands":[{"id":100,"name":"NAME IT","slug":"name-it"}],"_links":{"self":[{"href":"https:\/\/dekastar.lt\/lv\/wp-json\/wp\/v2\/product\/6448","targetHints":{"allow":["GET"]}}],"collection":[{"href":"https:\/\/dekastar.lt\/lv\/wp-json\/wp\/v2\/product"}],"about":[{"href":"https:\/\/dekastar.lt\/lv\/wp-json\/wp\/v2\/types\/product"}],"wp:featuredmedia":[{"embeddable":true,"href":"https:\/\/dekastar.lt\/lv\/wp-json\/wp\/v2\/media\/6453"}],"wp:attachment":[{"href":"https:\/\/dekastar.lt\/lv\/wp-json\/wp\/v2\/media?parent=6448"}],"wp:term":[{"taxonomy":"pwb-brand","embeddable":true,"href":"https:\/\/dekastar.lt\/lv\/wp-json\/wp\/v2\/pwb-brand?post=6448"},{"taxonomy":"product_brand","embeddable":true,"href":"https:\/\/dekastar.lt\/lv\/wp-json\/wp\/v2\/product_brand?post=6448"},{"taxonomy":"product_cat","embeddable":true,"href":"https:\/\/dekastar.lt\/lv\/wp-json\/wp\/v2\/product_cat?post=6448"},{"taxonomy":"product_tag","embeddable":true,"href":"https:\/\/dekastar.lt\/lv\/wp-json\/wp\/v2\/product_tag?post=6448"}],"curies":[{"name":"wp","href":"https:\/\/api.w.org\/{rel}","templated":true}]}}