{"id":6781,"date":"2024-04-29T13:20:44","date_gmt":"2024-04-29T13:20:44","guid":{"rendered":"https:\/\/dekastar.lt\/?post_type=product&#038;p=6781"},"modified":"2025-10-22T12:21:06","modified_gmt":"2025-10-22T12:21:06","slug":"teva-sandalai-originals-moterims-margos-wind-multi","status":"publish","type":"product","link":"https:\/\/dekastar.lt\/lv\/products\/teva-sandalai-originals-moterims-margos-wind-multi\/","title":{"rendered":"TEVA sandales Originals sieviet\u0113m (Br\u016bn\u0101 kr\u0101s\u0101)"},"content":{"rendered":"<p>Neatkar\u012bgi no t\u0101, ko dar\u0101t - uz sauszemes vai \u016bden\u012b, - Teva Original sandales nodro\u0161in\u0101s j\u016bsu ce\u013cojumu komfortu.<\/p>\n<div class=\"js-page-slide-content\">\n<p><strong>Teva Original Universal sievie\u0161u apavi<\/strong><\/p>\n<p>\u0160\u012bs ir vienas no pirmaj\u0101m Teva sandales, kas ar sav\u0101m utilit\u0101raj\u0101m dizaina deta\u013c\u0101m l\u012bdz pat \u0161ai dienai ir paliku\u0161as k\u0101 m\u016b\u017e\u012bgs mantojums - no 1984. gada, kad ar plostu p\u0101rbrauc\u0101m Lielo kanjonu, l\u012bdz pat pasaules apce\u013co\u0161anai.<\/p>\n<p>T\u0101pat k\u0101 visi lieliskie piedz\u012bvojumi, ar\u012b ce\u013c\u0161 uz ilgtsp\u0113ju s\u0101kas ar vienu soli! 2020 100% Teva Legendary Straps ir izgatavoti no p\u0101rstr\u0101d\u0101tas plastmasas.<\/p>\n<ul>\n<li>\u0100tri \u017e\u016bsto\u0161as, \u012bpa\u0161i iztur\u012bgas poliestera siksnas;<\/li>\n<li>Regul\u0113jamas siksni\u0146as ar Velcro aizdari;<\/li>\n<li>Univers\u0101la stiprin\u0101juma sist\u0113ma;<\/li>\n<li>M\u012bksts EVA zol\u012btes ieliktnis<\/li>\n<li>Iztur\u012bgais Durabrasion Rubber\u2122 \u0101r\u0113jais zoli\u0146\u0161 ir \u012bpa\u0161i iztur\u012bgs un labi sa\u0137eras ar liel\u0101ko da\u013cu ce\u013ca segumu.<\/li>\n<\/ul>\n<ul>\n<li>Izcelsmes valsts: \u0136\u012bna\/Hongkonga\/Vjetnama.<\/li>\n<\/ul>\n<p>IZM\u0112RU TABULA:<\/p>\n<p>&nbsp;<\/p>\n<table class=\"dydziu_lentele\" border=\"0\" width=\"256\" cellspacing=\"0\" cellpadding=\"0\">\n<colgroup>\n<col span=\"4\" width=\"64\" \/> <\/colgroup>\n<tbody>\n<tr>\n<td class=\"xl66\" width=\"64\" height=\"21\">ES<\/td>\n<td class=\"xl66\" width=\"64\">APVIENOT\u0100 KARALISTE<\/td>\n<td class=\"xl66\" width=\"64\">ASV<\/td>\n<td class=\"xl66\" width=\"64\">CM<\/td>\n<\/tr>\n<tr>\n<td class=\"xl65\" width=\"64\" height=\"20\">36<\/td>\n<td class=\"xl65\" width=\"64\">3<\/td>\n<td class=\"xl65\" width=\"64\">5<\/td>\n<td class=\"xl65\" width=\"64\">22<\/td>\n<\/tr>\n<tr>\n<td class=\"xl65\" width=\"64\" height=\"20\">36.5<\/td>\n<td class=\"xl65\" width=\"64\">3.5<\/td>\n<td class=\"xl65\" width=\"64\">5.5<\/td>\n<td class=\"xl65\" width=\"64\">22.5<\/td>\n<\/tr>\n<tr>\n<td class=\"xl65\" width=\"64\" height=\"20\">37<\/td>\n<td class=\"xl65\" width=\"64\">4<\/td>\n<td class=\"xl65\" width=\"64\">6<\/td>\n<td class=\"xl65\" width=\"64\">23<\/td>\n<\/tr>\n<tr>\n<td class=\"xl65\" width=\"64\" height=\"20\">37.5<\/td>\n<td class=\"xl65\" width=\"64\">4.5<\/td>\n<td class=\"xl65\" width=\"64\">6.5<\/td>\n<td class=\"xl65\" width=\"64\">23.5<\/td>\n<\/tr>\n<tr>\n<td class=\"xl65\" width=\"64\" height=\"20\">38<\/td>\n<td class=\"xl65\" width=\"64\">5<\/td>\n<td class=\"xl65\" width=\"64\">7<\/td>\n<td class=\"xl65\" width=\"64\">24<\/td>\n<\/tr>\n<tr>\n<td class=\"xl65\" width=\"64\" height=\"20\">38.5<\/td>\n<td class=\"xl65\" width=\"64\">5.5<\/td>\n<td class=\"xl65\" width=\"64\">7.5<\/td>\n<td class=\"xl65\" width=\"64\">24.5<\/td>\n<\/tr>\n<tr>\n<td class=\"xl65\" width=\"64\" height=\"20\">39<\/td>\n<td class=\"xl65\" width=\"64\">6<\/td>\n<td class=\"xl65\" width=\"64\">8<\/td>\n<td class=\"xl65\" width=\"64\">25<\/td>\n<\/tr>\n<tr>\n<td class=\"xl65\" width=\"64\" height=\"20\">39.5<\/td>\n<td class=\"xl65\" width=\"64\">6.5<\/td>\n<td class=\"xl65\" width=\"64\">8.5<\/td>\n<td class=\"xl65\" width=\"64\">25.5<\/td>\n<\/tr>\n<tr>\n<td class=\"xl65\" width=\"64\" height=\"20\">40<\/td>\n<td class=\"xl65\" width=\"64\">7<\/td>\n<td class=\"xl65\" width=\"64\">9<\/td>\n<td class=\"xl65\" width=\"64\">26<\/td>\n<\/tr>\n<tr>\n<td class=\"xl65\" width=\"64\" height=\"20\">40.5<\/td>\n<td class=\"xl65\" width=\"64\">7.5<\/td>\n<td class=\"xl65\" width=\"64\">9.5<\/td>\n<td class=\"xl65\" width=\"64\">26.5<\/td>\n<\/tr>\n<tr>\n<td class=\"xl65\" width=\"64\" height=\"20\">41<\/td>\n<td class=\"xl65\" width=\"64\">8<\/td>\n<td class=\"xl65\" width=\"64\">10<\/td>\n<td class=\"xl65\" width=\"64\">27<\/td>\n<\/tr>\n<tr>\n<td class=\"xl65\" width=\"64\" height=\"20\">41.5<\/td>\n<td class=\"xl65\" width=\"64\">8.5<\/td>\n<td class=\"xl65\" width=\"64\">10.5<\/td>\n<td class=\"xl65\" width=\"64\">27.5<\/td>\n<\/tr>\n<tr>\n<td class=\"xl65\" width=\"64\" height=\"20\">42<\/td>\n<td class=\"xl65\" width=\"64\">9<\/td>\n<td class=\"xl65\" width=\"64\">11<\/td>\n<td class=\"xl65\" width=\"64\">28<\/td>\n<\/tr>\n<tr>\n<td class=\"xl65\" width=\"64\" height=\"20\">42.5<\/td>\n<td class=\"xl65\" width=\"64\">9.5<\/td>\n<td class=\"xl65\" width=\"64\">11.5<\/td>\n<td class=\"xl65\" width=\"64\">28.5<\/td>\n<\/tr>\n<tr>\n<td class=\"xl65\" width=\"64\" height=\"20\">43<\/td>\n<td class=\"xl65\" width=\"64\">10<\/td>\n<td class=\"xl65\" width=\"64\">12<\/td>\n<td class=\"xl65\" width=\"64\">29<\/td>\n<\/tr>\n<\/tbody>\n<\/table>\n<\/div>","protected":false},"excerpt":{"rendered":"<p>Nesvarbu kokia veikla u\u017esiimtum\u0117te \u2013 ar ant \u017eem\u0117s, ar vandenyje Teva Original\u00a0 sandalai suteiks patogumo tavo kelion\u0117ms. Teva Original Universal Women&#8217;s Pradedant 1984 met\u0173 raftingu Did\u017eiuoju Kanjonu ir pabaigiant kelion\u0117mis aplink pasaul\u012f, tai vienas i\u0161 pirm\u0173j\u0173 Teva sandal\u0173, kuris i\u0161liko\u00a0lyg nesenstantis palikimas iki \u0161i\u0173 dien\u0173 su utilitarinio dizaino detal\u0117mis. Kaip ir visi puik\u016bs nuotykiai, kelias [&hellip;]<\/p>\n","protected":false},"featured_media":6798,"template":"","meta":{"_acf_changed":false},"pwb-brand":[280],"product_brand":[],"product_cat":[38,42],"product_tag":[],"class_list":{"0":"post-6781","1":"product","2":"type-product","3":"status-publish","4":"has-post-thumbnail","6":"pwb-brand-teva","7":"product_cat-moterims","8":"product_cat-avalyne","9":"pa_avalynes-dydis-91","10":"pa_avalynes-dydis-95","11":"pa_avalynes-dydis-126","13":"first","14":"instock","15":"sale","16":"shipping-taxable","17":"purchasable","18":"product-type-variable"},"supplier_id":null,"supplier_sku":"","barcode":null,"atum_controlled":true,"out_stock_date":null,"out_stock_threshold":null,"inheritable":false,"inbound_stock":null,"stock_on_hold":0,"sold_today":0,"sales_last_days":0,"reserved_stock":null,"customer_returns":null,"warehouse_damage":null,"lost_in_post":null,"other_logs":null,"out_stock_days":0,"lost_sales":0,"has_location":null,"update_date":"2026-04-27T03:14:24","atum_locations":[],"atum_stock_status":"instock","restock_status":false,"low_stock_amount":"","sales_update_date":"2026-04-27T03:14:24","calc_backorders":null,"acf":[],"brands":[{"id":280,"name":"TEVA","slug":"teva"}],"_links":{"self":[{"href":"https:\/\/dekastar.lt\/lv\/wp-json\/wp\/v2\/product\/6781","targetHints":{"allow":["GET"]}}],"collection":[{"href":"https:\/\/dekastar.lt\/lv\/wp-json\/wp\/v2\/product"}],"about":[{"href":"https:\/\/dekastar.lt\/lv\/wp-json\/wp\/v2\/types\/product"}],"wp:featuredmedia":[{"embeddable":true,"href":"https:\/\/dekastar.lt\/lv\/wp-json\/wp\/v2\/media\/6798"}],"wp:attachment":[{"href":"https:\/\/dekastar.lt\/lv\/wp-json\/wp\/v2\/media?parent=6781"}],"wp:term":[{"taxonomy":"pwb-brand","embeddable":true,"href":"https:\/\/dekastar.lt\/lv\/wp-json\/wp\/v2\/pwb-brand?post=6781"},{"taxonomy":"product_brand","embeddable":true,"href":"https:\/\/dekastar.lt\/lv\/wp-json\/wp\/v2\/product_brand?post=6781"},{"taxonomy":"product_cat","embeddable":true,"href":"https:\/\/dekastar.lt\/lv\/wp-json\/wp\/v2\/product_cat?post=6781"},{"taxonomy":"product_tag","embeddable":true,"href":"https:\/\/dekastar.lt\/lv\/wp-json\/wp\/v2\/product_tag?post=6781"}],"curies":[{"name":"wp","href":"https:\/\/api.w.org\/{rel}","templated":true}]}}