{"id":6863,"date":"2024-04-30T10:35:05","date_gmt":"2024-04-30T10:35:05","guid":{"rendered":"https:\/\/dekastar.lt\/?post_type=product&#038;p=6863"},"modified":"2025-10-22T12:21:09","modified_gmt":"2025-10-22T12:21:09","slug":"crocs-bayaband-basutes-alyvines","status":"publish","type":"product","link":"https:\/\/dekastar.lt\/lv\/products\/crocs-bayaband-basutes-alyvines\/","title":{"rendered":"Crocs Bayaband basut\u0117s (Alyvin\u0117s)"},"content":{"rendered":"<div class=\"collapse-block active\">\n<h6 class=\"title js-page-slide-open\" data-rel=\"collapse-product-description\">Produkta apraksts<\/h6>\n<div id=\"collapse-product-description\" class=\"js-page-slide\">\n<div class=\"js-page-slide-content\">\n<p>Jautr\u0101s kr\u0101sas un stils apvienojas Crocs\u2122 b\u0113rnu model\u012b. Kr\u0101su da\u017e\u0101d\u012bba un \u0113rtums nodro\u0161in\u0101s, ka j\u016bsu b\u0113rns nekad nev\u0113l\u0113sies no\u0146emt apavus.<\/p>\n<ul>\n<li>Sportisks zol\u012btes ieliktnis;<\/li>\n<li>Papildu regul\u0113jama siksna \u0113rt\u0101kai pielaiko\u0161anai un k\u0101ju dro\u0161\u012bbai;<\/li>\n<li>Piln\u012bb\u0101 veidotas no Croslite\u2122 materi\u0101la maksim\u0101lam komfortam;<\/li>\n<li>Jibbitz piel\u0101gotas ventil\u0101cijas atveres<sup>TM<\/sup>\u00a0piederumiem;<\/li>\n<li>Iesaka ortop\u0113di.<\/li>\n<\/ul>\n<p><strong>Sast\u0101vs:<\/strong> Croslite\u2122 (\u0101r\u0113j\u0101 da\u013ca), Croslite\u2122 (iek\u0161\u0113j\u0101 da\u013ca), Croslite\u2122 (zole).<\/p>\n<p><strong>Izcelsmes valsts:<\/strong>\u00a0\u0136\u012bna\/Bosnija\/\u0160veice\/Vjetnama.<\/p>\n<\/div>\n<table class=\"dydziu_lentele\" style=\"height: 587px;\" border=\"0\" width=\"539\" cellspacing=\"0\" cellpadding=\"0\">\n<tbody>\n<tr>\n<td class=\"xl65\" rowspan=\"2\" width=\"64\" height=\"73\">ASV<\/td>\n<td class=\"xl65\" rowspan=\"2\" width=\"64\">APVIENOT\u0100 KARALISTE<\/td>\n<td class=\"xl65\" rowspan=\"2\" width=\"64\">ES (t\u012bmek\u013ca vietnes lielums)<\/td>\n<td class=\"xl65\" rowspan=\"2\" width=\"64\">Ra\u017eot\u0101ja izm\u0113rs uz eti\u0137etes<\/td>\n<td class=\"xl65\" width=\"64\">mm<\/td>\n<\/tr>\n<tr>\n<td class=\"xl65\" width=\"64\" height=\"54\">(provizoriskais zol\u012btes garums)<\/td>\n<\/tr>\n<tr>\n<td class=\"xl66\" width=\"64\" height=\"19\">C2<\/td>\n<td class=\"xl66\" width=\"64\">2<\/td>\n<td class=\"xl66\" width=\"64\"><\/td>\n<td class=\"xl66\" width=\"64\">17-18<\/td>\n<td class=\"xl66\" width=\"64\">98<\/td>\n<\/tr>\n<tr>\n<td class=\"xl66\" width=\"64\" height=\"19\">C3<\/td>\n<td class=\"xl66\" width=\"64\">3<\/td>\n<td class=\"xl66\" width=\"64\"><\/td>\n<td class=\"xl66\" width=\"64\">18-19<\/td>\n<td class=\"xl66\" width=\"64\">107<\/td>\n<\/tr>\n<tr>\n<td class=\"xl66\" width=\"64\" height=\"19\">C4<\/td>\n<td class=\"xl66\" width=\"64\">4<\/td>\n<td class=\"xl66\" width=\"64\">21<\/td>\n<td class=\"xl66\" width=\"64\">19-20<\/td>\n<td class=\"xl66\" width=\"64\">115<\/td>\n<\/tr>\n<tr>\n<td class=\"xl66\" width=\"64\" height=\"19\">C5<\/td>\n<td class=\"xl66\" width=\"64\">5<\/td>\n<td class=\"xl66\" width=\"64\">22<\/td>\n<td class=\"xl66\" width=\"64\">20-21<\/td>\n<td class=\"xl66\" width=\"64\">123<\/td>\n<\/tr>\n<tr>\n<td class=\"xl66\" width=\"64\" height=\"19\">C6<\/td>\n<td class=\"xl66\" width=\"64\">6<\/td>\n<td class=\"xl66\" width=\"64\">23<\/td>\n<td class=\"xl66\" width=\"64\">22-23<\/td>\n<td class=\"xl66\" width=\"64\">132<\/td>\n<\/tr>\n<tr>\n<td class=\"xl66\" width=\"64\" height=\"19\">C7<\/td>\n<td class=\"xl66\" width=\"64\">7<\/td>\n<td class=\"xl66\" width=\"64\">24<\/td>\n<td class=\"xl66\" width=\"64\">23-24<\/td>\n<td class=\"xl66\" width=\"64\">140<\/td>\n<\/tr>\n<tr>\n<td class=\"xl66\" width=\"64\" height=\"19\">C8<\/td>\n<td class=\"xl66\" width=\"64\">8<\/td>\n<td class=\"xl66\" width=\"64\">25<\/td>\n<td class=\"xl66\" width=\"64\">24-25<\/td>\n<td class=\"xl66\" width=\"64\">149<\/td>\n<\/tr>\n<tr>\n<td class=\"xl66\" width=\"64\" height=\"19\">C9<\/td>\n<td class=\"xl66\" width=\"64\">9<\/td>\n<td class=\"xl66\" width=\"64\">26<\/td>\n<td class=\"xl66\" width=\"64\">25-26<\/td>\n<td class=\"xl66\" width=\"64\">157<\/td>\n<\/tr>\n<tr>\n<td class=\"xl66\" width=\"64\" height=\"19\">C10<\/td>\n<td class=\"xl66\" width=\"64\">10<\/td>\n<td class=\"xl66\" width=\"64\">27<\/td>\n<td class=\"xl66\" width=\"64\">27-28<\/td>\n<td class=\"xl66\" width=\"64\">166<\/td>\n<\/tr>\n<tr>\n<td class=\"xl66\" width=\"64\" height=\"19\">C11<\/td>\n<td class=\"xl66\" width=\"64\">11<\/td>\n<td class=\"xl66\" width=\"64\">28<\/td>\n<td class=\"xl66\" width=\"64\">28-29<\/td>\n<td class=\"xl66\" width=\"64\">174<\/td>\n<\/tr>\n<tr>\n<td class=\"xl66\" width=\"64\" height=\"19\">C12<\/td>\n<td class=\"xl66\" width=\"64\">12<\/td>\n<td class=\"xl66\" width=\"64\">29<\/td>\n<td class=\"xl66\" width=\"64\">29-30<\/td>\n<td class=\"xl66\" width=\"64\">183<\/td>\n<\/tr>\n<tr>\n<td class=\"xl66\" width=\"64\" height=\"19\">C13<\/td>\n<td class=\"xl66\" width=\"64\">13<\/td>\n<td class=\"xl66\" width=\"64\">30<\/td>\n<td class=\"xl66\" width=\"64\">30-31<\/td>\n<td class=\"xl66\" width=\"64\">191<\/td>\n<\/tr>\n<tr>\n<td class=\"xl66\" width=\"64\" height=\"19\">J1<\/td>\n<td class=\"xl66\" width=\"64\">1<\/td>\n<td class=\"xl66\" width=\"64\">32<\/td>\n<td class=\"xl66\" width=\"64\">32-33<\/td>\n<td class=\"xl66\" width=\"64\">200<\/td>\n<\/tr>\n<tr>\n<td class=\"xl66\" width=\"64\" height=\"19\">J2<\/td>\n<td class=\"xl66\" width=\"64\">2<\/td>\n<td class=\"xl66\" width=\"64\">33,5<\/td>\n<td class=\"xl66\" width=\"64\">33-34<\/td>\n<td class=\"xl66\" width=\"64\">208<\/td>\n<\/tr>\n<tr>\n<td class=\"xl66\" width=\"64\" height=\"19\">J3<\/td>\n<td class=\"xl66\" width=\"64\">3<\/td>\n<td class=\"xl66\" width=\"64\">35<\/td>\n<td class=\"xl66\" width=\"64\">34-35<\/td>\n<td class=\"xl66\" width=\"64\">217<\/td>\n<\/tr>\n<tr>\n<td class=\"xl66\" width=\"64\" height=\"19\">J4<\/td>\n<td class=\"xl66\" width=\"64\">4<\/td>\n<td class=\"xl66\" width=\"64\">36,5<\/td>\n<td class=\"xl66\" width=\"64\">36-37<\/td>\n<td class=\"xl66\" width=\"64\">225<\/td>\n<\/tr>\n<tr>\n<td class=\"xl66\" width=\"64\" height=\"19\">J5<\/td>\n<td class=\"xl66\" width=\"64\">5<\/td>\n<td class=\"xl66\" width=\"64\">37,5<\/td>\n<td class=\"xl66\" width=\"64\">37-38<\/td>\n<td class=\"xl66\" width=\"64\">233<\/td>\n<\/tr>\n<tr>\n<td class=\"xl66\" width=\"64\" height=\"19\">J6<\/td>\n<td class=\"xl66\" width=\"64\">6<\/td>\n<td class=\"xl66\" width=\"64\">38,5<\/td>\n<td class=\"xl66\" width=\"64\">38-39<\/td>\n<td class=\"xl66\" width=\"64\">242<\/td>\n<\/tr>\n<\/tbody>\n<\/table>\n<\/div>\n<\/div>","protected":false},"excerpt":{"rendered":"<p>Produkto apra\u0161ymas Nuotaikingos spalvos ir stilius &#8211; visa tai dera vaiki\u0161kame Crocs\u2122\u00a0 modelyje. Spalv\u0173 \u012fvairov\u0117 bei patogumas u\u017etikrins, kad vaikas n\u0117 nenor\u0117s bat\u0173 nusiauti. Sportinis pado intarpas; Papildomas reguliuojamas dir\u017eelis lengvesniam apsiavimui bei p\u0117dos saugumui; Pilnai i\u0161\u00a0Croslite\u2122\u00a0med\u017eiagos i\u0161lieti batukai maksimaliam komfortui; Ventiliacin\u0117s angos pritaikytos\u00a0JibbitzTM\u00a0aksesuarams; Rekomenduojama ortoped\u0173. Sud\u0117tis: Croslite\u2122 (i\u0161or\u0117), Croslite\u2122\u00a0 (vidus), Croslite\u2122\u00a0 (padas). Kilm\u0117s \u0161alis:\u00a0Kinija\/ [&hellip;]<\/p>\n","protected":false},"featured_media":6871,"template":"","meta":{"_acf_changed":false},"pwb-brand":[240],"product_brand":[],"product_cat":[40,48],"product_tag":[],"class_list":{"0":"post-6863","1":"product","2":"type-product","3":"status-publish","4":"has-post-thumbnail","6":"pwb-brand-crocs","7":"product_cat-vaikams","8":"product_cat-avalyne-vaikams","9":"pa_avalynes-dydis-130","11":"first","12":"outofstock","13":"shipping-taxable","14":"product-type-variable"},"supplier_id":null,"supplier_sku":"","barcode":null,"atum_controlled":true,"out_stock_date":null,"out_stock_threshold":null,"inheritable":false,"inbound_stock":null,"stock_on_hold":0,"sold_today":0,"sales_last_days":0,"reserved_stock":null,"customer_returns":null,"warehouse_damage":null,"lost_in_post":null,"other_logs":null,"out_stock_days":0,"lost_sales":0,"has_location":null,"update_date":"2026-04-16T00:37:35","atum_locations":[],"atum_stock_status":"outofstock","restock_status":false,"low_stock_amount":"","sales_update_date":"2026-04-16T00:37:35","calc_backorders":null,"acf":[],"brands":[{"id":240,"name":"CROCS","slug":"crocs"}],"_links":{"self":[{"href":"https:\/\/dekastar.lt\/lv\/wp-json\/wp\/v2\/product\/6863","targetHints":{"allow":["GET"]}}],"collection":[{"href":"https:\/\/dekastar.lt\/lv\/wp-json\/wp\/v2\/product"}],"about":[{"href":"https:\/\/dekastar.lt\/lv\/wp-json\/wp\/v2\/types\/product"}],"wp:featuredmedia":[{"embeddable":true,"href":"https:\/\/dekastar.lt\/lv\/wp-json\/wp\/v2\/media\/6871"}],"wp:attachment":[{"href":"https:\/\/dekastar.lt\/lv\/wp-json\/wp\/v2\/media?parent=6863"}],"wp:term":[{"taxonomy":"pwb-brand","embeddable":true,"href":"https:\/\/dekastar.lt\/lv\/wp-json\/wp\/v2\/pwb-brand?post=6863"},{"taxonomy":"product_brand","embeddable":true,"href":"https:\/\/dekastar.lt\/lv\/wp-json\/wp\/v2\/product_brand?post=6863"},{"taxonomy":"product_cat","embeddable":true,"href":"https:\/\/dekastar.lt\/lv\/wp-json\/wp\/v2\/product_cat?post=6863"},{"taxonomy":"product_tag","embeddable":true,"href":"https:\/\/dekastar.lt\/lv\/wp-json\/wp\/v2\/product_tag?post=6863"}],"curies":[{"name":"wp","href":"https:\/\/api.w.org\/{rel}","templated":true}]}}