{"id":6920,"date":"2024-05-08T14:03:19","date_gmt":"2024-05-08T14:03:19","guid":{"rendered":"https:\/\/dekastar.lt\/?post_type=product&#038;p=6920"},"modified":"2026-03-08T13:33:02","modified_gmt":"2026-03-08T13:33:02","slug":"name-it-lauko-liemene-block","status":"publish","type":"product","link":"https:\/\/dekastar.lt\/lv\/products\/name-it-lauko-liemene-block\/","title":{"rendered":"NAME IT \u0101ra veste BLOCK"},"content":{"rendered":"<p>NAME IT BLOCK veste ir lieliska izv\u0113le b\u0113rnam nedaudz v\u0113s\u0101k\u0101 laik\u0101. T\u0101 ir ide\u0101li piem\u0113rota no pavasara l\u012bdz rudenim, kad vairs nav nepiecie\u0161ama jaka, bet laiks joproj\u0101m ir karsts. \u012apa\u0161\u012bbas. Klasiska un \u0113rta r\u0101v\u0113jsl\u0113dz\u0113ja aizdare. Vestei ir \u012bss piegriezums. S\u0101nu kabatas. Iek\u0161\u0113j\u0101 odere: p\u0101rstr\u0101d\u0101ts poliesteris. Papildu poliestera polster\u0113jums komfortam un siltumam. Papildu atstarojo\u0161as deta\u013cas dro\u0161\u012bbai. Lielisks kr\u0101su p\u0101rkl\u0101jums pa visu vestes virsmu. Sast\u0101vs: 100% p\u0101rstr\u0101d\u0101ts poliesteris.<\/p>","protected":false},"excerpt":{"rendered":"<p>NAME IT liemen\u0117 BLOCK- puikus pasirinkimas vaikui kiek v\u0117sesniems orams. Tai idealus r\u016bbas nuo pavasario iki pat rudens, kuomet striuk\u0117s jau nebesinori, bet oras dar nelepina kar\u0161\u010diu. Savyb\u0117s: Auk\u0161tai stovinti \u0161ilta apykakl\u0117. Klasikinis ir patogus u\u017esegimas u\u017etrauktuku. Liemen\u0117 yra trumpo kirpimo. \u0160onin\u0117s ki\u0161en\u0117s. Vidinis pamu\u0161alas: perdirbtas poliesteris. Papildomi poliesterio pa\u0161iltinimai patogumui ir \u0161ilumai. Papildomos \u0161vies\u0105 [&hellip;]<\/p>\n","protected":false},"featured_media":6928,"template":"","meta":{"_acf_changed":false},"pwb-brand":[100],"product_brand":[],"product_cat":[40,55,239],"product_tag":[],"class_list":{"0":"post-6920","1":"product","2":"type-product","3":"status-publish","4":"has-post-thumbnail","6":"pwb-brand-name-it","7":"product_cat-vaikams","8":"product_cat-apranga-laisvalaikiui-vaikams","9":"product_cat-liemenes","10":"pa_drabuziu-dydis-156","11":"pa_drabuziu-dydis-157","12":"pa_drabuziu-dydis-282","13":"pa_drabuziu-dydis-150","15":"first","16":"instock","17":"sale","18":"shipping-taxable","19":"purchasable","20":"product-type-variable"},"supplier_id":null,"supplier_sku":"","barcode":null,"atum_controlled":true,"out_stock_date":null,"out_stock_threshold":null,"inheritable":false,"inbound_stock":null,"stock_on_hold":0,"sold_today":0,"sales_last_days":0,"reserved_stock":null,"customer_returns":null,"warehouse_damage":null,"lost_in_post":null,"other_logs":null,"out_stock_days":0,"lost_sales":0,"has_location":null,"update_date":"2026-05-04T03:17:06","atum_locations":[],"atum_stock_status":"instock","restock_status":false,"low_stock_amount":"","sales_update_date":"2026-05-04T03:17:06","calc_backorders":null,"acf":[],"brands":[{"id":100,"name":"NAME IT","slug":"name-it"}],"_links":{"self":[{"href":"https:\/\/dekastar.lt\/lv\/wp-json\/wp\/v2\/product\/6920","targetHints":{"allow":["GET"]}}],"collection":[{"href":"https:\/\/dekastar.lt\/lv\/wp-json\/wp\/v2\/product"}],"about":[{"href":"https:\/\/dekastar.lt\/lv\/wp-json\/wp\/v2\/types\/product"}],"wp:featuredmedia":[{"embeddable":true,"href":"https:\/\/dekastar.lt\/lv\/wp-json\/wp\/v2\/media\/6928"}],"wp:attachment":[{"href":"https:\/\/dekastar.lt\/lv\/wp-json\/wp\/v2\/media?parent=6920"}],"wp:term":[{"taxonomy":"pwb-brand","embeddable":true,"href":"https:\/\/dekastar.lt\/lv\/wp-json\/wp\/v2\/pwb-brand?post=6920"},{"taxonomy":"product_brand","embeddable":true,"href":"https:\/\/dekastar.lt\/lv\/wp-json\/wp\/v2\/product_brand?post=6920"},{"taxonomy":"product_cat","embeddable":true,"href":"https:\/\/dekastar.lt\/lv\/wp-json\/wp\/v2\/product_cat?post=6920"},{"taxonomy":"product_tag","embeddable":true,"href":"https:\/\/dekastar.lt\/lv\/wp-json\/wp\/v2\/product_tag?post=6920"}],"curies":[{"name":"wp","href":"https:\/\/api.w.org\/{rel}","templated":true}]}}