{"id":7001,"date":"2024-07-08T13:04:00","date_gmt":"2024-07-08T13:04:00","guid":{"rendered":"https:\/\/dekastar.lt\/?post_type=product&#038;p=7001"},"modified":"2025-10-22T12:22:49","modified_gmt":"2025-10-22T12:22:49","slug":"crocs-basutes-crocband-cruiser-levanda","status":"publish","type":"product","link":"https:\/\/dekastar.lt\/lv\/products\/crocs-basutes-crocband-cruiser-levanda\/","title":{"rendered":"Crocs sandales Crocband Cruiser \"Levanda\""},"content":{"rendered":"<div class=\"js-page-slide-content\">\n<div class=\"js-page-slide-content\">\n<p>J\u016bsu mazu\u013ci b\u016bs laim\u012bgi visu dienu, staig\u0101jot ar Crocband\u2122 Cruiser sandal\u0113m. \u0160aj\u0101s ikdienas sandal\u0113s ir viss, kas jums jau pat\u012bk m\u016bsu Crocband\u2122 sandal\u0113s, ta\u010du t\u0101s ir lab\u0101k piegulo\u0161as, regul\u0113jamas un ar aizsarg\u0101jo\u0161iem pirkstu v\u0101ci\u0146iem, kas nodro\u0161ina liel\u0101ku dro\u0161\u012bbu visur - no rota\u013cu laukuma l\u012bdz baseinam. Turkl\u0101t b\u0113rniem patiks par\u0101d\u012bt savu rota\u013c\u012bgo person\u012bbu ar Jibbitz\u2122 noz\u012bm\u012bt\u0113m!<\/p>\n<p>&nbsp;<\/p>\n<p>Inform\u0101cija par Crocband\u2122 Cruiser Sandal z\u012bdai\u0146iem:<\/p>\n<p>&nbsp;<\/p>\n<p>Croslite\u2122 konstrukcija ar p\u0113das profilam piel\u0101gotiem aizsarg\u0101jo\u0161iem pirkstgaliem<\/p>\n<p>Aug\u0161da\u013ca ar div\u0101m siksn\u0101m<\/p>\n<p>Pap\u0113\u017ea un pot\u012btes siksna liel\u0101kam komfortam<\/p>\n<p>Aug\u0161da\u013ca ir piestiprin\u0101ta ar diviem \u0101\u0137iem un cilp\u0101m un siksni\u0146\u0101m ar uzl\u012bm\u0113m.<\/p>\n<p>Viegli un \u0113rti valk\u0101t<\/p>\n<p>Par\u0101diet savu person\u012bbu ar Jibbitz\u2122 noz\u012bm\u012bt\u0113m.<\/p>\n<p>Ikoniskais Crocs Comfort\u2122: vieglums. Elast\u012bba. Visaptvero\u0161s komforts.<\/p>\n<\/div>\n<\/div>\n<table class=\"dydziu_lentele\" style=\"height: 586px;\" border=\"0\" width=\"391\" cellspacing=\"0\" cellpadding=\"0\">\n<tbody>\n<tr>\n<td class=\"xl65\" rowspan=\"2\" width=\"64\" height=\"73\">ASV<\/td>\n<td class=\"xl65\" rowspan=\"2\" width=\"64\">APVIENOT\u0100 KARALISTE<\/td>\n<td class=\"xl65\" rowspan=\"2\" width=\"64\">ES (t\u012bmek\u013ca vietnes lielums)<\/td>\n<td class=\"xl65\" rowspan=\"2\" width=\"64\">Ra\u017eot\u0101ja izm\u0113rs uz eti\u0137etes<\/td>\n<td class=\"xl65\" width=\"64\">mm<\/td>\n<\/tr>\n<tr>\n<td class=\"xl65\" width=\"64\" height=\"54\">(provizoriskais zol\u012btes garums)<\/td>\n<\/tr>\n<tr>\n<td class=\"xl66\" width=\"64\" height=\"19\">C2<\/td>\n<td class=\"xl66\" width=\"64\">2<\/td>\n<td class=\"xl66\" width=\"64\"><\/td>\n<td class=\"xl66\" width=\"64\">17-18<\/td>\n<td class=\"xl66\" width=\"64\">98<\/td>\n<\/tr>\n<tr>\n<td class=\"xl66\" width=\"64\" height=\"19\">C3<\/td>\n<td class=\"xl66\" width=\"64\">3<\/td>\n<td class=\"xl66\" width=\"64\"><\/td>\n<td class=\"xl66\" width=\"64\">18-19<\/td>\n<td class=\"xl66\" width=\"64\">107<\/td>\n<\/tr>\n<tr>\n<td class=\"xl66\" width=\"64\" height=\"19\">C4<\/td>\n<td class=\"xl66\" width=\"64\">4<\/td>\n<td class=\"xl66\" width=\"64\">21<\/td>\n<td class=\"xl66\" width=\"64\">19-20<\/td>\n<td class=\"xl66\" width=\"64\">115<\/td>\n<\/tr>\n<tr>\n<td class=\"xl66\" width=\"64\" height=\"19\">C5<\/td>\n<td class=\"xl66\" width=\"64\">5<\/td>\n<td class=\"xl66\" width=\"64\">22<\/td>\n<td class=\"xl66\" width=\"64\">20-21<\/td>\n<td class=\"xl66\" width=\"64\">123<\/td>\n<\/tr>\n<tr>\n<td class=\"xl66\" width=\"64\" height=\"19\">C6<\/td>\n<td class=\"xl66\" width=\"64\">6<\/td>\n<td class=\"xl66\" width=\"64\">23<\/td>\n<td class=\"xl66\" width=\"64\">22-23<\/td>\n<td class=\"xl66\" width=\"64\">132<\/td>\n<\/tr>\n<tr>\n<td class=\"xl66\" width=\"64\" height=\"19\">C7<\/td>\n<td class=\"xl66\" width=\"64\">7<\/td>\n<td class=\"xl66\" width=\"64\">24<\/td>\n<td class=\"xl66\" width=\"64\">23-24<\/td>\n<td class=\"xl66\" width=\"64\">140<\/td>\n<\/tr>\n<tr>\n<td class=\"xl66\" width=\"64\" height=\"19\">C8<\/td>\n<td class=\"xl66\" width=\"64\">8<\/td>\n<td class=\"xl66\" width=\"64\">25<\/td>\n<td class=\"xl66\" width=\"64\">24-25<\/td>\n<td class=\"xl66\" width=\"64\">149<\/td>\n<\/tr>\n<tr>\n<td class=\"xl66\" width=\"64\" height=\"19\">C9<\/td>\n<td class=\"xl66\" width=\"64\">9<\/td>\n<td class=\"xl66\" width=\"64\">26<\/td>\n<td class=\"xl66\" width=\"64\">25-26<\/td>\n<td class=\"xl66\" width=\"64\">157<\/td>\n<\/tr>\n<tr>\n<td class=\"xl66\" width=\"64\" height=\"19\">C10<\/td>\n<td class=\"xl66\" width=\"64\">10<\/td>\n<td class=\"xl66\" width=\"64\">27<\/td>\n<td class=\"xl66\" width=\"64\">27-28<\/td>\n<td class=\"xl66\" width=\"64\">166<\/td>\n<\/tr>\n<tr>\n<td class=\"xl66\" width=\"64\" height=\"19\">C11<\/td>\n<td class=\"xl66\" width=\"64\">11<\/td>\n<td class=\"xl66\" width=\"64\">28<\/td>\n<td class=\"xl66\" width=\"64\">28-29<\/td>\n<td class=\"xl66\" width=\"64\">174<\/td>\n<\/tr>\n<tr>\n<td class=\"xl66\" width=\"64\" height=\"19\">C12<\/td>\n<td class=\"xl66\" width=\"64\">12<\/td>\n<td class=\"xl66\" width=\"64\">29<\/td>\n<td class=\"xl66\" width=\"64\">29-30<\/td>\n<td class=\"xl66\" width=\"64\">183<\/td>\n<\/tr>\n<tr>\n<td class=\"xl66\" width=\"64\" height=\"19\">C13<\/td>\n<td class=\"xl66\" width=\"64\">13<\/td>\n<td class=\"xl66\" width=\"64\">30<\/td>\n<td class=\"xl66\" width=\"64\">30-31<\/td>\n<td class=\"xl66\" width=\"64\">191<\/td>\n<\/tr>\n<tr>\n<td class=\"xl66\" width=\"64\" height=\"19\">J1<\/td>\n<td class=\"xl66\" width=\"64\">1<\/td>\n<td class=\"xl66\" width=\"64\">32<\/td>\n<td class=\"xl66\" width=\"64\">32-33<\/td>\n<td class=\"xl66\" width=\"64\">200<\/td>\n<\/tr>\n<tr>\n<td class=\"xl66\" width=\"64\" height=\"19\">J2<\/td>\n<td class=\"xl66\" width=\"64\">2<\/td>\n<td class=\"xl66\" width=\"64\">33,5<\/td>\n<td class=\"xl66\" width=\"64\">33-34<\/td>\n<td class=\"xl66\" width=\"64\">208<\/td>\n<\/tr>\n<tr>\n<td class=\"xl66\" width=\"64\" height=\"19\">J3<\/td>\n<td class=\"xl66\" width=\"64\">3<\/td>\n<td class=\"xl66\" width=\"64\">35<\/td>\n<td class=\"xl66\" width=\"64\">34-35<\/td>\n<td class=\"xl66\" width=\"64\">217<\/td>\n<\/tr>\n<tr>\n<td class=\"xl66\" width=\"64\" height=\"19\">J4<\/td>\n<td class=\"xl66\" width=\"64\">4<\/td>\n<td class=\"xl66\" width=\"64\">36,5<\/td>\n<td class=\"xl66\" width=\"64\">36-37<\/td>\n<td class=\"xl66\" width=\"64\">225<\/td>\n<\/tr>\n<tr>\n<td class=\"xl66\" width=\"64\" height=\"19\">J5<\/td>\n<td class=\"xl66\" width=\"64\">5<\/td>\n<td class=\"xl66\" width=\"64\">37,5<\/td>\n<td class=\"xl66\" width=\"64\">37-38<\/td>\n<td class=\"xl66\" width=\"64\">233<\/td>\n<\/tr>\n<tr>\n<td class=\"xl66\" width=\"64\" height=\"19\">J6<\/td>\n<td class=\"xl66\" width=\"64\">6<\/td>\n<td class=\"xl66\" width=\"64\">38,5<\/td>\n<td class=\"xl66\" width=\"64\">38-39<\/td>\n<td class=\"xl66\" width=\"64\">242<\/td>\n<\/tr>\n<\/tbody>\n<\/table>","protected":false},"excerpt":{"rendered":"<p>J\u016bs\u0173 ma\u017eyliai pra\u017eais vis\u0105 dien\u0105 av\u0117dami \u201eCrocband\u2122 Cruiser\u201c sandalus. \u0160ie kasdieniai sandalai \u2013 tai viskas, k\u0105 jau pam\u0117gote apie m\u016bs\u0173 \u201eCrocband\u2122\u201c sandalus, ta\u010diau jie geriau priglunda, yra reguliuojami ir turi apsaugines noseles, kurios u\u017etikrina didesn\u012f saugum\u0105 visur \u2013 nuo \u017eaidim\u0173 aik\u0161tel\u0117s iki baseino. Be to, vaikams ypa\u010d patiks savo \u017eaismingas asmenybes atskleisti su \u201eJibbitz\u2122\u201c \u017eenkliukais! [&hellip;]<\/p>\n","protected":false},"featured_media":7014,"template":"","meta":{"_acf_changed":false},"pwb-brand":[240],"product_brand":[],"product_cat":[40,48],"product_tag":[],"class_list":{"0":"post-7001","1":"product","2":"type-product","3":"status-publish","4":"has-post-thumbnail","6":"pwb-brand-crocs","7":"product_cat-vaikams","8":"product_cat-avalyne-vaikams","9":"pa_avalynes-dydis-134","10":"pa_avalynes-dydis-133","11":"pa_avalynes-dydis-132","12":"pa_avalynes-dydis-131","13":"pa_avalynes-dydis-119","14":"pa_avalynes-dydis-120","15":"pa_avalynes-dydis-122","16":"pa_avalynes-dydis-241","17":"pa_avalynes-dydis-125","19":"first","20":"instock","21":"sale","22":"shipping-taxable","23":"purchasable","24":"product-type-variable"},"supplier_id":null,"supplier_sku":"","barcode":null,"atum_controlled":true,"out_stock_date":null,"out_stock_threshold":null,"inheritable":false,"inbound_stock":null,"stock_on_hold":0,"sold_today":0,"sales_last_days":0,"reserved_stock":null,"customer_returns":null,"warehouse_damage":null,"lost_in_post":null,"other_logs":null,"out_stock_days":0,"lost_sales":0,"has_location":null,"update_date":"2026-04-04T00:32:00","atum_locations":[],"atum_stock_status":"instock","restock_status":false,"low_stock_amount":"","sales_update_date":"2026-04-04T00:32:00","calc_backorders":null,"acf":[],"brands":[{"id":240,"name":"CROCS","slug":"crocs"}],"_links":{"self":[{"href":"https:\/\/dekastar.lt\/lv\/wp-json\/wp\/v2\/product\/7001","targetHints":{"allow":["GET"]}}],"collection":[{"href":"https:\/\/dekastar.lt\/lv\/wp-json\/wp\/v2\/product"}],"about":[{"href":"https:\/\/dekastar.lt\/lv\/wp-json\/wp\/v2\/types\/product"}],"wp:featuredmedia":[{"embeddable":true,"href":"https:\/\/dekastar.lt\/lv\/wp-json\/wp\/v2\/media\/7014"}],"wp:attachment":[{"href":"https:\/\/dekastar.lt\/lv\/wp-json\/wp\/v2\/media?parent=7001"}],"wp:term":[{"taxonomy":"pwb-brand","embeddable":true,"href":"https:\/\/dekastar.lt\/lv\/wp-json\/wp\/v2\/pwb-brand?post=7001"},{"taxonomy":"product_brand","embeddable":true,"href":"https:\/\/dekastar.lt\/lv\/wp-json\/wp\/v2\/product_brand?post=7001"},{"taxonomy":"product_cat","embeddable":true,"href":"https:\/\/dekastar.lt\/lv\/wp-json\/wp\/v2\/product_cat?post=7001"},{"taxonomy":"product_tag","embeddable":true,"href":"https:\/\/dekastar.lt\/lv\/wp-json\/wp\/v2\/product_tag?post=7001"}],"curies":[{"name":"wp","href":"https:\/\/api.w.org\/{rel}","templated":true}]}}