{"id":7040,"date":"2024-08-19T11:57:05","date_gmt":"2024-08-19T11:57:05","guid":{"rendered":"https:\/\/dekastar.lt\/?post_type=product&#038;p=7040"},"modified":"2026-04-26T12:17:05","modified_gmt":"2026-04-26T12:17:05","slug":"lauko-liemene-herojai","status":"publish","type":"product","link":"https:\/\/dekastar.lt\/lv\/products\/lauko-liemene-herojai\/","title":{"rendered":"\u0100ra veste \"Varo\u0146i\""},"content":{"rendered":"<p>Danijos prek\u0117s \u017eenklo NAME IT lauko liemen\u0117 \u017eaismingai vaikystei. Tai stilingas, prakti\u0161kas ir itin vaik\u0173 m\u0117gstamas r\u016bbas. \u017daismingas linksm\u0173j\u0173 heroj\u0173 ra\u0161tas, ry\u0161kios ir itin mergaiti\u0161kos spalvos.<\/p>\n<p>Produkta \u012bpa\u0161\u012bbas:<\/p>\n<p>1. Kremin\u0117s spalvos liemen\u0117 su ro\u017einiais apvadais<\/p>\n<p>2. Gobtuvas<\/p>\n<p>3. I\u0161or\u0117s ki\u0161en\u0117s<\/p>\n<p>4. Vidinis poliesterio pamu\u0161alas<\/p>\n<p>5. U\u017etrauktukas ir apsauga nuo \u012ftraukimo<\/p>\n<p>6. Sud\u0117tis: 100% perdirbtas poliesteris<\/p>","protected":false},"excerpt":{"rendered":"<p>Danijos prek\u0117s \u017eenklo NAME IT lauko liemen\u0117 \u017eaismingai vaikystei. Tai stilingas, prakti\u0161kas ir itin vaik\u0173 m\u0117gstamas r\u016bbas. \u017daismingas linksm\u0173j\u0173 heroj\u0173 ra\u0161tas, ry\u0161kios ir itin mergaiti\u0161kos spalvos. Prek\u0117s savyb\u0117s: 1. Kremin\u0117s spalvos liemen\u0117 su ro\u017einiais apvadais 2. Gobtuvas 3. I\u0161or\u0117s ki\u0161en\u0117s 4. Vidinis poliesterio pamu\u0161alas 5. U\u017etrauktukas ir apsauga nuo \u012ftraukimo 6. Sud\u0117tis: 100% perdirbtas poliesteris<\/p>","protected":false},"featured_media":7048,"template":"","meta":{"_acf_changed":false},"pwb-brand":[100],"product_brand":[],"product_cat":[40,55,239],"product_tag":[],"class_list":{"0":"post-7040","1":"product","2":"type-product","3":"status-publish","4":"has-post-thumbnail","6":"pwb-brand-name-it","7":"product_cat-vaikams","8":"product_cat-apranga-laisvalaikiui-vaikams","9":"product_cat-liemenes","10":"pa_drabuziu-dydis-144","11":"pa_drabuziu-dydis-145","12":"pa_drabuziu-dydis-146","13":"pa_drabuziu-dydis-215","14":"pa_drabuziu-dydis-148","15":"pa_drabuziu-dydis-142","17":"first","18":"instock","19":"sale","20":"shipping-taxable","21":"purchasable","22":"product-type-variable"},"supplier_id":null,"supplier_sku":"","barcode":null,"atum_controlled":true,"out_stock_date":null,"out_stock_threshold":null,"inheritable":false,"inbound_stock":null,"stock_on_hold":0,"sold_today":0,"sales_last_days":1,"reserved_stock":null,"customer_returns":null,"warehouse_damage":null,"lost_in_post":null,"other_logs":null,"out_stock_days":0,"lost_sales":0,"has_location":null,"update_date":"2026-05-04T03:16:39","atum_locations":[],"atum_stock_status":"instock","restock_status":false,"low_stock_amount":"","sales_update_date":"2026-05-04T03:16:39","calc_backorders":null,"acf":[],"brands":[{"id":100,"name":"NAME IT","slug":"name-it"}],"_links":{"self":[{"href":"https:\/\/dekastar.lt\/lv\/wp-json\/wp\/v2\/product\/7040","targetHints":{"allow":["GET"]}}],"collection":[{"href":"https:\/\/dekastar.lt\/lv\/wp-json\/wp\/v2\/product"}],"about":[{"href":"https:\/\/dekastar.lt\/lv\/wp-json\/wp\/v2\/types\/product"}],"wp:featuredmedia":[{"embeddable":true,"href":"https:\/\/dekastar.lt\/lv\/wp-json\/wp\/v2\/media\/7048"}],"wp:attachment":[{"href":"https:\/\/dekastar.lt\/lv\/wp-json\/wp\/v2\/media?parent=7040"}],"wp:term":[{"taxonomy":"pwb-brand","embeddable":true,"href":"https:\/\/dekastar.lt\/lv\/wp-json\/wp\/v2\/pwb-brand?post=7040"},{"taxonomy":"product_brand","embeddable":true,"href":"https:\/\/dekastar.lt\/lv\/wp-json\/wp\/v2\/product_brand?post=7040"},{"taxonomy":"product_cat","embeddable":true,"href":"https:\/\/dekastar.lt\/lv\/wp-json\/wp\/v2\/product_cat?post=7040"},{"taxonomy":"product_tag","embeddable":true,"href":"https:\/\/dekastar.lt\/lv\/wp-json\/wp\/v2\/product_tag?post=7040"}],"curies":[{"name":"wp","href":"https:\/\/api.w.org\/{rel}","templated":true}]}}