{"id":7055,"date":"2024-08-24T22:17:44","date_gmt":"2024-08-24T22:17:44","guid":{"rendered":"https:\/\/dekastar.lt\/produktas\/kabrita-pieno-formule-1-nuo-0-men-400-g-12-vnt-kabrita-box\/"},"modified":"2026-04-05T10:15:50","modified_gmt":"2026-04-05T10:15:50","slug":"kabrita-pieno-formule-1-nuo-0-men-400-g-12-vnt-kabrita-box","status":"publish","type":"product","link":"https:\/\/dekastar.lt\/lv\/products\/kabrita-pieno-formule-1-nuo-0-men-400-g-12-vnt-kabrita-box\/","title":{"rendered":"Kabrita\u00ae piena formula 1 no 0 m\u0113ne\u0161iem, 400 g"},"content":{"rendered":"<p class=\"\"><b><span class=\"\">Svar\u012bga inform\u0101cija:\u00a0<\/span><\/b><span class=\"\">Z\u012bd\u012b\u0161ana ar kr\u016bti ir v\u0113lamais z\u012bdai\u0146u baro\u0161anas veids. Ja j\u016bs nebarojat b\u0113rnu ar kr\u016bti vai v\u0113laties p\u0101riet uz baro\u0161anu no pudel\u012btes, Kabrita1 z\u012bdai\u0146u piens ir lieliska alternat\u012bva. Kabrita piens z\u012bdai\u0146iem ir piem\u0113rots no z\u012bdai\u0146a vecuma. Pirms l\u0113muma pie\u0146em\u0161anas par Kabrita1 z\u012bdai\u0146u piena lieto\u0161anu, l\u016bdzu, konsult\u0113jieties ar savu vesel\u012bbas apr\u016bpes speci\u0101listu. Iev\u0113rojiet nor\u0101d\u012bjumus uz k\u0101rbi\u0146as, ja vien nav nor\u0101d\u012bts cit\u0101di. P\u0113c 6 m\u0113ne\u0161u vecuma Kabrita1 var aizst\u0101t ar Kabrita2 m\u0101ksl\u012bgo papildu \u0113din\u0101\u0161anas mais\u012bjumu, konsult\u0113joties ar vesel\u012bbas apr\u016bpes speci\u0101listu.<\/span><\/p>\n<p><span class=\"\">M\u0101ksl\u012bgais mais\u012bjums z\u012bdai\u0146iem no dzim\u0161anas Kabrita1 Kabrita1 ir izcilas kvalit\u0101tes kazas piena m\u0101ksl\u012bgais mais\u012bjums z\u012bdai\u0146iem, kas izstr\u0101d\u0101ts, pamatojoties uz N\u012bderlandes piena lopkop\u012bbas pieredzi un gadu desmitiem ilgu pieredzi z\u012bdai\u0146u \u0113din\u0101\u0161an\u0101. Kazas piens ir ide\u0101ls pamats z\u012bdai\u0146u \u0113din\u0101\u0161anai. Kabrita1 dabisk\u0101 kazas piena \u012bpa\u0161\u012bbas: maiga gar\u0161a, v\u0113rt\u012bgas uzturvielas, piem\u0113ram, DHA* omega-3 tauksk\u0101bes.<\/span><\/p>\n<p><span class=\"\"><i>* Satur dokozaheksa\u0113nsk\u0101bi (DHA), kas atbilst visiem m\u0101ksl\u012bgajiem mais\u012bjumiem z\u012bdai\u0146iem noteiktaj\u0101m pras\u012bb\u0101m.<\/i><\/span><\/p>","protected":false},"excerpt":{"rendered":"<ul>\n<li class=\"catalog-detail__features__item\">Kazas piens no N\u012bderlandes<\/li>\n<li class=\"catalog-detail__features__item\">Sk\u0101bes DHA* (\u03c9-3)<\/li>\n<li class=\"catalog-detail__features__item\">Maiga kr\u0113juma gar\u0161a<\/li>\n<\/ul>","protected":false},"featured_media":7130,"template":"","meta":{"_acf_changed":false},"pwb-brand":[290],"product_brand":[],"product_cat":[283,284],"product_tag":[],"class_list":{"0":"post-7055","1":"product","2":"type-product","3":"status-publish","4":"has-post-thumbnail","6":"pwb-brand-kabrita","7":"product_cat-maistas","8":"product_cat-misiniai","10":"first","11":"instock","12":"shipping-taxable","13":"purchasable","14":"product-type-variable"},"supplier_id":null,"supplier_sku":"","barcode":null,"atum_controlled":true,"out_stock_date":null,"out_stock_threshold":null,"inheritable":false,"inbound_stock":null,"stock_on_hold":0,"sold_today":0,"sales_last_days":1,"reserved_stock":null,"customer_returns":null,"warehouse_damage":null,"lost_in_post":null,"other_logs":null,"out_stock_days":0,"lost_sales":0,"has_location":null,"update_date":"2026-04-15T00:37:22","atum_locations":[],"atum_stock_status":"instock","restock_status":false,"low_stock_amount":"","sales_update_date":"2026-04-15T00:37:22","calc_backorders":null,"acf":[],"brands":[{"id":290,"name":"Kabrita","slug":"kabrita"}],"_links":{"self":[{"href":"https:\/\/dekastar.lt\/lv\/wp-json\/wp\/v2\/product\/7055","targetHints":{"allow":["GET"]}}],"collection":[{"href":"https:\/\/dekastar.lt\/lv\/wp-json\/wp\/v2\/product"}],"about":[{"href":"https:\/\/dekastar.lt\/lv\/wp-json\/wp\/v2\/types\/product"}],"wp:featuredmedia":[{"embeddable":true,"href":"https:\/\/dekastar.lt\/lv\/wp-json\/wp\/v2\/media\/7130"}],"wp:attachment":[{"href":"https:\/\/dekastar.lt\/lv\/wp-json\/wp\/v2\/media?parent=7055"}],"wp:term":[{"taxonomy":"pwb-brand","embeddable":true,"href":"https:\/\/dekastar.lt\/lv\/wp-json\/wp\/v2\/pwb-brand?post=7055"},{"taxonomy":"product_brand","embeddable":true,"href":"https:\/\/dekastar.lt\/lv\/wp-json\/wp\/v2\/product_brand?post=7055"},{"taxonomy":"product_cat","embeddable":true,"href":"https:\/\/dekastar.lt\/lv\/wp-json\/wp\/v2\/product_cat?post=7055"},{"taxonomy":"product_tag","embeddable":true,"href":"https:\/\/dekastar.lt\/lv\/wp-json\/wp\/v2\/product_tag?post=7055"}],"curies":[{"name":"wp","href":"https:\/\/api.w.org\/{rel}","templated":true}]}}