{"id":7058,"date":"2024-08-24T22:17:47","date_gmt":"2024-08-24T22:17:47","guid":{"rendered":"https:\/\/dekastar.lt\/produktas\/misinys-kudikiams-kabrita-2-nuo-6-men-800-g-6-vnt-kabrita-box\/"},"modified":"2026-04-09T17:33:04","modified_gmt":"2026-04-09T17:33:04","slug":"misinys-kudikiams-kabrita-2-nuo-6-men-800-g-6-vnt-kabrita-box","status":"publish","type":"product","link":"https:\/\/dekastar.lt\/lv\/products\/misinys-kudikiams-kabrita-2-nuo-6-men-800-g-6-vnt-kabrita-box\/","title":{"rendered":"M\u0101ksl\u012bg\u0101 piena mais\u012bjums z\u012bdai\u0146iem Kabrita\u00ae 2 no 6 m\u0113ne\u0161iem, 800 g"},"content":{"rendered":"<p><b>Svar\u012bga inform\u0101cija:<\/b>\u00a0Z\u012bd\u012b\u0161ana ar kr\u016bti ir v\u0113lamais z\u012bdai\u0146u baro\u0161anas veids. Pirms m\u0101ksl\u012bg\u0101 mais\u012bjuma lieto\u0161anas konsult\u0113jieties ar \u0101rstu. Kabrita nav piem\u0113rots z\u012bdai\u0146iem no dzim\u0161anas. Kabrita 2 ir paredz\u0113ta veseliem, ar kr\u016bti barotiem b\u0113rniem no 6 m\u0113ne\u0161u vecuma. No 6 m\u0113ne\u0161u vecuma z\u012bdai\u0146i tiek iepaz\u012bstin\u0101ti ar papildu p\u0101rtiku saska\u0146\u0101 ar \u0101rsta ieteikumiem, un \u0161aj\u0101 laik\u0101 m\u0101ksl\u012bgais mais\u012bjums b\u016bs tikai da\u013ca no jaukt\u0101 uztura.<\/p>\n<p>&nbsp;<\/p>\n<p>Kabrita 2 m\u0101ksl\u012bgais papildu \u0113din\u0101\u0161anas mais\u012bjums z\u012bdai\u0146iem no 6 m\u0113ne\u0161u vecuma ir izcilas kvalit\u0101tes kazas piena mais\u012bjums, kura pamat\u0101 ir N\u012bderlandes pieredze piena lopkop\u012bb\u0101 un z\u012bdai\u0146u \u0113din\u0101\u0161an\u0101. Kazas piens ir lielisks pamats z\u012bdai\u0146u \u0113din\u0101\u0161anai. Kabrita 2 piem\u012bt kazas pienam rakstur\u012bg\u0101s dabisk\u0101s \u012bpa\u0161\u012bbas, maiga gar\u0161a, v\u0113rt\u012bgas uzturvielas, piem\u0113ram, DHA* omega-3 tauksk\u0101bes un GOS izcelsmes \u0161\u0137iedrvielas.<\/p>\n<p><i>* Satur dokozaheksa\u0113nsk\u0101bi (DHA), k\u0101 to paredz likums visiem m\u0101ksl\u012bgajiem mais\u012bjumiem z\u012bdai\u0146iem.<\/i><\/p>","protected":false},"excerpt":{"rendered":"<ul>\n<li class=\"catalog-detail__features__item\">Dab\u012bgs kazas piens no N\u012bderlandes<\/li>\n<li class=\"catalog-detail__features__item\">Prebiotikas<\/li>\n<li class=\"catalog-detail__features__item\">Sk\u0101bes DHA (\u03c9-3) un AR (\u03c9-6).<\/li>\n<li class=\"catalog-detail__features__item\">Nukleot\u012bdi<\/li>\n<li class=\"catalog-detail__features__item\">Maiga kr\u0113juma gar\u0161a<\/li>\n<\/ul>","protected":false},"featured_media":7146,"template":"","meta":{"_acf_changed":false},"pwb-brand":[],"product_brand":[],"product_cat":[284,283],"product_tag":[],"class_list":{"0":"post-7058","1":"product","2":"type-product","3":"status-publish","4":"has-post-thumbnail","6":"product_cat-misiniai","7":"product_cat-maistas","9":"first","10":"instock","11":"shipping-taxable","12":"purchasable","13":"product-type-variable"},"supplier_id":null,"supplier_sku":"","barcode":null,"atum_controlled":true,"out_stock_date":null,"out_stock_threshold":null,"inheritable":false,"inbound_stock":null,"stock_on_hold":1,"sold_today":1,"sales_last_days":1,"reserved_stock":null,"customer_returns":null,"warehouse_damage":null,"lost_in_post":null,"other_logs":null,"out_stock_days":0,"lost_sales":0,"has_location":null,"update_date":"2026-04-09T17:33:06","atum_locations":[],"atum_stock_status":"instock","restock_status":false,"low_stock_amount":"","sales_update_date":"2026-04-09T00:34:42","calc_backorders":null,"acf":[],"brands":[],"_links":{"self":[{"href":"https:\/\/dekastar.lt\/lv\/wp-json\/wp\/v2\/product\/7058","targetHints":{"allow":["GET"]}}],"collection":[{"href":"https:\/\/dekastar.lt\/lv\/wp-json\/wp\/v2\/product"}],"about":[{"href":"https:\/\/dekastar.lt\/lv\/wp-json\/wp\/v2\/types\/product"}],"wp:featuredmedia":[{"embeddable":true,"href":"https:\/\/dekastar.lt\/lv\/wp-json\/wp\/v2\/media\/7146"}],"wp:attachment":[{"href":"https:\/\/dekastar.lt\/lv\/wp-json\/wp\/v2\/media?parent=7058"}],"wp:term":[{"taxonomy":"pwb-brand","embeddable":true,"href":"https:\/\/dekastar.lt\/lv\/wp-json\/wp\/v2\/pwb-brand?post=7058"},{"taxonomy":"product_brand","embeddable":true,"href":"https:\/\/dekastar.lt\/lv\/wp-json\/wp\/v2\/product_brand?post=7058"},{"taxonomy":"product_cat","embeddable":true,"href":"https:\/\/dekastar.lt\/lv\/wp-json\/wp\/v2\/product_cat?post=7058"},{"taxonomy":"product_tag","embeddable":true,"href":"https:\/\/dekastar.lt\/lv\/wp-json\/wp\/v2\/product_tag?post=7058"}],"curies":[{"name":"wp","href":"https:\/\/api.w.org\/{rel}","templated":true}]}}