{"id":7060,"date":"2024-08-24T22:17:48","date_gmt":"2024-08-24T22:17:48","guid":{"rendered":"https:\/\/dekastar.lt\/produktas\/misinys-kudikiams-kabrita-3-nuo-12-men-800-g-6-vnt-kabrita-box\/"},"modified":"2025-10-22T12:21:33","modified_gmt":"2025-10-22T12:21:33","slug":"misinys-kudikiams-kabrita-3-nuo-12-men-800-g-6-vnt-kabrita-box","status":"publish","type":"product","link":"https:\/\/dekastar.lt\/lv\/products\/misinys-kudikiams-kabrita-3-nuo-12-men-800-g-6-vnt-kabrita-box\/","title":{"rendered":"M\u0101ksl\u012bg\u0101 piena mais\u012bjums z\u012bdai\u0146iem Kabrita\u00ae 3 no 12 m\u0113ne\u0161iem, 800 g"},"content":{"rendered":"<p><b>Svar\u012bga inform\u0101cija:<\/b>\u00a0Z\u012bd\u012b\u0161ana ar kr\u016bti ir v\u0113lamais z\u012bdai\u0146u baro\u0161anas veids. Kabrita3 kazas piena mais\u012bjums ir paredz\u0113ts z\u012bdai\u0146iem, kas vec\u0101ki par 12 m\u0113ne\u0161iem. P\u0113c pirm\u0101s dzim\u0161anas dienas b\u0113rns k\u013c\u016bst par mazuli, kur\u0161 s\u0101k staig\u0101t un ir daudz akt\u012bv\u0101ks. \u0160aj\u0101 aug\u0161anas posm\u0101 b\u0113rnam ir nepiecie\u0161ams vesel\u012bgs un sabalans\u0113ts uzturs. KABRITA turpin\u0101m\u0101 kazas piena mais\u012bjuma formula veicina J\u016bsu mazu\u013ca vesel\u012bgu uzturu.<\/p>\n<p>Kabrita3 kazas piena m\u0101ksl\u012bgais papildu \u0113din\u0101\u0161anas mais\u012bjums.<\/p>\n<p>Kabrita3 ir izcilas kvalit\u0101tes kazas piena mais\u012bjums z\u012bdai\u0146iem, kas balst\u012bts uz N\u012bderlandes piena lopkop\u012bbas un z\u012bdai\u0146u \u0113din\u0101\u0161anas pieredzi. Kazas piens ir lielisks pamats z\u012bdai\u0146u \u0113din\u0101\u0161anai. Kabrita3 pied\u0101v\u0101 kazas piena dabisk\u0101s \u012bpa\u0161\u012bbas, maigu gar\u0161u, v\u0113rt\u012bgas uzturvielas, piem\u0113ram, DHA omega-3 tauksk\u0101bes un GOS atvasin\u0101tas \u0161\u0137iedrvielas.<\/p>\n<p>* Satur dokozaheksa\u0113nsk\u0101bi (DHA), kas atbilst visiem m\u0101ksl\u012bgajiem mais\u012bjumiem z\u012bdai\u0146iem.<\/p>","protected":false},"excerpt":{"rendered":"<ul>\n<li class=\"catalog-detail__features__item\">Kazas piens no N\u012bderlandes<\/li>\n<li class=\"catalog-detail__features__item\">Prebiotikas<\/li>\n<li class=\"catalog-detail__features__item\">Sk\u0101bes DHA (\u03c9-3) un AR (\u03c9-6).<\/li>\n<li class=\"catalog-detail__features__item\">Nukleot\u012bdi<\/li>\n<li class=\"catalog-detail__features__item\">Maiga kr\u0113juma gar\u0161a<\/li>\n<\/ul>","protected":false},"featured_media":7147,"template":"","meta":{"_acf_changed":false},"pwb-brand":[],"product_brand":[],"product_cat":[283,284],"product_tag":[],"class_list":{"0":"post-7060","1":"product","2":"type-product","3":"status-publish","4":"has-post-thumbnail","6":"product_cat-maistas","7":"product_cat-misiniai","9":"first","10":"instock","11":"shipping-taxable","12":"purchasable","13":"product-type-variable"},"supplier_id":null,"supplier_sku":"","barcode":null,"atum_controlled":true,"out_stock_date":null,"out_stock_threshold":null,"inheritable":false,"inbound_stock":null,"stock_on_hold":0,"sold_today":0,"sales_last_days":0,"reserved_stock":null,"customer_returns":null,"warehouse_damage":null,"lost_in_post":null,"other_logs":null,"out_stock_days":0,"lost_sales":0,"has_location":null,"update_date":"2026-04-16T00:37:30","atum_locations":[],"atum_stock_status":"instock","restock_status":false,"low_stock_amount":"","sales_update_date":"2026-04-16T00:37:30","calc_backorders":null,"acf":[],"brands":[],"_links":{"self":[{"href":"https:\/\/dekastar.lt\/lv\/wp-json\/wp\/v2\/product\/7060","targetHints":{"allow":["GET"]}}],"collection":[{"href":"https:\/\/dekastar.lt\/lv\/wp-json\/wp\/v2\/product"}],"about":[{"href":"https:\/\/dekastar.lt\/lv\/wp-json\/wp\/v2\/types\/product"}],"wp:featuredmedia":[{"embeddable":true,"href":"https:\/\/dekastar.lt\/lv\/wp-json\/wp\/v2\/media\/7147"}],"wp:attachment":[{"href":"https:\/\/dekastar.lt\/lv\/wp-json\/wp\/v2\/media?parent=7060"}],"wp:term":[{"taxonomy":"pwb-brand","embeddable":true,"href":"https:\/\/dekastar.lt\/lv\/wp-json\/wp\/v2\/pwb-brand?post=7060"},{"taxonomy":"product_brand","embeddable":true,"href":"https:\/\/dekastar.lt\/lv\/wp-json\/wp\/v2\/product_brand?post=7060"},{"taxonomy":"product_cat","embeddable":true,"href":"https:\/\/dekastar.lt\/lv\/wp-json\/wp\/v2\/product_cat?post=7060"},{"taxonomy":"product_tag","embeddable":true,"href":"https:\/\/dekastar.lt\/lv\/wp-json\/wp\/v2\/product_tag?post=7060"}],"curies":[{"name":"wp","href":"https:\/\/api.w.org\/{rel}","templated":true}]}}