{"id":7066,"date":"2024-08-24T22:17:54","date_gmt":"2024-08-24T22:17:54","guid":{"rendered":"https:\/\/dekastar.lt\/produktas\/kabrita-daugiagrude-pieno-kose-su-moliugu-nuo-6-menesiu-180g-7-vnt-kabrita-box\/"},"modified":"2025-10-22T12:21:17","modified_gmt":"2025-10-22T12:21:17","slug":"kabrita-daugiagrude-pieno-kose-su-moliugu-nuo-6-menesiu-180g-7-vnt-kabrita-box","status":"publish","type":"product","link":"https:\/\/dekastar.lt\/lv\/products\/kabrita-daugiagrude-pieno-kose-su-moliugu-nuo-6-menesiu-180g-7-vnt-kabrita-box\/","title":{"rendered":"Kabrita\u00ae daudzgraudu piena biezputra ar \u0137irbi no 6 m\u0113ne\u0161iem 180g 7 gabali (Kabrita-box)"},"content":{"rendered":"<p>Kabrita\u00ae daudzgraudu putra b\u0113rniem, kuras pamat\u0101 ir kazas piena mais\u012bjums ar \u0137irbi, ir \u012bpa\u0161i izstr\u0101d\u0101ta b\u0113rniem no 6 m\u0113ne\u0161u vecuma.<\/p>\n<p>B\u0113rna uztura vajadz\u012bbas main\u0101s l\u012bdz ar vecumu, un tam nepiecie\u0161ams vair\u0101k cietas p\u0101rtikas.<\/p>\n<p>Kabrita\u00ae graudaugi ir bag\u0101tin\u0101ti ar bag\u0101t\u012bgu vitam\u012bnu un miner\u0101lvielu kompleksu un fruktooligosahar\u012bdiem.<\/p>","protected":false},"excerpt":{"rendered":"<ul>\n<li class=\"catalog-detail__features__item\">Izgatavots no kazas piena, kas ieg\u016bts Holandes saimniec\u012bb\u0101.<\/li>\n<li class=\"catalog-detail__features__item\">Maiga un kr\u0113m\u012bga gar\u0161a<\/li>\n<li class=\"catalog-detail__features__item\">Bez pievienot\u0101 cukura<\/li>\n<li class=\"catalog-detail__features__item\">Vitam\u012bnu un miner\u0101lvielu komplekss un fruktooligosahar\u012bdi<\/li>\n<li class=\"catalog-detail__features__item\">Bez glut\u0113na<\/li>\n<\/ul>","protected":false},"featured_media":7144,"template":"","meta":{"_acf_changed":false},"pwb-brand":[],"product_brand":[],"product_cat":[283,285],"product_tag":[],"class_list":{"0":"post-7066","1":"product","2":"type-product","3":"status-publish","4":"has-post-thumbnail","6":"product_cat-maistas","7":"product_cat-koses","9":"first","10":"instock","11":"sale","12":"shipping-taxable","13":"purchasable","14":"product-type-simple"},"supplier_id":null,"supplier_sku":"","barcode":null,"atum_controlled":true,"out_stock_date":null,"out_stock_threshold":null,"inheritable":false,"inbound_stock":null,"stock_on_hold":0,"sold_today":0,"sales_last_days":0,"reserved_stock":null,"customer_returns":null,"warehouse_damage":null,"lost_in_post":null,"other_logs":null,"out_stock_days":0,"lost_sales":0,"has_location":null,"update_date":"2026-04-09T00:35:55","atum_locations":[],"atum_stock_status":"instock","restock_status":false,"low_stock_amount":"","sales_update_date":"2026-04-09T00:35:55","calc_backorders":null,"acf":[],"brands":[],"_links":{"self":[{"href":"https:\/\/dekastar.lt\/lv\/wp-json\/wp\/v2\/product\/7066","targetHints":{"allow":["GET"]}}],"collection":[{"href":"https:\/\/dekastar.lt\/lv\/wp-json\/wp\/v2\/product"}],"about":[{"href":"https:\/\/dekastar.lt\/lv\/wp-json\/wp\/v2\/types\/product"}],"wp:featuredmedia":[{"embeddable":true,"href":"https:\/\/dekastar.lt\/lv\/wp-json\/wp\/v2\/media\/7144"}],"wp:attachment":[{"href":"https:\/\/dekastar.lt\/lv\/wp-json\/wp\/v2\/media?parent=7066"}],"wp:term":[{"taxonomy":"pwb-brand","embeddable":true,"href":"https:\/\/dekastar.lt\/lv\/wp-json\/wp\/v2\/pwb-brand?post=7066"},{"taxonomy":"product_brand","embeddable":true,"href":"https:\/\/dekastar.lt\/lv\/wp-json\/wp\/v2\/product_brand?post=7066"},{"taxonomy":"product_cat","embeddable":true,"href":"https:\/\/dekastar.lt\/lv\/wp-json\/wp\/v2\/product_cat?post=7066"},{"taxonomy":"product_tag","embeddable":true,"href":"https:\/\/dekastar.lt\/lv\/wp-json\/wp\/v2\/product_tag?post=7066"}],"curies":[{"name":"wp","href":"https:\/\/api.w.org\/{rel}","templated":true}]}}