{"id":7078,"date":"2024-08-24T22:18:06","date_gmt":"2024-08-24T22:18:06","guid":{"rendered":"https:\/\/dekastar.lt\/produktas\/vaisiu-tyre-kabrita-misko-uogos-nuo-6-menesiu-100-g-12-vnt-kabrita-box\/"},"modified":"2025-10-22T12:21:21","modified_gmt":"2025-10-22T12:21:21","slug":"vaisiu-tyre-kabrita-misko-uogos-nuo-6-menesiu-100-g-12-vnt-kabrita-box","status":"publish","type":"product","link":"https:\/\/dekastar.lt\/lv\/products\/vaisiu-tyre-kabrita-misko-uogos-nuo-6-menesiu-100-g-12-vnt-kabrita-box\/","title":{"rendered":"Kabrita\u00ae Aug\u013cu biezenis \"Me\u017ea ogas\" no 6 m\u0113ne\u0161iem, 100 g 12 gabali (Kabrita-box)"},"content":{"rendered":"<p>Gards deserts ar aug\u013ciem un og\u0101m un maigu kazas piena kr\u0113mu. Lieliski piem\u0113rots visiem gad\u012bjumiem, paroc\u012bgs l\u012bdzi pa\u0146em\u0161anai ce\u013c\u0101. Praktisks risin\u0101jums pastaig\u0101m, ce\u013cojumiem, otraj\u0101m brokast\u012bm vai vakari\u0146\u0101m z\u012bdai\u0146iem un vec\u0101kiem b\u0113rniem. \u0112rtais m\u012bkstais iepakojums veicina s\u012bko motoriku un att\u012bsta patst\u0101v\u012bbas prasmes. Nav nepiecie\u0161ams uzglab\u0101t ledusskap\u012b.<\/p>\n<p>Z\u012bdai\u0146iem no 6 m\u0113ne\u0161u vecuma.<\/p>\n<ul>\n<li class=\"small-bullet\">S\u0101ciet ar 1 t\u0113jkaroti jauna produkta. Pak\u0101peniski palieliniet porciju.<\/li>\n<li class=\"small-bullet\">Neatst\u0101jiet b\u0113rnu \u0113st bez uzraudz\u012bbas.<\/li>\n<li class=\"small-bullet\">Nesildiet mikrovi\u013c\u0146u kr\u0101sn\u012b un nesald\u0113jiet.<\/li>\n<li class=\"small-bullet\">Pirms baro\u0161anas ieteicams iepakojumu samais\u012bt.<\/li>\n<\/ul>","protected":false},"excerpt":{"rendered":"<div class=\"catalog-detail__features__item\">Nogatavoju\u0161ies aug\u013ci un ogas<\/div>\n<div class=\"catalog-detail__features__item\">Bez pievienot\u0101 cukura<\/div>\n<div class=\"catalog-detail__features__item\">Bez cietes<\/div>\n<div class=\"catalog-detail__features__item\">Bez konservantiem<\/div>","protected":false},"featured_media":7159,"template":"","meta":{"_acf_changed":false},"pwb-brand":[],"product_brand":[],"product_cat":[283,286],"product_tag":[],"class_list":{"0":"post-7078","1":"product","2":"type-product","3":"status-publish","4":"has-post-thumbnail","6":"product_cat-maistas","7":"product_cat-tyreles","9":"first","10":"instock","11":"sale","12":"shipping-taxable","13":"purchasable","14":"product-type-simple"},"supplier_id":null,"supplier_sku":"","barcode":null,"atum_controlled":true,"out_stock_date":null,"out_stock_threshold":null,"inheritable":false,"inbound_stock":null,"stock_on_hold":0,"sold_today":0,"sales_last_days":0,"reserved_stock":null,"customer_returns":null,"warehouse_damage":null,"lost_in_post":null,"other_logs":null,"out_stock_days":0,"lost_sales":0,"has_location":null,"update_date":"2026-04-09T00:35:58","atum_locations":[],"atum_stock_status":"instock","restock_status":false,"low_stock_amount":"","sales_update_date":"2026-04-09T00:35:58","calc_backorders":null,"acf":[],"brands":[],"_links":{"self":[{"href":"https:\/\/dekastar.lt\/lv\/wp-json\/wp\/v2\/product\/7078","targetHints":{"allow":["GET"]}}],"collection":[{"href":"https:\/\/dekastar.lt\/lv\/wp-json\/wp\/v2\/product"}],"about":[{"href":"https:\/\/dekastar.lt\/lv\/wp-json\/wp\/v2\/types\/product"}],"wp:featuredmedia":[{"embeddable":true,"href":"https:\/\/dekastar.lt\/lv\/wp-json\/wp\/v2\/media\/7159"}],"wp:attachment":[{"href":"https:\/\/dekastar.lt\/lv\/wp-json\/wp\/v2\/media?parent=7078"}],"wp:term":[{"taxonomy":"pwb-brand","embeddable":true,"href":"https:\/\/dekastar.lt\/lv\/wp-json\/wp\/v2\/pwb-brand?post=7078"},{"taxonomy":"product_brand","embeddable":true,"href":"https:\/\/dekastar.lt\/lv\/wp-json\/wp\/v2\/product_brand?post=7078"},{"taxonomy":"product_cat","embeddable":true,"href":"https:\/\/dekastar.lt\/lv\/wp-json\/wp\/v2\/product_cat?post=7078"},{"taxonomy":"product_tag","embeddable":true,"href":"https:\/\/dekastar.lt\/lv\/wp-json\/wp\/v2\/product_tag?post=7078"}],"curies":[{"name":"wp","href":"https:\/\/api.w.org\/{rel}","templated":true}]}}