{"id":7082,"date":"2024-08-24T22:18:10","date_gmt":"2024-08-24T22:18:10","guid":{"rendered":"https:\/\/dekastar.lt\/produktas\/puree-kabrita-daugiagrudis-pudingas-nuo-6-menesiu-100-g-12-vnt-kabrita-box\/"},"modified":"2025-10-22T12:21:21","modified_gmt":"2025-10-22T12:21:21","slug":"puree-kabrita-daugiagrudis-pudingas-nuo-6-menesiu-100-g-12-vnt-kabrita-box","status":"publish","type":"product","link":"https:\/\/dekastar.lt\/lv\/products\/puree-kabrita-daugiagrudis-pudingas-nuo-6-menesiu-100-g-12-vnt-kabrita-box\/","title":{"rendered":"P\u012br\u0101gs Kabrita\u00ae Multigraudu pudi\u0146\u0161 no 6 m\u0113ne\u0161iem 100 g 12 gab. (Kabrita-box)"},"content":{"rendered":"<h3 class=\"catalog-detail__name d-none d-md-block\">Kabrita Daudzgraudu pudi\u0146\u0161 ar smilts\u0113rk\u0161\u0137iem<\/h3>\n<div class=\"catalog-detail__descr d-none d-md-block\">\n<div class=\"h3\">Kabrita\u00ae aug\u013cu biezenis ar graudaugiem un kazas piena kr\u0113mu \"Daudzgraudu pudi\u0146\u0161\" b\u0113rniem no 6 m\u0113ne\u0161iem, 100g<\/div>\n<div>\n<p>MULTIBLOOD PUDINGS ar smilts\u0113rk\u0161\u0137iem un kazas piena kr\u0113mu. V\u0113rt\u012bgo graudaugu (rudzu, auzu, kvie\u0161u, mie\u017eu), aug\u013cu un nogatavoju\u0161os smilts\u0113rk\u0161\u0137u kombin\u0101cija mazajiem gard\u0113\u017eiem sniegs izcilu gar\u0161u un ener\u0123ijas devu! Pudi\u0146us var dot z\u012bdai\u0146iem k\u0101 uzkodu vai vienk\u0101r\u0161i k\u0101 na\u0161\u0137i. Bez pievienot\u0101 cukura. Dab\u012bgs produkts. Satur lipekli. B\u0113rniem no 6 m\u0113ne\u0161u vecuma.<\/p>\n<ul>\n<li class=\"small-bullet\">Ide\u0101li piem\u0113rots k\u0101 uzkoda maziem b\u0113rniem, vec\u0101kiem b\u0113rniem un pieaugu\u0161ajiem.<\/li>\n<li class=\"small-bullet\">\u0112rts, m\u012bksts un moderns iepakojums veicina mazu\u013ca smalk\u0101s motorikas att\u012bst\u012bbu un patst\u0101v\u012bbu.<\/li>\n<li class=\"small-bullet\">Nepiecie\u0161ama uzglab\u0101\u0161ana ledusskap\u012b<\/li>\n<\/ul>\n<p>S\u0101ciet ar 1 t\u0113jkaroti jaun\u0101 produkta, pak\u0101peniski palielinot devu. Neatst\u0101jiet b\u0113rnus bez uzraudz\u012bbas baro\u0161anas laik\u0101... Neiesildiet mikrovi\u013c\u0146u kr\u0101sn\u012b un nesald\u0113jiet. Pirms lieto\u0161anas ieteicams nospiest iepakojumu.<\/p>\n<\/div>\n<\/div>","protected":false},"excerpt":{"rendered":"<ul>\n<li class=\"catalog-detail__features__item\">Nogatavoju\u0161ies aug\u013ci un ogas<\/li>\n<li class=\"catalog-detail__features__item\">Dabas produkts<\/li>\n<li class=\"catalog-detail__features__item\">Kazas piena kr\u0113ms<\/li>\n<li class=\"catalog-detail__features__item\">Bez pievienot\u0101 cukura<\/li>\n<li class=\"catalog-detail__features__item\">Bez konservantiem<\/li>\n<\/ul>","protected":false},"featured_media":7154,"template":"","meta":{"_acf_changed":false},"pwb-brand":[],"product_brand":[],"product_cat":[283,287],"product_tag":[],"class_list":{"0":"post-7082","1":"product","2":"type-product","3":"status-publish","4":"has-post-thumbnail","6":"product_cat-maistas","7":"product_cat-pudingas","9":"first","10":"instock","11":"sale","12":"shipping-taxable","13":"purchasable","14":"product-type-simple"},"supplier_id":null,"supplier_sku":"","barcode":null,"atum_controlled":true,"out_stock_date":null,"out_stock_threshold":null,"inheritable":false,"inbound_stock":null,"stock_on_hold":0,"sold_today":0,"sales_last_days":0,"reserved_stock":null,"customer_returns":null,"warehouse_damage":null,"lost_in_post":null,"other_logs":null,"out_stock_days":0,"lost_sales":0,"has_location":null,"update_date":"2026-04-09T00:35:58","atum_locations":[],"atum_stock_status":"instock","restock_status":false,"low_stock_amount":"","sales_update_date":"2026-04-09T00:35:58","calc_backorders":null,"acf":[],"brands":[],"_links":{"self":[{"href":"https:\/\/dekastar.lt\/lv\/wp-json\/wp\/v2\/product\/7082","targetHints":{"allow":["GET"]}}],"collection":[{"href":"https:\/\/dekastar.lt\/lv\/wp-json\/wp\/v2\/product"}],"about":[{"href":"https:\/\/dekastar.lt\/lv\/wp-json\/wp\/v2\/types\/product"}],"wp:featuredmedia":[{"embeddable":true,"href":"https:\/\/dekastar.lt\/lv\/wp-json\/wp\/v2\/media\/7154"}],"wp:attachment":[{"href":"https:\/\/dekastar.lt\/lv\/wp-json\/wp\/v2\/media?parent=7082"}],"wp:term":[{"taxonomy":"pwb-brand","embeddable":true,"href":"https:\/\/dekastar.lt\/lv\/wp-json\/wp\/v2\/pwb-brand?post=7082"},{"taxonomy":"product_brand","embeddable":true,"href":"https:\/\/dekastar.lt\/lv\/wp-json\/wp\/v2\/product_brand?post=7082"},{"taxonomy":"product_cat","embeddable":true,"href":"https:\/\/dekastar.lt\/lv\/wp-json\/wp\/v2\/product_cat?post=7082"},{"taxonomy":"product_tag","embeddable":true,"href":"https:\/\/dekastar.lt\/lv\/wp-json\/wp\/v2\/product_tag?post=7082"}],"curies":[{"name":"wp","href":"https:\/\/api.w.org\/{rel}","templated":true}]}}