{"id":7086,"date":"2024-08-24T22:18:14","date_gmt":"2024-08-24T22:18:14","guid":{"rendered":"https:\/\/dekastar.lt\/produktas\/kabrita-cocoa-pudding-tyrele-nuo-9-menesiu-100g-12-vnt-kabrita-box\/"},"modified":"2025-10-22T12:21:22","modified_gmt":"2025-10-22T12:21:22","slug":"kabrita-cocoa-pudding-tyrele-nuo-9-menesiu-100g-12-vnt-kabrita-box","status":"publish","type":"product","link":"https:\/\/dekastar.lt\/lv\/products\/kabrita-cocoa-pudding-tyrele-nuo-9-menesiu-100g-12-vnt-kabrita-box\/","title":{"rendered":"Kabrita\u00ae Kakao pudi\u0146\u0161 biezenis no 9 m\u0113ne\u0161iem, 100g 12 gabali (Kabrita-box)"},"content":{"rendered":"<h1 class=\"catalog-detail__name d-none d-md-block\"><span style=\"font-size: 16px;\">Kabrita\u00ae Aug\u013cu biezenis ar graudaugiem un kazas piena kr\u0113mu \"Kakao pudi\u0146\u0161\" b\u0113rniem no 9 m\u0113ne\u0161iem, 100g<\/span><\/h1>\n<div class=\"catalog-detail__descr d-none d-md-block\">\n<div>COCAUT PUDDING ar kazas piena kr\u0113mu ir gar\u0161\u012bgs, s\u0101t\u012bgs un vesel\u012bgs kabrita\u00ae deserts! Kakao, pilngraudu un aug\u013cu kombin\u0101cija sniegs \u0161okol\u0101des gar\u0161u un ener\u0123ijas l\u0101di\u0146u mazajiem gard\u0113\u017eiem! Pudi\u0146us var dot mazu\u013ciem k\u0101 uzkodu vai vienk\u0101r\u0161i k\u0101 na\u0161\u0137i. Bez pievienot\u0101 cukura. Dab\u012bgs produkts. Satur lipekli. B\u0113rniem no 9 m\u0113ne\u0161u vecuma.<\/div>\n<\/div>\n<p>&nbsp;<\/p>\n<ul>\n<li class=\"small-bullet\">Ide\u0101li piem\u0113rots k\u0101 uzkoda maziem b\u0113rniem, vec\u0101kiem b\u0113rniem un pieaugu\u0161ajiem.<\/li>\n<li class=\"small-bullet\">\u0112rts, m\u012bksts un moderns iepakojums veicina mazu\u013ca smalk\u0101s motorikas att\u012bst\u012bbu un patst\u0101v\u012bbu.<\/li>\n<li class=\"small-bullet\">Nepiecie\u0161ama uzglab\u0101\u0161ana ledusskap\u012b<\/li>\n<\/ul>\n<p>S\u0101ciet ar 1 t\u0113jkaroti jaun\u0101 produkta, pak\u0101peniski palielinot devu. Neatst\u0101jiet b\u0113rnus baro\u0161anas laik\u0101 vienus pa\u0161us bez uzraudz\u012bbas. Nelietojiet mikrovi\u013c\u0146u kr\u0101sn\u012b un nesald\u0113jiet. Pirms lieto\u0161anas ieteicams nospiest iepakojumu.<\/p>","protected":false},"excerpt":{"rendered":"<ul>\n<li class=\"catalog-detail__features__item\">Nogatavoju\u0161ies aug\u013ci un ogas<\/li>\n<li class=\"catalog-detail__features__item\">Dabas produkts<\/li>\n<li class=\"catalog-detail__features__item\">Kazas piena kr\u0113ms<\/li>\n<li class=\"catalog-detail__features__item\">Bez pievienot\u0101 cukura<\/li>\n<li class=\"catalog-detail__features__item\">Bez konservantiem<\/li>\n<\/ul>","protected":false},"featured_media":7153,"template":"","meta":{"_acf_changed":false},"pwb-brand":[],"product_brand":[],"product_cat":[287,283],"product_tag":[],"class_list":{"0":"post-7086","1":"product","2":"type-product","3":"status-publish","4":"has-post-thumbnail","6":"product_cat-pudingas","7":"product_cat-maistas","9":"first","10":"instock","11":"sale","12":"shipping-taxable","13":"purchasable","14":"product-type-simple"},"supplier_id":null,"supplier_sku":"","barcode":null,"atum_controlled":true,"out_stock_date":null,"out_stock_threshold":null,"inheritable":false,"inbound_stock":null,"stock_on_hold":0,"sold_today":0,"sales_last_days":0,"reserved_stock":null,"customer_returns":null,"warehouse_damage":null,"lost_in_post":null,"other_logs":null,"out_stock_days":0,"lost_sales":0,"has_location":null,"update_date":"2026-04-10T00:34:02","atum_locations":[],"atum_stock_status":"instock","restock_status":false,"low_stock_amount":"","sales_update_date":"2026-04-10T00:34:02","calc_backorders":null,"acf":[],"brands":[],"_links":{"self":[{"href":"https:\/\/dekastar.lt\/lv\/wp-json\/wp\/v2\/product\/7086","targetHints":{"allow":["GET"]}}],"collection":[{"href":"https:\/\/dekastar.lt\/lv\/wp-json\/wp\/v2\/product"}],"about":[{"href":"https:\/\/dekastar.lt\/lv\/wp-json\/wp\/v2\/types\/product"}],"wp:featuredmedia":[{"embeddable":true,"href":"https:\/\/dekastar.lt\/lv\/wp-json\/wp\/v2\/media\/7153"}],"wp:attachment":[{"href":"https:\/\/dekastar.lt\/lv\/wp-json\/wp\/v2\/media?parent=7086"}],"wp:term":[{"taxonomy":"pwb-brand","embeddable":true,"href":"https:\/\/dekastar.lt\/lv\/wp-json\/wp\/v2\/pwb-brand?post=7086"},{"taxonomy":"product_brand","embeddable":true,"href":"https:\/\/dekastar.lt\/lv\/wp-json\/wp\/v2\/product_brand?post=7086"},{"taxonomy":"product_cat","embeddable":true,"href":"https:\/\/dekastar.lt\/lv\/wp-json\/wp\/v2\/product_cat?post=7086"},{"taxonomy":"product_tag","embeddable":true,"href":"https:\/\/dekastar.lt\/lv\/wp-json\/wp\/v2\/product_tag?post=7086"}],"curies":[{"name":"wp","href":"https:\/\/api.w.org\/{rel}","templated":true}]}}