{"id":7087,"date":"2024-08-24T22:18:15","date_gmt":"2024-08-24T22:18:15","guid":{"rendered":"https:\/\/dekastar.lt\/produktas\/kabrita-sausainiai-kudikiams-su-ozkos-pienu-nuo-6-men-115-g-2-vnt\/"},"modified":"2025-12-30T07:59:58","modified_gmt":"2025-12-30T07:59:58","slug":"kabrita-sausainiai-kudikiams-su-ozkos-pienu-nuo-6-men-115-g-2-vnt","status":"publish","type":"product","link":"https:\/\/dekastar.lt\/lv\/products\/kabrita-sausainiai-kudikiams-su-ozkos-pienu-nuo-6-men-115-g-2-vnt\/","title":{"rendered":"Kabrita\u00ae b\u0113rnu cepumi ar kazas pienu z\u012bdai\u0146iem no 6 m\u0113ne\u0161iem 115 g 1 gab."},"content":{"rendered":"<p><b>Kabrita cepumi<\/b>\u00a0- ir gar\u0161\u012bgs, m\u012bksts, viegli ko\u0161\u013c\u0101jams cepums ar kazas pienu. Lab\u0101kie kvie\u0161u milti, saimniec\u012bb\u0101 audz\u0113tu kazu piens, cukurniedru cukurs, vitam\u012bni un miner\u0101lvielas, k\u0101 ar\u012b saudz\u012bga cep\u0161anas tehnolo\u0123ija padara cepumus \u013coti m\u012bkstus un vesel\u012bgus. \u0160ie cepumi k\u013c\u016bs par j\u016bsu mazu\u013ca iecien\u012bt\u0101ko na\u0161\u0137i - tos ir viegli tur\u0113t mazaj\u0101s roci\u0146\u0101s, vai ar\u012b tos var at\u0161\u0137aid\u012bt ar m\u0101ksl\u012bgo pienu, sulu vai t\u0113ju. Pirmie cepumi ir jauns pagrieziena punkts mazulim, kur\u0161 m\u0101c\u0101s patst\u0101v\u012bgi \u0113st ciet\u0101ku p\u0101rtiku.<\/p>\n<p>M\u016bsu zemnieku audz\u0113to kazu piens pie\u0161\u0137ir cepumiem maigu piena gar\u0161u un veicina vieglu gremo\u0161anu.<\/p>\n<p>Vesel\u012bgs kazas piens un graudaugu \u0161\u0137iedrvielas, k\u0101 ar\u012b lab\u0101ka kazas piena uzs\u016bk\u0161an\u0101s uzlabo zarnu kust\u012bgumu un gremo\u0161anu, un uzturvielu uzs\u016bk\u0161anos. Papildu ener\u0123ijas avots visas dienas garum\u0101.<\/p>\n<p><b>Dro\u0161s<\/b>\u00a0- viegli iz\u0161\u0137\u012bst mut\u0113. Viegli ko\u0161\u013c\u0101jams. Gatavs lieto\u0161anai. Cepumus var iz\u0161\u0137\u012bdin\u0101t silt\u0101 pien\u0101, sul\u0101, biezen\u012b, t\u0113j\u0101 vai lietot sausus bez iepriek\u0161\u0113jas iz\u0161\u0137\u012bdin\u0101\u0161anas.<\/p>\n<p><b>Maiga cep\u0161ana maziem b\u0113rniem<\/b>\u00a0maksim\u0101li palielina uzturvielu saglab\u0101\u0161anu, nodro\u0161ina perfektu tekst\u016bru un cepumu \u0161\u0137\u012bd\u012bbu.<\/p>\n<p><b>\u0112rts m\u012bksts iepakojums ar atk\u0101rtoti nosl\u0113dzamu aizv\u0101kojumu.<\/b>\u00a0\u0112rti \u0146emt l\u012bdzi pastaig\u0101s vai ce\u013cojumos.<\/p>","protected":false},"excerpt":{"rendered":"<ul>\n<li class=\"catalog-detail__features__item\">Ar kazas pienu A2<\/li>\n<li class=\"catalog-detail__features__item\">Eirop\u0101 ra\u017eots biolo\u0123isks produkts<\/li>\n<li class=\"catalog-detail__features__item\">Papildu p\u0101rtika. Var \u0113st sausu un iz\u0161\u0137\u012bdin\u0101tu<\/li>\n<li class=\"catalog-detail__features__item\">Dro\u0161s - viegli iz\u0161\u0137\u012bst mut\u0113<\/li>\n<li class=\"catalog-detail__features__item\">Bag\u0101tin\u0101ts ar vitam\u012bniem un miner\u0101lviel\u0101m<\/li>\n<li class=\"catalog-detail__features__item\">Cepumu forma ir \u0113rta b\u0113rna rokai.<\/li>\n<li class=\"catalog-detail__features__item\">Maiga cep\u0161ana<\/li>\n<li class=\"catalog-detail__features__item\">Nesatur palmu e\u013c\u013cu, m\u0101ksl\u012bgos aromatiz\u0113t\u0101jus un saldin\u0101t\u0101jus.<\/li>\n<li class=\"catalog-detail__features__item\">\u0112rts m\u012bksts iepakojums ar atk\u0101rtoti nosl\u0113dzamu aizv\u0101kojumu<\/li>\n<\/ul>","protected":false},"featured_media":7134,"template":"","meta":{"_acf_changed":false},"pwb-brand":[],"product_brand":[],"product_cat":[283,288],"product_tag":[],"class_list":{"0":"post-7087","1":"product","2":"type-product","3":"status-publish","4":"has-post-thumbnail","6":"product_cat-maistas","7":"product_cat-sausainiai","9":"first","10":"instock","11":"sale","12":"shipping-taxable","13":"purchasable","14":"product-type-simple"},"supplier_id":null,"supplier_sku":"","barcode":null,"atum_controlled":true,"out_stock_date":null,"out_stock_threshold":null,"inheritable":false,"inbound_stock":null,"stock_on_hold":0,"sold_today":0,"sales_last_days":0,"reserved_stock":null,"customer_returns":null,"warehouse_damage":null,"lost_in_post":null,"other_logs":null,"out_stock_days":0,"lost_sales":0,"has_location":null,"update_date":"2026-04-09T00:35:58","atum_locations":[],"atum_stock_status":"instock","restock_status":false,"low_stock_amount":"","sales_update_date":"2026-04-09T00:35:58","calc_backorders":null,"acf":[],"brands":[],"_links":{"self":[{"href":"https:\/\/dekastar.lt\/lv\/wp-json\/wp\/v2\/product\/7087","targetHints":{"allow":["GET"]}}],"collection":[{"href":"https:\/\/dekastar.lt\/lv\/wp-json\/wp\/v2\/product"}],"about":[{"href":"https:\/\/dekastar.lt\/lv\/wp-json\/wp\/v2\/types\/product"}],"wp:featuredmedia":[{"embeddable":true,"href":"https:\/\/dekastar.lt\/lv\/wp-json\/wp\/v2\/media\/7134"}],"wp:attachment":[{"href":"https:\/\/dekastar.lt\/lv\/wp-json\/wp\/v2\/media?parent=7087"}],"wp:term":[{"taxonomy":"pwb-brand","embeddable":true,"href":"https:\/\/dekastar.lt\/lv\/wp-json\/wp\/v2\/pwb-brand?post=7087"},{"taxonomy":"product_brand","embeddable":true,"href":"https:\/\/dekastar.lt\/lv\/wp-json\/wp\/v2\/product_brand?post=7087"},{"taxonomy":"product_cat","embeddable":true,"href":"https:\/\/dekastar.lt\/lv\/wp-json\/wp\/v2\/product_cat?post=7087"},{"taxonomy":"product_tag","embeddable":true,"href":"https:\/\/dekastar.lt\/lv\/wp-json\/wp\/v2\/product_tag?post=7087"}],"curies":[{"name":"wp","href":"https:\/\/api.w.org\/{rel}","templated":true}]}}