{"id":7200,"date":"2024-09-16T08:48:58","date_gmt":"2024-09-16T08:48:58","guid":{"rendered":"https:\/\/dekastar.lt\/?post_type=product&#038;p=7200"},"modified":"2025-10-22T12:21:46","modified_gmt":"2025-10-22T12:21:46","slug":"reima-ziemos-kombinezonas-gotland-melynas","status":"publish","type":"product","link":"https:\/\/dekastar.lt\/lv\/products\/reima-ziemos-kombinezonas-gotland-melynas\/","title":{"rendered":"REIMA ziemas kombinezons GOTLAND (Zils)"},"content":{"rendered":"<p>Zviedrij\u0101, Norv\u0113\u0123ij\u0101 un D\u0101nij\u0101 Reimatec GOTLAND uzvalks ir atz\u012bts par visiztur\u012bg\u0101ko ap\u0123\u0113rbu.<br \/>\nKas padara \u0161o sniega t\u0113rpu tik \u012bpa\u0161u? Pirmk\u0101rt, tas ir izgatavots no \u012bpa\u0161i iztur\u012bga, \u016bdensnecaurlaid\u012bga un vienlaikus elpojo\u0161a materi\u0101la. Regul\u0113jam\u0101 jostasvieta nodro\u0161ina, ka kombinezons cie\u0161i piegu\u013c \u0137ermenim. M\u0101j\u012bga, no\u0146emama m\u0101ksl\u012bg\u0101 ka\u017eok\u0101da apdares kapuce un elast\u012bgas k\u0101ju cilpas.<br \/>\nL\u016bk, ko teica neatkar\u012bg\u0101 Zviedrijas test\u0113\u0161anas vietne B\u00e4st-i-Test, pie\u0161\u0137irot \u0161im t\u0113rpam galveno balvu 2018. gad\u0101: \"Silts, mitrumu not\u012bro\u0161s, \u016bdensnecaurlaid\u012bgs un nodilumiztur\u012bgs, \u013coti labi piem\u0113rots, lielisks cenas un kvalit\u0101tes attiec\u012bbu\".<\/p>\n<p><span id=\"description_more\">GOTLAND biks\u012btes ir izgatavotas no iztur\u012bga un elpojo\u0161a Duraplus materi\u0101la. \u0160is kombinezons nodro\u0161in\u0101s maksim\u0101lu komfortu visos laikapst\u0101k\u013cos un vis\u0101s aktivit\u0101t\u0113s. Visas \u0161uves ir herm\u0113tiski nosl\u0113gtas, t\u0101p\u0113c pat maz\u0101kais \u016bdens piliens nevar iek\u013c\u016bt uzvalk\u0101, saglab\u0101jot j\u016bsu b\u0113rnu sausu un nesasalsto\u0161u pat p\u0113c stundu ilg\u0101m rota\u013c\u0101m snieg\u0101. Viegli no\u0146emam\u0101 kapuce ne tikai pasarg\u0101 no lietus vai sniega, bet ar\u012b nodro\u0161ina dro\u0161\u012bbu. Ja k\u0101ds satver kapuci vai ar to satver k\u0101du zaru, kapuci viegli atdal\u012bs no t\u0113rpa galven\u0101s da\u013cas, t\u0101d\u0113j\u0101di pasarg\u0101jot j\u016bsu b\u0113rnu. Kapuci rot\u0101 m\u0101ksl\u012bg\u0101s ka\u017eok\u0101das apdare. Silikona biks\u012b\u0161u cilpas cie\u0161i piegu\u013c apaviem neatkar\u012bgi no t\u0101, cik \u0101tri skrienat. Viegli uzvilkt, pateicoties gludajai un siltajai oderei. \u0160is kombinezons ir viegli kopjams, viegli valk\u0101jams ap\u0123\u0113rbs visiem \u0101ra piedz\u012bvojumiem!<\/span><\/p>\n<p>Produkta \u012bpa\u0161\u012bbas:<\/p>\n<div id=\"tab-description\" class=\"woocommerce-Tabs-panel woocommerce-Tabs-panel--description panel entry-content wc-tab current col-md-10 col-md-offset-1 woocommerce-Tabs-panel--section-on-mobile\" role=\"tabpanel\" data-title=\"Apra\u0161ymas\" aria-labelledby=\"tab-title-description\">\n<div class=\"col-xs-12 col-sm-6 content-col-left border-right margin-bottom-base\">\n<ul class=\"product-feature-list\">\n<li>ziemas t\u0113rps<\/li>\n<li>Visas \u0161uves ir herm\u0113tiski nosl\u0113gtas un \u016bdensnecaurlaid\u012bgas<\/li>\n<li>\u016adens un net\u012brumu atgr\u016bdo\u0161s l\u012bdzeklis bez fluoroglek\u013ca BIONIC-FINISH\u00aeECO<\/li>\n<li>Izol\u0113ts s\u0113deklis<\/li>\n<li>Gluda poliestera odere<\/li>\n<li>Dro\u0161s, no\u0146emams p\u0101rsegs<\/li>\n<li>Elast\u012bgas aproces un k\u0101ju gali<\/li>\n<li>No\u0146emamas elast\u012bgas p\u0113das cilpas<\/li>\n<li>Gar\u0161 r\u0101v\u0113jsl\u0113dz\u0113js \u0113rtai \u0123\u0113rb\u0161an\u0101s atvieglo\u0161anai<\/li>\n<li>Kabata ar r\u0101v\u0113jsl\u0113dz\u0113ju<\/li>\n<li>Kr\u0101sa: j\u016bras kara flote<\/li>\n<\/ul>\n<\/div>\n<div class=\"col-xs-12 col-sm-6 content-col-right\">\n<ul class=\"product-description-features\">\n<li><strong>\u016adensiztur\u012bba<\/strong>\n<p class=\"product-description-text\">\u016adens sl\u0101nis ne maz\u0101ks par 10 000 mm<\/p>\n<\/li>\n<li><strong>Siltums<\/strong>\n<p class=\"product-description-text\">Temperat\u016bra aptuveni no 0 l\u012bdz -20\u00b0C<\/p>\n<\/li>\n<li><strong>Elpo\u0161ana<\/strong>\n<p class=\"product-description-text\">Elpojo\u0161s ar minim\u0101lo gaisa mitrumu 7 000 g\/m2\/24 stundas.<\/p>\n<\/li>\n<li><strong>Iztur\u012bba<\/strong>\n<p class=\"product-description-text\">Ilgm\u016b\u017e\u012bba vair\u0101k nek\u0101 30 000 ciklu p\u0113c Martindale metodes<\/p>\n<\/li>\n<\/ul>\n<p>SECIN\u0100JUMI:<\/p>\n<p><span id=\"description_more\">Galvenais materi\u0101ls: 100% poliam\u012bds, poliuret\u0101na p\u0101rkl\u0101jums Odere: 100% poliesteris. <\/span><\/p>\n<p>CARE:<\/p>\n<ul>\n<li>Var mazg\u0101t ve\u013casma\u0161\u012bn\u0101 l\u012bdz 40 gr\u0101diem<\/li>\n<li>Izloc\u012bt, mazg\u0101jot aizv\u0113rt visas r\u0101v\u0113jsl\u0113dz\u0113ju pogas<\/li>\n<li>Ve\u013cas mazg\u0101\u0161anas laik\u0101 neizmantojiet audumu m\u012bkstin\u0101t\u0101jus un balin\u0101t\u0101jus.<\/li>\n<li>Nedr\u012bkst \u017e\u0101v\u0113t ve\u013cas \u017e\u0101v\u0113tav\u0101. P\u0113c skalo\u0161anas atst\u0101jiet no\u017e\u016bt istabas temperat\u016br\u0101.<\/li>\n<\/ul>\n<p><span id=\"description_more\">Uzman\u012bbu! Reima kr\u016b\u0161tura biks\u012bt\u0113m ir zin\u0101ma aug\u0161anas br\u012bv\u012bba (aptuveni 6 cm). Ja j\u016bsu b\u0113rns ruden\u012b ir tuvu 98 cm augumam un ir vid\u0113ja auguma, 98. izm\u0113ra kr\u016b\u0161auti\u0146\u0161 ziem\u0101 vi\u0146am labi piest\u0101v\u0113s.<\/span><\/p>\n<\/div>\n<\/div>","protected":false},"excerpt":{"rendered":"<p>\u0160vedijoje, Norvegijoje ir Danijoje \u0161is \u201eReimatec\u201c GOTLAND kombinezonas pripa\u017einstas kaip ilgaam\u017ei\u0161kiausias drabu\u017eis. Kuo \u0161is sniego kostiumas toks ypatingas? Pirmiausia, jis pagamintas i\u0161 itin tvirtos, neper\u0161lampan\u010dios, ta\u010diau orui pralaid\u017eios med\u017eiagos. Reguliuojamas liemuo u\u017etikrina, kad kostiumas gerai priglust\u0173 prie k\u016bno. Jaukus, nuimamas dirbtiniu kailiu apsi\u016btas gobtuvas ir elastingos kilpos kojoms. \u0160tai k\u0105 pasak\u0117 nepriklausoma \u0160vedijos bandym\u0173 svetain\u0117 [&hellip;]<\/p>\n","protected":false},"featured_media":7208,"template":"","meta":{"_acf_changed":false},"pwb-brand":[81],"product_brand":[],"product_cat":[40,68,47],"product_tag":[],"class_list":{"0":"post-7200","1":"product","2":"type-product","3":"status-publish","4":"has-post-thumbnail","6":"pwb-brand-reima","7":"product_cat-vaikams","8":"product_cat-kombinezonai","9":"product_cat-zieminiai-kombinezonai","10":"pa_drabuziu-dydis-209","11":"pa_drabuziu-dydis-168","12":"pa_drabuziu-dydis-147","13":"pa_drabuziu-dydis-148","14":"pa_drabuziu-dydis-142","16":"first","17":"instock","18":"sale","19":"shipping-taxable","20":"purchasable","21":"product-type-variable"},"supplier_id":null,"supplier_sku":"","barcode":null,"atum_controlled":true,"out_stock_date":null,"out_stock_threshold":null,"inheritable":false,"inbound_stock":null,"stock_on_hold":0,"sold_today":0,"sales_last_days":0,"reserved_stock":null,"customer_returns":null,"warehouse_damage":null,"lost_in_post":null,"other_logs":null,"out_stock_days":0,"lost_sales":0,"has_location":null,"update_date":"2026-05-04T03:16:08","atum_locations":[],"atum_stock_status":"instock","restock_status":false,"low_stock_amount":"","sales_update_date":"2026-05-04T03:16:08","calc_backorders":null,"acf":[],"brands":[{"id":81,"name":"REIMA","slug":"reima"}],"_links":{"self":[{"href":"https:\/\/dekastar.lt\/lv\/wp-json\/wp\/v2\/product\/7200","targetHints":{"allow":["GET"]}}],"collection":[{"href":"https:\/\/dekastar.lt\/lv\/wp-json\/wp\/v2\/product"}],"about":[{"href":"https:\/\/dekastar.lt\/lv\/wp-json\/wp\/v2\/types\/product"}],"wp:featuredmedia":[{"embeddable":true,"href":"https:\/\/dekastar.lt\/lv\/wp-json\/wp\/v2\/media\/7208"}],"wp:attachment":[{"href":"https:\/\/dekastar.lt\/lv\/wp-json\/wp\/v2\/media?parent=7200"}],"wp:term":[{"taxonomy":"pwb-brand","embeddable":true,"href":"https:\/\/dekastar.lt\/lv\/wp-json\/wp\/v2\/pwb-brand?post=7200"},{"taxonomy":"product_brand","embeddable":true,"href":"https:\/\/dekastar.lt\/lv\/wp-json\/wp\/v2\/product_brand?post=7200"},{"taxonomy":"product_cat","embeddable":true,"href":"https:\/\/dekastar.lt\/lv\/wp-json\/wp\/v2\/product_cat?post=7200"},{"taxonomy":"product_tag","embeddable":true,"href":"https:\/\/dekastar.lt\/lv\/wp-json\/wp\/v2\/product_tag?post=7200"}],"curies":[{"name":"wp","href":"https:\/\/api.w.org\/{rel}","templated":true}]}}