{"id":7383,"date":"2024-09-19T07:57:46","date_gmt":"2024-09-19T07:57:46","guid":{"rendered":"https:\/\/dekastar.lt\/?post_type=product&#038;p=7383"},"modified":"2025-10-22T12:21:49","modified_gmt":"2025-10-22T12:21:49","slug":"reima-zieminiai-batai-vimpeli","status":"publish","type":"product","link":"https:\/\/dekastar.lt\/lv\/products\/reima-zieminiai-batai-vimpeli\/","title":{"rendered":"REIMA ziemas z\u0101baki VIMPELI"},"content":{"rendered":"<p>Somu ra\u017eot\u0101ja Reima popul\u0101rie ziemas z\u0101baki Vimpeli ir iztur\u012bgi pret laikapst\u0101k\u013ciem, pateicoties ReimaTec \u0161uv\u0113m, kas padara tekstila virsmu \u016bdensiztur\u012bgu un v\u0113ja necaurlaid\u012bgu. \u0160iem z\u0101bakiem ir sl\u0113gtas \u0161uves, un tos ir viegli uzvilkt bez papildu aizdares. Apavu iek\u0161puse ir p\u0101rkl\u0101ta ar siltu vilnas oder\u0113jumu apak\u0161\u0113j\u0101 da\u013c\u0101 un m\u012bkstu un siltu garspalvainu oder\u0113jumu pap\u0113\u017eos. Gumijas zolei ir dzi\u013c\u0161 raksts. Happy Fit main\u0101m\u0101s zol\u012btes piel\u0101gojas p\u0113das formai. Aizmugur\u0113 ie\u0161\u016bts atstarot\u0101js uzlabo redzam\u012bbu tums\u0101. 30. izm\u0113ra apavu svars ir 320 g. Kr\u0101sa: pel\u0113ka\/sudraba.<\/p>\n<p>Produkta \u012bpa\u0161\u012bbas:<\/p>\n<ul>\n<li>\u016adensnecaurlaid\u012bgi sezonas vidus apavi;<\/li>\n<li>Aug\u0161da\u013ca ir izgatavota no tekstilmateri\u0101la un sint\u0113tisk\u0101m \u0161\u0137iedr\u0101m, kas sajauktas ar \u0101du;<\/li>\n<li>Elast\u012bga gumijas zole nodro\u0161ina ide\u0101lu sa\u0137eri;<\/li>\n<li>\u016adensnecaurlaid\u012bga konstrukcija l\u012bdz pot\u012btei (tekstilmateri\u0101la da\u013ca) ar herm\u0113tisku oder\u0113jumu un vilnas mais\u012bjuma oderi;<\/li>\n<li>200 g vilnas izol\u0101cijas;<\/li>\n<li>No\u0146emamas zol\u012btes ar Happy Fit apdruku pal\u012bdz atrast pareizo izm\u0113ru;<\/li>\n<li>Atstarojo\u0161as deta\u013cas;<\/li>\n<li>\u016adens un net\u012brumu necaurlaid\u012bga apdare bez fluorog\u013c\u016bde\u0146ra\u017eiem.<\/li>\n<\/ul>\n<p>Izm\u0113ru tabula:<\/p>\n<table class=\"dydziu_lentele\" border=\"0\" width=\"490\" cellspacing=\"0\" cellpadding=\"0\">\n<tbody>\n<tr>\n<td width=\"80\" height=\"21\"><\/td>\n<td width=\"131\">Ziemas z\u0101baki<\/td>\n<td width=\"113\">Vasaras z\u0101baki<\/td>\n<td width=\"102\">Sandales<\/td>\n<td width=\"64\"><\/td>\n<\/tr>\n<tr>\n<td height=\"21\"><strong>B\u0113rna p\u0113das garums<\/strong><\/td>\n<td class=\"xl66\" colspan=\"3\" width=\"346\"><strong>Zol\u012btes garums cm<\/strong><\/td>\n<td><strong>ES izm\u0113rs<\/strong><\/td>\n<\/tr>\n<tr>\n<td class=\"xl65\" height=\"21\">11,2 cm<\/td>\n<td class=\"xl68\" width=\"131\">12.7<\/td>\n<td class=\"xl68\" width=\"113\">x<\/td>\n<td class=\"xl65\">11.5<\/td>\n<td class=\"xl67\" width=\"64\">19<\/td>\n<\/tr>\n<tr>\n<td class=\"xl65\" height=\"21\">11,7 cm<\/td>\n<td class=\"xl68\" width=\"131\">13.2<\/td>\n<td class=\"xl68\" width=\"113\">13.2<\/td>\n<td class=\"xl65\">12.2<\/td>\n<td class=\"xl67\" width=\"64\">20<\/td>\n<\/tr>\n<tr>\n<td class=\"xl65\" height=\"21\">12,3 cm<\/td>\n<td class=\"xl68\" width=\"131\">13.8<\/td>\n<td class=\"xl68\" width=\"113\">13.8<\/td>\n<td class=\"xl65\">13<\/td>\n<td class=\"xl67\" width=\"64\">21<\/td>\n<\/tr>\n<tr>\n<td class=\"xl65\" height=\"21\">13 cm<\/td>\n<td class=\"xl68\" width=\"131\">14.5<\/td>\n<td class=\"xl68\" width=\"113\">14.5<\/td>\n<td class=\"xl65\">13.7<\/td>\n<td class=\"xl67\" width=\"64\">22<\/td>\n<\/tr>\n<tr>\n<td class=\"xl65\" height=\"21\">13,7 cm<\/td>\n<td class=\"xl68\" width=\"131\">15.2<\/td>\n<td class=\"xl68\" width=\"113\">15.2<\/td>\n<td class=\"xl65\">14.4<\/td>\n<td class=\"xl67\" width=\"64\">23<\/td>\n<\/tr>\n<tr>\n<td class=\"xl65\" height=\"21\">14,3 cm<\/td>\n<td class=\"xl68\" width=\"131\">15.8<\/td>\n<td class=\"xl68\" width=\"113\">15.8<\/td>\n<td class=\"xl65\">15.1<\/td>\n<td class=\"xl67\" width=\"64\">24<\/td>\n<\/tr>\n<tr>\n<td class=\"xl65\" height=\"21\">14,8 cm<\/td>\n<td class=\"xl68\" width=\"131\">16.5<\/td>\n<td class=\"xl68\" width=\"113\">16.3<\/td>\n<td class=\"xl65\">15.7<\/td>\n<td class=\"xl67\" width=\"64\">25<\/td>\n<\/tr>\n<tr>\n<td class=\"xl65\" height=\"21\">15,5 cm<\/td>\n<td class=\"xl68\" width=\"131\">17.2<\/td>\n<td class=\"xl68\" width=\"113\">17<\/td>\n<td class=\"xl65\">16.4<\/td>\n<td class=\"xl67\" width=\"64\">26<\/td>\n<\/tr>\n<tr>\n<td class=\"xl65\" height=\"21\">16,2 cm<\/td>\n<td class=\"xl68\" width=\"131\">17.8<\/td>\n<td class=\"xl68\" width=\"113\">17,7<\/td>\n<td class=\"xl65\">17.1<\/td>\n<td class=\"xl67\" width=\"64\">27<\/td>\n<\/tr>\n<tr>\n<td class=\"xl65\" height=\"21\">16,8 cm<\/td>\n<td class=\"xl68\" width=\"131\">18.5<\/td>\n<td class=\"xl68\" width=\"113\">18.3<\/td>\n<td class=\"xl65\">18.0<\/td>\n<td class=\"xl67\" width=\"64\">28<\/td>\n<\/tr>\n<tr>\n<td class=\"xl65\" height=\"21\">17,5 cm<\/td>\n<td class=\"xl68\" width=\"131\">19.2<\/td>\n<td class=\"xl68\" width=\"113\">19<\/td>\n<td class=\"xl65\">18.7<\/td>\n<td class=\"xl67\" width=\"64\">29<\/td>\n<\/tr>\n<tr>\n<td class=\"xl65\" height=\"21\">18 cm<\/td>\n<td class=\"xl68\" width=\"131\">19.8<\/td>\n<td class=\"xl68\" width=\"113\">19.5<\/td>\n<td class=\"xl65\">19.4<\/td>\n<td class=\"xl67\" width=\"64\">30<\/td>\n<\/tr>\n<tr>\n<td class=\"xl65\" height=\"21\">18,6 cm<\/td>\n<td class=\"xl68\" width=\"131\">20.5<\/td>\n<td class=\"xl68\" width=\"113\">20.1<\/td>\n<td class=\"xl65\">20<\/td>\n<td class=\"xl67\" width=\"64\">31<\/td>\n<\/tr>\n<tr>\n<td class=\"xl65\" height=\"21\">19,3 cm<\/td>\n<td class=\"xl68\" width=\"131\">21.1<\/td>\n<td class=\"xl68\" width=\"113\">20.8<\/td>\n<td class=\"xl65\">20.7<\/td>\n<td class=\"xl67\" width=\"64\">32<\/td>\n<\/tr>\n<tr>\n<td class=\"xl65\" height=\"21\">19,9 cm<\/td>\n<td class=\"xl68\" width=\"131\">21.7<\/td>\n<td class=\"xl68\" width=\"113\">21.4<\/td>\n<td class=\"xl65\">21.4<\/td>\n<td class=\"xl67\" width=\"64\">33<\/td>\n<\/tr>\n<tr>\n<td class=\"xl65\" height=\"21\">20,5 cm<\/td>\n<td class=\"xl68\" width=\"131\">22.5<\/td>\n<td class=\"xl68\" width=\"113\">22<\/td>\n<td class=\"xl65\">22<\/td>\n<td class=\"xl67\" width=\"64\">34<\/td>\n<\/tr>\n<tr>\n<td class=\"xl65\" height=\"21\">21,2 cm<\/td>\n<td class=\"xl68\" width=\"131\">23.1<\/td>\n<td class=\"xl68\" width=\"113\">22.7<\/td>\n<td class=\"xl65\">22.7<\/td>\n<td class=\"xl67\" width=\"64\">35<\/td>\n<\/tr>\n<tr>\n<td class=\"xl65\" height=\"21\">21,9 cm<\/td>\n<td class=\"xl68\" width=\"131\">23.8<\/td>\n<td class=\"xl68\" width=\"113\">23.4<\/td>\n<td class=\"xl65\">23.4<\/td>\n<td class=\"xl67\" width=\"64\">36<\/td>\n<\/tr>\n<tr>\n<td class=\"xl65\" height=\"21\">22,5 cm<\/td>\n<td class=\"xl68\" width=\"131\">24.4<\/td>\n<td class=\"xl68\" width=\"113\">24<\/td>\n<td class=\"xl65\">24<\/td>\n<td class=\"xl67\" width=\"64\">37<\/td>\n<\/tr>\n<tr>\n<td class=\"xl65\" height=\"21\">23,2 cm<\/td>\n<td class=\"xl68\" width=\"131\">25.1<\/td>\n<td class=\"xl68\" width=\"113\">24.7<\/td>\n<td class=\"xl65\">24.7<\/td>\n<td class=\"xl67\" width=\"64\">38<\/td>\n<\/tr>\n<tr>\n<td class=\"xl65\" height=\"21\">23,6 cm<\/td>\n<td class=\"xl70\" width=\"131\">25.8<\/td>\n<td class=\"xl68\" width=\"113\">x<\/td>\n<td class=\"xl65\">25.4<\/td>\n<td class=\"xl69\" width=\"64\">39<\/td>\n<\/tr>\n<\/tbody>\n<\/table>","protected":false},"excerpt":{"rendered":"<p>Populiar\u016bs suomi\u0173 gamintojo Reima \u017eieminiai batai Vimpeli yra atspar\u016bs prastoms oro s\u0105lygoms d\u0117l ReimaTec apsiuvimo, kuris u\u017etikrina tekstil\u0117s pavir\u0161iaus atsparum\u0105 vandeniui ir v\u0117jui. Batai turi u\u017edaras si\u016bles, be papildom\u0173 u\u017esegim\u0173 yra lengvai apsiaunami. Vidus yra padengtas \u0161iltu vilnos pamu\u0161alu apatin\u0117je dalyje ir mink\u0161tu bei \u0161iltu ilgaplaukiu apmu\u0161alu kulno dalyje. Guminis padas turi gil\u0173 ra\u0161t\u0105. Kei\u010diami [&hellip;]<\/p>\n","protected":false},"featured_media":5331,"template":"","meta":{"_acf_changed":false},"pwb-brand":[81],"product_brand":[],"product_cat":[40,48],"product_tag":[],"class_list":{"0":"post-7383","1":"product","2":"type-product","3":"status-publish","4":"has-post-thumbnail","6":"pwb-brand-reima","7":"product_cat-vaikams","8":"product_cat-avalyne-vaikams","9":"pa_avalynes-dydis-130","10":"pa_avalynes-dydis-119","12":"first","13":"instock","14":"sale","15":"shipping-taxable","16":"purchasable","17":"product-type-variable"},"supplier_id":null,"supplier_sku":"","barcode":null,"atum_controlled":true,"out_stock_date":null,"out_stock_threshold":null,"inheritable":false,"inbound_stock":null,"stock_on_hold":0,"sold_today":0,"sales_last_days":0,"reserved_stock":null,"customer_returns":null,"warehouse_damage":null,"lost_in_post":null,"other_logs":null,"out_stock_days":0,"lost_sales":0,"has_location":null,"update_date":"2026-04-11T00:34:22","atum_locations":[],"atum_stock_status":"instock","restock_status":false,"low_stock_amount":"","sales_update_date":"2026-04-11T00:34:22","calc_backorders":null,"acf":[],"brands":[{"id":81,"name":"REIMA","slug":"reima"}],"_links":{"self":[{"href":"https:\/\/dekastar.lt\/lv\/wp-json\/wp\/v2\/product\/7383","targetHints":{"allow":["GET"]}}],"collection":[{"href":"https:\/\/dekastar.lt\/lv\/wp-json\/wp\/v2\/product"}],"about":[{"href":"https:\/\/dekastar.lt\/lv\/wp-json\/wp\/v2\/types\/product"}],"wp:featuredmedia":[{"embeddable":true,"href":"https:\/\/dekastar.lt\/lv\/wp-json\/wp\/v2\/media\/5331"}],"wp:attachment":[{"href":"https:\/\/dekastar.lt\/lv\/wp-json\/wp\/v2\/media?parent=7383"}],"wp:term":[{"taxonomy":"pwb-brand","embeddable":true,"href":"https:\/\/dekastar.lt\/lv\/wp-json\/wp\/v2\/pwb-brand?post=7383"},{"taxonomy":"product_brand","embeddable":true,"href":"https:\/\/dekastar.lt\/lv\/wp-json\/wp\/v2\/product_brand?post=7383"},{"taxonomy":"product_cat","embeddable":true,"href":"https:\/\/dekastar.lt\/lv\/wp-json\/wp\/v2\/product_cat?post=7383"},{"taxonomy":"product_tag","embeddable":true,"href":"https:\/\/dekastar.lt\/lv\/wp-json\/wp\/v2\/product_tag?post=7383"}],"curies":[{"name":"wp","href":"https:\/\/api.w.org\/{rel}","templated":true}]}}