{"id":7423,"date":"2024-09-20T07:43:11","date_gmt":"2024-09-20T07:43:11","guid":{"rendered":"https:\/\/dekastar.lt\/?post_type=product&#038;p=7423"},"modified":"2025-10-22T12:21:33","modified_gmt":"2025-10-22T12:21:33","slug":"reima-zieminis-kombinezonas-muhos-pilkai-rausva","status":"publish","type":"product","link":"https:\/\/dekastar.lt\/lv\/products\/reima-zieminis-kombinezonas-muhos-pilkai-rausva\/","title":{"rendered":"REIMA ziemas kombinezons MUHOS (pel\u0113ks un roz\u0101)"},"content":{"rendered":"<p>Univers\u0101ls, \u016bdensnecaurlaid\u012bgs un elpojo\u0161s kombinezons b\u0113rniem. Lieliski piem\u0113rots vis\u0101m ziemas aktivit\u0101t\u0113m. Kombinezons ir lieliski sader\u012bgs ar sl\u0113po\u0161anas z\u0101bakiem.<\/p>\n<ul>\n<li>Visas \u0161uves ir aizl\u012bm\u0113tas;<\/li>\n<li>Iztur\u012bgs materi\u0101ls;<\/li>\n<li>Gluda poliestera oder\u0113jums;<\/li>\n<li>No\u0146emama un regul\u0113jama kapuce;<\/li>\n<li>Elast\u012bgas aproces;<\/li>\n<li>Kabatas ar atlokiem un r\u0101v\u0113jsl\u0113dz\u0113jiem;<\/li>\n<li>R\u0101v\u0113jsl\u0113dz\u0113ja aizdares kr\u016b\u0161u kabata;<\/li>\n<li>Iek\u0161\u0113j\u0101 jostasvietas regul\u0113\u0161ana;<\/li>\n<li>Aizsardz\u012bba pret sniegu k\u0101ju galos;<\/li>\n<li>Atstarojo\u0161as deta\u013cas;<\/li>\n<\/ul>\n<p>Galvenais materi\u0101ls: 52 % p\u0101rstr\u0101d\u0101ts poliesteris, 48 % poliesteris, poliuret\u0101na p\u0101rkl\u0101jums.<\/p>\n<p>Pastiprin\u0101juma materi\u0101ls: 55 % p\u0101rstr\u0101d\u0101ts poliesteris, 45 % poliesteris, poliuret\u0101na lamin\u0113\u0161ana.<\/p>\n<p>Odere: 55 % p\u0101rstr\u0101d\u0101ts poliesteris, 45 % poliesteris.<\/p>\n<p>Izol\u0101cija: 100 % p\u0101rstr\u0101d\u0101ts poliesteris.<\/p>\n<p>Mazg\u0101jiet atsevi\u0161\u0137i, iek\u0161pus\u0113 uz \u0101ru. Aiztaisiet r\u0101v\u0113jsl\u0113dz\u0113jus un velcro sloksnes. Nelietojiet mazg\u0101\u0161anas l\u012bdzek\u013cus ar balino\u0161\u0101m viel\u0101m. Nelietojiet audumu m\u012bkstin\u0101t\u0101jus. Beidzoties mazg\u0101\u0161anas programmai, iz\u0146emiet ap\u0123\u0113rbu, lai izvair\u012btos no kr\u0101sas mai\u0146as. Dr\u012bkst \u017e\u0101v\u0113t ve\u013cas \u017e\u0101v\u0113t\u0101j\u0101 vai \u017e\u0101v\u0113\u0161anas skap\u012b (temperat\u016br\u0101, kas nep\u0101rsniedz 40 \u00b0C).<\/p>","protected":false},"excerpt":{"rendered":"<p>Universalus vaiki\u0161kas kombinezonas atsparus vandeniui ir pralaidus orui. Puikiai tinkantis visoms \u017eiemos pramogoms. Kombinezonas puikiai suderinamas su slidin\u0117jimo avalyne. Visos si\u016bl\u0117s u\u017esandarintos; Patvari med\u017eiaga; Lygus poliesterio pamu\u0161alas; Nuimamas ir reguliuojamas gobtuvas; Elastingi rankogaliai; Ki\u0161en\u0117s su atvartais ir u\u017etrauktukais; U\u017esegama ki\u0161en\u0117 ant kr\u016btin\u0117s; Vidinis juosmens reguliavimas; Koj\u0173 galuose &#8211;\u00a0apsauga nuo sniego; Atspindin\u010dios detal\u0117s; Pagrindin\u0117 med\u017eiaga: 52 [&hellip;]<\/p>\n","protected":false},"featured_media":7434,"template":"","meta":{"_acf_changed":false},"pwb-brand":[81],"product_brand":[],"product_cat":[40,47],"product_tag":[],"class_list":{"0":"post-7423","1":"product","2":"type-product","3":"status-publish","4":"has-post-thumbnail","6":"pwb-brand-reima","7":"product_cat-vaikams","8":"product_cat-zieminiai-kombinezonai","9":"pa_drabuziu-dydis-216","10":"pa_drabuziu-dydis-156","12":"first","13":"instock","14":"sale","15":"shipping-taxable","16":"purchasable","17":"product-type-variable"},"supplier_id":null,"supplier_sku":"","barcode":null,"atum_controlled":true,"out_stock_date":null,"out_stock_threshold":null,"inheritable":false,"inbound_stock":null,"stock_on_hold":0,"sold_today":0,"sales_last_days":0,"reserved_stock":null,"customer_returns":null,"warehouse_damage":null,"lost_in_post":null,"other_logs":null,"out_stock_days":0,"lost_sales":0,"has_location":null,"update_date":"2026-05-04T03:17:26","atum_locations":[],"atum_stock_status":"instock","restock_status":false,"low_stock_amount":"","sales_update_date":"2026-05-04T03:17:26","calc_backorders":null,"acf":[],"brands":[{"id":81,"name":"REIMA","slug":"reima"}],"_links":{"self":[{"href":"https:\/\/dekastar.lt\/lv\/wp-json\/wp\/v2\/product\/7423","targetHints":{"allow":["GET"]}}],"collection":[{"href":"https:\/\/dekastar.lt\/lv\/wp-json\/wp\/v2\/product"}],"about":[{"href":"https:\/\/dekastar.lt\/lv\/wp-json\/wp\/v2\/types\/product"}],"wp:featuredmedia":[{"embeddable":true,"href":"https:\/\/dekastar.lt\/lv\/wp-json\/wp\/v2\/media\/7434"}],"wp:attachment":[{"href":"https:\/\/dekastar.lt\/lv\/wp-json\/wp\/v2\/media?parent=7423"}],"wp:term":[{"taxonomy":"pwb-brand","embeddable":true,"href":"https:\/\/dekastar.lt\/lv\/wp-json\/wp\/v2\/pwb-brand?post=7423"},{"taxonomy":"product_brand","embeddable":true,"href":"https:\/\/dekastar.lt\/lv\/wp-json\/wp\/v2\/product_brand?post=7423"},{"taxonomy":"product_cat","embeddable":true,"href":"https:\/\/dekastar.lt\/lv\/wp-json\/wp\/v2\/product_cat?post=7423"},{"taxonomy":"product_tag","embeddable":true,"href":"https:\/\/dekastar.lt\/lv\/wp-json\/wp\/v2\/product_tag?post=7423"}],"curies":[{"name":"wp","href":"https:\/\/api.w.org\/{rel}","templated":true}]}}