{"id":7458,"date":"2024-09-24T08:55:42","date_gmt":"2024-09-24T08:55:42","guid":{"rendered":"https:\/\/dekastar.lt\/?post_type=product&#038;p=7458"},"modified":"2026-02-28T17:56:43","modified_gmt":"2026-02-28T17:56:43","slug":"name-it-softshell-kombinezonas-linksmieji-dinozauriukai","status":"publish","type":"product","link":"https:\/\/dekastar.lt\/lv\/products\/name-it-softshell-kombinezonas-linksmieji-dinozauriukai\/","title":{"rendered":"NAME IT Softshell t\u0113rps \"Jolly Dinosaurs\""},"content":{"rendered":"<p>NAME IT bib \"Jolly Dinosaurs\" ir veidots ar m\u012blest\u012bbu un atbild\u012bgu attieksmi pret dabu. \u0160is izstr\u0101d\u0101jums ir izgatavots no aptuveni 50 % p\u0101rstr\u0101d\u0101ta poliestera. T\u0113rps ir paredz\u0113ts rudens\/vai pavasara sezonai. Tas ir softshell tipa \u0101ra ap\u0123\u0113rbs. Tas ir \u016bdensnecaurlaid\u012bgs, v\u0113jadro\u0161s, m\u012bksts un elpojo\u0161s. Liela, cie\u0161i piegu\u013co\u0161a kapuce pasarg\u0101 no v\u0113ja un lietus. Kapuce ir no\u0146emama. Uzvalkam ir atstarojo\u0161as deta\u013cas un silikona apavu cilpas. \u0160im kr\u016b\u0161tura modelim ir divas priek\u0161\u0113j\u0101s kabatas.<\/p>\n<p class=\"typography typography--header typography--header--h4 typography--color-strong typography--weight-regular typography--desktop\"><span class=\"typography typography--body typography--body--body2 typography--body--lineheight-paragraph typography--color-regular typography--weight-regular typography--desktop\">Sast\u0101vs: 94% poliesteris (p\u0101rstr\u0101d\u0101ts), 6% elast\u0101ns.<\/span><\/p>\n<p><strong><i>Poliesters<\/i><\/strong><em> - \u012bpa\u0161s sint\u0113tisks audums, kas izgatavots no polim\u0113ru \u0161\u0137iedr\u0101m. Audums lieliski sasilda un ir \u013coti pat\u012bkams \u0137ermenim. Tam ir vilnai l\u012bdz\u012bgs izskats un da\u017eas kokvilnas \u012bpa\u0161\u012bbas. Poliestera audums ir \u013coti iztur\u012bgs (iztur\u012bgs pret gaismu un karstumu), viegls, labi saglab\u0101 formu, neme\u017eojas, ir viegli kopjams un \u0101tri \u017e\u016bst. Citiem v\u0101rdiem sakot, tas ir audums, kas ir ide\u0101li piem\u0113rots siltas apak\u0161ve\u013cas izgatavo\u0161anai ziemai.\u00a0<\/em><\/p>\n<p><strong><i>Uztur\u0113\u0161ana.<\/i><\/strong><em>\u00a0Audumu var mazg\u0101t ve\u013casma\u0161\u012bn\u0101, ta\u010du tam nepat\u012bk augsta temperat\u016bra. Vislab\u0101k to mazg\u0101t 40 gr\u0101du temperat\u016br\u0101. Audumu nevar balin\u0101t (tas jau ir gaismas iztur\u012bgs). Mazg\u0101jot autom\u0101tiskaj\u0101 ve\u013cas mazg\u0101jamaj\u0101 ma\u0161\u012bn\u0101, lab\u0101k izmantot \"maigu\" programmu. Audumu lab\u0101k negludin\u0101t ar \u013coti karstu gludekli. Audumam ir zems krok\u0113\u0161an\u0101s \u0101trums, t\u0101p\u0113c gludin\u0101\u0161ana nav nepiecie\u0161ama.\u00a0<\/em><\/p>\n<p>&nbsp;<\/p>\n<p><em><strong>Kombinezonu NAME IT Softshell m\u0113r\u012bjumi:<\/strong><\/em><\/p>\n<table width=\"366\">\n<tbody>\n<tr>\n<td width=\"111\"><\/td>\n<td width=\"53\"><strong>80<\/strong><\/td>\n<td width=\"58\"><strong>86<\/strong><\/td>\n<td width=\"56\"><strong>92<\/strong><\/td>\n<td width=\"51\"><strong>98<\/strong><\/td>\n<td width=\"59\"><strong>104<\/strong><\/td>\n<td width=\"59\"><strong>110<\/strong><\/td>\n<td width=\"59\"><strong>116<\/strong><\/td>\n<td width=\"59\"><strong>122<\/strong><\/td>\n<\/tr>\n<tr>\n<td width=\"111\">Kr\u016b\u0161u apk\u0101rtm\u0113rs<\/td>\n<td width=\"53\"><em>33<\/em><\/td>\n<td width=\"58\"><em>34<\/em><\/td>\n<td width=\"56\"><em>35<\/em><\/td>\n<td width=\"51\"><em>37<\/em><\/td>\n<td width=\"59\"><em>39<\/em><\/td>\n<td width=\"59\"><em>40<\/em><\/td>\n<td width=\"59\"><em>41<\/em><\/td>\n<td width=\"59\"><em>42<\/em><\/td>\n<\/tr>\n<tr>\n<td width=\"111\">Priek\u0161\u0113j\u0101s da\u013cas garums no pleca l\u012bdz apak\u0161\u0113jai da\u013cai<\/td>\n<td width=\"53\"><em>73<\/em><\/td>\n<td width=\"58\"><em>77<\/em><\/td>\n<td width=\"56\"><em>83<\/em><\/td>\n<td width=\"51\"><em>89<\/em><\/td>\n<td width=\"59\"><em>92<\/em><\/td>\n<td width=\"59\"><em>99<\/em><\/td>\n<td width=\"59\"><em>103<\/em><\/td>\n<td width=\"59\"><em>110<\/em><\/td>\n<\/tr>\n<tr>\n<td width=\"111\">Piedurknes garums no paduses<\/td>\n<td width=\"53\"><em>19<\/em><\/td>\n<td width=\"58\"><em>21<\/em><\/td>\n<td width=\"56\"><em>23<\/em><\/td>\n<td width=\"51\"><em>25<\/em><\/td>\n<td width=\"59\"><em>26<\/em><\/td>\n<td width=\"59\"><em>30<\/em><\/td>\n<td width=\"59\"><em>31<\/em><\/td>\n<td width=\"59\"><em>33<\/em><\/td>\n<\/tr>\n<tr>\n<td width=\"111\">K\u0101jas garums no k\u0101jstarpes l\u012bdz apak\u0161stilbam<\/td>\n<td width=\"53\"><em>27<\/em><\/td>\n<td width=\"58\"><em>30<\/em><\/td>\n<td width=\"56\"><em>31<\/em><\/td>\n<td width=\"51\"><em>35<\/em><\/td>\n<td width=\"59\"><em>40<\/em><\/td>\n<td width=\"59\"><em>42<\/em><\/td>\n<td width=\"59\"><em>45<\/em><\/td>\n<td width=\"59\"><em>49<\/em><\/td>\n<\/tr>\n<tr>\n<td width=\"111\">&nbsp;<\/p>\n<p><em>PIEZ\u012aME<\/em><\/td>\n<td colspan=\"8\" width=\"453\"><strong><em>\u00a0<\/em><\/strong><\/p>\n<p><strong><em>m\u0113r\u012bjumi tika veikti, kad uzvalks bija nekust\u012bg\u0101 st\u0101vokl\u012b, t\u0101p\u0113c iesp\u0113jama +\/- 2 cm k\u013c\u016bda.<\/em><\/strong><\/p>\n<p><strong><em>\u00a0<\/em><\/strong><\/td>\n<\/tr>\n<\/tbody>\n<\/table>","protected":false},"excerpt":{"rendered":"<p>NAME IT kombinezonas &#8220;Linksmieji dinozauriukai&#8221; pagamintas su meile ir atsakingu po\u017ei\u016briu \u012f gamt\u0105. \u0160is gaminys pagamintas i\u0161 ma\u017edaug 50 % perdirbto poliesterio. Kombinezonas skirtas rudens\/pavasario sezonams. Tai &#8220;Softshell&#8221; tipo lauko r\u016bbas. Jis atsparus vandeniui, v\u0117jui, yra mink\u0161tas ir pralaidus orui. Didelis, sandarus gobtuvas apsaugos nuo v\u0117jo bei lietaus. Gobtuvas nusegamas. Kombinezonas turi \u0161vies\u0105 atspindin\u010di\u0173 detali\u0173 [&hellip;]<\/p>\n","protected":false},"featured_media":7469,"template":"","meta":{"_acf_changed":false},"pwb-brand":[100],"product_brand":[],"product_cat":[40,68,110],"product_tag":[],"class_list":{"0":"post-7458","1":"product","2":"type-product","3":"status-publish","4":"has-post-thumbnail","6":"pwb-brand-name-it","7":"product_cat-vaikams","8":"product_cat-kombinezonai","9":"product_cat-sezoniniai-kombinezonai","10":"pa_drabuziu-dydis-144","11":"pa_drabuziu-dydis-145","12":"pa_drabuziu-dydis-146","13":"pa_drabuziu-dydis-215","14":"pa_drabuziu-dydis-168","15":"pa_drabuziu-dydis-147","16":"pa_drabuziu-dydis-148","17":"pa_drabuziu-dydis-142","19":"first","20":"outofstock","21":"shipping-taxable","22":"product-type-variable"},"supplier_id":null,"supplier_sku":"","barcode":null,"atum_controlled":true,"out_stock_date":null,"out_stock_threshold":null,"inheritable":false,"inbound_stock":null,"stock_on_hold":0,"sold_today":0,"sales_last_days":0,"reserved_stock":null,"customer_returns":null,"warehouse_damage":null,"lost_in_post":null,"other_logs":null,"out_stock_days":0,"lost_sales":0,"has_location":null,"update_date":"2026-04-04T00:31:14","atum_locations":[],"atum_stock_status":"outofstock","restock_status":false,"low_stock_amount":"","sales_update_date":"2026-04-04T00:31:14","calc_backorders":null,"acf":[],"brands":[{"id":100,"name":"NAME IT","slug":"name-it"}],"_links":{"self":[{"href":"https:\/\/dekastar.lt\/lv\/wp-json\/wp\/v2\/product\/7458","targetHints":{"allow":["GET"]}}],"collection":[{"href":"https:\/\/dekastar.lt\/lv\/wp-json\/wp\/v2\/product"}],"about":[{"href":"https:\/\/dekastar.lt\/lv\/wp-json\/wp\/v2\/types\/product"}],"wp:featuredmedia":[{"embeddable":true,"href":"https:\/\/dekastar.lt\/lv\/wp-json\/wp\/v2\/media\/7469"}],"wp:attachment":[{"href":"https:\/\/dekastar.lt\/lv\/wp-json\/wp\/v2\/media?parent=7458"}],"wp:term":[{"taxonomy":"pwb-brand","embeddable":true,"href":"https:\/\/dekastar.lt\/lv\/wp-json\/wp\/v2\/pwb-brand?post=7458"},{"taxonomy":"product_brand","embeddable":true,"href":"https:\/\/dekastar.lt\/lv\/wp-json\/wp\/v2\/product_brand?post=7458"},{"taxonomy":"product_cat","embeddable":true,"href":"https:\/\/dekastar.lt\/lv\/wp-json\/wp\/v2\/product_cat?post=7458"},{"taxonomy":"product_tag","embeddable":true,"href":"https:\/\/dekastar.lt\/lv\/wp-json\/wp\/v2\/product_tag?post=7458"}],"curies":[{"name":"wp","href":"https:\/\/api.w.org\/{rel}","templated":true}]}}