{"id":7516,"date":"2024-09-24T10:17:23","date_gmt":"2024-09-24T10:17:23","guid":{"rendered":"https:\/\/dekastar.lt\/?post_type=product&#038;p=7516"},"modified":"2025-10-22T12:21:36","modified_gmt":"2025-10-22T12:21:36","slug":"name-it-ziemine-striuke-mergaitei-snow05","status":"publish","type":"product","link":"https:\/\/dekastar.lt\/lv\/products\/name-it-ziemine-striuke-mergaitei-snow05\/","title":{"rendered":"NAME IT ziemas jaka meitenei \"SNOW05\""},"content":{"rendered":"<p>NAME IT, Lietuv\u0101 labi paz\u012bstama z\u012bmola, kas ir \u013coti popul\u0101rs ar saviem rota\u013c\u012bgajiem un funkcion\u0101lajiem mode\u013ciem, jaci\u0146a meiten\u0113m. Tas ir ap\u0123\u0113rbs aukstajai sezonai, kas izgatavots no augstas kvalit\u0101tes materi\u0101liem un r\u016bp\u012bgi p\u0101rdom\u0101t\u0101m deta\u013c\u0101m.<\/p>\n<p>Produkta \u012bpa\u0161\u012bbas:<\/p>\n<ul class=\"sc-1n2xo27-0 sc-f9i670-0 czBVYx kJJteE\">\n<li>Ar ziedu\/pu\u0137u rakstiem<\/li>\n<li>No\u0146emama, izol\u0113ta kapuce<\/li>\n<li>Kapuce ar m\u0101ksl\u012bgo ka\u017eok\u0101du. Ka\u017eok\u0101das ir no\u0146emamas<\/li>\n<li>Reglan piedurknes (elast\u012bgas)<\/li>\n<li>Sl\u0113ptais zip<\/li>\n<li>Piln\u012bb\u0101 rakstains<\/li>\n<li>Iztur\u012bgs materi\u0101ls<\/li>\n<li>Pl\u0101na odere<\/li>\n<li>Zip<\/li>\n<li>Priek\u0161\u0113j\u0101s kabatas<\/li>\n<\/ul>\n<p>Piez\u012bme: izm\u0113rs atbilst<\/p>\n<p>Sast\u0101vs:<\/p>\n<div class=\"sc-1gqsexk-0 bGTsNI sc-9tdz36-4 etrHuY\">\n<div id=\"accordionContentContainer\" class=\"sc-9tdz36-2 dCybLj\" data-testid=\"accordionContent\" aria-hidden=\"false\">\n<div>\n<div class=\"sc-1j2zz81-0 dLnGHm\" data-testid=\"productDetailsAccordionContent_Med\u017eiagosirprie\u017ei\u016brospriemon\u0117s\">\n<dl class=\"sc-n60u42-0 dFIVjr\" data-testid=\"productDetailsMaterialSection_\">\n<dd class=\"sc-1iovfcm-0 eLstcH\">\n<ul class=\"sc-1n2xo27-0 czBVYx sc-kc3pbc-0 blzTsL\">\n<li>\u0100r\u0113jais audums: 100% Poliesters - PES<\/li>\n<li>Odere: 100% Poliesters - PES<\/li>\n<li>Izcelsmes valsts: \u0136\u012bna<\/li>\n<\/ul>\n<\/dd>\n<\/dl>\n<\/div>\n<\/div>\n<\/div>\n<\/div>","protected":false},"excerpt":{"rendered":"<p>Lietuvoje puikiai \u017einomo ir itin m\u0117gstamo d\u0117l \u017eaisming\u0173 bei funkcionali\u0173 modeli\u0173 NAME IT prek\u0117s \u017eenklo striuk\u0117 mergaitei. Tai kokybi\u0161k\u0173 med\u017eiag\u0173, itin kruop\u0161\u010diai apgalvot\u0173 detali\u0173 r\u016bbas \u0161altajam sezonui. Prek\u0117s savyb\u0117s: Su \u017eied\u0173 \/ g\u0117li\u0173 ra\u0161tais Nuimamas, pa\u0161iltintas gobtuvas Gobtuvas su dirbtiniu kailiu. Kailis nusegamas Reglano rankov\u0117s (elastingos) Pasl\u0117ptas u\u017etrauktukas Pilnai ra\u0161tuota Tvirta med\u017eiaga Plonas pamu\u0161alas U\u017etrauktukas [&hellip;]<\/p>\n","protected":false},"featured_media":7524,"template":"","meta":{"_acf_changed":false},"pwb-brand":[100],"product_brand":[],"product_cat":[40,65],"product_tag":[],"class_list":{"0":"post-7516","1":"product","2":"type-product","3":"status-publish","4":"has-post-thumbnail","6":"pwb-brand-name-it","7":"product_cat-vaikams","8":"product_cat-ziemines-striukes-paltai-lauko-apranga-vaikams","9":"pa_drabuziu-dydis-144","10":"pa_drabuziu-dydis-145","11":"pa_drabuziu-dydis-146","12":"pa_drabuziu-dydis-215","13":"pa_drabuziu-dydis-148","14":"pa_drabuziu-dydis-142","16":"first","17":"instock","18":"sale","19":"shipping-taxable","20":"purchasable","21":"product-type-variable"},"supplier_id":null,"supplier_sku":"","barcode":null,"atum_controlled":true,"out_stock_date":null,"out_stock_threshold":null,"inheritable":false,"inbound_stock":null,"stock_on_hold":0,"sold_today":0,"sales_last_days":0,"reserved_stock":null,"customer_returns":null,"warehouse_damage":null,"lost_in_post":null,"other_logs":null,"out_stock_days":0,"lost_sales":0,"has_location":null,"update_date":"2026-04-14T00:36:46","atum_locations":[],"atum_stock_status":"instock","restock_status":false,"low_stock_amount":"","sales_update_date":"2026-04-14T00:36:46","calc_backorders":null,"acf":[],"brands":[{"id":100,"name":"NAME IT","slug":"name-it"}],"_links":{"self":[{"href":"https:\/\/dekastar.lt\/lv\/wp-json\/wp\/v2\/product\/7516","targetHints":{"allow":["GET"]}}],"collection":[{"href":"https:\/\/dekastar.lt\/lv\/wp-json\/wp\/v2\/product"}],"about":[{"href":"https:\/\/dekastar.lt\/lv\/wp-json\/wp\/v2\/types\/product"}],"wp:featuredmedia":[{"embeddable":true,"href":"https:\/\/dekastar.lt\/lv\/wp-json\/wp\/v2\/media\/7524"}],"wp:attachment":[{"href":"https:\/\/dekastar.lt\/lv\/wp-json\/wp\/v2\/media?parent=7516"}],"wp:term":[{"taxonomy":"pwb-brand","embeddable":true,"href":"https:\/\/dekastar.lt\/lv\/wp-json\/wp\/v2\/pwb-brand?post=7516"},{"taxonomy":"product_brand","embeddable":true,"href":"https:\/\/dekastar.lt\/lv\/wp-json\/wp\/v2\/product_brand?post=7516"},{"taxonomy":"product_cat","embeddable":true,"href":"https:\/\/dekastar.lt\/lv\/wp-json\/wp\/v2\/product_cat?post=7516"},{"taxonomy":"product_tag","embeddable":true,"href":"https:\/\/dekastar.lt\/lv\/wp-json\/wp\/v2\/product_tag?post=7516"}],"curies":[{"name":"wp","href":"https:\/\/api.w.org\/{rel}","templated":true}]}}