{"id":7608,"date":"2024-10-07T09:08:45","date_gmt":"2024-10-07T09:08:45","guid":{"rendered":"https:\/\/dekastar.lt\/?post_type=product&#038;p=7608"},"modified":"2026-01-07T19:05:24","modified_gmt":"2026-01-07T19:05:24","slug":"reima-avaus-pirstines-ruduo-ziema-juodos","status":"publish","type":"product","link":"https:\/\/dekastar.lt\/lv\/products\/reima-avaus-pirstines-ruduo-ziema-juodos\/","title":{"rendered":"Reima AVAUS Cimdi RED\/WINTER (Melni)"},"content":{"rendered":"<p>\u016adensnecaurlaid\u012bgi ziemas cimdi maziem b\u0113rniem. Izgatavotas no p\u0101rstr\u0101d\u0101t\u0101m \u0161\u0137iedr\u0101m.<\/p>\n<p>Maz\u0101s roci\u0146as paliks siltas un sausas, izklaid\u0113joties br\u012bv\u0101 dab\u0101. P\u0113c mazg\u0101\u0161anas \u0161os cimdus var ievietot \u017e\u0101v\u0113t\u0101j\u0101, lai \u0101tr\u0101k iz\u017e\u016btu.<\/p>\n<ul>\n<li>\u016adensnecaurlaid\u012bgs oder\u0113jums;<\/li>\n<li>BIONIC-FINISH\u00aeECO \u016bdens un net\u012brumu necaurlaid\u012bga apdare bez fluorog\u013c\u016bde\u0146ra\u017eiem;<\/li>\n<li>Pul\u0113ta poliestera trikot\u0101\u017eas oder\u0113jums;<\/li>\n<li>Ar bluesign\u00ae apstiprin\u0101tu 100% p\u0101rstr\u0101d\u0101ta poliestera Fellex\u00ae izol\u0101ciju;<\/li>\n<li>Velcro siksna aizmugur\u0113 \u0113rtai regul\u0113\u0161anai;<\/li>\n<li>Atstarojo\u0161as deta\u013cas;<\/li>\n<li>Pamatmateri\u0101ls: poliesteris 100%, poliuret\u0101na p\u0101rkl\u0101jums;<\/li>\n<li>Odere: poliesteris 100%.<\/li>\n<\/ul>\n<p>Izcelsmes valsts: \u0136\u012bna\/It\u0101lija\/Indija\/Vjetnama.<\/p>","protected":false},"excerpt":{"rendered":"<p>Neper\u0161lampamos \u017eiemin\u0117s kum\u0161tin\u0117s pir\u0161tin\u0117s ma\u017eyliams. Pagaminta i\u0161 perdirbt\u0173 pluo\u0161t\u0173. Ma\u017eos rankyt\u0117s i\u0161liks \u0161iltos ir sausos pramogaujant lauke. I\u0161skalb\u0119 galite \u012fd\u0117ti \u0161ias pir\u0161tines \u012f d\u017eiovykl\u0119, kad jos i\u0161d\u017ei\u016bt\u0173 grei\u010diau. Neper\u0161lampamas \u012fd\u0117klas; Vanden\u012f ir ne\u0161varumus atstumianti apdaila BIONIC-FINISH\u00aeECO be fluorokarbon\u0173; \u0160lifuotas poliesterio trikota\u017eo pamu\u0161alas; Su bluesign\u00ae patvirtinta 100% perdirbto poliesterio Fellex\u00ae izoliacija; Velcro dir\u017eelis gale, kad b\u016bt\u0173 [&hellip;]<\/p>\n","protected":false},"featured_media":7615,"template":"","meta":{"_acf_changed":false},"pwb-brand":[81],"product_brand":[],"product_cat":[40,49,232],"product_tag":[],"class_list":{"0":"post-7608","1":"product","2":"type-product","3":"status-publish","4":"has-post-thumbnail","6":"pwb-brand-reima","7":"product_cat-vaikams","8":"product_cat-aksesuarai-vaikams","9":"product_cat-pirstines","10":"pa_drabuziu-dydis-0-0-12-men","11":"pa_drabuziu-dydis-1-6-18-men","12":"pa_drabuziu-dydis-2-1-2-metai","14":"first","15":"instock","16":"sale","17":"shipping-taxable","18":"purchasable","19":"product-type-variable"},"supplier_id":null,"supplier_sku":"","barcode":null,"atum_controlled":true,"out_stock_date":null,"out_stock_threshold":null,"inheritable":false,"inbound_stock":null,"stock_on_hold":0,"sold_today":0,"sales_last_days":0,"reserved_stock":null,"customer_returns":null,"warehouse_damage":null,"lost_in_post":null,"other_logs":null,"out_stock_days":0,"lost_sales":0,"has_location":null,"update_date":"2026-05-04T03:17:25","atum_locations":[],"atum_stock_status":"instock","restock_status":false,"low_stock_amount":"","sales_update_date":"2026-05-04T03:17:25","calc_backorders":null,"acf":[],"brands":[{"id":81,"name":"REIMA","slug":"reima"}],"_links":{"self":[{"href":"https:\/\/dekastar.lt\/lv\/wp-json\/wp\/v2\/product\/7608","targetHints":{"allow":["GET"]}}],"collection":[{"href":"https:\/\/dekastar.lt\/lv\/wp-json\/wp\/v2\/product"}],"about":[{"href":"https:\/\/dekastar.lt\/lv\/wp-json\/wp\/v2\/types\/product"}],"wp:featuredmedia":[{"embeddable":true,"href":"https:\/\/dekastar.lt\/lv\/wp-json\/wp\/v2\/media\/7615"}],"wp:attachment":[{"href":"https:\/\/dekastar.lt\/lv\/wp-json\/wp\/v2\/media?parent=7608"}],"wp:term":[{"taxonomy":"pwb-brand","embeddable":true,"href":"https:\/\/dekastar.lt\/lv\/wp-json\/wp\/v2\/pwb-brand?post=7608"},{"taxonomy":"product_brand","embeddable":true,"href":"https:\/\/dekastar.lt\/lv\/wp-json\/wp\/v2\/product_brand?post=7608"},{"taxonomy":"product_cat","embeddable":true,"href":"https:\/\/dekastar.lt\/lv\/wp-json\/wp\/v2\/product_cat?post=7608"},{"taxonomy":"product_tag","embeddable":true,"href":"https:\/\/dekastar.lt\/lv\/wp-json\/wp\/v2\/product_tag?post=7608"}],"curies":[{"name":"wp","href":"https:\/\/api.w.org\/{rel}","templated":true}]}}