{"id":7616,"date":"2024-10-07T09:26:38","date_gmt":"2024-10-07T09:26:38","guid":{"rendered":"https:\/\/dekastar.lt\/?post_type=product&#038;p=7616"},"modified":"2026-03-09T07:58:30","modified_gmt":"2026-03-09T07:58:30","slug":"reima-pirstines-kokeva-pavasaris-ruduo-juodos-2","status":"publish","type":"product","link":"https:\/\/dekastar.lt\/lv\/products\/reima-pirstines-kokeva-pavasaris-ruduo-juodos-2\/","title":{"rendered":"REIMA cimdi KOKEVA (Pavasaris\/Red)\/ (Melns)"},"content":{"rendered":"<div class=\"js-page-slide-content\">\n<p>\u016adensnecaurlaid\u012bgi, elpojo\u0161i cimdi bez izol\u0101cijas \u0101ra rota\u013c\u0101m.<\/p>\n<p>Cimdiem ir \u016bdensnecaurlaid\u012bgs oder\u0113jums, poliestera trikot\u0101\u017eas oder\u0113jums un atstarojo\u0161as deta\u013cas. Izgatavoti no \u016bdensnecaurlaid\u012bga un v\u0113ju necaurlaid\u012bga materi\u0101la.<\/p>\n<ul>\n<li>Elpojo\u0161s materi\u0101ls;<\/li>\n<li>Atstarojo\u0161as deta\u013cas;<\/li>\n<li>Iztur\u012bba pret v\u0113ju;<\/li>\n<li>BIONIC-FINISH\u00aeECO fluoroglek\u013ca \u016bdens un net\u012brumu atgr\u016bdo\u0161a apdare;<\/li>\n<li>\u016adensnecaurlaid\u012bgi, elpojo\u0161i cimdi bez izol\u0101cijas \u0101ra rota\u013c\u0101m.<\/li>\n<\/ul>\n<p>Kop\u0161anas nor\u0101d\u012bjumi: mazg\u0101t atsevi\u0161\u0137i. Nelietot mazg\u0101\u0161anas l\u012bdzek\u013cus ar balin\u0101t\u0101jiem. Nelietot audumu m\u012bkstin\u0101t\u0101ju. \u017d\u0101v\u0113jiet istabas temperat\u016br\u0101.<\/p>\n<p>Izcelsmes valsts: \u0136\u012bna\/It\u0101lija\/Indija\/Vjetnama.<\/p>\n<p><strong>Izm\u0113ru tabula<\/strong> (Izm\u0113ru tabula ir provizoriska un var nedaudz at\u0161\u0137irties atkar\u012bb\u0101 no mode\u013ca):<\/p>\n<table class=\"dydziu_lentele\" border=\"0\" width=\"412\" cellspacing=\"0\" cellpadding=\"0\">\n<tbody>\n<tr>\n<td class=\"xl65\" width=\"66\" height=\"20\">Vecums<\/td>\n<td class=\"xl65\" width=\"131\">Izm\u0113rs<\/td>\n<td class=\"xl65\" width=\"113\">Roktura augstums (cm)<\/td>\n<td class=\"xl65\" width=\"102\">Da\u013cas apk\u0101rtm\u0113rs (cm)<\/td>\n<\/tr>\n<tr>\n<td class=\"xl65\" height=\"20\">0-12 m<\/td>\n<td class=\"xl65\">0<\/td>\n<td class=\"xl65\">8<\/td>\n<td class=\"xl65\">10<\/td>\n<\/tr>\n<tr>\n<td class=\"xl65\" height=\"20\">6-18 m<\/td>\n<td class=\"xl65\">1<\/td>\n<td class=\"xl65\">9<\/td>\n<td class=\"xl65\">11.5<\/td>\n<\/tr>\n<tr>\n<td class=\"xl65\" height=\"20\">1-2 y<\/td>\n<td class=\"xl65\">2<\/td>\n<td class=\"xl65\">10<\/td>\n<td class=\"xl65\">12.5<\/td>\n<\/tr>\n<tr>\n<td class=\"xl65\" height=\"20\">2-4 y<\/td>\n<td class=\"xl65\">3<\/td>\n<td class=\"xl65\">11.5<\/td>\n<td class=\"xl65\">13.5<\/td>\n<\/tr>\n<tr>\n<td class=\"xl65\" height=\"20\">4-6 y<\/td>\n<td class=\"xl65\">4<\/td>\n<td class=\"xl65\">13<\/td>\n<td class=\"xl65\">15<\/td>\n<\/tr>\n<tr>\n<td class=\"xl65\" height=\"20\">6-8 y<\/td>\n<td class=\"xl65\">5<\/td>\n<td class=\"xl65\">14<\/td>\n<td class=\"xl65\">16<\/td>\n<\/tr>\n<tr>\n<td class=\"xl65\" height=\"20\">8-10 y<\/td>\n<td class=\"xl65\">6<\/td>\n<td class=\"xl65\">15<\/td>\n<td class=\"xl65\">17<\/td>\n<\/tr>\n<tr>\n<td class=\"xl65\" height=\"20\">10-12 y<\/td>\n<td class=\"xl65\">7<\/td>\n<td class=\"xl65\">16<\/td>\n<td class=\"xl65\">17.5<\/td>\n<\/tr>\n<tr>\n<td class=\"xl65\" height=\"20\">12-14 y<\/td>\n<td class=\"xl65\">8<\/td>\n<td class=\"xl65\">17<\/td>\n<td class=\"xl65\">18<\/td>\n<\/tr>\n<\/tbody>\n<\/table>\n<\/div>","protected":false},"excerpt":{"rendered":"<p>Neper\u0161lampamos, kv\u0117puojan\u010dios pir\u0161tin\u0117s be izoliacijos, skirtos \u017eaisti lauke. Pir\u0161tin\u0117s turi vandeniui atspar\u0173 \u012fd\u0117kl\u0105,\u00a0 poliesterio trikota\u017eo pamu\u0161al\u0105, \u0161vies\u0105 atspindin\u010dias detales. Pagamintos i\u0161 vandeniui ir v\u0117jui\u00a0atsparios med\u017eiagos. Kv\u0117puojanti med\u017eiaga; Atsispindin\u010dios detal\u0117s; Atsparumas v\u0117jui; Fluorokarbonin\u0117 vanden\u012f ir purv\u0105 atstumianti apdaila BIONIC-FINISH\u00aeECO; Neper\u0161lampamos, kv\u0117puojan\u010dios pir\u0161tin\u0117s be izoliacijos, skirtos \u017eaisti lauke. Prie\u017ei\u016bros instrukcija: skalbti atskirai. Nenaudokite skalbimo priemoni\u0173 su balikliais. [&hellip;]<\/p>\n","protected":false},"featured_media":7621,"template":"","meta":{"_acf_changed":false},"pwb-brand":[81],"product_brand":[],"product_cat":[40,49,232],"product_tag":[],"class_list":{"0":"post-7616","1":"product","2":"type-product","3":"status-publish","4":"has-post-thumbnail","6":"pwb-brand-reima","7":"product_cat-vaikams","8":"product_cat-aksesuarai-vaikams","9":"product_cat-pirstines","10":"pa_drabuziu-dydis-5-6-8-metai","11":"pa_drabuziu-dydis-6-8-10-metu","13":"first","14":"instock","15":"sale","16":"shipping-taxable","17":"purchasable","18":"product-type-variable"},"supplier_id":null,"supplier_sku":"","barcode":null,"atum_controlled":true,"out_stock_date":null,"out_stock_threshold":null,"inheritable":false,"inbound_stock":null,"stock_on_hold":0,"sold_today":0,"sales_last_days":0,"reserved_stock":null,"customer_returns":null,"warehouse_damage":null,"lost_in_post":null,"other_logs":null,"out_stock_days":0,"lost_sales":0,"has_location":null,"update_date":"2026-04-14T00:36:27","atum_locations":[],"atum_stock_status":"instock","restock_status":false,"low_stock_amount":"","sales_update_date":"2026-04-14T00:36:27","calc_backorders":null,"acf":[],"brands":[{"id":81,"name":"REIMA","slug":"reima"}],"_links":{"self":[{"href":"https:\/\/dekastar.lt\/lv\/wp-json\/wp\/v2\/product\/7616","targetHints":{"allow":["GET"]}}],"collection":[{"href":"https:\/\/dekastar.lt\/lv\/wp-json\/wp\/v2\/product"}],"about":[{"href":"https:\/\/dekastar.lt\/lv\/wp-json\/wp\/v2\/types\/product"}],"wp:featuredmedia":[{"embeddable":true,"href":"https:\/\/dekastar.lt\/lv\/wp-json\/wp\/v2\/media\/7621"}],"wp:attachment":[{"href":"https:\/\/dekastar.lt\/lv\/wp-json\/wp\/v2\/media?parent=7616"}],"wp:term":[{"taxonomy":"pwb-brand","embeddable":true,"href":"https:\/\/dekastar.lt\/lv\/wp-json\/wp\/v2\/pwb-brand?post=7616"},{"taxonomy":"product_brand","embeddable":true,"href":"https:\/\/dekastar.lt\/lv\/wp-json\/wp\/v2\/product_brand?post=7616"},{"taxonomy":"product_cat","embeddable":true,"href":"https:\/\/dekastar.lt\/lv\/wp-json\/wp\/v2\/product_cat?post=7616"},{"taxonomy":"product_tag","embeddable":true,"href":"https:\/\/dekastar.lt\/lv\/wp-json\/wp\/v2\/product_tag?post=7616"}],"curies":[{"name":"wp","href":"https:\/\/api.w.org\/{rel}","templated":true}]}}