{"id":7624,"date":"2024-10-07T10:25:08","date_gmt":"2024-10-07T10:25:08","guid":{"rendered":"https:\/\/dekastar.lt\/?post_type=product&#038;p=7624"},"modified":"2026-01-13T07:21:59","modified_gmt":"2026-01-13T07:21:59","slug":"reima-pirstines-ensin-ziema-juodos","status":"publish","type":"product","link":"https:\/\/dekastar.lt\/lv\/products\/reima-pirstines-ensin-ziema-juodos\/","title":{"rendered":"REIMA Cimdi ENSIN (ziemas)\/ (melni)"},"content":{"rendered":"<div class=\"js-page-slide-content\">\n<div class=\"js-page-slide-content\">\n<p>\u016adensnecaurlaid\u012bgi ziemas cimdi mazajiem. Izgatavotas no p\u0101rstr\u0101d\u0101t\u0101m \u0161\u0137iedr\u0101m.<\/p>\n<p>Nepiecie\u0161ams REIMA b\u0113rnu cimdu p\u0101ris, lai saglab\u0101tu rokas siltas un sausas visas dienas garum\u0101, sp\u0113l\u0113joties \u0101r\u0101. P\u0113c mazg\u0101\u0161anas \u0161os cimdus var ielikt \u017e\u0101v\u0113t\u0101j\u0101, lai \u0101tr\u0101k iz\u017e\u016btu.<\/p>\n<ul>\n<li>\u016adensnecaurlaid\u012bgs oder\u0113jums;<\/li>\n<li>BIONIC-FINISH\u00aeECO \u016bdens un net\u012brumu necaurlaid\u012bga apdare bez fluorog\u013c\u016bde\u0146ra\u017eiem;<\/li>\n<li>Pul\u0113ta poliestera trikot\u0101\u017eas oder\u0113jums;<\/li>\n<li>Ar bluesign\u00ae apstiprin\u0101tu 100% p\u0101rstr\u0101d\u0101ta poliestera Fellex\u00ae izol\u0101ciju;<\/li>\n<li>Atstarojo\u0161as deta\u013cas;<\/li>\n<li>Galvenais materi\u0101ls: poliesteris 100%, poliuret\u0101na lamin\u0113\u0161ana;<\/li>\n<li>Pastiprin\u0101jums: 55% poliuret\u0101ns 45% poliesteris;<\/li>\n<li>Odere: poliesteris 100%.<\/li>\n<\/ul>\n<p>Izcelsmes valsts: \u0136\u012bna \/ It\u0101lija \/ Indija \/ Vjetnama<\/p>\n<\/div>\n<p><strong>Izm\u0113ru tabula<\/strong> (Izm\u0113ru tabula ir provizoriska un var nedaudz at\u0161\u0137irties atkar\u012bb\u0101 no mode\u013ca):<\/p>\n<table class=\"dydziu_lentele\" border=\"0\" width=\"412\" cellspacing=\"0\" cellpadding=\"0\">\n<tbody>\n<tr>\n<td class=\"xl65\" width=\"66\" height=\"20\">Vecums<\/td>\n<td class=\"xl65\" width=\"131\">Izm\u0113rs<\/td>\n<td class=\"xl65\" width=\"113\">Roktura augstums (cm)<\/td>\n<td class=\"xl65\" width=\"102\">Da\u013cas apk\u0101rtm\u0113rs (cm)<\/td>\n<\/tr>\n<tr>\n<td class=\"xl65\" height=\"20\">0-12 m<\/td>\n<td class=\"xl65\">0<\/td>\n<td class=\"xl65\">8<\/td>\n<td class=\"xl65\">10<\/td>\n<\/tr>\n<tr>\n<td class=\"xl65\" height=\"20\">6-18 m<\/td>\n<td class=\"xl65\">1<\/td>\n<td class=\"xl65\">9<\/td>\n<td class=\"xl65\">11.5<\/td>\n<\/tr>\n<tr>\n<td class=\"xl65\" height=\"20\">1-2 y<\/td>\n<td class=\"xl65\">2<\/td>\n<td class=\"xl65\">10<\/td>\n<td class=\"xl65\">12.5<\/td>\n<\/tr>\n<tr>\n<td class=\"xl65\" height=\"20\">2-4 y<\/td>\n<td class=\"xl65\">3<\/td>\n<td class=\"xl65\">11.5<\/td>\n<td class=\"xl65\">13.5<\/td>\n<\/tr>\n<tr>\n<td class=\"xl65\" height=\"20\">4-6 y<\/td>\n<td class=\"xl65\">4<\/td>\n<td class=\"xl65\">13<\/td>\n<td class=\"xl65\">15<\/td>\n<\/tr>\n<tr>\n<td class=\"xl65\" height=\"20\">6-8 y<\/td>\n<td class=\"xl65\">5<\/td>\n<td class=\"xl65\">14<\/td>\n<td class=\"xl65\">16<\/td>\n<\/tr>\n<tr>\n<td class=\"xl65\" height=\"20\">8-10 y<\/td>\n<td class=\"xl65\">6<\/td>\n<td class=\"xl65\">15<\/td>\n<td class=\"xl65\">17<\/td>\n<\/tr>\n<tr>\n<td class=\"xl65\" height=\"20\">10-12 y<\/td>\n<td class=\"xl65\">7<\/td>\n<td class=\"xl65\">16<\/td>\n<td class=\"xl65\">17.5<\/td>\n<\/tr>\n<tr>\n<td class=\"xl65\" height=\"20\">12-14 y<\/td>\n<td class=\"xl65\">8<\/td>\n<td class=\"xl65\">17<\/td>\n<td class=\"xl65\">18<\/td>\n<\/tr>\n<\/tbody>\n<\/table>\n<\/div>","protected":false},"excerpt":{"rendered":"<p>Neper\u0161lampamos \u017eiemin\u0117s kum\u0161tin\u0117s pir\u0161tin\u0117s ma\u017eiesiems. Pagaminta i\u0161 perdirbt\u0173 pluo\u0161t\u0173. B\u016btiniausia \u201eREIMA\u201c\u00a0vaiki\u0161k\u0173 kum\u0161tini\u0173 pir\u0161tini\u0173 pora, u\u017etikrinanti, kad rankos i\u0161likt\u0173 \u0161iltos ir sausos vis\u0105 dien\u0105 \u017eaid\u017eiant lauke. I\u0161skalb\u0119 galite \u012fd\u0117ti \u0161ias pir\u0161tines \u012f d\u017eiovykl\u0119, kad jos i\u0161d\u017ei\u016bt\u0173 grei\u010diau. Neper\u0161lampamas \u012fd\u0117klas; Vanden\u012f ir ne\u0161varumus atstumianti apdaila BIONIC-FINISH\u00aeECO be fluorokarbon\u0173; \u0160lifuotas poliesterio trikota\u017eo pamu\u0161alas; Su bluesign\u00ae patvirtinta 100% perdirbto [&hellip;]<\/p>\n","protected":false},"featured_media":7627,"template":"","meta":{"_acf_changed":false},"pwb-brand":[81],"product_brand":[],"product_cat":[40,49,232],"product_tag":[],"class_list":{"0":"post-7624","1":"product","2":"type-product","3":"status-publish","4":"has-post-thumbnail","6":"pwb-brand-reima","7":"product_cat-vaikams","8":"product_cat-aksesuarai-vaikams","9":"product_cat-pirstines","10":"pa_drabuziu-dydis-3-2-4-metai","11":"pa_drabuziu-dydis-4-4-6-metai","12":"pa_drabuziu-dydis-5-6-8-metai","13":"pa_drabuziu-dydis-6-8-10-metu","15":"first","16":"instock","17":"sale","18":"shipping-taxable","19":"purchasable","20":"product-type-variable"},"supplier_id":null,"supplier_sku":"","barcode":null,"atum_controlled":true,"out_stock_date":null,"out_stock_threshold":null,"inheritable":false,"inbound_stock":null,"stock_on_hold":0,"sold_today":0,"sales_last_days":0,"reserved_stock":null,"customer_returns":null,"warehouse_damage":null,"lost_in_post":null,"other_logs":null,"out_stock_days":0,"lost_sales":0,"has_location":null,"update_date":"2026-04-14T00:36:45","atum_locations":[],"atum_stock_status":"instock","restock_status":false,"low_stock_amount":"","sales_update_date":"2026-04-14T00:36:45","calc_backorders":null,"acf":[],"brands":[{"id":81,"name":"REIMA","slug":"reima"}],"_links":{"self":[{"href":"https:\/\/dekastar.lt\/lv\/wp-json\/wp\/v2\/product\/7624","targetHints":{"allow":["GET"]}}],"collection":[{"href":"https:\/\/dekastar.lt\/lv\/wp-json\/wp\/v2\/product"}],"about":[{"href":"https:\/\/dekastar.lt\/lv\/wp-json\/wp\/v2\/types\/product"}],"wp:featuredmedia":[{"embeddable":true,"href":"https:\/\/dekastar.lt\/lv\/wp-json\/wp\/v2\/media\/7627"}],"wp:attachment":[{"href":"https:\/\/dekastar.lt\/lv\/wp-json\/wp\/v2\/media?parent=7624"}],"wp:term":[{"taxonomy":"pwb-brand","embeddable":true,"href":"https:\/\/dekastar.lt\/lv\/wp-json\/wp\/v2\/pwb-brand?post=7624"},{"taxonomy":"product_brand","embeddable":true,"href":"https:\/\/dekastar.lt\/lv\/wp-json\/wp\/v2\/product_brand?post=7624"},{"taxonomy":"product_cat","embeddable":true,"href":"https:\/\/dekastar.lt\/lv\/wp-json\/wp\/v2\/product_cat?post=7624"},{"taxonomy":"product_tag","embeddable":true,"href":"https:\/\/dekastar.lt\/lv\/wp-json\/wp\/v2\/product_tag?post=7624"}],"curies":[{"name":"wp","href":"https:\/\/api.w.org\/{rel}","templated":true}]}}