{"id":7674,"date":"2024-10-10T12:47:20","date_gmt":"2024-10-10T12:47:20","guid":{"rendered":"https:\/\/dekastar.lt\/?post_type=product&#038;p=7674"},"modified":"2025-10-31T13:07:53","modified_gmt":"2025-10-31T13:07:53","slug":"reima-zieminis-salmukas-kuuraan-zalias","status":"publish","type":"product","link":"https:\/\/dekastar.lt\/lv\/products\/reima-zieminis-salmukas-kuuraan-zalias\/","title":{"rendered":"REIMA ziemas \u0137ivere KUURAAN (Za\u013ca)"},"content":{"rendered":"<div class=\"js-page-slide-content\">\n<p>B\u0113rnu 100% merino vilnas cepure ar kokvilnas oder\u0113jumu.<\/p>\n<ul>\n<li>M\u012bksta merino vilna regul\u0113 \u0137erme\u0146a temperat\u016bru;<\/li>\n<li>Ausu spilventi\u0146i aizsarg\u0101 ausis no v\u0113ja;<\/li>\n<li>Kokvilnas oder\u0113jums ar elast\u0101nu, kas labi piegu\u013c;<\/li>\n<li>Sertific\u0113ta vilnas kontroles savien\u012bba CU 872203;<\/li>\n<li>Atstarojo\u0161a deta\u013ca.<\/li>\n<\/ul>\n<p>Eksterjers: Materi\u0101ls: 100% merino vilna.<\/p>\n<p>Odere: 97% organisk\u0101 kokvilna, 3% elast\u0101ns.<\/p>\n<p>Kop\u0161anas nor\u0101d\u012bjumi:Mazg\u0101t atsevi\u0161\u0137i. Nelietot mazg\u0101\u0161anas l\u012bdzek\u013cus, kas satur balino\u0161as sast\u0101vda\u013cas. \u017d\u0101v\u0113jiet istabas temperat\u016br\u0101. \u017d\u0101v\u0113jot izstr\u0101d\u0101jumu pagrieziet uz pret\u0113jo pusi. Mazg\u0101t maig\u0101 maig\u0101 cikl\u0101 (30\u00b0C). Negludiniet, neizmantojiet \u0137\u012bmisko t\u012br\u012b\u0161anu, ned\u017e\u0101v\u0113jiet ve\u013cas \u017e\u0101v\u0113t\u0101j\u0101. 5% var sarauties.<\/p>\n<p>Izcelsmes valsts: \u0136\u012bna\/It\u0101lija\/Indija\/Vjetnama.<\/p>\n<\/div>\n<h6 class=\"title js-page-slide-open\" data-rel=\"collapse-tab-1\">Izm\u0113ru tabula<\/h6>\n<div id=\"collapse-tab-1\" class=\"js-page-slide\">\n<div class=\"js-page-slide-content\">\n<table class=\"dydziu_lentele\" border=\"0\" width=\"753\" cellspacing=\"0\" cellpadding=\"0\">\n<colgroup>\n<col width=\"76\" \/>\n<col width=\"106\" \/> <\/colgroup>\n<tbody>\n<tr>\n<td class=\"xl65\" width=\"76\" height=\"28\">Vecums<\/td>\n<td class=\"xl66\" width=\"106\">ES izm\u0113rs<\/td>\n<td class=\"xl66\" width=\"106\">CN izm\u0113rs<\/td>\n<td class=\"xl66\" width=\"106\">Galvas apk\u0101rtm\u0113rs cm<\/td>\n<td class=\"xl66\" width=\"106\">CA izm\u0113rs<\/td>\n<\/tr>\n<tr>\n<td class=\"xl67\" width=\"76\" height=\"20\">6-12 m\u0113ne\u0161i<\/td>\n<td class=\"xl68\" width=\"106\">46<\/td>\n<td class=\"xl68\" width=\"106\">46 cm<\/td>\n<td class=\"xl68\" width=\"106\">46<\/td>\n<td class=\"xl68\" width=\"106\">9-12 m\u0113ne\u0161i<\/td>\n<\/tr>\n<tr>\n<td class=\"xl67\" width=\"76\" height=\"20\">1-1,5 m.<\/td>\n<td class=\"xl68\" width=\"106\">48<\/td>\n<td class=\"xl68\" width=\"106\">48 cm<\/td>\n<td class=\"xl68\" width=\"106\">48<\/td>\n<td class=\"xl68\" width=\"106\">1-2 ans<\/td>\n<\/tr>\n<tr>\n<td class=\"xl67\" width=\"76\" height=\"20\">2-4 m.<\/td>\n<td class=\"xl68\" width=\"106\">50<\/td>\n<td class=\"xl68\" width=\"106\">50 cm<\/td>\n<td class=\"xl68\" width=\"106\">50<\/td>\n<td class=\"xl68\" width=\"106\">3-4 gadi<\/td>\n<\/tr>\n<tr>\n<td class=\"xl67\" width=\"76\" height=\"20\">2-5 m.<\/td>\n<td class=\"xl68\" width=\"106\">52<\/td>\n<td class=\"xl68\" width=\"106\">52 cm<\/td>\n<td class=\"xl68\" width=\"106\">52<\/td>\n<td class=\"xl68\" width=\"106\">5-6 gadi<\/td>\n<\/tr>\n<tr>\n<td class=\"xl67\" width=\"76\" height=\"20\">4-7 m.<\/td>\n<td class=\"xl68\" width=\"106\">54<\/td>\n<td class=\"xl68\" width=\"106\">54 cm<\/td>\n<td class=\"xl68\" width=\"106\">54<\/td>\n<td class=\"xl68\" width=\"106\">6-7 gadi<\/td>\n<\/tr>\n<tr>\n<td class=\"xl67\" width=\"76\" height=\"20\">7-12 m.<\/td>\n<td class=\"xl68\" width=\"106\">56<\/td>\n<td class=\"xl68\" width=\"106\">56 cm<\/td>\n<td class=\"xl68\" width=\"106\">56<\/td>\n<td class=\"xl68\" width=\"106\">7-12 ans<\/td>\n<\/tr>\n<tr>\n<td class=\"xl67\" width=\"76\" height=\"20\">12-14 m.<\/td>\n<td class=\"xl68\" width=\"106\">58<\/td>\n<td class=\"xl68\" width=\"106\">58 cm<\/td>\n<td class=\"xl68\" width=\"106\">58<\/td>\n<td class=\"xl68\" width=\"106\">12-14 gadi<\/td>\n<\/tr>\n<\/tbody>\n<\/table>\n<p>&nbsp;<\/p>\n<table class=\"dydziu_lentele\" style=\"height: 369px;\" border=\"0\" width=\"758\" cellspacing=\"0\" cellpadding=\"0\">\n<colgroup>\n<col width=\"76\" \/>\n<col width=\"106\" \/> <\/colgroup>\n<tbody>\n<tr>\n<td class=\"xl65\" width=\"76\" height=\"28\">Vecums<\/td>\n<td class=\"xl66\" width=\"106\">ES izm\u0113rs<\/td>\n<td class=\"xl66\" width=\"106\">CN izm\u0113rs<\/td>\n<td class=\"xl66\" width=\"106\">Galvas apk\u0101rtm\u0113rs cm<\/td>\n<td class=\"xl66\" width=\"106\">CA izm\u0113rs<\/td>\n<\/tr>\n<tr>\n<td class=\"xl67\" width=\"76\" height=\"20\">0-3 m\u0113ne\u0161i<\/td>\n<td class=\"xl68\" width=\"106\">36\/38<\/td>\n<td class=\"xl68\" width=\"106\">36-38 cm<\/td>\n<td class=\"xl68\" width=\"106\">36-38<\/td>\n<td class=\"xl68\" width=\"106\">0-3 m\u0113ne\u0161i<\/td>\n<\/tr>\n<tr>\n<td class=\"xl67\" width=\"76\" height=\"20\">3-6 m\u0113ne\u0161i<\/td>\n<td class=\"xl68\" width=\"106\">40\/42<\/td>\n<td class=\"xl68\" width=\"106\">40-42cm<\/td>\n<td class=\"xl68\" width=\"106\">40-42<\/td>\n<td class=\"xl68\" width=\"106\">3-6 m\u0113ne\u0161i<\/td>\n<\/tr>\n<tr>\n<td class=\"xl67\" width=\"76\" height=\"20\">6-12 m\u0113ne\u0161i<\/td>\n<td class=\"xl68\" width=\"106\">44\/46<\/td>\n<td class=\"xl68\" width=\"106\">44-46cm<\/td>\n<td class=\"xl68\" width=\"106\">44-46<\/td>\n<td class=\"xl68\" width=\"106\">6-12 m\u0113ne\u0161i<\/td>\n<\/tr>\n<tr>\n<td class=\"xl67\" width=\"76\" height=\"20\">1-3 m.<\/td>\n<td class=\"xl68\" width=\"106\">48\/50<\/td>\n<td class=\"xl68\" width=\"106\">48-50 cm<\/td>\n<td class=\"xl68\" width=\"106\">48-50<\/td>\n<td class=\"xl68\" width=\"106\">12 mois-4 ans<\/td>\n<\/tr>\n<tr>\n<td class=\"xl67\" width=\"76\" height=\"20\">4-7 m.<\/td>\n<td class=\"xl68\" width=\"106\">52\/54<\/td>\n<td class=\"xl68\" width=\"106\">52-54cm<\/td>\n<td class=\"xl68\" width=\"106\">52-54<\/td>\n<td class=\"xl68\" width=\"106\">5-7 gadi<\/td>\n<\/tr>\n<tr>\n<td class=\"xl67\" width=\"76\" height=\"20\">7-14 m.<\/td>\n<td class=\"xl68\" width=\"106\">56\/58<\/td>\n<td class=\"xl68\" width=\"106\">56-58cm<\/td>\n<td class=\"xl68\" width=\"106\">56-58<\/td>\n<td class=\"xl68\" width=\"106\">7-14 gadi<\/td>\n<\/tr>\n<\/tbody>\n<\/table>\n<\/div>\n<\/div>","protected":false},"excerpt":{"rendered":"<p>Vaiki\u0161ka 100% merino vilnos kepur\u0117 su medviln\u0117s pamu\u0161alu. Mink\u0161ta merino vilna reguliuoja k\u016bno temperat\u016br\u0105; \u012ed\u0117klai aus\u0173 srityje apsaugo ausis nuo v\u0117jo; Medviln\u0117s pamu\u0161alas su elastanu u\u017etikrina ger\u0105 prisgludim\u0105; Sertifikuota vilna\u00a0Control Union CU 872203; \u0160vies\u0105 atspindinti detal\u0117. I\u0161or\u0117:\u00a0Med\u017eiaga: 100% merino vilna. Pamu\u0161alas:\u00a0Med\u017eiaga: 97% organin\u0117 medviln\u0117, 3% elastanas. Prie\u017ei\u016bros instrukcija: Skalbti atskirai.\u00a0Nenaudokite plovikli\u0173, kurie turi balinan\u010di\u0173 sudedam\u0173j\u0173 [&hellip;]<\/p>\n","protected":false},"featured_media":7680,"template":"","meta":{"_acf_changed":false},"pwb-brand":[81],"product_brand":[],"product_cat":[40,49,233,228],"product_tag":[],"class_list":{"0":"post-7674","1":"product","2":"type-product","3":"status-publish","4":"has-post-thumbnail","6":"pwb-brand-reima","7":"product_cat-vaikams","8":"product_cat-aksesuarai-vaikams","9":"product_cat-kepures","10":"product_cat-salmukai","11":"pa_drabuziu-dydis-172","12":"pa_drabuziu-dydis-173","13":"pa_drabuziu-dydis-254","15":"first","16":"instock","17":"sale","18":"shipping-taxable","19":"purchasable","20":"product-type-variable"},"supplier_id":null,"supplier_sku":"","barcode":null,"atum_controlled":true,"out_stock_date":null,"out_stock_threshold":null,"inheritable":false,"inbound_stock":null,"stock_on_hold":0,"sold_today":0,"sales_last_days":0,"reserved_stock":null,"customer_returns":null,"warehouse_damage":null,"lost_in_post":null,"other_logs":null,"out_stock_days":0,"lost_sales":0,"has_location":null,"update_date":"2026-05-04T03:17:29","atum_locations":[],"atum_stock_status":"instock","restock_status":false,"low_stock_amount":"","sales_update_date":"2026-05-04T03:17:29","calc_backorders":null,"acf":[],"brands":[{"id":81,"name":"REIMA","slug":"reima"}],"_links":{"self":[{"href":"https:\/\/dekastar.lt\/lv\/wp-json\/wp\/v2\/product\/7674","targetHints":{"allow":["GET"]}}],"collection":[{"href":"https:\/\/dekastar.lt\/lv\/wp-json\/wp\/v2\/product"}],"about":[{"href":"https:\/\/dekastar.lt\/lv\/wp-json\/wp\/v2\/types\/product"}],"wp:featuredmedia":[{"embeddable":true,"href":"https:\/\/dekastar.lt\/lv\/wp-json\/wp\/v2\/media\/7680"}],"wp:attachment":[{"href":"https:\/\/dekastar.lt\/lv\/wp-json\/wp\/v2\/media?parent=7674"}],"wp:term":[{"taxonomy":"pwb-brand","embeddable":true,"href":"https:\/\/dekastar.lt\/lv\/wp-json\/wp\/v2\/pwb-brand?post=7674"},{"taxonomy":"product_brand","embeddable":true,"href":"https:\/\/dekastar.lt\/lv\/wp-json\/wp\/v2\/product_brand?post=7674"},{"taxonomy":"product_cat","embeddable":true,"href":"https:\/\/dekastar.lt\/lv\/wp-json\/wp\/v2\/product_cat?post=7674"},{"taxonomy":"product_tag","embeddable":true,"href":"https:\/\/dekastar.lt\/lv\/wp-json\/wp\/v2\/product_tag?post=7674"}],"curies":[{"name":"wp","href":"https:\/\/api.w.org\/{rel}","templated":true}]}}