{"id":7682,"date":"2024-10-10T12:54:21","date_gmt":"2024-10-10T12:54:21","guid":{"rendered":"https:\/\/dekastar.lt\/?post_type=product&#038;p=7682"},"modified":"2025-12-31T03:57:34","modified_gmt":"2025-12-31T03:57:34","slug":"reima-zieminis-salmukas-kuuraan-zalias-chaki","status":"publish","type":"product","link":"https:\/\/dekastar.lt\/lv\/products\/reima-zieminis-salmukas-kuuraan-zalias-chaki\/","title":{"rendered":"REIMA \u017eieminis \u0161almukas KUURAAN (\u017dalias\/Green Clay)"},"content":{"rendered":"<p>\u201eReima\u201c Kuuraan merino vilnos balaklava ma\u017eyliams \u2013 vaik\u0173 \u017eiemin\u0117 kepur\u0117 su medvilniniu pamu\u0161alu ir v\u0117jo nepraleid\u017eian\u010diomis aus\u0173 dalimis<\/p>\n<p>\u201eReima\u201c Kuuraan merino vilnos balaklava ma\u017eyliams \u2013 tai tobula vaiki\u0161ka \u017eiemin\u0117 kepur\u0117, u\u017etikrinanti \u0161ilum\u0105, komfort\u0105 ir apsaug\u0105. Pagaminta i\u0161 \u0161velnios 100 % merino vilnos, ji suteikia puiki\u0105 \u0161ilumos kontrol\u0119, o organin\u0117s medviln\u0117s pamu\u0161alas \u0161velniai priglunda prie odos. V\u0117jo nepraleid\u017eian\u010dios aus\u0173 dalys apsaugo nuo \u0161al\u010dio, tod\u0117l \u0161i kepur\u0117 idealiai tinka \u017eaidimams lauke.<\/p>\n<p>    \u0160velni merino vilna puikiai \u0161ilumos kontrolei;<br \/>\n    Visas pamu\u0161alas: patogi medvilnin\u0117 tampr\u0117 su elastanu;<br \/>\n    V\u0117jo nepraleid\u017eian\u010dios aus\u0173 dalys;<br \/>\n    D\u017eakardo mezgimas;<br \/>\n    Bumbulas vir\u0161uje;<br \/>\n    At\u0161vaitin\u0117 etiket\u0117 priekyje.<\/p>\n<p>Sast\u0101vs:<\/p>\n<p>    Pagrindin\u0117 med\u017eiaga: 100 % merino vilna;<br \/>\n    Pamu\u0161alas: 97 % organin\u0117 medviln\u0117, 3 % elastanas.<\/p>","protected":false},"excerpt":{"rendered":"<p>\u201eReima\u201c Kuuraan merino vilnos balaklava ma\u017eyliams \u2013 vaik\u0173 \u017eiemin\u0117 kepur\u0117 su medvilniniu pamu\u0161alu ir v\u0117jo nepraleid\u017eian\u010diomis aus\u0173 dalimis \u201eReima\u201c Kuuraan merino vilnos balaklava ma\u017eyliams \u2013 tai tobula vaiki\u0161ka \u017eiemin\u0117 kepur\u0117, u\u017etikrinanti \u0161ilum\u0105, komfort\u0105 ir apsaug\u0105. Pagaminta i\u0161 \u0161velnios 100 % merino vilnos, ji suteikia puiki\u0105 \u0161ilumos kontrol\u0119, o organin\u0117s medviln\u0117s pamu\u0161alas \u0161velniai priglunda prie odos. [&hellip;]<\/p>\n","protected":false},"featured_media":11537,"template":"","meta":{"_acf_changed":false},"pwb-brand":[81],"product_brand":[],"product_cat":[40,49,233,228],"product_tag":[],"class_list":{"0":"post-7682","1":"product","2":"type-product","3":"status-publish","4":"has-post-thumbnail","6":"pwb-brand-reima","7":"product_cat-vaikams","8":"product_cat-aksesuarai-vaikams","9":"product_cat-kepures","10":"product_cat-salmukai","11":"pa_drabuziu-dydis-172","12":"pa_drabuziu-dydis-173","13":"pa_drabuziu-dydis-174","14":"pa_drabuziu-dydis-175","16":"first","17":"instock","18":"sale","19":"shipping-taxable","20":"purchasable","21":"product-type-variable"},"supplier_id":null,"supplier_sku":"","barcode":null,"atum_controlled":true,"out_stock_date":null,"out_stock_threshold":null,"inheritable":false,"inbound_stock":null,"stock_on_hold":0,"sold_today":0,"sales_last_days":0,"reserved_stock":null,"customer_returns":null,"warehouse_damage":null,"lost_in_post":null,"other_logs":null,"out_stock_days":0,"lost_sales":0,"has_location":null,"update_date":"2026-05-04T03:17:26","atum_locations":[],"atum_stock_status":"instock","restock_status":false,"low_stock_amount":"","sales_update_date":"2026-05-04T03:17:26","calc_backorders":null,"acf":[],"brands":[{"id":81,"name":"REIMA","slug":"reima"}],"_links":{"self":[{"href":"https:\/\/dekastar.lt\/lv\/wp-json\/wp\/v2\/product\/7682","targetHints":{"allow":["GET"]}}],"collection":[{"href":"https:\/\/dekastar.lt\/lv\/wp-json\/wp\/v2\/product"}],"about":[{"href":"https:\/\/dekastar.lt\/lv\/wp-json\/wp\/v2\/types\/product"}],"wp:featuredmedia":[{"embeddable":true,"href":"https:\/\/dekastar.lt\/lv\/wp-json\/wp\/v2\/media\/11537"}],"wp:attachment":[{"href":"https:\/\/dekastar.lt\/lv\/wp-json\/wp\/v2\/media?parent=7682"}],"wp:term":[{"taxonomy":"pwb-brand","embeddable":true,"href":"https:\/\/dekastar.lt\/lv\/wp-json\/wp\/v2\/pwb-brand?post=7682"},{"taxonomy":"product_brand","embeddable":true,"href":"https:\/\/dekastar.lt\/lv\/wp-json\/wp\/v2\/product_brand?post=7682"},{"taxonomy":"product_cat","embeddable":true,"href":"https:\/\/dekastar.lt\/lv\/wp-json\/wp\/v2\/product_cat?post=7682"},{"taxonomy":"product_tag","embeddable":true,"href":"https:\/\/dekastar.lt\/lv\/wp-json\/wp\/v2\/product_tag?post=7682"}],"curies":[{"name":"wp","href":"https:\/\/api.w.org\/{rel}","templated":true}]}}