{"id":7735,"date":"2024-10-11T14:29:41","date_gmt":"2024-10-11T14:29:41","guid":{"rendered":"https:\/\/dekastar.lt\/?post_type=product&#038;p=7735"},"modified":"2025-10-31T12:58:51","modified_gmt":"2025-10-31T12:58:51","slug":"reima-ziemine-kepure-salmukas-starries-rudas","status":"publish","type":"product","link":"https:\/\/dekastar.lt\/lv\/products\/reima-ziemine-kepure-salmukas-starries-rudas\/","title":{"rendered":"REIMA ziemas cepure \"\u0136ivere\" STARRIES (Br\u016bna)"},"content":{"rendered":"<p>Viena no popul\u0101r\u0101kaj\u0101m ziemas cepur\u0113m REIMA ORIGINALS kolekcij\u0101 ir \"balaklava\" jeb \"\u0137ivere\". Tas ir \u013coti praktisks un uzticams modelis, kas garant\u0113s, ka j\u016bsu mazu\u013ca galva, \u017eok\u013ci, ausis un kakls b\u016bs piln\u012bb\u0101 pasarg\u0101ti no aukstuma, mitruma un v\u0113ja. \u0160\u012bs cepures ir izgatavotas no siltas vilnas ar kokvilnas un spandeksa oder\u0113jumu, kas ir m\u012bksts, \"ne\u0161\u0137\u012bsto\u0161s\" savienojums, kas padara cepuri pat\u012bkamu valk\u0101\u0161anai un pat\u012bkamu apvilk\u0161anai ap galvu. Starp galveno materi\u0101lu un oderi ausu zon\u0101 ir ie\u0161\u016bts \u012bpa\u0161s v\u0113ju necaurlaid\u012bgs materi\u0101ls, lai pasarg\u0101tu mazu\u013cu ausis no v\u0113ja. <span id=\"description_more\">M\u012bkstajai Merino vilnai ir lieliska temperat\u016bras regul\u0113\u0161ana, t\u0101p\u0113c j\u016bsu b\u0113rna galva nesv\u012bst. Cepurei ir atstarojo\u0161as deta\u013cas, kas pal\u012bdz\u0113s j\u016bsu mazulim b\u016bt redzamam \u0101r\u0101 tums\u0101.<\/span><\/p>\n<p><em>Produkta \u012bpa\u0161\u012bbas:<\/em><\/p>\n<ul>\n<li>B\u0113rnu cepure no ziemas kolekcijas<\/li>\n<li>Merino vilna termoregul\u0101cijai<\/li>\n<li><span id=\"description_more\">Papildu aizsardz\u012bba pret v\u0113ju ausu zon\u0101s<\/span><\/li>\n<li><span id=\"description_more\">Cepures aug\u0161\u0113jais sl\u0101nis ir izgatavots no 100% vilnas.<\/span><\/li>\n<li>Cepures iek\u0161\u0113jais audums, odere ir izgatavota no<span id=\"description_more\"> izgatavots no 97% kokvilnas, 3% elast\u0101na.<\/span><\/li>\n<li><span id=\"description_more\">Reima logotips cepures priek\u0161pus\u0113<\/span> (atstarojo\u0161a deta\u013ca)<\/li>\n<\/ul>\n<p><em>Produkta apkope:<\/em><\/p>\n<ul>\n<li>Mazg\u0101jams l\u012bdz 30<span id=\"description_more\">\u00b0C<\/span> vietn\u0113<\/li>\n<li>Vilnas audumu mazg\u0101\u0161anas programma<\/li>\n<li>Pirms cepures mazg\u0101\u0161anas izv\u0113rsiet to<\/li>\n<li>Mazg\u0101t bez balin\u0101t\u0101jiem, m\u012bkstin\u0101t\u0101jiem<\/li>\n<li><span id=\"description_more\">P\u0113c skalo\u0161anas iztaisnojiet un atst\u0101jiet no\u017e\u016bt.Ne\u017e\u0101v\u0113jiet ve\u013cas \u017e\u0101v\u0113t\u0101j\u0101.<br \/>\n<\/span><\/li>\n<li><span id=\"description_more\">P\u0113c mazg\u0101\u0161anas cepure var sarukt l\u012bdz aptuveni 5%.<\/span><\/li>\n<\/ul>","protected":false},"excerpt":{"rendered":"<p>Viena populiariausi\u0173 REIMA ORIGINALS kolekcijos \u017eiemos kepuri\u0173 &#8220;balaklava&#8221; ar &#8220;\u0161almukas&#8221;. Tai itin prakti\u0161kas ir patikimas modelis, kuris garantuos, kad J\u016bs\u0173 ma\u017eylio galva, \u017eandai, ausyt\u0117s ir kaklas bus visi\u0161kai apsaugoti nuo \u0161al\u010dio, dr\u0117gm\u0117s ir v\u0117jo. \u0160ios kepur\u0117s pagamintos i\u0161 \u0161iltos vilnos su pamu\u0161alu, kuris yra medviln\u0117s ir elastano \u0161velnus, &#8220;nekandantis&#8221; junginys ,kad kepur\u0117 maloniai apgaubt\u0173 galv\u0105 [&hellip;]<\/p>\n","protected":false},"featured_media":7743,"template":"","meta":{"_acf_changed":false},"pwb-brand":[81],"product_brand":[],"product_cat":[40,49,233,228],"product_tag":[],"class_list":{"0":"post-7735","1":"product","2":"type-product","3":"status-publish","4":"has-post-thumbnail","6":"pwb-brand-reima","7":"product_cat-vaikams","8":"product_cat-aksesuarai-vaikams","9":"product_cat-kepures","10":"product_cat-salmukai","11":"pa_drabuziu-dydis-172","12":"pa_drabuziu-dydis-173","13":"pa_drabuziu-dydis-174","15":"first","16":"instock","17":"sale","18":"shipping-taxable","19":"purchasable","20":"product-type-variable"},"supplier_id":null,"supplier_sku":"","barcode":null,"atum_controlled":true,"out_stock_date":null,"out_stock_threshold":null,"inheritable":false,"inbound_stock":null,"stock_on_hold":0,"sold_today":0,"sales_last_days":0,"reserved_stock":null,"customer_returns":null,"warehouse_damage":null,"lost_in_post":null,"other_logs":null,"out_stock_days":0,"lost_sales":0,"has_location":null,"update_date":"2026-05-04T03:17:29","atum_locations":[],"atum_stock_status":"instock","restock_status":false,"low_stock_amount":"","sales_update_date":"2026-05-04T03:17:29","calc_backorders":null,"acf":[],"brands":[{"id":81,"name":"REIMA","slug":"reima"}],"_links":{"self":[{"href":"https:\/\/dekastar.lt\/lv\/wp-json\/wp\/v2\/product\/7735","targetHints":{"allow":["GET"]}}],"collection":[{"href":"https:\/\/dekastar.lt\/lv\/wp-json\/wp\/v2\/product"}],"about":[{"href":"https:\/\/dekastar.lt\/lv\/wp-json\/wp\/v2\/types\/product"}],"wp:featuredmedia":[{"embeddable":true,"href":"https:\/\/dekastar.lt\/lv\/wp-json\/wp\/v2\/media\/7743"}],"wp:attachment":[{"href":"https:\/\/dekastar.lt\/lv\/wp-json\/wp\/v2\/media?parent=7735"}],"wp:term":[{"taxonomy":"pwb-brand","embeddable":true,"href":"https:\/\/dekastar.lt\/lv\/wp-json\/wp\/v2\/pwb-brand?post=7735"},{"taxonomy":"product_brand","embeddable":true,"href":"https:\/\/dekastar.lt\/lv\/wp-json\/wp\/v2\/product_brand?post=7735"},{"taxonomy":"product_cat","embeddable":true,"href":"https:\/\/dekastar.lt\/lv\/wp-json\/wp\/v2\/product_cat?post=7735"},{"taxonomy":"product_tag","embeddable":true,"href":"https:\/\/dekastar.lt\/lv\/wp-json\/wp\/v2\/product_tag?post=7735"}],"curies":[{"name":"wp","href":"https:\/\/api.w.org\/{rel}","templated":true}]}}