{"id":7810,"date":"2024-10-11T15:42:16","date_gmt":"2024-10-11T15:42:16","guid":{"rendered":"https:\/\/dekastar.lt\/?post_type=product&#038;p=7810"},"modified":"2025-10-22T12:21:49","modified_gmt":"2025-10-22T12:21:49","slug":"reima-zieminiai-batai-sophis","status":"publish","type":"product","link":"https:\/\/dekastar.lt\/lv\/products\/reima-zieminiai-batai-sophis\/","title":{"rendered":"REIMA ziemas z\u0101baki SOPHIS"},"content":{"rendered":"<div class=\"js-page-slide-content\">\n<p>\u013boti silti Reimatec ziemas z\u0101baki ar alum\u012bnija izol\u0101ciju.<\/p>\n<p>Reimatec \u016bdensnecaurlaid\u012bgi ziemas z\u0101baki b\u0113rniem. \u0160iem z\u0101bakiem ir elast\u012bga TP gumijas zole, kas nodro\u0161ina lielisku sa\u0137eri, un m\u012bksta vilnas mais\u012bjuma oder\u0113jums, kas nodro\u0161ina k\u0101ju siltumu pat aukst\u0101kaj\u0101s ziemas dien\u0101s.<\/p>\n<ul>\n<li>B\u0113rnu ziemas z\u0101baki;<\/li>\n<li>\u016adensnecaurlaid\u012bgi ziemas apavi (\u016bdensnecaurlaid\u012bgi l\u012bdz pot\u012btei (tekstilmateri\u0101la da\u013ca));<\/li>\n<li>Aug\u0161da\u013ca ir izgatavota no tekstilmateri\u0101la un sint\u0113tisk\u0101m \u0161\u0137iedr\u0101m, kas sajauktas ar \u0101du;<\/li>\n<li>Termoplastiska gumijas zole ar labu sa\u0137eri;<\/li>\n<li>\u016adensnecaurlaid\u012bga konstrukcija ar herm\u0113tisku oder\u0113jumu un fl\u012bsa mais\u012bjuma oderi;<\/li>\n<li>200 g vilnas izol\u0101cijas;<\/li>\n<li>Alum\u012bnija izol\u0101cija pal\u012bdz aizsarg\u0101t no aukstuma un karstuma;<\/li>\n<li>Atstarojo\u0161as deta\u013cas;<\/li>\n<li>\u016adens un net\u012brumu necaurlaid\u012bga apdare bez fluorog\u013c\u016bde\u0146ra\u017eiem.<\/li>\n<\/ul>\n<p>Izcelsmes valsts: \u0136\u012bna\/It\u0101lija\/Indija\/Vjetnama.<\/p>\n<\/div>\n<p>Izm\u0113ru tabula:<\/p>\n<table class=\"dydziu_lentele\" border=\"0\" width=\"490\" cellspacing=\"0\" cellpadding=\"0\">\n<tbody>\n<tr>\n<td width=\"80\" height=\"21\"><\/td>\n<td width=\"131\">Ziemas z\u0101baki<\/td>\n<td width=\"113\">Vasaras z\u0101baki<\/td>\n<td width=\"102\">Sandales<\/td>\n<td width=\"64\"><\/td>\n<\/tr>\n<tr>\n<td height=\"21\"><strong>B\u0113rna p\u0113das garums<\/strong><\/td>\n<td class=\"xl66\" colspan=\"3\" width=\"346\"><strong>Zol\u012btes garums cm<\/strong><\/td>\n<td><strong>ES izm\u0113rs<\/strong><\/td>\n<\/tr>\n<tr>\n<td class=\"xl65\" height=\"21\">11,2 cm<\/td>\n<td class=\"xl68\" width=\"131\">12.7<\/td>\n<td class=\"xl68\" width=\"113\">x<\/td>\n<td class=\"xl65\">11.5<\/td>\n<td class=\"xl67\" width=\"64\">19<\/td>\n<\/tr>\n<tr>\n<td class=\"xl65\" height=\"21\">11,7 cm<\/td>\n<td class=\"xl68\" width=\"131\">13.2<\/td>\n<td class=\"xl68\" width=\"113\">13.2<\/td>\n<td class=\"xl65\">12.2<\/td>\n<td class=\"xl67\" width=\"64\">20<\/td>\n<\/tr>\n<tr>\n<td class=\"xl65\" height=\"21\">12,3 cm<\/td>\n<td class=\"xl68\" width=\"131\">13.8<\/td>\n<td class=\"xl68\" width=\"113\">13.8<\/td>\n<td class=\"xl65\">13<\/td>\n<td class=\"xl67\" width=\"64\">21<\/td>\n<\/tr>\n<tr>\n<td class=\"xl65\" height=\"21\">13 cm<\/td>\n<td class=\"xl68\" width=\"131\">14.5<\/td>\n<td class=\"xl68\" width=\"113\">14.5<\/td>\n<td class=\"xl65\">13.7<\/td>\n<td class=\"xl67\" width=\"64\">22<\/td>\n<\/tr>\n<tr>\n<td class=\"xl65\" height=\"21\">13,7 cm<\/td>\n<td class=\"xl68\" width=\"131\">15.2<\/td>\n<td class=\"xl68\" width=\"113\">15.2<\/td>\n<td class=\"xl65\">14.4<\/td>\n<td class=\"xl67\" width=\"64\">23<\/td>\n<\/tr>\n<tr>\n<td class=\"xl65\" height=\"21\">14,3 cm<\/td>\n<td class=\"xl68\" width=\"131\">15.8<\/td>\n<td class=\"xl68\" width=\"113\">15.8<\/td>\n<td class=\"xl65\">15.1<\/td>\n<td class=\"xl67\" width=\"64\">24<\/td>\n<\/tr>\n<tr>\n<td class=\"xl65\" height=\"21\">14,8 cm<\/td>\n<td class=\"xl68\" width=\"131\">16.5<\/td>\n<td class=\"xl68\" width=\"113\">16.3<\/td>\n<td class=\"xl65\">15.7<\/td>\n<td class=\"xl67\" width=\"64\">25<\/td>\n<\/tr>\n<tr>\n<td class=\"xl65\" height=\"21\">15,5 cm<\/td>\n<td class=\"xl68\" width=\"131\">17.2<\/td>\n<td class=\"xl68\" width=\"113\">17<\/td>\n<td class=\"xl65\">16.4<\/td>\n<td class=\"xl67\" width=\"64\">26<\/td>\n<\/tr>\n<tr>\n<td class=\"xl65\" height=\"21\">16,2 cm<\/td>\n<td class=\"xl68\" width=\"131\">17.8<\/td>\n<td class=\"xl68\" width=\"113\">17,7<\/td>\n<td class=\"xl65\">17.1<\/td>\n<td class=\"xl67\" width=\"64\">27<\/td>\n<\/tr>\n<tr>\n<td class=\"xl65\" height=\"21\">16,8 cm<\/td>\n<td class=\"xl68\" width=\"131\">18.5<\/td>\n<td class=\"xl68\" width=\"113\">18.3<\/td>\n<td class=\"xl65\">18.0<\/td>\n<td class=\"xl67\" width=\"64\">28<\/td>\n<\/tr>\n<tr>\n<td class=\"xl65\" height=\"21\">17,5 cm<\/td>\n<td class=\"xl68\" width=\"131\">19.2<\/td>\n<td class=\"xl68\" width=\"113\">19<\/td>\n<td class=\"xl65\">18.7<\/td>\n<td class=\"xl67\" width=\"64\">29<\/td>\n<\/tr>\n<tr>\n<td class=\"xl65\" height=\"21\">18 cm<\/td>\n<td class=\"xl68\" width=\"131\">19.8<\/td>\n<td class=\"xl68\" width=\"113\">19.5<\/td>\n<td class=\"xl65\">19.4<\/td>\n<td class=\"xl67\" width=\"64\">30<\/td>\n<\/tr>\n<tr>\n<td class=\"xl65\" height=\"21\">18,6 cm<\/td>\n<td class=\"xl68\" width=\"131\">20.5<\/td>\n<td class=\"xl68\" width=\"113\">20.1<\/td>\n<td class=\"xl65\">20<\/td>\n<td class=\"xl67\" width=\"64\">31<\/td>\n<\/tr>\n<tr>\n<td class=\"xl65\" height=\"21\">19,3 cm<\/td>\n<td class=\"xl68\" width=\"131\">21.1<\/td>\n<td class=\"xl68\" width=\"113\">20.8<\/td>\n<td class=\"xl65\">20.7<\/td>\n<td class=\"xl67\" width=\"64\">32<\/td>\n<\/tr>\n<tr>\n<td class=\"xl65\" height=\"21\">19,9 cm<\/td>\n<td class=\"xl68\" width=\"131\">21.7<\/td>\n<td class=\"xl68\" width=\"113\">21.4<\/td>\n<td class=\"xl65\">21.4<\/td>\n<td class=\"xl67\" width=\"64\">33<\/td>\n<\/tr>\n<tr>\n<td class=\"xl65\" height=\"21\">20,5 cm<\/td>\n<td class=\"xl68\" width=\"131\">22.5<\/td>\n<td class=\"xl68\" width=\"113\">22<\/td>\n<td class=\"xl65\">22<\/td>\n<td class=\"xl67\" width=\"64\">34<\/td>\n<\/tr>\n<tr>\n<td class=\"xl65\" height=\"21\">21,2 cm<\/td>\n<td class=\"xl68\" width=\"131\">23.1<\/td>\n<td class=\"xl68\" width=\"113\">22.7<\/td>\n<td class=\"xl65\">22.7<\/td>\n<td class=\"xl67\" width=\"64\">35<\/td>\n<\/tr>\n<tr>\n<td class=\"xl65\" height=\"21\">21,9 cm<\/td>\n<td class=\"xl68\" width=\"131\">23.8<\/td>\n<td class=\"xl68\" width=\"113\">23.4<\/td>\n<td class=\"xl65\">23.4<\/td>\n<td class=\"xl67\" width=\"64\">36<\/td>\n<\/tr>\n<tr>\n<td class=\"xl65\" height=\"21\">22,5 cm<\/td>\n<td class=\"xl68\" width=\"131\">24.4<\/td>\n<td class=\"xl68\" width=\"113\">24<\/td>\n<td class=\"xl65\">24<\/td>\n<td class=\"xl67\" width=\"64\">37<\/td>\n<\/tr>\n<tr>\n<td class=\"xl65\" height=\"21\">23,2 cm<\/td>\n<td class=\"xl68\" width=\"131\">25.1<\/td>\n<td class=\"xl68\" width=\"113\">24.7<\/td>\n<td class=\"xl65\">24.7<\/td>\n<td class=\"xl67\" width=\"64\">38<\/td>\n<\/tr>\n<tr>\n<td class=\"xl65\" height=\"21\">23,6 cm<\/td>\n<td class=\"xl70\" width=\"131\">25.8<\/td>\n<td class=\"xl68\" width=\"113\">x<\/td>\n<td class=\"xl65\">25.4<\/td>\n<td class=\"xl69\" width=\"64\">39<\/td>\n<\/tr>\n<\/tbody>\n<\/table>","protected":false},"excerpt":{"rendered":"<p>Labai \u0161ilti \u201eReimatec\u201c\u00a0\u017eieminiai batai su aliuminio izoliacija. Vandeniui atspar\u016bs \u201eReimatec\u201c\u00a0\u017eieminiai batai vaikams.\u00a0Batai\u00a0turi lankst\u0173 TP gumin\u012f pad\u0105, u\u017etikrinant\u012f puik\u0173 sukibim\u0105 su kelio danga, mink\u0161t\u0105 vilnos mi\u0161inio pamu\u0161al\u0105, kuris \u0161ildo kojas net \u0161al\u010diausiomis \u017eiemos dienomis. Vaiki\u0161ki \u017eieminiai batai; Neper\u0161lampama \u017eiemin\u0117 avalyn\u0117 (Atspar\u016bs vandeniui iki kulk\u0161nies (tekstilin\u0117s dalies)); Batvir\u0161is pagamintas i\u0161 tekstil\u0117s ir sintetinio pluo\u0161to, sumai\u0161yto su oda; [&hellip;]<\/p>\n","protected":false},"featured_media":7801,"template":"","meta":{"_acf_changed":false},"pwb-brand":[81],"product_brand":[],"product_cat":[40,48],"product_tag":[],"class_list":{"0":"post-7810","1":"product","2":"type-product","3":"status-publish","4":"has-post-thumbnail","6":"pwb-brand-reima","7":"product_cat-vaikams","8":"product_cat-avalyne-vaikams","9":"pa_avalynes-dydis-130","10":"pa_avalynes-dydis-119","11":"pa_avalynes-dydis-120","12":"pa_avalynes-dydis-121","14":"first","15":"instock","16":"sale","17":"shipping-taxable","18":"purchasable","19":"product-type-variable"},"supplier_id":null,"supplier_sku":"","barcode":null,"atum_controlled":true,"out_stock_date":null,"out_stock_threshold":null,"inheritable":false,"inbound_stock":null,"stock_on_hold":0,"sold_today":0,"sales_last_days":0,"reserved_stock":null,"customer_returns":null,"warehouse_damage":null,"lost_in_post":null,"other_logs":null,"out_stock_days":0,"lost_sales":0,"has_location":null,"update_date":"2026-04-14T00:36:48","atum_locations":[],"atum_stock_status":"instock","restock_status":false,"low_stock_amount":"","sales_update_date":"2026-04-14T00:36:48","calc_backorders":null,"acf":[],"brands":[{"id":81,"name":"REIMA","slug":"reima"}],"_links":{"self":[{"href":"https:\/\/dekastar.lt\/lv\/wp-json\/wp\/v2\/product\/7810","targetHints":{"allow":["GET"]}}],"collection":[{"href":"https:\/\/dekastar.lt\/lv\/wp-json\/wp\/v2\/product"}],"about":[{"href":"https:\/\/dekastar.lt\/lv\/wp-json\/wp\/v2\/types\/product"}],"wp:featuredmedia":[{"embeddable":true,"href":"https:\/\/dekastar.lt\/lv\/wp-json\/wp\/v2\/media\/7801"}],"wp:attachment":[{"href":"https:\/\/dekastar.lt\/lv\/wp-json\/wp\/v2\/media?parent=7810"}],"wp:term":[{"taxonomy":"pwb-brand","embeddable":true,"href":"https:\/\/dekastar.lt\/lv\/wp-json\/wp\/v2\/pwb-brand?post=7810"},{"taxonomy":"product_brand","embeddable":true,"href":"https:\/\/dekastar.lt\/lv\/wp-json\/wp\/v2\/product_brand?post=7810"},{"taxonomy":"product_cat","embeddable":true,"href":"https:\/\/dekastar.lt\/lv\/wp-json\/wp\/v2\/product_cat?post=7810"},{"taxonomy":"product_tag","embeddable":true,"href":"https:\/\/dekastar.lt\/lv\/wp-json\/wp\/v2\/product_tag?post=7810"}],"curies":[{"name":"wp","href":"https:\/\/api.w.org\/{rel}","templated":true}]}}