{"id":7862,"date":"2024-10-18T13:39:14","date_gmt":"2024-10-18T13:39:14","guid":{"rendered":"https:\/\/dekastar.lt\/?post_type=product&#038;p=7862"},"modified":"2026-02-13T07:40:46","modified_gmt":"2026-02-13T07:40:46","slug":"reima-ziemines-kumstines-pirstines-moffen-melynos","status":"publish","type":"product","link":"https:\/\/dekastar.lt\/lv\/products\/reima-ziemines-kumstines-pirstines-moffen-melynos\/","title":{"rendered":"REIMA ziemas d\u016brai\u0146i MOFFEN (Zili)"},"content":{"rendered":"<p>\u013boti silti d\u016brai\u0146i no \u016bdensnecaurlaid\u012bga materi\u0101la. Vilnas oder\u0113jums nodro\u0161ina siltumu, mitruma novad\u012b\u0161anu un pat\u012bkamu saj\u016btu pret \u0101du. <\/p>\n<p>Piem\u0113rots rudenim un ziemai. Ar \u0161iem d\u016brai\u0146iem sniega kl\u0101ju veido\u0161ana ir jautra un vienk\u0101r\u0161a: pastiprin\u0101t\u0101s plaukstas un \u012bk\u0161\u0137i nodro\u0161ina lielisku sa\u0137eri.<\/p>\n<p>    \u016adensiztur\u012bgs materi\u0101ls;<br \/>\n    Papildu pastiprin\u0101jums plaukst\u0101s un \u012bk\u0161\u0137os;<br \/>\n    Silta vilnas mais\u012bjuma oder\u0113jums;<br \/>\n    Viegls pildviela;<br \/>\n    Atstarojo\u0161as deta\u013cas;<br \/>\n    Satur vilnu;<br \/>\n    P\u0101rkl\u0101ts ar BIONIC-FINISH\u00aeECO \u016bdeni un net\u012brumus atgr\u016bdo\u0161u p\u0101rkl\u0101jumu;<br \/>\n    V\u0113ja iztur\u012bgs;<br \/>\n    \u0100r\u0113jie un oderes materi\u0101li ir bluesign\u00ae apstiprin\u0101ti.<\/p>\n<p>\u0100rpuse: 55% p\u0101rstr\u0101d\u0101ts poliesteris, 45% poliesteris.<\/p>\n<p>Pastiprin\u0101juma materi\u0101ls: 65% poliuret\u0101ns, 35% poliesteris.<\/p>\n<p>Odere: 59% poliesteris, 41% vilna.<\/p>\n<p>Pildviela: 100% p\u0101rstr\u0101d\u0101ts poliesteris.<\/p>\n<p>Kop\u0161anas nor\u0101d\u012bjumi:Mazg\u0101t atsevi\u0161\u0137i maig\u0101 maig\u0101 cikl\u0101 (40\u00b0C). Nelietot mazg\u0101\u0161anas l\u012bdzek\u013cus, kas satur balino\u0161as sast\u0101vda\u013cas. Nelietot audumu m\u012bkstin\u0101t\u0101ju. \u017d\u0101v\u0113jiet istabas temperat\u016br\u0101. Negludin\u0101t, nelietot \u0137\u012bmisko t\u012br\u012b\u0161anu, ned\u017e\u0101v\u0113t ve\u013cas \u017e\u0101v\u0113t\u0101j\u0101.<\/p>\n<p>Izcelsmes valsts: \u0136\u012bna\/ It\u0101lija\/ Indija\/ Vjetnama.<br \/>\n<strong><br \/>\nIzm\u0113ru tabula<\/strong><br \/>\nVecums Izm\u0113rs Plaukstas augstums (cm) Plaukstas apk\u0101rtm\u0113rs (cm)<br \/>\n0-12 m 0 8 10<br \/>\n6-18 m 1 9 11.5<br \/>\n1-2 y 2 10 12.5<br \/>\n2-4 y 3 11.5 13.5<br \/>\n4-6 y 4 13 15<br \/>\n6-8 y 5 14 16<br \/>\n8-10 y 6 15 17<br \/>\n10-12 y 7 16 17.5<br \/>\n12-14 y 8 17 18<\/p>\n<p>Izm\u0113ru tabula ir provizoriska un var nedaudz at\u0161\u0137irties atkar\u012bb\u0101 no mode\u013ca.<\/p>","protected":false},"excerpt":{"rendered":"<p>Labai \u0161iltos kum\u0161tin\u0117s pir\u0161tin\u0117s, pagamintos i\u0161 vandeniui atsparios med\u017eiagos. Vilnos pamu\u0161alas, palaiko \u0161ilum\u0105, i\u0161arina dr\u0117gm\u0119 ir maloniai jau\u010diasi lie\u010diantis su oda. Tinka rudeniui ir \u017eiemai. Su \u0161iomis kum\u0161tin\u0117mis pir\u0161tin\u0117mis statyti sniego senius yra smagu ir lengva: sustiprinti delnai ir nyk\u0161\u010diai u\u017etikrina puik\u0173 sukibim\u0105. Vandeniui atspari med\u017eiaga; Papildomas sustiprinimas deln\u0173 ir nyk\u0161\u010di\u0173 srityje; \u0160iltas vilnos mi\u0161inio [&hellip;]<\/p>\n","protected":false},"featured_media":7863,"template":"","meta":{"_acf_changed":false},"pwb-brand":[81],"product_brand":[],"product_cat":[40,49,232],"product_tag":[],"class_list":{"0":"post-7862","1":"product","2":"type-product","3":"status-publish","4":"has-post-thumbnail","6":"pwb-brand-reima","7":"product_cat-vaikams","8":"product_cat-aksesuarai-vaikams","9":"product_cat-pirstines","10":"pa_drabuziu-dydis-0-0-12-men","11":"pa_drabuziu-dydis-1-6-18-men","12":"pa_drabuziu-dydis-2-1-2-m","13":"pa_drabuziu-dydis-3-2-4-metai","14":"pa_drabuziu-dydis-4-4-6-metai","15":"pa_drabuziu-dydis-5-6-8-metai","16":"pa_drabuziu-dydis-6-8-10-metu","18":"first","19":"instock","20":"sale","21":"shipping-taxable","22":"purchasable","23":"product-type-variable"},"supplier_id":null,"supplier_sku":"","barcode":null,"atum_controlled":true,"out_stock_date":null,"out_stock_threshold":null,"inheritable":false,"inbound_stock":null,"stock_on_hold":0,"sold_today":0,"sales_last_days":0,"reserved_stock":null,"customer_returns":null,"warehouse_damage":null,"lost_in_post":null,"other_logs":null,"out_stock_days":0,"lost_sales":0,"has_location":null,"update_date":"2026-04-14T00:36:48","atum_locations":[],"atum_stock_status":"instock","restock_status":false,"low_stock_amount":"","sales_update_date":"2026-04-14T00:36:48","calc_backorders":null,"acf":[],"brands":[{"id":81,"name":"REIMA","slug":"reima"}],"_links":{"self":[{"href":"https:\/\/dekastar.lt\/lv\/wp-json\/wp\/v2\/product\/7862","targetHints":{"allow":["GET"]}}],"collection":[{"href":"https:\/\/dekastar.lt\/lv\/wp-json\/wp\/v2\/product"}],"about":[{"href":"https:\/\/dekastar.lt\/lv\/wp-json\/wp\/v2\/types\/product"}],"wp:featuredmedia":[{"embeddable":true,"href":"https:\/\/dekastar.lt\/lv\/wp-json\/wp\/v2\/media\/7863"}],"wp:attachment":[{"href":"https:\/\/dekastar.lt\/lv\/wp-json\/wp\/v2\/media?parent=7862"}],"wp:term":[{"taxonomy":"pwb-brand","embeddable":true,"href":"https:\/\/dekastar.lt\/lv\/wp-json\/wp\/v2\/pwb-brand?post=7862"},{"taxonomy":"product_brand","embeddable":true,"href":"https:\/\/dekastar.lt\/lv\/wp-json\/wp\/v2\/product_brand?post=7862"},{"taxonomy":"product_cat","embeddable":true,"href":"https:\/\/dekastar.lt\/lv\/wp-json\/wp\/v2\/product_cat?post=7862"},{"taxonomy":"product_tag","embeddable":true,"href":"https:\/\/dekastar.lt\/lv\/wp-json\/wp\/v2\/product_tag?post=7862"}],"curies":[{"name":"wp","href":"https:\/\/api.w.org\/{rel}","templated":true}]}}